{"id":45,"date":"2018-01-23T08:18:59","date_gmt":"2018-01-23T07:18:59","guid":{"rendered":"https:\/\/reisen.reudnitzer-reisen.com\/sri-lanka\/?page_id=45"},"modified":"2018-01-23T16:18:44","modified_gmt":"2018-01-23T15:18:44","slug":"reiseverlauf","status":"publish","type":"page","link":"https:\/\/reisen.reudnitzer-reisen.com\/sri-lanka\/reiseverlauf\/","title":{"rendered":"Reiseverlauf"},"content":{"rendered":"<div id=\"pl-45\"  class=\"panel-layout\" ><div id=\"pg-45-0\"  class=\"panel-grid panel-no-style\" ><div id=\"pgc-45-0-0\"  class=\"panel-grid-cell\" ><div id=\"panel-45-0-0-0\" class=\"so-panel widget widget_text panel-first-child panel-last-child\" data-index=\"0\" ><h3 class=\"widget-title\">1. Tag : Anreise nach Colombo via Wien<\/h3>\t\t\t<div class=\"textwidget\"><p>Abflug von Deutschland nach Colombo mit Zwischenstop in Wien. Da noch ein wenig Zeit zum Weiterflug bleibt, erleben Sie noch eine 2-St\u00fcndige-Tour mit den Highlights von Wien: Prater, Uno City, Hundertwasserhaus, Belvedere und anschlie\u00dfend 1-st\u00fcndige Freizeit auf eigene Faust zum Kaffeetrinken, Mittagessen oder Shoppen. R\u00fcckfahrt zum Flughafen und Weiterflug nach Colombo.<\/p>\n<\/div>\n\t\t<\/div><\/div><div id=\"pgc-45-0-1\"  class=\"panel-grid-cell\" ><\/div><\/div><div id=\"pg-45-1\"  class=\"panel-grid panel-no-style\" ><div id=\"pgc-45-1-0\"  class=\"panel-grid-cell\" ><div id=\"panel-45-1-0-0\" class=\"so-panel widget widget_text panel-first-child panel-last-child\" data-index=\"2\" ><h3 class=\"widget-title\">2. Tag: Willkommen auf Sri Lanka &#8211; \u201eAyubowan\u201c<\/h3>\t\t\t<div class=\"textwidget\"><p>Ankunft am Morgen und Transfer nach Negombo, Freizeit.<\/p>\n<\/div>\n\t\t<\/div><\/div><div id=\"pgc-45-1-1\"  class=\"panel-grid-cell\" ><\/div><\/div><div id=\"pg-45-2\"  class=\"panel-grid panel-no-style\" ><div id=\"pgc-45-2-0\"  class=\"panel-grid-cell\" ><div id=\"panel-45-2-0-0\" class=\"so-panel widget widget_text panel-first-child panel-last-child\" data-index=\"4\" ><h3 class=\"widget-title\">3. und 4. Tag: Baden in Negombo<\/h3>\t\t\t<div class=\"textwidget\"><p>Baden in Negombo<\/p>\n<\/div>\n\t\t<\/div><\/div><div id=\"pgc-45-2-1\"  class=\"panel-grid-cell\" ><\/div><\/div><div id=\"pg-45-3\"  class=\"panel-grid panel-no-style\" ><div id=\"pgc-45-3-0\"  class=\"panel-grid-cell\" ><div id=\"panel-45-3-0-0\" class=\"so-panel widget widget_text panel-first-child panel-last-child\" data-index=\"6\" ><h3 class=\"widget-title\">5. Tag: Anuradhapura<\/h3>\t\t\t<div class=\"textwidget\"><p>Nach dem Fr\u00fchst\u00fcck fahren Sie in die antike und r\u00e4tselhafte Stadt Anuradhapura, die lange Zeit im Dschungel verborgen lag. Zentrum der Stadt war der heilige Bodhi-Baum, ein Ableger jenes Pappel-Feigen-Baumes aus Indien, unter dem Siddhartha Gautama seine Erleuchtung erfahren hat und zu Buddha wurde. Um dieses Zentrum wurden buddhistische Kl\u00f6ster und Wohnanlagen f\u00fcr die M\u00f6nche gebaut, Stupas und Tempel errichtet. Abendessen und \u00dcbernachtung in Anuradhapura.<\/p>\n<\/div>\n\t\t<\/div><\/div><div id=\"pgc-45-3-1\"  class=\"panel-grid-cell\" ><\/div><\/div><div id=\"pg-45-4\"  class=\"panel-grid panel-no-style\" ><div id=\"pgc-45-4-0\"  class=\"panel-grid-cell\" ><div id=\"panel-45-4-0-0\" class=\"so-panel widget widget_text panel-first-child panel-last-child\" data-index=\"8\" ><h3 class=\"widget-title\">6. Tag : Anuradhapura &#8211; Sigiriya &#8211; Habarana<\/h3>\t\t\t<div class=\"textwidget\"><p>Nach dem Fr\u00fchst\u00fcck geht es zum sagenumwobenen \u201eL\u00f6wenfelsen\u201c nach Sigiriya, welcher bereits seit 1982 auf der Liste des UNESCO-Weltkulturerbes steht. Schon von weiter Ferne kann man das Plateau des ca. 200m hohen Monolithen mit den \u00dcberresten des Palastes von K\u00f6nig Kasyappa (473-491) sehen. Man bezeichnete Sigiriya als das achte Weltwunder und neben dem fr\u00fchen Palast begeistern vor allem die Gartenanlage sowie die erotischen Fresken und Wandmalereien aus dem 5. Jahrhundert. Der Aufstieg zum Felsen ist recht anstrengend, wird aber mit einem traumhaften Blick \u00fcber die Landschaft belohnt. Abendessen und \u00dcbernachtung in Habarana.<\/p>\n<\/div>\n\t\t<\/div><\/div><div id=\"pgc-45-4-1\"  class=\"panel-grid-cell\" ><\/div><\/div><div id=\"pg-45-5\"  class=\"panel-grid panel-no-style\" ><div id=\"pgc-45-5-0\"  class=\"panel-grid-cell\" ><div id=\"panel-45-5-0-0\" class=\"so-panel widget widget_text panel-first-child panel-last-child\" data-index=\"10\" ><h3 class=\"widget-title\">7. Tag: Polonnaruwa<\/h3>\t\t\t<div class=\"textwidget\"><p>Nach dem Fr\u00fchst\u00fcck werden Sie von unserem Guide abgeholt um die antiken Ruinen des K\u00f6nigreiches in Polonnaruwa zu besichtigen. Der hervorragend gestaltete arch\u00e4ologische Park von Polonnaruwa ist ein faszinierendes Zeugnis des zweit\u00e4ltesten K\u00f6nigreichs von Sri Lanka aus dem 11. und 12. Jahrhundert. R\u00fcckfahrt nach Habarana zur \u00dcbernachtung.<\/p>\n<\/div>\n\t\t<\/div><\/div><div id=\"pgc-45-5-1\"  class=\"panel-grid-cell\" ><\/div><\/div><div id=\"pg-45-6\"  class=\"panel-grid panel-no-style\" ><div id=\"pgc-45-6-0\"  class=\"panel-grid-cell\" ><div id=\"panel-45-6-0-0\" class=\"so-panel widget widget_text panel-first-child panel-last-child\" data-index=\"12\" ><h3 class=\"widget-title\">8. Tag: Habarana &#8211; Dambulla &#8211; Gew\u00fcrzgarten Matale \u2013 Kandy<\/h3>\t\t\t<div class=\"textwidget\"><p>Fahrt nach Dambulla und Besuch des Tempels. Am Nachmittag brechen Sie auf Richtung Kandy. Unterwegs halten wir, um uns einen der vielen spannenden Gew\u00fcrzg\u00e4rten anzusehen. Schon zu Kolonialzeiten brachten die fremden Herren schwere Schiffsladungen an Gew\u00fcrzen und Heilpflanzen nach Europa. Zur Zeit der Holl\u00e4nder gewann der Gew\u00fcrzhandel auf der Insel eine solche Bedeutung, dass lange Transportkan\u00e4le angelegt wurden. Heute werden die Kan\u00e4le zwar nicht mehr f\u00fcr den Handel genutzt, Gew\u00fcrze aus Sri Lanka sind aber nach wie vor in aller Welt gefragt. Lernen Sie im Garten alles \u00fcber Zimt, Kardamom, Ingwer, Pfeffer und viele weitere Pflanzen. Neben Gew\u00fcrzen und Heilkr\u00e4utern k\u00f6nnen Sie hier auch Ayurvedaprodukte im kleinen Laden erwerben. Nach ca. 1,5 Stunden Aufbruch Richtung Kandy. Die Fahrt f\u00fchrt durch wundersch\u00f6ne Landschaften vorbei an Teeh\u00fcgeln, Reisfeldern und W\u00e4ldern.<\/p>\n<\/div>\n\t\t<\/div><\/div><div id=\"pgc-45-6-1\"  class=\"panel-grid-cell\" ><\/div><\/div><div id=\"pg-45-7\"  class=\"panel-grid panel-no-style\" ><div id=\"pgc-45-7-0\"  class=\"panel-grid-cell\" ><div id=\"panel-45-7-0-0\" class=\"so-panel widget widget_text panel-first-child panel-last-child\" data-index=\"14\" ><h3 class=\"widget-title\">9. Tag : Kandy \u2013 Pinnawala<\/h3>\t\t\t<div class=\"textwidget\"><p>Nach dem Fr\u00fchst\u00fcck in Hotel entdeckenn Sie Kandy: Sie besuchen eine Handwerkstatt, den orientalischen Marktplatz sowie einen Edelsteinschleifer, der Ihnen die traditionelle Verarbeitung von Saphiren erkl\u00e4rt. Anschlie\u00dfend fahren Sie zum Elefantenwaisenhaus nach Pinnawela, das 1975 mit sieben Waisen gegr\u00fcndet wurde. Heute k\u00f6nnen die \u00e4lteren Elefanten dort ihre Enkelkinder aufwachsen sehen. Beobachten Sie die Tiere bei ihrem rituellen Bad im Fluss und sehen Sie die F\u00fctterung durch die Mahouts. Am Nachmittag machen Sie sich auf dem Weg zum Botanischen Garten. Der K\u00f6nigliche Botanische Garten von Peradeniya gilt als einer der sch\u00f6nsten in Asien und liegt auf der Halbinsel im Fluss Mahaweli. Er ist f\u00fcr sein Orchideenhaus mit mehr als 300 Orchideensorten bekannt. Zahlreiche Gew\u00fcrze-und Heilpflanzen sowie Palmen und uralte B\u00e4ume sind hier ebenfalls zu bewundern. Abendessen und \u00dcbernachtung in Kandy.<\/p>\n<\/div>\n\t\t<\/div><\/div><div id=\"pgc-45-7-1\"  class=\"panel-grid-cell\" ><\/div><\/div><div id=\"pg-45-8\"  class=\"panel-grid panel-no-style\" ><div id=\"pgc-45-8-0\"  class=\"panel-grid-cell\" ><div id=\"panel-45-8-0-0\" class=\"so-panel widget widget_text panel-first-child panel-last-child\" data-index=\"16\" ><h3 class=\"widget-title\">10. Tag: Kandy &#8211; Nuwara Eliya<\/h3>\t\t\t<div class=\"textwidget\"><p>Nach dem Fr\u00fchst\u00fcck besichtigen Sie den heiligen Zahntempel. Die wertvolle Reliquie zieht tagt\u00e4glich zahlreiche Pilger an. Weiterfahrt nach Nuwara Eliya, fahren Sie durch die malerischen Berge nach Nuwara Eliya. Sie machen Halt an den Bergen, die mit Teefeldern und Wasserf\u00e4llen bedeckt sind und besichtigen eine Teeplantage. Spazieren Sie \u00fcber die Teefelder und beobachten Sie die Teepfl\u00fccker mit ihren flinken Fingern bei der Arbeit. In der Teefabrik genie\u00dfen Sie einen frisch gebr\u00fchten Ceylon Tee. \u00dcbernachtung in Nuwara Eliya.<\/p>\n<\/div>\n\t\t<\/div><\/div><div id=\"pgc-45-8-1\"  class=\"panel-grid-cell\" ><\/div><\/div><div id=\"pg-45-9\"  class=\"panel-grid panel-no-style\" ><div id=\"pgc-45-9-0\"  class=\"panel-grid-cell\" ><div id=\"panel-45-9-0-0\" class=\"so-panel widget widget_text panel-first-child panel-last-child\" data-index=\"18\" ><h3 class=\"widget-title\">11. Tag: Nuwara Eliya &#8211; Ella &#8211; Yala<\/h3>\t\t\t<div class=\"textwidget\"><p>Nach dem Fr\u00fchst\u00fcck bei k\u00fchlen Klima des Hochlandes geht es zun\u00e4chst nach Ella. Auf dem Weg dorthin Stop am Aussichtspunkt \u201eElla Gap\u201c, wo Sie einen Panoramablick genie\u00dfen. Am Nachmittag geht es los auf eine Jeep-Safari. Der Nationalpark ist das \u00e4lteste Naturschutzgebiet in Sri Lanka. \u00dcber 130 Vogelarten und rund 30 S\u00e4ugetierarten haben sich hier angesiedelt. Weite Teile des Parks erinnern an die afrikanische Savanne, die \u00e4u\u00dferen Teile des Parks sind eher von Monsunw\u00e4ldern dominiert.<\/p>\n<\/div>\n\t\t<\/div><\/div><div id=\"pgc-45-9-1\"  class=\"panel-grid-cell\" ><\/div><\/div><div id=\"pg-45-10\"  class=\"panel-grid panel-no-style\" ><div id=\"pgc-45-10-0\"  class=\"panel-grid-cell\" ><div id=\"panel-45-10-0-0\" class=\"so-panel widget widget_text panel-first-child panel-last-child\" data-index=\"20\" ><h3 class=\"widget-title\">12. Tag: Yala &#8211; Kalutara<\/h3>\t\t\t<div class=\"textwidget\"><p>Nach dem Fr\u00fchst\u00fcck besichtigen Sie den Hindutempel von Kataragama, ein wichtiger Pilgerort. Anschlie\u00dfend fahren Sie entlang der K\u00fcstenstrasse \u00fcber Tangalle und Matara und sehen Stelzenfischern in Koggala beim Angeln zu. Fahrt zum Badehotel.<\/p>\n<\/div>\n\t\t<\/div><\/div><div id=\"pgc-45-10-1\"  class=\"panel-grid-cell\" ><\/div><\/div><div id=\"pg-45-11\"  class=\"panel-grid panel-no-style\" ><div id=\"pgc-45-11-0\"  class=\"panel-grid-cell\" ><div id=\"panel-45-11-0-0\" class=\"so-panel widget widget_text panel-first-child panel-last-child\" data-index=\"22\" ><h3 class=\"widget-title\">13. \u2013 15. Tag: Badeaufenthalt<\/h3>\t\t\t<div class=\"textwidget\"><p>Badeaufenthalt\u00a0 und 16. Tag: R\u00fcckreise<\/p>\n<\/div>\n\t\t<\/div><\/div><div id=\"pgc-45-11-1\"  class=\"panel-grid-cell\" ><\/div><\/div><\/div>","protected":false},"excerpt":{"rendered":"<p>1. Tag : Anreise nach Colombo via Wien Abflug von Deutschland nach Colombo mit Zwischenstop in Wien. Da noch ein wenig Zeit zum Weiterflug bleibt, erleben Sie noch eine 2-St\u00fcndige-Tour mit den Highlights von Wien: Prater, Uno City, Hundertwasserhaus, Belvedere <a href=\"https:\/\/reisen.reudnitzer-reisen.com\/sri-lanka\/reiseverlauf\/\"> more&#8230;<\/a><\/p>\n","protected":false},"author":1,"featured_media":0,"parent":0,"menu_order":0,"comment_status":"closed","ping_status":"closed","template":"","meta":{"footnotes":""},"_links":{"self":[{"href":"https:\/\/reisen.reudnitzer-reisen.com\/sri-lanka\/wp-json\/wp\/v2\/pages\/45"}],"collection":[{"href":"https:\/\/reisen.reudnitzer-reisen.com\/sri-lanka\/wp-json\/wp\/v2\/pages"}],"about":[{"href":"https:\/\/reisen.reudnitzer-reisen.com\/sri-lanka\/wp-json\/wp\/v2\/types\/page"}],"author":[{"embeddable":true,"href":"https:\/\/reisen.reudnitzer-reisen.com\/sri-lanka\/wp-json\/wp\/v2\/users\/1"}],"replies":[{"embeddable":true,"href":"https:\/\/reisen.reudnitzer-reisen.com\/sri-lanka\/wp-json\/wp\/v2\/comments?post=45"}],"version-history":[{"count":4,"href":"https:\/\/reisen.reudnitzer-reisen.com\/sri-lanka\/wp-json\/wp\/v2\/pages\/45\/revisions"}],"predecessor-version":[{"id":131,"href":"https:\/\/reisen.reudnitzer-reisen.com\/sri-lanka\/wp-json\/wp\/v2\/pages\/45\/revisions\/131"}],"wp:attachment":[{"href":"https:\/\/reisen.reudnitzer-reisen.com\/sri-lanka\/wp-json\/wp\/v2\/media?parent=45"}],"curies":[{"name":"wp","href":"https:\/\/api.w.org\/{rel}","templated":true}]}}