{"id":917,"date":"2020-01-27T14:16:18","date_gmt":"2020-01-27T13:16:18","guid":{"rendered":"https:\/\/reisen.reudnitzer-reisen.com\/reiseberichte\/?page_id=917"},"modified":"2020-01-27T15:17:46","modified_gmt":"2020-01-27T14:17:46","slug":"reisebericht-indien","status":"publish","type":"page","link":"https:\/\/reisen.reudnitzer-reisen.com\/reiseberichte\/maria-hoeselbarth\/reisebericht-indien\/","title":{"rendered":"Reisebericht Indien"},"content":{"rendered":"<div id=\"pl-917\"  class=\"panel-layout\" ><div id=\"pg-917-0\"  class=\"panel-grid panel-no-style\" ><div id=\"pgc-917-0-0\"  class=\"panel-grid-cell\" ><div id=\"panel-917-0-0-0\" class=\"so-panel widget widget_media_image panel-first-child panel-last-child\" data-index=\"0\" ><a href=\"https:\/\/reisen.reudnitzer-reisen.com\/reiseberichte\/wp-content\/uploads\/sites\/11\/2020\/01\/Taj-Mahal.jpg\"><img loading=\"lazy\" decoding=\"async\" width=\"900\" height=\"598\" src=\"https:\/\/reisen.reudnitzer-reisen.com\/reiseberichte\/wp-content\/uploads\/sites\/11\/2020\/01\/Taj-Mahal.jpg\" class=\"image wp-image-929  attachment-full size-full\" alt=\"\" style=\"max-width: 100%; height: auto;\" srcset=\"https:\/\/reisen.reudnitzer-reisen.com\/reiseberichte\/wp-content\/uploads\/sites\/11\/2020\/01\/Taj-Mahal.jpg 900w, https:\/\/reisen.reudnitzer-reisen.com\/reiseberichte\/wp-content\/uploads\/sites\/11\/2020\/01\/Taj-Mahal-300x199.jpg 300w, https:\/\/reisen.reudnitzer-reisen.com\/reiseberichte\/wp-content\/uploads\/sites\/11\/2020\/01\/Taj-Mahal-768x510.jpg 768w, https:\/\/reisen.reudnitzer-reisen.com\/reiseberichte\/wp-content\/uploads\/sites\/11\/2020\/01\/Taj-Mahal-272x182.jpg 272w\" sizes=\"(max-width: 900px) 100vw, 900px\" \/><\/a><\/div><\/div><div id=\"pgc-917-0-1\"  class=\"panel-grid-cell\" ><div id=\"panel-917-0-1-0\" class=\"so-panel widget widget_media_image panel-first-child panel-last-child\" data-index=\"1\" ><a href=\"https:\/\/reisen.reudnitzer-reisen.com\/reiseberichte\/wp-content\/uploads\/sites\/11\/2020\/01\/Palast-der-Winde.jpg\"><img loading=\"lazy\" decoding=\"async\" width=\"900\" height=\"598\" src=\"https:\/\/reisen.reudnitzer-reisen.com\/reiseberichte\/wp-content\/uploads\/sites\/11\/2020\/01\/Palast-der-Winde.jpg\" class=\"image wp-image-930  attachment-full size-full\" alt=\"\" style=\"max-width: 100%; height: auto;\" srcset=\"https:\/\/reisen.reudnitzer-reisen.com\/reiseberichte\/wp-content\/uploads\/sites\/11\/2020\/01\/Palast-der-Winde.jpg 900w, https:\/\/reisen.reudnitzer-reisen.com\/reiseberichte\/wp-content\/uploads\/sites\/11\/2020\/01\/Palast-der-Winde-300x199.jpg 300w, https:\/\/reisen.reudnitzer-reisen.com\/reiseberichte\/wp-content\/uploads\/sites\/11\/2020\/01\/Palast-der-Winde-768x510.jpg 768w, https:\/\/reisen.reudnitzer-reisen.com\/reiseberichte\/wp-content\/uploads\/sites\/11\/2020\/01\/Palast-der-Winde-272x182.jpg 272w\" sizes=\"(max-width: 900px) 100vw, 900px\" \/><\/a><\/div><\/div><div id=\"pgc-917-0-2\"  class=\"panel-grid-cell\" ><div id=\"panel-917-0-2-0\" class=\"so-panel widget widget_media_image panel-first-child panel-last-child\" data-index=\"2\" ><a href=\"https:\/\/reisen.reudnitzer-reisen.com\/reiseberichte\/wp-content\/uploads\/sites\/11\/2020\/01\/rickshaw-2158447_1920.jpg\"><img loading=\"lazy\" decoding=\"async\" width=\"900\" height=\"600\" src=\"https:\/\/reisen.reudnitzer-reisen.com\/reiseberichte\/wp-content\/uploads\/sites\/11\/2020\/01\/rickshaw-2158447_1920.jpg\" class=\"image wp-image-928  attachment-full size-full\" alt=\"\" style=\"max-width: 100%; height: auto;\" srcset=\"https:\/\/reisen.reudnitzer-reisen.com\/reiseberichte\/wp-content\/uploads\/sites\/11\/2020\/01\/rickshaw-2158447_1920.jpg 900w, https:\/\/reisen.reudnitzer-reisen.com\/reiseberichte\/wp-content\/uploads\/sites\/11\/2020\/01\/rickshaw-2158447_1920-300x200.jpg 300w, https:\/\/reisen.reudnitzer-reisen.com\/reiseberichte\/wp-content\/uploads\/sites\/11\/2020\/01\/rickshaw-2158447_1920-768x512.jpg 768w, https:\/\/reisen.reudnitzer-reisen.com\/reiseberichte\/wp-content\/uploads\/sites\/11\/2020\/01\/rickshaw-2158447_1920-272x182.jpg 272w\" sizes=\"(max-width: 900px) 100vw, 900px\" \/><\/a><\/div><\/div><div id=\"pgc-917-0-3\"  class=\"panel-grid-cell\" ><div id=\"panel-917-0-3-0\" class=\"so-panel widget widget_media_image panel-first-child panel-last-child\" data-index=\"3\" ><a href=\"https:\/\/reisen.reudnitzer-reisen.com\/reiseberichte\/wp-content\/uploads\/sites\/11\/2020\/01\/Agra.jpg\"><img loading=\"lazy\" decoding=\"async\" width=\"900\" height=\"598\" src=\"https:\/\/reisen.reudnitzer-reisen.com\/reiseberichte\/wp-content\/uploads\/sites\/11\/2020\/01\/Agra.jpg\" class=\"image wp-image-927  attachment-full size-full\" alt=\"\" style=\"max-width: 100%; height: auto;\" srcset=\"https:\/\/reisen.reudnitzer-reisen.com\/reiseberichte\/wp-content\/uploads\/sites\/11\/2020\/01\/Agra.jpg 900w, https:\/\/reisen.reudnitzer-reisen.com\/reiseberichte\/wp-content\/uploads\/sites\/11\/2020\/01\/Agra-300x199.jpg 300w, https:\/\/reisen.reudnitzer-reisen.com\/reiseberichte\/wp-content\/uploads\/sites\/11\/2020\/01\/Agra-768x510.jpg 768w, https:\/\/reisen.reudnitzer-reisen.com\/reiseberichte\/wp-content\/uploads\/sites\/11\/2020\/01\/Agra-272x182.jpg 272w\" sizes=\"(max-width: 900px) 100vw, 900px\" \/><\/a><\/div><\/div><\/div><div id=\"pg-917-1\"  class=\"panel-grid panel-no-style\" ><div id=\"pgc-917-1-0\"  class=\"panel-grid-cell\" ><div id=\"panel-917-1-0-0\" class=\"so-panel widget widget_text panel-first-child panel-last-child\" data-index=\"4\" >\t\t\t<div class=\"textwidget\"><p><b><u>Reiseverlauf<\/u><\/b><\/p>\n<p>Von Frankfurt aus sind wir mit Turkish Airlines \u00fcber Istanbul nach Delhi geflogen.<br \/>\nDer Flughafen in Delhi ist sehr modern und auch die Einreise funktionierte problemlos.<br \/>\nNach dem Checkin in einem sehr einfach Hotel, sind wir mit unserem Guide per Metro nach Alt Delhi gefahren. An jeder Haltestelle gibt es erstmal einen Security Check wie am Flughafen bevor man ins U-Bahn-System rein kommt. Dann der echte Kultuschock Alt Dehli. Ja, man kennt es auch Film &amp; Fernsehen, aber es so hautnah zu erleben \u2013 krass! Man sieht fast nur M\u00e4nner auf den Stra\u00dfen &amp; muss wirklich darauf gefasst sein, dass man einfach von den Leuten fotografiert und extrem angestarrt wird. Nach 6 Stunden waren wir K.O. Der Verkehr mit Radrikschas, Motorikschas, Autos, Fahrr\u00e4dern, Menschen und dazwischen K\u00fche, Menschen, M\u00fcll, Schweine und und und\u2026 Wahnsinn!<br \/>\nDie Guides haben echt Ahnung, wo man essen gehen kann. Das ist ein riesiger Vorteil finde ich, gegen\u00fcber dem individuellen Reisen!<\/p>\n<p>Am n\u00e4chsten Tag ging es mit dem Zug nach Agra. Ein tolles Erlebnis, das ich jedem empfehlen w\u00fcrde. Nat\u00fcrlich ist der Standard nicht mit dem europ\u00e4ischen zu vergleichen, aber wir sind p\u00fcnktlich angekommen. Dann in ein super Hotel (Royale Resideny) eingecheckt und auf zum Roten Fort.<br \/>\nVon diesem sieht man schon das Taj Mahal. Es ist auf jeden Fall sehenswert. Leider ist es in ALLEN Palastanlagen so, dass die Bausubstanz alt ist und nichts gemacht wird.<br \/>\nAm Nachmittag\/Abend ging es dann zum ber\u00fchmten Taj Mahal und es ist wirklich traumhaft! Hier ist auch alles sehr gepflegt und tippitoppi sauber. Witzig ist, dass die vielen indischen Touristen immer Fotos mit uns machen wollten.<\/p>\n<p>Am n\u00e4chsten Morgen ging es auf eine sehr lange Busfahrt. 7 Stunden f\u00fcr 250km\u2026 da muss ich nix zu den Stra\u00dfenverh\u00e4ltnissen sagen. Unser Ziel war Tordi Garh, ein kleines Dorf auf dem Land. Nach der Ankunft wurden wir von der Gastfamilie herzlich begr\u00fc\u00dft. Wir durften diese Nacht in einem ehemaligen Palast schlafen, das war richtig sch\u00f6n. Nachmittag ging es auf Jeep Safari. Erster Halt war ein kleiner Bauernhof, wo wir der Frau (nat\u00fcrlich nicht dem Mann) bei der Feldarbeit zusehen durften. Danach ging es weiter zu einem Stausee und dann hie\u00df es kurze Wanderung auf eine D\u00fcne. Dort ist zwar keine richtige W\u00fcste, aber von der D\u00fcne aus hatten wir einen fantastischen Blick auf die untergehende Sonne. Dann wieder zu unserem Palast und abends gab es dann auf der riesigen Dachterrasse Selbstgekochtes von der \u201ePrinzessin\u201c des Palastes \u2013 lecker!<\/p>\n<p>Am Morgen sind wir dann los zum Village Walk durch Tordi Garh. Dabei durften wir bei den allt\u00e4glichen Arbeiten der Bewohner zuschauen wie B\u00fcffel treiben, b\u00fcgeln, t\u00f6pfern. Am s\u00fc\u00dfesten waren die vielen Kinder, die hier nicht gebettelt haben, sondern einfach wollten, dass man sie fotografiert und ihnen danach das Foto zeigt.<br \/>\nIm Anschluss ging es wieder mal mit dem Bus nach Pushkar \u2013 f\u00fcr mich die h\u00fcbscheste Stadt der Tour! In Pushkar befindet sich ein heiliger See, in dem die Hindhus beten. Da die Stadt so heilig ist, bekommt man hier ausschlie\u00dflich vegetarisches Essen und es gibt kein Alkohol. Das Hotel New Park war sehr sch\u00f6n und hatte sogar einen Pool. Am Nachmittag ging es auf Kameltour. 2 Stunden war jeder von uns Herr eines W\u00fcstenschiffs (inkl. Kameltreiber). Wir ritten in den Sonnenuntergang und so romantisch wie es klingt, war es auch. Zum Abschluss wurden uns dann mitten in der W\u00fcste Chai &amp; Kekse gereicht. F\u00fcr r\u00fcckengesch\u00e4digte ist das Reiten nicht unbedingt so empfehlenswert, aber ansonsten eine ganz tolle Erfahrung! Danach liefen wir zu einer Familie, bei der wir zum Abendessen eingeladen waren. Wir hatten vorab die Wahl ob wir in ein Restaurant oder zu einer Familie gehen wollen und waren uns alle einig. Auf der Dachterrasse a\u00dfen wir auf dem Boden und verkosteten diverse leckere Sachen.<\/p>\n<\/div>\n\t\t<\/div><\/div><\/div><div id=\"pg-917-2\"  class=\"panel-grid panel-no-style\" ><div id=\"pgc-917-2-0\"  class=\"panel-grid-cell\" ><div id=\"panel-917-2-0-0\" class=\"so-panel widget widget_media_image panel-first-child panel-last-child\" data-index=\"5\" ><a href=\"https:\/\/reisen.reudnitzer-reisen.com\/reiseberichte\/wp-content\/uploads\/sites\/11\/2020\/01\/india-356_1920.jpg\"><img loading=\"lazy\" decoding=\"async\" width=\"900\" height=\"675\" src=\"https:\/\/reisen.reudnitzer-reisen.com\/reiseberichte\/wp-content\/uploads\/sites\/11\/2020\/01\/india-356_1920.jpg\" class=\"image wp-image-936  attachment-full size-full\" alt=\"\" style=\"max-width: 100%; height: auto;\" srcset=\"https:\/\/reisen.reudnitzer-reisen.com\/reiseberichte\/wp-content\/uploads\/sites\/11\/2020\/01\/india-356_1920.jpg 900w, https:\/\/reisen.reudnitzer-reisen.com\/reiseberichte\/wp-content\/uploads\/sites\/11\/2020\/01\/india-356_1920-300x225.jpg 300w, https:\/\/reisen.reudnitzer-reisen.com\/reiseberichte\/wp-content\/uploads\/sites\/11\/2020\/01\/india-356_1920-768x576.jpg 768w\" sizes=\"(max-width: 900px) 100vw, 900px\" \/><\/a><\/div><\/div><div id=\"pgc-917-2-1\"  class=\"panel-grid-cell\" ><div id=\"panel-917-2-1-0\" class=\"so-panel widget widget_media_image panel-first-child panel-last-child\" data-index=\"6\" ><a href=\"https:\/\/reisen.reudnitzer-reisen.com\/reiseberichte\/wp-content\/uploads\/sites\/11\/2020\/01\/buffet-315691_1280.jpg\"><img loading=\"lazy\" decoding=\"async\" width=\"900\" height=\"675\" src=\"https:\/\/reisen.reudnitzer-reisen.com\/reiseberichte\/wp-content\/uploads\/sites\/11\/2020\/01\/buffet-315691_1280.jpg\" class=\"image wp-image-935  attachment-full size-full\" alt=\"\" style=\"max-width: 100%; height: auto;\" srcset=\"https:\/\/reisen.reudnitzer-reisen.com\/reiseberichte\/wp-content\/uploads\/sites\/11\/2020\/01\/buffet-315691_1280.jpg 900w, https:\/\/reisen.reudnitzer-reisen.com\/reiseberichte\/wp-content\/uploads\/sites\/11\/2020\/01\/buffet-315691_1280-300x225.jpg 300w, https:\/\/reisen.reudnitzer-reisen.com\/reiseberichte\/wp-content\/uploads\/sites\/11\/2020\/01\/buffet-315691_1280-768x576.jpg 768w\" sizes=\"(max-width: 900px) 100vw, 900px\" \/><\/a><\/div><\/div><div id=\"pgc-917-2-2\"  class=\"panel-grid-cell\" ><div id=\"panel-917-2-2-0\" class=\"so-panel widget widget_media_image panel-first-child panel-last-child\" data-index=\"7\" ><a href=\"https:\/\/reisen.reudnitzer-reisen.com\/reiseberichte\/wp-content\/uploads\/sites\/11\/2020\/01\/india-3370925_1920.jpg\"><img loading=\"lazy\" decoding=\"async\" width=\"900\" height=\"675\" src=\"https:\/\/reisen.reudnitzer-reisen.com\/reiseberichte\/wp-content\/uploads\/sites\/11\/2020\/01\/india-3370925_1920.jpg\" class=\"image wp-image-934  attachment-full size-full\" alt=\"\" style=\"max-width: 100%; height: auto;\" srcset=\"https:\/\/reisen.reudnitzer-reisen.com\/reiseberichte\/wp-content\/uploads\/sites\/11\/2020\/01\/india-3370925_1920.jpg 900w, https:\/\/reisen.reudnitzer-reisen.com\/reiseberichte\/wp-content\/uploads\/sites\/11\/2020\/01\/india-3370925_1920-300x225.jpg 300w, https:\/\/reisen.reudnitzer-reisen.com\/reiseberichte\/wp-content\/uploads\/sites\/11\/2020\/01\/india-3370925_1920-768x576.jpg 768w\" sizes=\"(max-width: 900px) 100vw, 900px\" \/><\/a><\/div><\/div><div id=\"pgc-917-2-3\"  class=\"panel-grid-cell\" ><div id=\"panel-917-2-3-0\" class=\"so-panel widget widget_media_image panel-first-child panel-last-child\" data-index=\"8\" ><a href=\"https:\/\/reisen.reudnitzer-reisen.com\/reiseberichte\/wp-content\/uploads\/sites\/11\/2020\/01\/delhi-282933_1920.jpg\"><img loading=\"lazy\" decoding=\"async\" width=\"900\" height=\"675\" src=\"https:\/\/reisen.reudnitzer-reisen.com\/reiseberichte\/wp-content\/uploads\/sites\/11\/2020\/01\/delhi-282933_1920.jpg\" class=\"image wp-image-933  attachment-full size-full\" alt=\"\" style=\"max-width: 100%; height: auto;\" srcset=\"https:\/\/reisen.reudnitzer-reisen.com\/reiseberichte\/wp-content\/uploads\/sites\/11\/2020\/01\/delhi-282933_1920.jpg 900w, https:\/\/reisen.reudnitzer-reisen.com\/reiseberichte\/wp-content\/uploads\/sites\/11\/2020\/01\/delhi-282933_1920-300x225.jpg 300w, https:\/\/reisen.reudnitzer-reisen.com\/reiseberichte\/wp-content\/uploads\/sites\/11\/2020\/01\/delhi-282933_1920-768x576.jpg 768w\" sizes=\"(max-width: 900px) 100vw, 900px\" \/><\/a><\/div><\/div><\/div><div id=\"pg-917-3\"  class=\"panel-grid panel-no-style\" ><div id=\"pgc-917-3-0\"  class=\"panel-grid-cell\" ><div id=\"panel-917-3-0-0\" class=\"so-panel widget widget_text panel-first-child\" data-index=\"9\" >\t\t\t<div class=\"textwidget\"><p>Am n\u00e4chsten Morgen hie\u00df es fr\u00fch aufstehen! Halb 5 klingelte der Wecker. Unser Guide meinte anfangs noch, dass die Wanderung ca. 1,5 Stunden dauern w\u00fcrde. Daraus wurde dann eine dreiviertel Stunde! Also alles easy und so hei\u00df war es auch noch nicht, vielleicht nur um die 30\u00b0C \ud83d\ude09 Der Ausblick auf Pushkar war traumhaft! Nach der Wanderung gab es Fr\u00fchst\u00fcck und danach hatten wir noch Zeit zum Shoppen. Pushkar ist definitiv der beste Ort daf\u00fcr \u2013 und nicht wie von vielen empfohlen, Jaipur!<br \/>\nMittags fuhren wir weiter nach Jaipur, wo wir gegen 16 Uhr eintrafen und checkten im 4* Hotel Ramada in Jaipur ein schliefen Das Ramada ist ein wirklich sehr gutes Hotel! Abends waren wir in einem 5* Palasthotel eingeladen \u2013 WOW!<\/p>\n<p>Der n\u00e4chste Tag war f\u00fcr Jaipur eingeplant. Wir besichtigten zuerst den Palast der Winde und danach das Amber Fort, wo wir zum ersten Mal Elefanten sahen. Sehr beeindruckend ist das Fort und vor allem ist es sehr gepflegt und liegt in einer landschaftlich sehr sch\u00f6nen Gegend. Mittags haben wir dann noch eine Fahrradrikscha-Tour durch das Zentrum von Jaipur gemacht. Abends waren wir wieder in ein Palasthotel geladen, dem \u201eThe Oberoi Rajvilas\u201c Hotel, auch sehr sehr sch\u00f6n! Aber es ist eben so, dass, wenn man in diesen Palasthotels schl\u00e4ft, man nichts vom wahren Indien mitbekommt, da die Hotels auch meistens weit au\u00dferhalb liegen. Man kann schon Luxus haben in Indien, aber mit dem wahren Indien hat das nix zu tun.<\/p>\n<p>Am letzten Tag ging es mit dem Bus wieder nach Delhi. Da wir am 1. Tag nur Alt Delhi kennen gelernt hatten, wollten wir unbedingt noch einen Eindruck von Neu Delhi gewinnen machten noch eine kleine Stadtrundfahrt ins Programm aufzunehmen. Neu Delhi ist das komplette Gegenteil von Alt Delhi. Es gibt keinen Dreck, alles ist sauber und ordentlich gepflegt, keine K\u00fche auf der Stra\u00dfe, nur wenig Menschen zu sehen. Abends waren wir noch in Gurgaon, einem Vorort Delhis mit nur knapp einer Million Einwohner, also einem Dorf \ud83d\ude09<br \/>\nWir haben noch etwas in einer Bar getrunken, die innerhalb einer Shoppingmall lag, \u00e4hnlich wie bei uns vielleicht das Nova Eventis. Eintritt wie am Flughafen mit Sicherheitskontrolle. Dann ging es mitten in der Nacht zum Flughafen Delhi und \u00fcber Istanbul wieder zur\u00fcck nach Deutschland.<\/p>\n<\/div>\n\t\t<\/div><div id=\"panel-917-3-0-1\" class=\"so-panel widget widget_text panel-last-child\" data-index=\"10\" >\t\t\t<div class=\"textwidget\"><p><b>M\u00f6chten Sie n\u00e4here Informationen zu Indien und\/oder den besuchten Hotels? Dann vereinbaren Sie mit Ihren Reiseberater einen Termin, wir freuen uns auf Sie!<\/b><\/p>\n<\/div>\n\t\t<\/div><\/div><\/div><\/div>","protected":false},"excerpt":{"rendered":"<p>Reiseverlauf Von Frankfurt aus sind wir mit Turkish Airlines \u00fcber Istanbul nach Delhi geflogen. Der Flughafen in Delhi ist sehr modern und auch die Einreise funktionierte problemlos. Nach dem Checkin in einem sehr einfach Hotel, sind wir mit unserem Guide <a href=\"https:\/\/reisen.reudnitzer-reisen.com\/reiseberichte\/maria-hoeselbarth\/reisebericht-indien\/\"> more&#8230;<\/a><\/p>\n","protected":false},"author":3,"featured_media":0,"parent":20,"menu_order":0,"comment_status":"closed","ping_status":"closed","template":"","meta":{"footnotes":""},"_links":{"self":[{"href":"https:\/\/reisen.reudnitzer-reisen.com\/reiseberichte\/wp-json\/wp\/v2\/pages\/917"}],"collection":[{"href":"https:\/\/reisen.reudnitzer-reisen.com\/reiseberichte\/wp-json\/wp\/v2\/pages"}],"about":[{"href":"https:\/\/reisen.reudnitzer-reisen.com\/reiseberichte\/wp-json\/wp\/v2\/types\/page"}],"author":[{"embeddable":true,"href":"https:\/\/reisen.reudnitzer-reisen.com\/reiseberichte\/wp-json\/wp\/v2\/users\/3"}],"replies":[{"embeddable":true,"href":"https:\/\/reisen.reudnitzer-reisen.com\/reiseberichte\/wp-json\/wp\/v2\/comments?post=917"}],"version-history":[{"count":12,"href":"https:\/\/reisen.reudnitzer-reisen.com\/reiseberichte\/wp-json\/wp\/v2\/pages\/917\/revisions"}],"predecessor-version":[{"id":938,"href":"https:\/\/reisen.reudnitzer-reisen.com\/reiseberichte\/wp-json\/wp\/v2\/pages\/917\/revisions\/938"}],"up":[{"embeddable":true,"href":"https:\/\/reisen.reudnitzer-reisen.com\/reiseberichte\/wp-json\/wp\/v2\/pages\/20"}],"wp:attachment":[{"href":"https:\/\/reisen.reudnitzer-reisen.com\/reiseberichte\/wp-json\/wp\/v2\/media?parent=917"}],"curies":[{"name":"wp","href":"https:\/\/api.w.org\/{rel}","templated":true}]}}