{"id":875,"date":"2020-01-23T13:48:29","date_gmt":"2020-01-23T12:48:29","guid":{"rendered":"https:\/\/reisen.reudnitzer-reisen.com\/reiseberichte\/?page_id=875"},"modified":"2020-04-15T14:48:09","modified_gmt":"2020-04-15T12:48:09","slug":"reisebericht-tuerkische-riviera","status":"publish","type":"page","link":"https:\/\/reisen.reudnitzer-reisen.com\/reiseberichte\/maria-hoeselbarth\/reisebericht-tuerkische-riviera\/","title":{"rendered":"Reisebericht T\u00fcrkische Riviera"},"content":{"rendered":"<div id=\"pl-875\"  class=\"panel-layout\" ><div id=\"pg-875-0\"  class=\"panel-grid panel-no-style\" ><div id=\"pgc-875-0-0\"  class=\"panel-grid-cell\" ><div id=\"panel-875-0-0-0\" class=\"so-panel widget widget_media_image panel-first-child panel-last-child\" data-index=\"0\" ><a href=\"https:\/\/reisen.reudnitzer-reisen.com\/reiseberichte\/wp-content\/uploads\/sites\/11\/2020\/01\/Alanya.jpg\"><img loading=\"lazy\" decoding=\"async\" width=\"1024\" height=\"682\" src=\"https:\/\/reisen.reudnitzer-reisen.com\/reiseberichte\/wp-content\/uploads\/sites\/11\/2020\/01\/Alanya.jpg\" class=\"image wp-image-884  attachment-full size-full\" alt=\"\" style=\"max-width: 100%; height: auto;\" srcset=\"https:\/\/reisen.reudnitzer-reisen.com\/reiseberichte\/wp-content\/uploads\/sites\/11\/2020\/01\/Alanya.jpg 1024w, https:\/\/reisen.reudnitzer-reisen.com\/reiseberichte\/wp-content\/uploads\/sites\/11\/2020\/01\/Alanya-300x200.jpg 300w, https:\/\/reisen.reudnitzer-reisen.com\/reiseberichte\/wp-content\/uploads\/sites\/11\/2020\/01\/Alanya-768x512.jpg 768w, https:\/\/reisen.reudnitzer-reisen.com\/reiseberichte\/wp-content\/uploads\/sites\/11\/2020\/01\/Alanya-272x182.jpg 272w\" sizes=\"(max-width: 1024px) 100vw, 1024px\" \/><\/a><\/div><\/div><div id=\"pgc-875-0-1\"  class=\"panel-grid-cell\" ><div id=\"panel-875-0-1-0\" class=\"so-panel widget widget_media_image panel-first-child panel-last-child\" data-index=\"1\" ><a href=\"https:\/\/reisen.reudnitzer-reisen.com\/reiseberichte\/wp-content\/uploads\/sites\/11\/2020\/01\/Boot.jpg\"><img loading=\"lazy\" decoding=\"async\" width=\"1000\" height=\"667\" src=\"https:\/\/reisen.reudnitzer-reisen.com\/reiseberichte\/wp-content\/uploads\/sites\/11\/2020\/01\/Boot.jpg\" class=\"image wp-image-883  attachment-full size-full\" alt=\"\" style=\"max-width: 100%; height: auto;\" srcset=\"https:\/\/reisen.reudnitzer-reisen.com\/reiseberichte\/wp-content\/uploads\/sites\/11\/2020\/01\/Boot.jpg 1000w, https:\/\/reisen.reudnitzer-reisen.com\/reiseberichte\/wp-content\/uploads\/sites\/11\/2020\/01\/Boot-300x200.jpg 300w, https:\/\/reisen.reudnitzer-reisen.com\/reiseberichte\/wp-content\/uploads\/sites\/11\/2020\/01\/Boot-768x512.jpg 768w, https:\/\/reisen.reudnitzer-reisen.com\/reiseberichte\/wp-content\/uploads\/sites\/11\/2020\/01\/Boot-272x182.jpg 272w\" sizes=\"(max-width: 1000px) 100vw, 1000px\" \/><\/a><\/div><\/div><div id=\"pgc-875-0-2\"  class=\"panel-grid-cell\" ><div id=\"panel-875-0-2-0\" class=\"so-panel widget widget_media_image panel-first-child panel-last-child\" data-index=\"2\" ><a href=\"https:\/\/reisen.reudnitzer-reisen.com\/reiseberichte\/wp-content\/uploads\/sites\/11\/2020\/01\/Side-1.jpg\"><img loading=\"lazy\" decoding=\"async\" width=\"1000\" height=\"680\" src=\"https:\/\/reisen.reudnitzer-reisen.com\/reiseberichte\/wp-content\/uploads\/sites\/11\/2020\/01\/Side-1.jpg\" class=\"image wp-image-888  attachment-full size-full\" alt=\"\" style=\"max-width: 100%; height: auto;\" srcset=\"https:\/\/reisen.reudnitzer-reisen.com\/reiseberichte\/wp-content\/uploads\/sites\/11\/2020\/01\/Side-1.jpg 1000w, https:\/\/reisen.reudnitzer-reisen.com\/reiseberichte\/wp-content\/uploads\/sites\/11\/2020\/01\/Side-1-300x204.jpg 300w, https:\/\/reisen.reudnitzer-reisen.com\/reiseberichte\/wp-content\/uploads\/sites\/11\/2020\/01\/Side-1-768x522.jpg 768w\" sizes=\"(max-width: 1000px) 100vw, 1000px\" \/><\/a><\/div><\/div><\/div><div id=\"pg-875-1\"  class=\"panel-grid panel-no-style\" ><div id=\"pgc-875-1-0\"  class=\"panel-grid-cell\" ><div id=\"panel-875-1-0-0\" class=\"so-panel widget widget_text panel-first-child panel-last-child\" data-index=\"3\" >\t\t\t<div class=\"textwidget\"><p><b><u>Hintergr\u00fcnde &amp; Infos zum Zielgebiet<\/u><\/b><\/p>\n<p>Merhaba! F\u00fcr mich war es das 1. Mal T\u00fcrkei und ich bin schon begeistert. Die Gastfreundlichkeit war enorm und das gr\u00fcne Gebirge im Hinterland hat mir sehr gut gefallen. Zu dieser Jahreszeit (ich war Anfang Dezember dort) ist allgemein nat\u00fcrlich zu sagen, dass die Hotels teilweise sehr gering ausgelastet sind oder von vielen Fu\u00dfballvereinen bev\u00f6lkert werden.<\/p>\n<p>Die T\u00fcrkische Riviera ist geh\u00f6rt neben der \u00c4g\u00e4isk\u00fcste zu den touristischen Zentren des Landes. Zielflughafen ist Antalya und von dort aus geht es dann entweder Richtung Westen nach Kemer oder Richtung Osten bis nach Alanya. Je nach Anzahl der Stopps kann es dann schon mal 2-3Stunden dauern, bis man im Hotel ist (vor allem, wenn das Hotel bei Alanya liegt). Die Hotellerie ist ziemlich gut ausgebaut, das Preis-Leistungsverh\u00e4ltnis unschlagbar.<\/p>\n<p>Man kann super auf eigene Faust losziehen, entweder mit dem Mietwagen oder den \u00f6ffentlichen Verkehrsmitteln, wobei sich das wahrscheinlich nur auf den Dolmu\u015f beschr\u00e4nkt (kleine Sammelbusse). Diese halten an, insofern man die Hand hebt und wenn man aussteigen m\u00f6chte, ruft man einfach rechtzeitig &#8222;Dur&#8220; (Stopp).<\/p>\n<p>Vor allem die Str\u00e4nde rund um Side sind sehr flachabfallen und feinsandig. Zwischen Manavgat und Alanya ist es eher Kiesstrand. Besonders sch\u00f6n ist der Kleopatrastrand in Alanya, auch hier wieder ein toller Sandstrand.<\/p>\n<p>Ausfl\u00fcge kann man an der T\u00fcrkischen Riviera viele machen. Es lohnt sich ein Bummel durch Alanya mit Besuch der Burg oder durch Antalya. In fast jedem gr\u00f6\u00dferen Ort findet regelm\u00e4\u00dfig ein Basar statt, auch den sollte man sich nicht entgehen lassen. Actionfans kommen beim Rafting oder einer Jeep-\/ oder Quadsafari auf ihre Kosten. Mein Tipp: Fahren Sie unbedingt mal ins Hinterland ins Taurusgebirge zum Grand Canyon oder zum Sapadere Canyon. F\u00fcr Individualausfl\u00fcge mit dem Mietwagen lohnt sich ein Besuch am Dim \u00c7ay\u0131.<\/p>\n<\/div>\n\t\t<\/div><\/div><\/div><div id=\"pg-875-2\"  class=\"panel-grid panel-no-style\" ><div id=\"pgc-875-2-0\"  class=\"panel-grid-cell\" ><div id=\"panel-875-2-0-0\" class=\"so-panel widget widget_text panel-first-child\" data-index=\"4\" ><h3 class=\"widget-title\">Besuchte Hotels<\/h3>\t\t\t<div class=\"textwidget\"><\/div>\n\t\t<\/div><div id=\"panel-875-2-0-1\" class=\"so-panel widget widget_text\" data-index=\"5\" >\t\t\t<div class=\"textwidget\"><p><b><u>Hotels bei Side<\/u><\/b><\/p>\n<p>The Sense De Luxe \u2605\u2605\u2605\u2605\u2605<br \/>\nTUI BLUE Side \u2605\u2605\u2605\u2605+<br \/>\nTUI MAGIC LIFE Jacaranda \u2605\u2605\u2605\u2605<\/p>\n<hr>\n<p><b><u>Hotels bei Alanya<\/u><\/b><\/p>\n<p>Tac Premier Hotel &amp; Spa \u2605\u2605\u2605\u2605<\/p>\n<hr>\n<p><b><u>Hotels bei Belek<\/u><\/b><\/p>\n<p>Gloria Serentiy Resort \u2605\u2605\u2605\u2605\u2605+<br \/>\nKaya Palazzo Golf Resort \u2605\u2605\u2605\u2605\u2605<br \/>\nRobinson Club Nobilis \u2605\u2605\u2605\u2605<br \/>\nTUI KIDS CLUB Papillon Aysha \u2605\u2605\u2605\u2605+<\/p>\n<\/div>\n\t\t<\/div><div id=\"panel-875-2-0-2\" class=\"so-panel widget widget_text panel-last-child\" data-index=\"6\" >\t\t\t<div class=\"textwidget\"><p><b>M\u00f6chten Sie n\u00e4here Informationen zur T\u00fcrkischen Riviera und\/oder den Hotels? Dann vereinbaren Sie mit Ihren Reiseberater einen Termin, wir freuen uns auf Sie!<\/b><\/p>\n<\/div>\n\t\t<\/div><\/div><\/div><\/div>","protected":false},"excerpt":{"rendered":"<p>Hintergr\u00fcnde &amp; Infos zum Zielgebiet Merhaba! F\u00fcr mich war es das 1. Mal T\u00fcrkei und ich bin schon begeistert. Die Gastfreundlichkeit war enorm und das gr\u00fcne Gebirge im Hinterland hat mir sehr gut gefallen. Zu dieser Jahreszeit (ich war Anfang <a href=\"https:\/\/reisen.reudnitzer-reisen.com\/reiseberichte\/maria-hoeselbarth\/reisebericht-tuerkische-riviera\/\"> more&#8230;<\/a><\/p>\n","protected":false},"author":3,"featured_media":0,"parent":20,"menu_order":0,"comment_status":"closed","ping_status":"closed","template":"","meta":{"footnotes":""},"_links":{"self":[{"href":"https:\/\/reisen.reudnitzer-reisen.com\/reiseberichte\/wp-json\/wp\/v2\/pages\/875"}],"collection":[{"href":"https:\/\/reisen.reudnitzer-reisen.com\/reiseberichte\/wp-json\/wp\/v2\/pages"}],"about":[{"href":"https:\/\/reisen.reudnitzer-reisen.com\/reiseberichte\/wp-json\/wp\/v2\/types\/page"}],"author":[{"embeddable":true,"href":"https:\/\/reisen.reudnitzer-reisen.com\/reiseberichte\/wp-json\/wp\/v2\/users\/3"}],"replies":[{"embeddable":true,"href":"https:\/\/reisen.reudnitzer-reisen.com\/reiseberichte\/wp-json\/wp\/v2\/comments?post=875"}],"version-history":[{"count":13,"href":"https:\/\/reisen.reudnitzer-reisen.com\/reiseberichte\/wp-json\/wp\/v2\/pages\/875\/revisions"}],"predecessor-version":[{"id":962,"href":"https:\/\/reisen.reudnitzer-reisen.com\/reiseberichte\/wp-json\/wp\/v2\/pages\/875\/revisions\/962"}],"up":[{"embeddable":true,"href":"https:\/\/reisen.reudnitzer-reisen.com\/reiseberichte\/wp-json\/wp\/v2\/pages\/20"}],"wp:attachment":[{"href":"https:\/\/reisen.reudnitzer-reisen.com\/reiseberichte\/wp-json\/wp\/v2\/media?parent=875"}],"curies":[{"name":"wp","href":"https:\/\/api.w.org\/{rel}","templated":true}]}}