{"id":687,"date":"2020-01-21T12:23:38","date_gmt":"2020-01-21T11:23:38","guid":{"rendered":"https:\/\/reisen.reudnitzer-reisen.com\/reiseberichte\/?page_id=687"},"modified":"2020-04-15T16:30:37","modified_gmt":"2020-04-15T14:30:37","slug":"reisebericht-sri-lanka","status":"publish","type":"page","link":"https:\/\/reisen.reudnitzer-reisen.com\/reiseberichte\/claudia-koessling\/reisebericht-sri-lanka\/","title":{"rendered":"Reisebericht Sri Lanka"},"content":{"rendered":"<div id=\"pl-687\"  class=\"panel-layout\" ><div id=\"pg-687-0\"  class=\"panel-grid panel-no-style\" ><div id=\"pgc-687-0-0\"  class=\"panel-grid-cell\" ><div id=\"panel-687-0-0-0\" class=\"so-panel widget widget_media_image panel-first-child panel-last-child\" data-index=\"0\" ><a href=\"https:\/\/reisen.reudnitzer-reisen.com\/reiseberichte\/wp-content\/uploads\/sites\/11\/2020\/01\/sri-lanka-4701247_1920-1.jpg\"><img loading=\"lazy\" decoding=\"async\" width=\"600\" height=\"800\" src=\"https:\/\/reisen.reudnitzer-reisen.com\/reiseberichte\/wp-content\/uploads\/sites\/11\/2020\/01\/sri-lanka-4701247_1920-1.jpg\" class=\"image wp-image-710  attachment-full size-full\" alt=\"\" style=\"max-width: 100%; height: auto;\" srcset=\"https:\/\/reisen.reudnitzer-reisen.com\/reiseberichte\/wp-content\/uploads\/sites\/11\/2020\/01\/sri-lanka-4701247_1920-1.jpg 600w, https:\/\/reisen.reudnitzer-reisen.com\/reiseberichte\/wp-content\/uploads\/sites\/11\/2020\/01\/sri-lanka-4701247_1920-1-225x300.jpg 225w\" sizes=\"(max-width: 600px) 100vw, 600px\" \/><\/a><\/div><\/div><div id=\"pgc-687-0-1\"  class=\"panel-grid-cell\" ><div id=\"panel-687-0-1-0\" class=\"so-panel widget widget_media_image panel-first-child panel-last-child\" data-index=\"1\" ><a href=\"https:\/\/reisen.reudnitzer-reisen.com\/reiseberichte\/wp-content\/uploads\/sites\/11\/2020\/01\/sri-lanka-4580994_1920.jpg\"><img loading=\"lazy\" decoding=\"async\" width=\"600\" height=\"800\" src=\"https:\/\/reisen.reudnitzer-reisen.com\/reiseberichte\/wp-content\/uploads\/sites\/11\/2020\/01\/sri-lanka-4580994_1920.jpg\" class=\"image wp-image-715  attachment-full size-full\" alt=\"\" style=\"max-width: 100%; height: auto;\" srcset=\"https:\/\/reisen.reudnitzer-reisen.com\/reiseberichte\/wp-content\/uploads\/sites\/11\/2020\/01\/sri-lanka-4580994_1920.jpg 600w, https:\/\/reisen.reudnitzer-reisen.com\/reiseberichte\/wp-content\/uploads\/sites\/11\/2020\/01\/sri-lanka-4580994_1920-225x300.jpg 225w\" sizes=\"(max-width: 600px) 100vw, 600px\" \/><\/a><\/div><\/div><div id=\"pgc-687-0-2\"  class=\"panel-grid-cell\" ><div id=\"panel-687-0-2-0\" class=\"so-panel widget widget_media_image panel-first-child panel-last-child\" data-index=\"2\" ><a href=\"https:\/\/reisen.reudnitzer-reisen.com\/reiseberichte\/wp-content\/uploads\/sites\/11\/2020\/01\/elephants-267128_1280.jpg\"><img loading=\"lazy\" decoding=\"async\" width=\"600\" height=\"800\" src=\"https:\/\/reisen.reudnitzer-reisen.com\/reiseberichte\/wp-content\/uploads\/sites\/11\/2020\/01\/elephants-267128_1280.jpg\" class=\"image wp-image-713  attachment-full size-full\" alt=\"\" style=\"max-width: 100%; height: auto;\" srcset=\"https:\/\/reisen.reudnitzer-reisen.com\/reiseberichte\/wp-content\/uploads\/sites\/11\/2020\/01\/elephants-267128_1280.jpg 600w, https:\/\/reisen.reudnitzer-reisen.com\/reiseberichte\/wp-content\/uploads\/sites\/11\/2020\/01\/elephants-267128_1280-225x300.jpg 225w\" sizes=\"(max-width: 600px) 100vw, 600px\" \/><\/a><\/div><\/div><div id=\"pgc-687-0-3\"  class=\"panel-grid-cell\" ><div id=\"panel-687-0-3-0\" class=\"so-panel widget widget_media_image panel-first-child panel-last-child\" data-index=\"3\" ><a href=\"https:\/\/reisen.reudnitzer-reisen.com\/reiseberichte\/wp-content\/uploads\/sites\/11\/2020\/01\/lion-rock-2130624_1920.jpg\"><img loading=\"lazy\" decoding=\"async\" width=\"600\" height=\"800\" src=\"https:\/\/reisen.reudnitzer-reisen.com\/reiseberichte\/wp-content\/uploads\/sites\/11\/2020\/01\/lion-rock-2130624_1920.jpg\" class=\"image wp-image-714  attachment-full size-full\" alt=\"\" style=\"max-width: 100%; height: auto;\" srcset=\"https:\/\/reisen.reudnitzer-reisen.com\/reiseberichte\/wp-content\/uploads\/sites\/11\/2020\/01\/lion-rock-2130624_1920.jpg 600w, https:\/\/reisen.reudnitzer-reisen.com\/reiseberichte\/wp-content\/uploads\/sites\/11\/2020\/01\/lion-rock-2130624_1920-225x300.jpg 225w\" sizes=\"(max-width: 600px) 100vw, 600px\" \/><\/a><\/div><\/div><\/div><div id=\"pg-687-1\"  class=\"panel-grid panel-no-style\" ><div id=\"pgc-687-1-0\"  class=\"panel-grid-cell\" ><div id=\"panel-687-1-0-0\" class=\"so-panel widget widget_text panel-first-child panel-last-child\" data-index=\"4\" >\t\t\t<div class=\"textwidget\"><p><b>Hintergr\u00fcnde &amp; Infos zum Zielgebiet<\/b><\/p>\n<p>Zun\u00e4chst erst einmal <b>Ayubowan<\/b>! Dies ist die Begr\u00fc\u00dfung in Sri Lanka, die man ganzt\u00e4gig verwenden kann. Es bedeutet so viel wie \u201eich w\u00fcnsche ein langes, gesundes Leben\u201c. Dabei faltet man seine H\u00e4nde vor der Brust und verbeugt sich leicht.<br \/>\nDie Anreise nach Sri Lanka erfolgt \u00fcber den Flughafen Colombo. Da der Direktflug von Frankfurt leider eingestellt wurde, gibt es jetzt nur noch Umsteigeverbindungen. Je nach Airline via Doha, Abu Dhabi, Dubai, &#8230;.<br \/>\nJe nach Ort kann die Transferzeit ab Colombo schon sehr lang sein (teilweise bis zuu 4Stunden!). Hierauf sollte man also bei der Wahl des Hotels auch achten.<br \/>\nVon einem Mietwagen ist generell abzuraten. Es herrscht Linksverkehr und oft werden aus den 2 offiziellen Fahrspuren 3, oder 4 pro Richtung!!!<br \/>\nNach Colombo f\u00fchrt eine Autobahn (Mautpflichtig), diese ist gut ausgebaut. \u00dcberland sind die Stra\u00dfen jedoch teilweise in einem schlechten Zustand.<br \/>\nFortbewegungsmittel Nr. 1 in Sri Lanka ist das Tuk Tuk. Davon gibt es ca. 1,6 Millionen!<br \/>\nColombo an sich kann man gesehen haben, es ist aber kein Muss. Der Verkehr dort ist ziemlich chaotisch und man ist froh, wenn man heil von A nach B kommt.<\/p>\n<p>Zur Einreise ben\u00f6tigt man als deutscher Staatsb\u00fcrger ein Visum (Electronic Travel Authorization). Dieses ist kostenlos und kann vorher bequem online beantragt werden. Man kann das Visum auch Bei Einreise am Flughafen beantragen. Dabei kann es aber vor allem in der Hauptsaison (Oktober-Mai) zu langen Wartezeiten kommen. Beachten sollte man unbedingt, dass alle Angaben korrekt sind. Die sri-lankischen Beh\u00f6rden bestehen auch bei kleinen Fehlern (z. B. Zahlendreher oder versehentliche Eintragung des Buchstaben \u201eO\u201c anstatt der Zahl \u201e0\u201c in der Passnummer) auf der Ausstellung eines neuen Visums am Flughafen.<\/p>\n<p>Die Einheimischen waren extrem freundlich. Alle Altersgruppen strahlten und winkten regelm\u00e4\u00dfig in unseren Bus. Das hat mich schon erstaunt, weil Sri Lanka eigentlich kein neues Reiseziel ist und der Tourismus dort auch schon eine Weile Einkehr gehalten hat.<br \/>\nDie Bev\u00f6lkerung besteht zu 70% aus Buddhisten, 17% Hindus und der Rest sind Moslems und Christen. Alle friedlich miteinander. Besonderheit an Vollmondtagen wird oftmals kein Alkohol ausgeschenkt.<\/p>\n<hr \/>\n<p><b>Beste Reisezeit<\/b><br \/>\n<u>S\u00fcd-\/Westk\u00fcste<\/u>: November &#8211; April (auch beste Zeit f\u00fcr Walbeobachtungen), w\u00e4hrend der Regenzeit im Mai &#8211; Oktober regnet es \u00fcberwiegend in der Nacht, oder mal am Nachmittag f\u00fcr 1 Stunde, h\u00f6here Luftfeuchtigkeit<\/p>\n<p><u>Ostk\u00fcste<\/u>: Mai &#8211; Oktober, dort zum Schnorcheln Pitchen Island gut geeignet (allerdings bei Weitem nicht so spektakul\u00e4r wie die Schnorchelm\u00f6glichkeiten der Malediven)<\/p>\n<hr \/>\n<p><b>Ausflugsm\u00f6glichkeiten<\/b><br \/>\n<u>Minneriya National Park<\/u>:<br \/>\nbekannt f\u00fcr seine gro\u00dfe Elefantenpopulation mit Herden von bis zu 100 frei lebenden Tieren<br \/>\nMan wird mit offenen Jeeps durch den Park gefahren, die Pisten sind \u00fcberwiegend aus r\u00f6tlichem Sand, so dass man nach dem Ausflug leicht \u201epaniert\u201c ist<\/p>\n<p><u>Sigiriya\/L\u00f6wenfels mit Monolith<\/u>:<br \/>\nWir haben den Fels mit unserer Gruppe gleich zur \u00d6ffnungszeit 7 Uhr erklommen. Dies hat den Vorteil, dass man sich nicht mit weiteren Hunderten dr\u00e4ngeln muss. Der Aufstieg ist anspruchsvoll. Zu Beginn Steinstufen (unterschiedlich hoch und abgewetzt), sp\u00e4ter Stahlleitern und teilweise sehr eng. Nix f\u00fcr Leute mit H\u00f6henangst.<\/p>\n<p><u>Kandy<\/u><br \/>\ngilt als kulturelle und geistige Hauptstadt\/buddhistisches Zentrum, da hier die religi\u00f6seste St\u00e4tte des Landes steht: der Tempel des \u201eHeiligen Zahns Buddhas\u201c<\/p>\n<\/div>\n\t\t<\/div><\/div><\/div><div id=\"pg-687-2\"  class=\"panel-grid panel-no-style\" ><div id=\"pgc-687-2-0\"  class=\"panel-grid-cell\" ><div id=\"panel-687-2-0-0\" class=\"so-panel widget widget_media_image panel-first-child panel-last-child\" data-index=\"5\" ><a href=\"https:\/\/reisen.reudnitzer-reisen.com\/reiseberichte\/wp-content\/uploads\/sites\/11\/2020\/01\/sri-lanka-2455695_1920.jpg\"><img loading=\"lazy\" decoding=\"async\" width=\"360\" height=\"240\" src=\"https:\/\/reisen.reudnitzer-reisen.com\/reiseberichte\/wp-content\/uploads\/sites\/11\/2020\/01\/sri-lanka-2455695_1920.jpg\" class=\"image wp-image-722  attachment-full size-full\" alt=\"\" style=\"max-width: 100%; height: auto;\" srcset=\"https:\/\/reisen.reudnitzer-reisen.com\/reiseberichte\/wp-content\/uploads\/sites\/11\/2020\/01\/sri-lanka-2455695_1920.jpg 360w, https:\/\/reisen.reudnitzer-reisen.com\/reiseberichte\/wp-content\/uploads\/sites\/11\/2020\/01\/sri-lanka-2455695_1920-300x200.jpg 300w, https:\/\/reisen.reudnitzer-reisen.com\/reiseberichte\/wp-content\/uploads\/sites\/11\/2020\/01\/sri-lanka-2455695_1920-272x182.jpg 272w\" sizes=\"(max-width: 360px) 100vw, 360px\" \/><\/a><\/div><\/div><div id=\"pgc-687-2-1\"  class=\"panel-grid-cell\" ><div id=\"panel-687-2-1-0\" class=\"so-panel widget widget_media_image panel-first-child panel-last-child\" data-index=\"6\" ><a href=\"https:\/\/reisen.reudnitzer-reisen.com\/reiseberichte\/wp-content\/uploads\/sites\/11\/2020\/01\/buddha-1790619_1920.jpg\"><img loading=\"lazy\" decoding=\"async\" width=\"360\" height=\"240\" src=\"https:\/\/reisen.reudnitzer-reisen.com\/reiseberichte\/wp-content\/uploads\/sites\/11\/2020\/01\/buddha-1790619_1920.jpg\" class=\"image wp-image-721  attachment-full size-full\" alt=\"\" style=\"max-width: 100%; height: auto;\" srcset=\"https:\/\/reisen.reudnitzer-reisen.com\/reiseberichte\/wp-content\/uploads\/sites\/11\/2020\/01\/buddha-1790619_1920.jpg 360w, https:\/\/reisen.reudnitzer-reisen.com\/reiseberichte\/wp-content\/uploads\/sites\/11\/2020\/01\/buddha-1790619_1920-300x200.jpg 300w, https:\/\/reisen.reudnitzer-reisen.com\/reiseberichte\/wp-content\/uploads\/sites\/11\/2020\/01\/buddha-1790619_1920-272x182.jpg 272w\" sizes=\"(max-width: 360px) 100vw, 360px\" \/><\/a><\/div><\/div><div id=\"pgc-687-2-2\"  class=\"panel-grid-cell\" ><div id=\"panel-687-2-2-0\" class=\"so-panel widget widget_media_image panel-first-child panel-last-child\" data-index=\"7\" ><a href=\"https:\/\/reisen.reudnitzer-reisen.com\/reiseberichte\/wp-content\/uploads\/sites\/11\/2020\/01\/sigiriya-459197_1920.jpg\"><img loading=\"lazy\" decoding=\"async\" width=\"360\" height=\"240\" src=\"https:\/\/reisen.reudnitzer-reisen.com\/reiseberichte\/wp-content\/uploads\/sites\/11\/2020\/01\/sigiriya-459197_1920.jpg\" class=\"image wp-image-720  attachment-full size-full\" alt=\"\" style=\"max-width: 100%; height: auto;\" srcset=\"https:\/\/reisen.reudnitzer-reisen.com\/reiseberichte\/wp-content\/uploads\/sites\/11\/2020\/01\/sigiriya-459197_1920.jpg 360w, https:\/\/reisen.reudnitzer-reisen.com\/reiseberichte\/wp-content\/uploads\/sites\/11\/2020\/01\/sigiriya-459197_1920-300x200.jpg 300w, https:\/\/reisen.reudnitzer-reisen.com\/reiseberichte\/wp-content\/uploads\/sites\/11\/2020\/01\/sigiriya-459197_1920-272x182.jpg 272w\" sizes=\"(max-width: 360px) 100vw, 360px\" \/><\/a><\/div><\/div><\/div><div id=\"pg-687-3\"  class=\"panel-grid panel-no-style\" ><div id=\"pgc-687-3-0\"  class=\"panel-grid-cell\" ><div id=\"panel-687-3-0-0\" class=\"so-panel widget widget_text panel-first-child\" data-index=\"8\" ><h3 class=\"widget-title\">Besuchte Hotels<\/h3>\t\t\t<div class=\"textwidget\"><\/div>\n\t\t<\/div><div id=\"panel-687-3-0-1\" class=\"so-panel widget widget_text\" data-index=\"9\" >\t\t\t<div class=\"textwidget\"><p><b><u>Colombo<\/u><\/b><br \/>\nCinnamon Lakeside \u2605\u2605\u2605\u2605\u2605<br \/>\nRamada Colombo \u2605\u2605\u2605\u2605<\/p>\n<hr \/>\n<p><b><u>Landesinnere<\/u><\/b><br \/>\nHeritance Kandalama \u2605\u2605\u2605\u2605+<br \/>\nSigiriya Village \u2605\u2605\u2605+<\/p>\n<p><b><u>Westk\u00fcste<\/u><\/b><br \/>\nGoldi Sands \u2605\u2605\u2605+<br \/>\nNegombo Heritance \u2605\u2605\u2605\u2605\u2605<br \/>\nRanweli Holiday Village \u2605\u2605\u2605<br \/>\nSiddhalepa Ayurveda Health Resort \u2605\u2605\u2605+<br \/>\nThe Blue Water \u2605\u2605\u2605\u2605+<br \/>\nTuryaa Kalutara \u2605\u2605\u2605\u2605<\/p>\n<hr \/>\n<p><b><u>S\u00fcdk\u00fcste<\/u><\/b><br \/>\nBentota Beach by Cinnamon \u2605\u2605\u2605+<br \/>\nCinnamon Bey \u2605\u2605\u2605\u2605<br \/>\nPandanus Beach Resort &amp; Spa \u2605\u2605\u2605\u2605<br \/>\nThe Fortress Resort &amp; Spa \u2605\u2605\u2605\u2605+<br \/>\nThe Eden Resort &amp; Spa \u2605\u2605\u2605\u2605<br \/>\nThe Long Beach Resort \u2605\u2605\u2605+<\/p>\n<\/div>\n\t\t<\/div><div id=\"panel-687-3-0-2\" class=\"so-panel widget widget_text panel-last-child\" data-index=\"10\" >\t\t\t<div class=\"textwidget\"><p><b>M\u00f6chten Sie n\u00e4here Informationen zu Sri Lanka und\/oder den Hotels? Dann vereinbaren Sie mit Ihren Reiseberater einen Termin, wir freuen uns auf Sie!<\/b><\/p>\n<\/div>\n\t\t<\/div><\/div><\/div><\/div>","protected":false},"excerpt":{"rendered":"<p>Hintergr\u00fcnde &amp; Infos zum Zielgebiet Zun\u00e4chst erst einmal Ayubowan! Dies ist die Begr\u00fc\u00dfung in Sri Lanka, die man ganzt\u00e4gig verwenden kann. Es bedeutet so viel wie \u201eich w\u00fcnsche ein langes, gesundes Leben\u201c. Dabei faltet man seine H\u00e4nde vor der Brust <a href=\"https:\/\/reisen.reudnitzer-reisen.com\/reiseberichte\/claudia-koessling\/reisebericht-sri-lanka\/\"> more&#8230;<\/a><\/p>\n","protected":false},"author":3,"featured_media":0,"parent":365,"menu_order":0,"comment_status":"closed","ping_status":"closed","template":"","meta":{"footnotes":""},"_links":{"self":[{"href":"https:\/\/reisen.reudnitzer-reisen.com\/reiseberichte\/wp-json\/wp\/v2\/pages\/687"}],"collection":[{"href":"https:\/\/reisen.reudnitzer-reisen.com\/reiseberichte\/wp-json\/wp\/v2\/pages"}],"about":[{"href":"https:\/\/reisen.reudnitzer-reisen.com\/reiseberichte\/wp-json\/wp\/v2\/types\/page"}],"author":[{"embeddable":true,"href":"https:\/\/reisen.reudnitzer-reisen.com\/reiseberichte\/wp-json\/wp\/v2\/users\/3"}],"replies":[{"embeddable":true,"href":"https:\/\/reisen.reudnitzer-reisen.com\/reiseberichte\/wp-json\/wp\/v2\/comments?post=687"}],"version-history":[{"count":37,"href":"https:\/\/reisen.reudnitzer-reisen.com\/reiseberichte\/wp-json\/wp\/v2\/pages\/687\/revisions"}],"predecessor-version":[{"id":974,"href":"https:\/\/reisen.reudnitzer-reisen.com\/reiseberichte\/wp-json\/wp\/v2\/pages\/687\/revisions\/974"}],"up":[{"embeddable":true,"href":"https:\/\/reisen.reudnitzer-reisen.com\/reiseberichte\/wp-json\/wp\/v2\/pages\/365"}],"wp:attachment":[{"href":"https:\/\/reisen.reudnitzer-reisen.com\/reiseberichte\/wp-json\/wp\/v2\/media?parent=687"}],"curies":[{"name":"wp","href":"https:\/\/api.w.org\/{rel}","templated":true}]}}