{"id":50,"date":"2019-03-08T15:30:18","date_gmt":"2019-03-08T14:30:18","guid":{"rendered":"https:\/\/reisen.reudnitzer-reisen.com\/reiseberichte\/?page_id=50"},"modified":"2020-01-10T15:30:34","modified_gmt":"2020-01-10T14:30:34","slug":"reisebericht-mauritius","status":"publish","type":"page","link":"https:\/\/reisen.reudnitzer-reisen.com\/reiseberichte\/ines-ludwig\/reisebericht-mauritius\/","title":{"rendered":"Reisebericht Mauritius"},"content":{"rendered":"<div id=\"pl-50\"  class=\"panel-layout\" ><div id=\"pg-50-0\"  class=\"panel-grid panel-no-style\" ><div id=\"pgc-50-0-0\"  class=\"panel-grid-cell\" ><div id=\"panel-50-0-0-0\" class=\"so-panel widget widget_media_image panel-first-child panel-last-child\" data-index=\"0\" ><a href=\"https:\/\/reisen.reudnitzer-reisen.com\/reiseberichte\/wp-content\/uploads\/sites\/11\/2019\/03\/mauritius3.jpg\"><img loading=\"lazy\" decoding=\"async\" width=\"730\" height=\"456\" src=\"https:\/\/reisen.reudnitzer-reisen.com\/reiseberichte\/wp-content\/uploads\/sites\/11\/2019\/03\/mauritius3-1024x640.jpg\" class=\"image wp-image-248  attachment-large size-large\" alt=\"\" style=\"max-width: 100%; height: auto;\" srcset=\"https:\/\/reisen.reudnitzer-reisen.com\/reiseberichte\/wp-content\/uploads\/sites\/11\/2019\/03\/mauritius3-1024x640.jpg 1024w, https:\/\/reisen.reudnitzer-reisen.com\/reiseberichte\/wp-content\/uploads\/sites\/11\/2019\/03\/mauritius3-300x188.jpg 300w, https:\/\/reisen.reudnitzer-reisen.com\/reiseberichte\/wp-content\/uploads\/sites\/11\/2019\/03\/mauritius3-768x480.jpg 768w, https:\/\/reisen.reudnitzer-reisen.com\/reiseberichte\/wp-content\/uploads\/sites\/11\/2019\/03\/mauritius3.jpg 1280w\" sizes=\"(max-width: 730px) 100vw, 730px\" \/><\/a><\/div><\/div><div id=\"pgc-50-0-1\"  class=\"panel-grid-cell\" ><div id=\"panel-50-0-1-0\" class=\"so-panel widget widget_media_image panel-first-child panel-last-child\" data-index=\"1\" ><a href=\"https:\/\/reisen.reudnitzer-reisen.com\/reiseberichte\/wp-content\/uploads\/sites\/11\/2019\/03\/mauritius2.jpg\"><img loading=\"lazy\" decoding=\"async\" width=\"730\" height=\"456\" src=\"https:\/\/reisen.reudnitzer-reisen.com\/reiseberichte\/wp-content\/uploads\/sites\/11\/2019\/03\/mauritius2-1024x640.jpg\" class=\"image wp-image-247  attachment-large size-large\" alt=\"\" style=\"max-width: 100%; height: auto;\" srcset=\"https:\/\/reisen.reudnitzer-reisen.com\/reiseberichte\/wp-content\/uploads\/sites\/11\/2019\/03\/mauritius2-1024x640.jpg 1024w, https:\/\/reisen.reudnitzer-reisen.com\/reiseberichte\/wp-content\/uploads\/sites\/11\/2019\/03\/mauritius2-300x188.jpg 300w, https:\/\/reisen.reudnitzer-reisen.com\/reiseberichte\/wp-content\/uploads\/sites\/11\/2019\/03\/mauritius2-768x480.jpg 768w, https:\/\/reisen.reudnitzer-reisen.com\/reiseberichte\/wp-content\/uploads\/sites\/11\/2019\/03\/mauritius2.jpg 1280w\" sizes=\"(max-width: 730px) 100vw, 730px\" \/><\/a><\/div><\/div><div id=\"pgc-50-0-2\"  class=\"panel-grid-cell\" ><div id=\"panel-50-0-2-0\" class=\"so-panel widget widget_media_image panel-first-child panel-last-child\" data-index=\"2\" ><a href=\"https:\/\/reisen.reudnitzer-reisen.com\/reiseberichte\/wp-content\/uploads\/sites\/11\/2019\/03\/mauritius1.jpg\"><img loading=\"lazy\" decoding=\"async\" width=\"730\" height=\"456\" src=\"https:\/\/reisen.reudnitzer-reisen.com\/reiseberichte\/wp-content\/uploads\/sites\/11\/2019\/03\/mauritius1-1024x640.jpg\" class=\"image wp-image-246  attachment-large size-large\" alt=\"\" style=\"max-width: 100%; height: auto;\" srcset=\"https:\/\/reisen.reudnitzer-reisen.com\/reiseberichte\/wp-content\/uploads\/sites\/11\/2019\/03\/mauritius1-1024x640.jpg 1024w, https:\/\/reisen.reudnitzer-reisen.com\/reiseberichte\/wp-content\/uploads\/sites\/11\/2019\/03\/mauritius1-300x188.jpg 300w, https:\/\/reisen.reudnitzer-reisen.com\/reiseberichte\/wp-content\/uploads\/sites\/11\/2019\/03\/mauritius1-768x480.jpg 768w, https:\/\/reisen.reudnitzer-reisen.com\/reiseberichte\/wp-content\/uploads\/sites\/11\/2019\/03\/mauritius1.jpg 1280w\" sizes=\"(max-width: 730px) 100vw, 730px\" \/><\/a><\/div><\/div><\/div><div id=\"pg-50-1\"  class=\"panel-grid panel-no-style\" ><div id=\"pgc-50-1-0\"  class=\"panel-grid-cell\" ><div id=\"panel-50-1-0-0\" class=\"so-panel widget widget_text panel-first-child\" data-index=\"3\" >\t\t\t<div class=\"textwidget\"><p><strong><em>Beste Reisemonate \u2013 Mai\/Okt.\/Nov. \u2013 nicht so hei\u00df und wenig Regen.<\/em><\/strong><\/p>\n<p>Ebbe und Flut \u2013 im Westen etwas mehr, Schwimmen nicht immer mgl. Badeschuhe immer empfohlen durch Steine und abgebrochene Korallen im Wasser.<\/p>\n<p><strong><em>Ort Bel Ombre \u2013 viele Hotels<\/em><\/strong><\/p>\n<ul>\n<li>Heritage le Telfair und Hotel Awali f\u00fcr Golfer, beide Anl. liegen nebeneinander und k\u00f6nnen beide genutzt werden<\/li>\n<\/ul>\n<p><strong><em>Ort Chamarel \u2013 sehr Ruhig<\/em><\/strong><\/p>\n<ul>\n<li>Hotel Lakaz Chamarel<\/li>\n<\/ul>\n<p><strong><em>Ort Tamarin \u2013 Shopping Center, Einheimische<\/em><\/strong><\/p>\n<ul>\n<li>Hotel Tamarin gutes 3*<\/li>\n<li>Hotel Tamarina<\/li>\n<\/ul>\n<p><strong><em>Ort Flic en Flac \u2013 Ort mit Gesch\u00e4ften, l\u00e4ngster Strand<\/em><\/strong><\/p>\n<ul>\n<li>Hilton Hotel<\/li>\n<li>Sofitel Imperial<\/li>\n<\/ul>\n<p><strong>Dt. Betreuung, sch\u00f6ner Strand<\/strong><\/p>\n<ul>\n<li>Hotel Manisa gutes 2*<\/li>\n<\/ul>\n<p><strong><em>Ort Pointe Aux Piments \u2013 kl. Ort und Gesch\u00e4fte<\/em><\/strong><\/p>\n<ul>\n<li>Hotel Veranda Pointe<\/li>\n<li>Hotel Palmiste<\/li>\n<li>Hotel Recife Attitude super 3*<\/li>\n<li>Hotel Ocean Villas<\/li>\n<\/ul>\n<p><strong><em>Ort Grand Baie \u2013 Gesch\u00e4fte, Discos, Restaurants<\/em><\/strong><\/p>\n<ul>\n<li>Hotel Coin de Mire<\/li>\n<li>LUX Legends Beach<\/li>\n<\/ul>\n<p><strong><em>Ort Poste Lafayette \u2013 nur Hotels<\/em><\/strong><\/p>\n<ul>\n<li>Jalsa Beach<\/li>\n<\/ul>\n<p><strong><em>Ort Belle Mare \u2013 kl. Ort mit paar Gesch\u00e4ften<\/em><\/strong><\/p>\n<ul>\n<li>Hotel Belle Mare Plage<\/li>\n<li>Hotel La Palmeraie<\/li>\n<li>Hotel Veranda Palmar Beach einfaches 3*<\/li>\n<li>Long Beach<\/li>\n<li>LUX Bellemar wie das Legends Beach Luxusanlage<\/li>\n<\/ul>\n<p><strong><em>Ort Pointe D`esny \u2013 kl. Ort<\/em><\/strong><\/p>\n<ul>\n<li>Paradise Beach<\/li>\n<\/ul>\n<p><strong><em>Ort Mahebourg Blue Bay \u2013 Ort mit Gesch\u00e4ften<\/em><\/strong><\/p>\n<ul>\n<li>Hotel Blue Lagoon 3*<\/li>\n<li>Hotel Beachcomber Shandrani<\/li>\n<\/ul>\n<p><strong><em>Air Mauritius<\/em><\/strong><\/p>\n<ul>\n<li>Sitzpl\u00e4tze<\/li>\n<li>20 Kg. Golfgep\u00e4ck frei aber Anmelden<\/li>\n<li>23 Kg. Freigep\u00e4ck und es werden ca. bis zu 6 Kg \u00dcbergep\u00e4ck akzeptiert<\/li>\n<li>Airline bietet bis 14 Tage kostenloses Parken in MUC und FRA<\/li>\n<\/ul>\n<\/div>\n\t\t<\/div><div id=\"panel-50-1-0-1\" class=\"so-panel widget widget_text panel-last-child\" data-index=\"4\" >\t\t\t<div class=\"textwidget\"><p><b>M\u00f6chten Sie n\u00e4here Informationen zu Mauritius und\/oder den Hotels? Dann vereinbaren Sie mit ihren Reiseberater einen Termin, wir freuen uns auf Sie!<\/b><\/p>\n<\/div>\n\t\t<\/div><\/div><\/div><\/div>","protected":false},"excerpt":{"rendered":"<p>Beste Reisemonate \u2013 Mai\/Okt.\/Nov. \u2013 nicht so hei\u00df und wenig Regen. Ebbe und Flut \u2013 im Westen etwas mehr, Schwimmen nicht immer mgl. Badeschuhe immer empfohlen durch Steine und abgebrochene Korallen im Wasser. Ort Bel Ombre \u2013 viele Hotels Heritage <a href=\"https:\/\/reisen.reudnitzer-reisen.com\/reiseberichte\/ines-ludwig\/reisebericht-mauritius\/\"> more&#8230;<\/a><\/p>\n","protected":false},"author":1,"featured_media":0,"parent":34,"menu_order":0,"comment_status":"closed","ping_status":"closed","template":"","meta":{"footnotes":""},"_links":{"self":[{"href":"https:\/\/reisen.reudnitzer-reisen.com\/reiseberichte\/wp-json\/wp\/v2\/pages\/50"}],"collection":[{"href":"https:\/\/reisen.reudnitzer-reisen.com\/reiseberichte\/wp-json\/wp\/v2\/pages"}],"about":[{"href":"https:\/\/reisen.reudnitzer-reisen.com\/reiseberichte\/wp-json\/wp\/v2\/types\/page"}],"author":[{"embeddable":true,"href":"https:\/\/reisen.reudnitzer-reisen.com\/reiseberichte\/wp-json\/wp\/v2\/users\/1"}],"replies":[{"embeddable":true,"href":"https:\/\/reisen.reudnitzer-reisen.com\/reiseberichte\/wp-json\/wp\/v2\/comments?post=50"}],"version-history":[{"count":16,"href":"https:\/\/reisen.reudnitzer-reisen.com\/reiseberichte\/wp-json\/wp\/v2\/pages\/50\/revisions"}],"predecessor-version":[{"id":456,"href":"https:\/\/reisen.reudnitzer-reisen.com\/reiseberichte\/wp-json\/wp\/v2\/pages\/50\/revisions\/456"}],"up":[{"embeddable":true,"href":"https:\/\/reisen.reudnitzer-reisen.com\/reiseberichte\/wp-json\/wp\/v2\/pages\/34"}],"wp:attachment":[{"href":"https:\/\/reisen.reudnitzer-reisen.com\/reiseberichte\/wp-json\/wp\/v2\/media?parent=50"}],"curies":[{"name":"wp","href":"https:\/\/api.w.org\/{rel}","templated":true}]}}