{"id":389,"date":"2020-01-09T15:12:44","date_gmt":"2020-01-09T14:12:44","guid":{"rendered":"https:\/\/reisen.reudnitzer-reisen.com\/reiseberichte\/?page_id=389"},"modified":"2020-04-16T10:46:13","modified_gmt":"2020-04-16T08:46:13","slug":"reisebericht-tunesien","status":"publish","type":"page","link":"https:\/\/reisen.reudnitzer-reisen.com\/reiseberichte\/nicky-froebel\/reisebericht-tunesien\/","title":{"rendered":"Reisebericht Tunesien"},"content":{"rendered":"<div id=\"pl-389\"  class=\"panel-layout\" ><div id=\"pg-389-0\"  class=\"panel-grid panel-no-style\" ><div id=\"pgc-389-0-0\"  class=\"panel-grid-cell\" ><div id=\"panel-389-0-0-0\" class=\"so-panel widget widget_media_image panel-first-child panel-last-child\" data-index=\"0\" ><a href=\"https:\/\/reisen.reudnitzer-reisen.com\/reiseberichte\/wp-content\/uploads\/sites\/11\/2020\/04\/tunisia-2425441_1920.jpg\"><img loading=\"lazy\" decoding=\"async\" width=\"700\" height=\"466\" src=\"https:\/\/reisen.reudnitzer-reisen.com\/reiseberichte\/wp-content\/uploads\/sites\/11\/2020\/04\/tunisia-2425441_1920.jpg\" class=\"image wp-image-995  attachment-full size-full\" alt=\"\" style=\"max-width: 100%; height: auto;\" srcset=\"https:\/\/reisen.reudnitzer-reisen.com\/reiseberichte\/wp-content\/uploads\/sites\/11\/2020\/04\/tunisia-2425441_1920.jpg 700w, https:\/\/reisen.reudnitzer-reisen.com\/reiseberichte\/wp-content\/uploads\/sites\/11\/2020\/04\/tunisia-2425441_1920-300x200.jpg 300w, https:\/\/reisen.reudnitzer-reisen.com\/reiseberichte\/wp-content\/uploads\/sites\/11\/2020\/04\/tunisia-2425441_1920-272x182.jpg 272w\" sizes=\"(max-width: 700px) 100vw, 700px\" \/><\/a><\/div><\/div><div id=\"pgc-389-0-1\"  class=\"panel-grid-cell\" ><div id=\"panel-389-0-1-0\" class=\"so-panel widget widget_media_image panel-first-child panel-last-child\" data-index=\"1\" ><a href=\"https:\/\/reisen.reudnitzer-reisen.com\/reiseberichte\/wp-content\/uploads\/sites\/11\/2020\/04\/webIMG_20190429_185154.jpg\"><img loading=\"lazy\" decoding=\"async\" width=\"700\" height=\"466\" src=\"https:\/\/reisen.reudnitzer-reisen.com\/reiseberichte\/wp-content\/uploads\/sites\/11\/2020\/04\/webIMG_20190429_185154.jpg\" class=\"image wp-image-997  attachment-full size-full\" alt=\"\" style=\"max-width: 100%; height: auto;\" srcset=\"https:\/\/reisen.reudnitzer-reisen.com\/reiseberichte\/wp-content\/uploads\/sites\/11\/2020\/04\/webIMG_20190429_185154.jpg 700w, https:\/\/reisen.reudnitzer-reisen.com\/reiseberichte\/wp-content\/uploads\/sites\/11\/2020\/04\/webIMG_20190429_185154-300x200.jpg 300w, https:\/\/reisen.reudnitzer-reisen.com\/reiseberichte\/wp-content\/uploads\/sites\/11\/2020\/04\/webIMG_20190429_185154-272x182.jpg 272w\" sizes=\"(max-width: 700px) 100vw, 700px\" \/><\/a><\/div><\/div><div id=\"pgc-389-0-2\"  class=\"panel-grid-cell\" ><div id=\"panel-389-0-2-0\" class=\"so-panel widget widget_media_image panel-first-child panel-last-child\" data-index=\"2\" ><a href=\"https:\/\/reisen.reudnitzer-reisen.com\/reiseberichte\/wp-content\/uploads\/sites\/11\/2020\/04\/tunis-3885667_1920.jpg\"><img loading=\"lazy\" decoding=\"async\" width=\"700\" height=\"466\" src=\"https:\/\/reisen.reudnitzer-reisen.com\/reiseberichte\/wp-content\/uploads\/sites\/11\/2020\/04\/tunis-3885667_1920.jpg\" class=\"image wp-image-994  attachment-full size-full\" alt=\"\" style=\"max-width: 100%; height: auto;\" srcset=\"https:\/\/reisen.reudnitzer-reisen.com\/reiseberichte\/wp-content\/uploads\/sites\/11\/2020\/04\/tunis-3885667_1920.jpg 700w, https:\/\/reisen.reudnitzer-reisen.com\/reiseberichte\/wp-content\/uploads\/sites\/11\/2020\/04\/tunis-3885667_1920-300x200.jpg 300w, https:\/\/reisen.reudnitzer-reisen.com\/reiseberichte\/wp-content\/uploads\/sites\/11\/2020\/04\/tunis-3885667_1920-272x182.jpg 272w\" sizes=\"(max-width: 700px) 100vw, 700px\" \/><\/a><\/div><\/div><div id=\"pgc-389-0-3\"  class=\"panel-grid-cell\" ><div id=\"panel-389-0-3-0\" class=\"so-panel widget widget_media_image panel-first-child panel-last-child\" data-index=\"3\" ><a href=\"https:\/\/reisen.reudnitzer-reisen.com\/reiseberichte\/wp-content\/uploads\/sites\/11\/2020\/04\/boats-342853_1920.jpg\"><img loading=\"lazy\" decoding=\"async\" width=\"700\" height=\"466\" src=\"https:\/\/reisen.reudnitzer-reisen.com\/reiseberichte\/wp-content\/uploads\/sites\/11\/2020\/04\/boats-342853_1920.jpg\" class=\"image wp-image-1007  attachment-full size-full\" alt=\"\" style=\"max-width: 100%; height: auto;\" srcset=\"https:\/\/reisen.reudnitzer-reisen.com\/reiseberichte\/wp-content\/uploads\/sites\/11\/2020\/04\/boats-342853_1920.jpg 700w, https:\/\/reisen.reudnitzer-reisen.com\/reiseberichte\/wp-content\/uploads\/sites\/11\/2020\/04\/boats-342853_1920-300x200.jpg 300w, https:\/\/reisen.reudnitzer-reisen.com\/reiseberichte\/wp-content\/uploads\/sites\/11\/2020\/04\/boats-342853_1920-272x182.jpg 272w\" sizes=\"(max-width: 700px) 100vw, 700px\" \/><\/a><\/div><\/div><\/div><div id=\"pg-389-1\"  class=\"panel-grid panel-no-style\" ><div id=\"pgc-389-1-0\"  class=\"panel-grid-cell\" ><div id=\"panel-389-1-0-0\" class=\"so-panel widget widget_text panel-first-child\" data-index=\"4\" >\t\t\t<div class=\"textwidget\"><p><strong>\u0623\u0647\u0652\u0644\u0627\u064b \u0648 \u0633\u064e\u0647\u0652\u0644\u0627\u064b (ahlan wa sahlan) &#8211; Willkommen!<\/strong><\/p>\n<p>Herzlich Willkommen in Tunesien.<br \/>\n2019 verschlug es mich nach Nordafrika und in eins der meistbesuchten L\u00e4nder des Kontinents.<br \/>\nCharakteristisch f\u00fcr Tunesien ist die abwechslungsreiche Landschaft, die von riesigen W\u00fcstengebieten, Gebirgsketten, Weidelandschaften und einer traumhaften Mittelmeerk\u00fcste gekennzeichnet ist.<br \/>\nIm Norden des Landes st\u00f6\u00dft man auf idyllische D\u00f6rfer und faszinierende Korallenriffe. Ein Paradies f\u00fcr jeden Taucher.<br \/>\nDer Osten Tunesiens ist gepr\u00e4gt durch eine herrliche K\u00fcste &#8211; hier findet man die meisten bekannten Urlaubsorte wie Monastir und Enfidha &#8211; und Landschaftsstreifen, die von Mandelb\u00e4umen und Olivenhainen geziert werden.<br \/>\nAuch einen Abstecher in das Landesinnnere lohnt sich! Wer riesige Oasen und ausgetrocknete Salzseen sucht, ist hier genau richtig. Auch f\u00fcr ihre zahlreichen Dattelpalmen ist die Region bekannt.<br \/>\nAuf die Ausl\u00e4ufer der Sahara sowie auf atemberaubende Schluchten treffen Urlauber im S\u00fcden Tunesiens. Hier finden Star Wars Fans zum Beispiel bekannte Filmkulissen aus der Science Fiction Saga.<\/p>\n<p>Entlang der tunesischen K\u00fcste gibt es 3 bekannte Flugh\u00e4fen, welche von vers. Airlines angeflogen werden und von wo aus man am besten in die Urlaubsgebiete kommt: Enfidha, Monastir und der Flughafen im S\u00fcden auf der Insel Djerba.<br \/>\nDie meisten Hotels s\u00e4umen sich entlang der K\u00fcste im Osten, angefangen in Nabeul \u00fcber Hammamet nach Port el Kantaoui, Sousse und Monastir.<\/p>\n<hr \/>\n<p><em><u>Ortsinformationen<\/u><\/em><br \/>\n<strong>Hammamet<\/strong>: Tunesiens \u00e4ltestes Urlaubszentrum mit langen, feinen Sandtr\u00e4nde und einer \u00fcppigen Vegetation. Der Besuch der Alstadt (M\u00e9dina) mit ihrer Basargassen lohnt sich!<br \/>\n<strong>Sousse<\/strong>: auch hier ein toller Sandstrand, orientalische Atmosph\u00e4re in den engen Gassen des Souks, flie\u00dfender \u00dcbergang zum modernen Ferienort <strong>Port el Kantaoui<\/strong> mit sch\u00f6nem Yachthafen<br \/>\n<strong>Monastir<\/strong>: gute Hotellerie, viele Sportangebote, viele Sehensw\u00fcrdigkeit in der Altstadt<br \/>\n<strong>Insel Djerba<\/strong>: Inseltraum aus 1001 Nacht, kilometerlange Sandstr\u00e4nde, vielf\u00e4ltiges Sportangebot, ideal auch f\u00fcr Aktivurlauber<\/p>\n<\/div>\n\t\t<\/div><div id=\"panel-389-1-0-1\" class=\"so-panel widget widget_text\" data-index=\"5\" ><h3 class=\"widget-title\">Besuchte Hotels<\/h3>\t\t\t<div class=\"textwidget\"><\/div>\n\t\t<\/div><div id=\"panel-389-1-0-2\" class=\"so-panel widget widget_text\" data-index=\"6\" >\t\t\t<div class=\"textwidget\"><p>Hotel Marhaba Beach Sousse \u2605\u2605\u2605\u2605<br \/>\nLTI Mahdia Beach &amp; Aquapark \u2605\u2605\u2605\u2605<br \/>\nLTI The Orangers Garden Villas &amp; Bungalows \u2605\u2605\u2605\u2605\u2605<\/p>\n<\/div>\n\t\t<\/div><div id=\"panel-389-1-0-3\" class=\"so-panel widget widget_text panel-last-child\" data-index=\"7\" >\t\t\t<div class=\"textwidget\"><p><strong>M\u00f6chten Sie n\u00e4here Informationen zu Tunesien und\/oder den Hotels? Dann vereinbaren Sie mit Ihren Reiseberater einen Termin, wir freuen uns auf Sie!<\/strong><\/p>\n<\/div>\n\t\t<\/div><\/div><\/div><\/div>","protected":false},"excerpt":{"rendered":"<p>\u0623\u0647\u0652\u0644\u0627\u064b \u0648 \u0633\u064e\u0647\u0652\u0644\u0627\u064b (ahlan wa sahlan) &#8211; Willkommen! Herzlich Willkommen in Tunesien. 2019 verschlug es mich nach Nordafrika und in eins der meistbesuchten L\u00e4nder des Kontinents. Charakteristisch f\u00fcr Tunesien ist die abwechslungsreiche Landschaft, die von riesigen W\u00fcstengebieten, Gebirgsketten, Weidelandschaften und <a href=\"https:\/\/reisen.reudnitzer-reisen.com\/reiseberichte\/nicky-froebel\/reisebericht-tunesien\/\"> more&#8230;<\/a><\/p>\n","protected":false},"author":3,"featured_media":0,"parent":367,"menu_order":0,"comment_status":"closed","ping_status":"closed","template":"","meta":{"footnotes":""},"_links":{"self":[{"href":"https:\/\/reisen.reudnitzer-reisen.com\/reiseberichte\/wp-json\/wp\/v2\/pages\/389"}],"collection":[{"href":"https:\/\/reisen.reudnitzer-reisen.com\/reiseberichte\/wp-json\/wp\/v2\/pages"}],"about":[{"href":"https:\/\/reisen.reudnitzer-reisen.com\/reiseberichte\/wp-json\/wp\/v2\/types\/page"}],"author":[{"embeddable":true,"href":"https:\/\/reisen.reudnitzer-reisen.com\/reiseberichte\/wp-json\/wp\/v2\/users\/3"}],"replies":[{"embeddable":true,"href":"https:\/\/reisen.reudnitzer-reisen.com\/reiseberichte\/wp-json\/wp\/v2\/comments?post=389"}],"version-history":[{"count":27,"href":"https:\/\/reisen.reudnitzer-reisen.com\/reiseberichte\/wp-json\/wp\/v2\/pages\/389\/revisions"}],"predecessor-version":[{"id":1009,"href":"https:\/\/reisen.reudnitzer-reisen.com\/reiseberichte\/wp-json\/wp\/v2\/pages\/389\/revisions\/1009"}],"up":[{"embeddable":true,"href":"https:\/\/reisen.reudnitzer-reisen.com\/reiseberichte\/wp-json\/wp\/v2\/pages\/367"}],"wp:attachment":[{"href":"https:\/\/reisen.reudnitzer-reisen.com\/reiseberichte\/wp-json\/wp\/v2\/media?parent=389"}],"curies":[{"name":"wp","href":"https:\/\/api.w.org\/{rel}","templated":true}]}}