{"id":36,"date":"2019-03-08T15:16:16","date_gmt":"2019-03-08T14:16:16","guid":{"rendered":"https:\/\/reisen.reudnitzer-reisen.com\/reiseberichte\/?page_id=36"},"modified":"2020-04-21T14:34:52","modified_gmt":"2020-04-21T12:34:52","slug":"reisebericht-malediven","status":"publish","type":"page","link":"https:\/\/reisen.reudnitzer-reisen.com\/reiseberichte\/ines-ludwig\/reisebericht-malediven\/","title":{"rendered":"Reisebericht Malediven"},"content":{"rendered":"<div id=\"pl-36\"  class=\"panel-layout\" ><div id=\"pg-36-0\"  class=\"panel-grid panel-no-style\" ><div id=\"pgc-36-0-0\"  class=\"panel-grid-cell\" ><div id=\"panel-36-0-0-0\" class=\"so-panel widget widget_media_image panel-first-child panel-last-child\" data-index=\"0\" ><a href=\"https:\/\/reisen.reudnitzer-reisen.com\/reiseberichte\/wp-content\/uploads\/sites\/11\/2019\/03\/malediven4.jpg\"><img loading=\"lazy\" decoding=\"async\" width=\"730\" height=\"456\" src=\"https:\/\/reisen.reudnitzer-reisen.com\/reiseberichte\/wp-content\/uploads\/sites\/11\/2019\/03\/malediven4-1024x640.jpg\" class=\"image wp-image-260  attachment-large size-large\" alt=\"\" style=\"max-width: 100%; height: auto;\" srcset=\"https:\/\/reisen.reudnitzer-reisen.com\/reiseberichte\/wp-content\/uploads\/sites\/11\/2019\/03\/malediven4-1024x640.jpg 1024w, https:\/\/reisen.reudnitzer-reisen.com\/reiseberichte\/wp-content\/uploads\/sites\/11\/2019\/03\/malediven4-300x188.jpg 300w, https:\/\/reisen.reudnitzer-reisen.com\/reiseberichte\/wp-content\/uploads\/sites\/11\/2019\/03\/malediven4-768x480.jpg 768w, https:\/\/reisen.reudnitzer-reisen.com\/reiseberichte\/wp-content\/uploads\/sites\/11\/2019\/03\/malediven4.jpg 1280w\" sizes=\"(max-width: 730px) 100vw, 730px\" \/><\/a><\/div><\/div><div id=\"pgc-36-0-1\"  class=\"panel-grid-cell\" ><div id=\"panel-36-0-1-0\" class=\"so-panel widget widget_media_image panel-first-child panel-last-child\" data-index=\"1\" ><a href=\"https:\/\/reisen.reudnitzer-reisen.com\/reiseberichte\/wp-content\/uploads\/sites\/11\/2019\/03\/malediven2.jpg\"><img loading=\"lazy\" decoding=\"async\" width=\"730\" height=\"456\" src=\"https:\/\/reisen.reudnitzer-reisen.com\/reiseberichte\/wp-content\/uploads\/sites\/11\/2019\/03\/malediven2-1024x640.jpg\" class=\"image wp-image-258  attachment-large size-large\" alt=\"\" style=\"max-width: 100%; height: auto;\" srcset=\"https:\/\/reisen.reudnitzer-reisen.com\/reiseberichte\/wp-content\/uploads\/sites\/11\/2019\/03\/malediven2-1024x640.jpg 1024w, https:\/\/reisen.reudnitzer-reisen.com\/reiseberichte\/wp-content\/uploads\/sites\/11\/2019\/03\/malediven2-300x188.jpg 300w, https:\/\/reisen.reudnitzer-reisen.com\/reiseberichte\/wp-content\/uploads\/sites\/11\/2019\/03\/malediven2-768x480.jpg 768w, https:\/\/reisen.reudnitzer-reisen.com\/reiseberichte\/wp-content\/uploads\/sites\/11\/2019\/03\/malediven2.jpg 1280w\" sizes=\"(max-width: 730px) 100vw, 730px\" \/><\/a><\/div><\/div><div id=\"pgc-36-0-2\"  class=\"panel-grid-cell\" ><div id=\"panel-36-0-2-0\" class=\"so-panel widget widget_media_image panel-first-child panel-last-child\" data-index=\"2\" ><a href=\"https:\/\/reisen.reudnitzer-reisen.com\/reiseberichte\/wp-content\/uploads\/sites\/11\/2019\/03\/malediven1.jpg\"><img loading=\"lazy\" decoding=\"async\" width=\"730\" height=\"456\" src=\"https:\/\/reisen.reudnitzer-reisen.com\/reiseberichte\/wp-content\/uploads\/sites\/11\/2019\/03\/malediven1-1024x640.jpg\" class=\"image wp-image-257  attachment-large size-large\" alt=\"\" style=\"max-width: 100%; height: auto;\" srcset=\"https:\/\/reisen.reudnitzer-reisen.com\/reiseberichte\/wp-content\/uploads\/sites\/11\/2019\/03\/malediven1-1024x640.jpg 1024w, https:\/\/reisen.reudnitzer-reisen.com\/reiseberichte\/wp-content\/uploads\/sites\/11\/2019\/03\/malediven1-300x188.jpg 300w, https:\/\/reisen.reudnitzer-reisen.com\/reiseberichte\/wp-content\/uploads\/sites\/11\/2019\/03\/malediven1-768x480.jpg 768w, https:\/\/reisen.reudnitzer-reisen.com\/reiseberichte\/wp-content\/uploads\/sites\/11\/2019\/03\/malediven1.jpg 1280w\" sizes=\"(max-width: 730px) 100vw, 730px\" \/><\/a><\/div><\/div><div id=\"pgc-36-0-3\"  class=\"panel-grid-cell\" ><div id=\"panel-36-0-3-0\" class=\"so-panel widget widget_media_image panel-first-child panel-last-child\" data-index=\"3\" ><a href=\"https:\/\/reisen.reudnitzer-reisen.com\/reiseberichte\/wp-content\/uploads\/sites\/11\/2019\/03\/malediven3.jpg\"><img loading=\"lazy\" decoding=\"async\" width=\"730\" height=\"456\" src=\"https:\/\/reisen.reudnitzer-reisen.com\/reiseberichte\/wp-content\/uploads\/sites\/11\/2019\/03\/malediven3-1024x640.jpg\" class=\"image wp-image-259  attachment-large size-large\" alt=\"\" style=\"max-width: 100%; height: auto;\" srcset=\"https:\/\/reisen.reudnitzer-reisen.com\/reiseberichte\/wp-content\/uploads\/sites\/11\/2019\/03\/malediven3-1024x640.jpg 1024w, https:\/\/reisen.reudnitzer-reisen.com\/reiseberichte\/wp-content\/uploads\/sites\/11\/2019\/03\/malediven3-300x188.jpg 300w, https:\/\/reisen.reudnitzer-reisen.com\/reiseberichte\/wp-content\/uploads\/sites\/11\/2019\/03\/malediven3-768x480.jpg 768w, https:\/\/reisen.reudnitzer-reisen.com\/reiseberichte\/wp-content\/uploads\/sites\/11\/2019\/03\/malediven3.jpg 1280w\" sizes=\"(max-width: 730px) 100vw, 730px\" \/><\/a><\/div><\/div><\/div><div id=\"pg-36-1\"  class=\"panel-grid panel-no-style\" ><div id=\"pgc-36-1-0\"  class=\"panel-grid-cell\" ><div id=\"panel-36-1-0-0\" class=\"so-panel widget widget_text panel-first-child\" data-index=\"4\" >\t\t\t<div class=\"textwidget\"><p><strong>Hintergr\u00fcnde &amp; Infos zum Zielgebiet<\/strong><\/p>\n<p>Der Transfer vom Flughafen Male zur Urlaubsinsel findet oft per Wasserflugzeug statt. Da sollte man unbedingt beachten, dass nur 20 Kg Freigep\u00e4ck und 5kg Handgep\u00e4ck erlaubt sind( unabh\u00e4nging von der Freigep\u00e4ckmenge der Airline auf der Langstrecke). Vor Ort wird genau gewogen und unter Umst\u00e4nden wird der Koffer dann sp\u00e4ter bef\u00f6rdert, wenn er zu schwer ist.<br \/>\nBei der Einreise nach Male lohnt es sich vorher nicht im Duty Free Shop Alkohol zu kaufen, da bei Einreise kein Alkohol erlaubt ist. Dieser wird einem auch abgenommen.<\/p>\n<p>Die <em>beste Reisezeit<\/em> ist von November \u2013 April. Nat\u00fcrlich kann man ganzj\u00e4hrig auf die Malediven fliegen, jedoch gibt es da besonders beim Bootstransfer zu beachten, dass dieser dann aufgrund des Sturms\/Regens etwas turbulenter sein kann. Hier also lieber auf einen Transfer per Wasserflugzeug umbuchen oder gute Reisetabletten mitnehmen.<br \/>\nDie Flugtransferpreise werden von den Malediven vorgeschrieben, hier hat der Reisevranstalter keinen Einfluss drauf. Auch die Transferzeiten bestimmen die \u00f6rtlichen Agenturen. Die Transferzeiten werden im \u00dcbrigen meist nur kurzfristig bekannt gegeben. Bei sp\u00e4terer Anreise nach 17 Uhr ben\u00f6tigt man eine \u00dcbernachtung in Male, da im Dunkeln keine Transfers durchgef\u00fchrt werden. Da dies auch f\u00fcr die R\u00fcckreise gilt, sollte man pr\u00fcfen, wenn man noch eine Nacht dran h\u00e4ngt und am n\u00e4chsten Tag vielleicht bessere Flugzeiten hat.<br \/>\nHat man gezwungenerma\u00dfen einen l\u00e4ngeren Aufenthalt am Flughafen, dann empfiehlt es sich f\u00fcr die Lounge am Flughafen zu buchen. Man kann somit entspannt in einem separaten klimatisieren Raum mit Getr\u00e4nken und Snacks warten. Bei Buchung bestimmter Hotels ist die Lounge automatisch inklusive, z.B. bei LUX, Anantara, Constance Hotels und Lily Beach Resort.<\/p>\n<p>In vielen Hotels wird im \u00dcbrigen deutsch gesprochen. Es gibt oft mindestens eine deutschsprachige Person an der Rezeption und mehrere deutschsprachige Mitarbeiter in den Tauchschulen.<br \/>\nWer gerne tauchen m\u00f6chte, sollte bereits ein \u00e4rztliches Attest mitbringen, dass er rundum gesund ist.<\/p>\n<p>Der Sand wandert im Laufe des Jahres einmal um die Insel, das bedeutet, dass der Strand sich immer \u00e4ndern kann &#8211; schmaler oder breiter &#8211; auch k\u00f6nnen einige Wasserbungalows deshalb auch mal nur auf Sand stehen (auch wegen Ebbe und Flut).<\/p>\n<p>Als Kundenwunsch kann auch immer die Sonnenuntergangsseite angegeben werden, die Hoteliers bem\u00fchen sich dies zu realisieren.<\/p>\n<p><em>Mein Tipp<\/em>: Buchen Sie sich eine Segelkreuzfahrt! Es wird getaucht, geschnorchelt und an den Sandb\u00e4nken wird dann auch ein Barbecue vorbereitet.<\/p>\n<p>Wer sich f\u00fcr Golfen interessiert, dem empfehle ich Shangrila und Kuredu. Dort finden Golfbegeisterte einen 18 Loch (Shangrila) und einen 9 Loch Golfplatz (Kuredu).<\/p>\n<p>Die Hauptstadt Male ist nicht besonders sehenswert. Es gibt zwar ein paar Restaurants und Einkaufsm\u00f6glichkeiten, aber das wars dann auch schon. Mit 4m\u00b2 ist Male im \u00dcbrigen die kleinste Hauptstadt der Welt.<\/p>\n<p>Als <em>Verpflegung<\/em> w\u00fcrde ich immer, egal welche Insel, All Inclusive buchen. Die Nebenkosten sind auf den Malediven extrem hoch &#8211; ein Cocktail kann hier schon mal 20-30\u20ac kosten und eine Flasche Wein 45\u20ac.<br \/>\nIn den Anlagen kann man sich ganz leger gekleidet bewegen, die M\u00e4nner abends bitte mit langer Hose. Schuhe kann man zuhause lassen &#8211; alle Inseln sind Barfu\u00dfinseln, d.h. \u00fcberall ist Sand, auch im Restaurant und der Lobby.<br \/>\nDie einzigen Schuhe, die man auf jeden Fall mitnehmen sollte, sind Badeschuhe, da im Wasser oft Korallenst\u00fccke liegen und diese sehr scharfkantig sein k\u00f6nnen. Schwimmen ist nicht wirklich m\u00f6glich, da man bis zum Riff laufen kann, so macht ein Pool am Meer auch wieder Sinn. Wer Angst vor Fischen hat, sollte dann doch eher den Pool benutzen, da auch sehr nah am Strand kleine Haie schwimmen. An den Wasserbungalows ist ein schwimmen eher m\u00f6glich.<\/p>\n<\/div>\n\t\t<\/div><div id=\"panel-36-1-0-1\" class=\"so-panel widget widget_text\" data-index=\"5\" ><h3 class=\"widget-title\">Besuchte Hotels<\/h3>\t\t\t<div class=\"textwidget\"><p>&nbsp;<br \/>\n<br \/><a href=\"https:\/\/reudnitzer-reisen.com\/pauschalreise-angebot\/?buchen=Malediven&amp;rarec=80&amp;stars=4&amp;ddate=2020-09-01&amp;rdate=2021-03-31&amp;dur=7&amp;adult=2&amp;board=2&amp;taid=reudnitzer&amp;nid=MV\">Hier gibt es alle Infos zu den Hotels.<\/a><\/p>\n<\/div>\n\t\t<\/div><div id=\"panel-36-1-0-2\" class=\"so-panel widget widget_text\" data-index=\"6\" >\t\t\t<div class=\"textwidget\"><p><b><u>Nord Male Atoll, Kaafu Atoll<\/u><\/b><br \/>\nHotel Summer Island Maldives \u2605\u2605\u2605\u2605<\/p>\n<hr \/>\n<p><b><u>Baa Atoll<\/u><\/b><br \/>\nKihaad Maldives \u2605\u2605\u2605\u2605+<br \/>\nReethi Beach Resort&amp;Spa \u2605\u2605\u2605\u2605+<\/p>\n<hr \/>\n<p><b><u>Ari Atoll<\/u><\/b><br \/>\nDiamonds Athuruga \u2605\u2605\u2605\u2605+<br \/>\nLily Beach Resort &amp; Spa \u2605\u2605\u2605\u2605\u2605<br \/>\nLux Maldives \u2605\u2605\u2605\u2605\u2605<br \/>\nSafari Island \u2605\u2605\u2605\u2605<br \/>\nVakarufalhi Island Resort \u2605\u2605\u2605\u2605+<br \/>\nVilamendhoo Island Resort &amp; Spa \u2605\u2605\u2605\u2605+<\/p>\n<hr \/>\n<p><b><u>S\u00fcd Male Atoll<\/u><\/b><br \/>\nAnantara Dhigu und Veli Resort \u2605\u2605\u2605\u2605\u2605<\/p>\n<\/div>\n\t\t<\/div><div id=\"panel-36-1-0-3\" class=\"so-panel widget widget_text panel-last-child\" data-index=\"7\" >\t\t\t<div class=\"textwidget\"><p><strong>M\u00f6chten Sie n\u00e4here Informationen zu den Malediven und\/oder den besuchten Hotels? Dann vereinbaren Sie mit ihren Reiseberater einen Termin, wir freuen uns auf Sie!<\/strong><\/p>\n<\/div>\n\t\t<\/div><\/div><\/div><\/div>","protected":false},"excerpt":{"rendered":"<p>Hintergr\u00fcnde &amp; Infos zum Zielgebiet Der Transfer vom Flughafen Male zur Urlaubsinsel findet oft per Wasserflugzeug statt. Da sollte man unbedingt beachten, dass nur 20 Kg Freigep\u00e4ck und 5kg Handgep\u00e4ck erlaubt sind( unabh\u00e4nging von der Freigep\u00e4ckmenge der Airline auf der <a href=\"https:\/\/reisen.reudnitzer-reisen.com\/reiseberichte\/ines-ludwig\/reisebericht-malediven\/\"> more&#8230;<\/a><\/p>\n","protected":false},"author":1,"featured_media":0,"parent":34,"menu_order":0,"comment_status":"closed","ping_status":"closed","template":"","meta":{"footnotes":""},"_links":{"self":[{"href":"https:\/\/reisen.reudnitzer-reisen.com\/reiseberichte\/wp-json\/wp\/v2\/pages\/36"}],"collection":[{"href":"https:\/\/reisen.reudnitzer-reisen.com\/reiseberichte\/wp-json\/wp\/v2\/pages"}],"about":[{"href":"https:\/\/reisen.reudnitzer-reisen.com\/reiseberichte\/wp-json\/wp\/v2\/types\/page"}],"author":[{"embeddable":true,"href":"https:\/\/reisen.reudnitzer-reisen.com\/reiseberichte\/wp-json\/wp\/v2\/users\/1"}],"replies":[{"embeddable":true,"href":"https:\/\/reisen.reudnitzer-reisen.com\/reiseberichte\/wp-json\/wp\/v2\/comments?post=36"}],"version-history":[{"count":39,"href":"https:\/\/reisen.reudnitzer-reisen.com\/reiseberichte\/wp-json\/wp\/v2\/pages\/36\/revisions"}],"predecessor-version":[{"id":1018,"href":"https:\/\/reisen.reudnitzer-reisen.com\/reiseberichte\/wp-json\/wp\/v2\/pages\/36\/revisions\/1018"}],"up":[{"embeddable":true,"href":"https:\/\/reisen.reudnitzer-reisen.com\/reiseberichte\/wp-json\/wp\/v2\/pages\/34"}],"wp:attachment":[{"href":"https:\/\/reisen.reudnitzer-reisen.com\/reiseberichte\/wp-json\/wp\/v2\/media?parent=36"}],"curies":[{"name":"wp","href":"https:\/\/api.w.org\/{rel}","templated":true}]}}