{"id":30,"date":"2019-03-08T15:08:42","date_gmt":"2019-03-08T14:08:42","guid":{"rendered":"https:\/\/reisen.reudnitzer-reisen.com\/reiseberichte\/?page_id=30"},"modified":"2020-01-21T14:57:39","modified_gmt":"2020-01-21T13:57:39","slug":"reisebericht-zypern","status":"publish","type":"page","link":"https:\/\/reisen.reudnitzer-reisen.com\/reiseberichte\/maria-hoeselbarth\/reisebericht-zypern\/","title":{"rendered":"Reisebericht Zypern"},"content":{"rendered":"<div id=\"pl-30\"  class=\"panel-layout\" ><div id=\"pg-30-0\"  class=\"panel-grid panel-no-style\" ><div id=\"pgc-30-0-0\"  class=\"panel-grid-cell\" ><div id=\"panel-30-0-0-0\" class=\"so-panel widget widget_text panel-first-child panel-last-child\" data-index=\"0\" >\t\t\t<div class=\"textwidget\"><p><strong><em>340 Sonnentage im Jahr!<\/em><\/strong><\/p>\n<p>Ich bin absolut begeistert von Zypern, da es \u00fcberhaupt nicht \u00fcberlaufen ist! Es gibt so viel zu sehen und zu erfahren. Einfach f\u00fcr jeden Urlaubstypen findet man auf Zypern das richtige Fleckchen!<\/p>\n<p>Wichtig zu erw\u00e4hnen ist, dass es auf Zypern sehr viele Katzen gibt! Sie wurden damals extra angesiedelt um das Schlangenproblem anzugehen, was auch geholfen hat. Daf\u00fcr gibt es nun zahllose Katzen, die den Zyprioten aber wie Heilige sind und dementsprechend gef\u00fcttert und gepflegt werden.<\/p>\n<\/div>\n\t\t<\/div><\/div><\/div><div id=\"pg-30-1\"  class=\"panel-grid panel-no-style\" ><div id=\"pgc-30-1-0\"  class=\"panel-grid-cell\" ><div id=\"panel-30-1-0-0\" class=\"so-panel widget widget_media_image panel-first-child panel-last-child\" data-index=\"1\" ><a href=\"https:\/\/reisen.reudnitzer-reisen.com\/reiseberichte\/wp-content\/uploads\/sites\/11\/2019\/03\/cyprus-3652040_1280.jpg\"><img loading=\"lazy\" decoding=\"async\" width=\"730\" height=\"486\" src=\"https:\/\/reisen.reudnitzer-reisen.com\/reiseberichte\/wp-content\/uploads\/sites\/11\/2019\/03\/cyprus-3652040_1280-1024x682.jpg\" class=\"image wp-image-124  attachment-large size-large\" alt=\"\" style=\"max-width: 100%; height: auto;\" srcset=\"https:\/\/reisen.reudnitzer-reisen.com\/reiseberichte\/wp-content\/uploads\/sites\/11\/2019\/03\/cyprus-3652040_1280-1024x682.jpg 1024w, https:\/\/reisen.reudnitzer-reisen.com\/reiseberichte\/wp-content\/uploads\/sites\/11\/2019\/03\/cyprus-3652040_1280-300x200.jpg 300w, https:\/\/reisen.reudnitzer-reisen.com\/reiseberichte\/wp-content\/uploads\/sites\/11\/2019\/03\/cyprus-3652040_1280-768x512.jpg 768w, https:\/\/reisen.reudnitzer-reisen.com\/reiseberichte\/wp-content\/uploads\/sites\/11\/2019\/03\/cyprus-3652040_1280.jpg 1280w\" sizes=\"(max-width: 730px) 100vw, 730px\" \/><\/a><\/div><\/div><div id=\"pgc-30-1-1\"  class=\"panel-grid-cell\" ><div id=\"panel-30-1-1-0\" class=\"so-panel widget widget_media_image panel-first-child panel-last-child\" data-index=\"2\" ><a href=\"https:\/\/reisen.reudnitzer-reisen.com\/reiseberichte\/wp-content\/uploads\/sites\/11\/2019\/03\/rock-4045030_1280.jpg\"><img loading=\"lazy\" decoding=\"async\" width=\"730\" height=\"486\" src=\"https:\/\/reisen.reudnitzer-reisen.com\/reiseberichte\/wp-content\/uploads\/sites\/11\/2019\/03\/rock-4045030_1280-1024x682.jpg\" class=\"image wp-image-125  attachment-large size-large\" alt=\"\" style=\"max-width: 100%; height: auto;\" srcset=\"https:\/\/reisen.reudnitzer-reisen.com\/reiseberichte\/wp-content\/uploads\/sites\/11\/2019\/03\/rock-4045030_1280-1024x682.jpg 1024w, https:\/\/reisen.reudnitzer-reisen.com\/reiseberichte\/wp-content\/uploads\/sites\/11\/2019\/03\/rock-4045030_1280-300x200.jpg 300w, https:\/\/reisen.reudnitzer-reisen.com\/reiseberichte\/wp-content\/uploads\/sites\/11\/2019\/03\/rock-4045030_1280-768x511.jpg 768w, https:\/\/reisen.reudnitzer-reisen.com\/reiseberichte\/wp-content\/uploads\/sites\/11\/2019\/03\/rock-4045030_1280.jpg 1280w\" sizes=\"(max-width: 730px) 100vw, 730px\" \/><\/a><\/div><\/div><div id=\"pgc-30-1-2\"  class=\"panel-grid-cell\" ><div id=\"panel-30-1-2-0\" class=\"so-panel widget widget_media_image panel-first-child panel-last-child\" data-index=\"3\" ><a href=\"https:\/\/reisen.reudnitzer-reisen.com\/reiseberichte\/wp-content\/uploads\/sites\/11\/2019\/03\/cyprus.jpg\"><img loading=\"lazy\" decoding=\"async\" width=\"768\" height=\"512\" src=\"https:\/\/reisen.reudnitzer-reisen.com\/reiseberichte\/wp-content\/uploads\/sites\/11\/2019\/03\/cyprus.jpg\" class=\"image wp-image-131  attachment-full size-full\" alt=\"\" style=\"max-width: 100%; height: auto;\" srcset=\"https:\/\/reisen.reudnitzer-reisen.com\/reiseberichte\/wp-content\/uploads\/sites\/11\/2019\/03\/cyprus.jpg 768w, https:\/\/reisen.reudnitzer-reisen.com\/reiseberichte\/wp-content\/uploads\/sites\/11\/2019\/03\/cyprus-300x200.jpg 300w\" sizes=\"(max-width: 768px) 100vw, 768px\" \/><\/a><\/div><\/div><\/div><div id=\"pg-30-2\"  class=\"panel-grid panel-no-style\" ><div id=\"pgc-30-2-0\"  class=\"panel-grid-cell\" ><div id=\"panel-30-2-0-0\" class=\"so-panel widget widget_text panel-first-child panel-last-child\" data-index=\"4\" >\t\t\t<div class=\"textwidget\"><p><strong>Limassol:<\/strong> sehr sch\u00f6ner Studentenort mit vielen jungen Leuten, hippen Bars &amp; regem Nachtleben, sch\u00f6ne sehr lange Promenade zum Laufen, Sandstr\u00e4nde<\/p>\n<p><strong>Ayia Napa:<\/strong> im Winter so gut wie ausgestorben!!! Oberhalb des Ortes gibt es einen neuen Skulpturengarten mit Blick aufs Meer, das ist ganz nett angelegt worden von K\u00fcnstlern der Insel<\/p>\n<p><strong>Paphos:<\/strong> eine richtig sch\u00f6ne Stadt mit toller Altstadt und liebevoll gef\u00fchrten Gesch\u00e4ften, gem\u00fctlichem Hafen und vielen Ausgrabungen f\u00fcr kulturell Interessierte<\/p>\n<p><strong><em>Im Troodosgebirge:<\/em><\/strong><\/p>\n<p><strong>Pelendri:<\/strong> Kirche aus dem 13. Jhd.! Sehr sehenswert!<\/p>\n<p><strong>Kaledonia-Wasserf\u00e4lle:<\/strong> ausgezeichneter Wanderweg in wundersch\u00f6ner Natur, ca 2-3h gem\u00fctlicher Schritt, aber nichts f\u00fcr Gehbehinderte!<\/p>\n<p><strong>Omodos:<\/strong> authentisches Dorf mit sch\u00f6ner Kirche<\/p>\n<p><strong>Tipp:<\/strong> Ayii Anargyri-Kirche am Cap Greco im Osten von Zypern bei Ayia Napa<\/p>\n<p>Sehr sch\u00f6n soll auch die Akamas-Halbinsel (Nationalpark) sein zum Wandern oder auch f\u00fcr Lauffaule zum Durchfahren<\/p>\n<\/div>\n\t\t<\/div><\/div><\/div><div id=\"pg-30-3\"  class=\"panel-grid panel-no-style\" ><div id=\"pgc-30-3-0\"  class=\"panel-grid-cell\" ><div id=\"panel-30-3-0-0\" class=\"so-panel widget widget_text panel-first-child\" data-index=\"5\" ><h3 class=\"widget-title\">Besuchte Hotels<\/h3>\t\t\t<div class=\"textwidget\"><\/div>\n\t\t<\/div><div id=\"panel-30-3-0-1\" class=\"so-panel widget widget_text panel-last-child\" data-index=\"6\" >\t\t\t<div class=\"textwidget\"><p><strong><u>Limassol<\/u><\/strong><br \/>\nAmathus Beach Resort \u2605\u2605\u2605\u2605\u2605<\/p>\n<hr \/>\n<p><strong><u>Ayia Napa<\/u><\/strong><br \/>\nNapa Mermaid Hotel &amp; Suites \u2605\u2605\u2605\u2605<br \/>\nNissi Beach Resort \u2605\u2605\u2605\u2605+<\/p>\n<hr \/>\n<p><strong><u>Paphos<\/u><\/strong><br \/>\nAlexander The Great \u2605\u2605\u2605\u2605+<br \/>\nAlmyra Hotel \u2605\u2605\u2605\u2605\u2605<br \/>\nConstantinou Bros Athena Royal Beach \u2605\u2605\u2605\u2605+<\/p>\n<\/div>\n\t\t<\/div><\/div><\/div><div id=\"pg-30-4\"  class=\"panel-grid panel-no-style\" ><div id=\"pgc-30-4-0\"  class=\"panel-grid-cell\" ><div id=\"panel-30-4-0-0\" class=\"so-panel widget widget_text panel-first-child panel-last-child\" data-index=\"7\" >\t\t\t<div class=\"textwidget\"><p><b>M\u00f6chten Sie n\u00e4here Informationen zu Zypern und\/oder den besuchten Hotels? Dann vereinbaren Sie mit Ihren Reiseberater einen Termin, wir freuen uns auf Sie!<\/b><\/p>\n<\/div>\n\t\t<\/div><\/div><\/div><\/div>","protected":false},"excerpt":{"rendered":"<p>340 Sonnentage im Jahr! Ich bin absolut begeistert von Zypern, da es \u00fcberhaupt nicht \u00fcberlaufen ist! Es gibt so viel zu sehen und zu erfahren. Einfach f\u00fcr jeden Urlaubstypen findet man auf Zypern das richtige Fleckchen! Wichtig zu erw\u00e4hnen ist, <a href=\"https:\/\/reisen.reudnitzer-reisen.com\/reiseberichte\/maria-hoeselbarth\/reisebericht-zypern\/\"> more&#8230;<\/a><\/p>\n","protected":false},"author":1,"featured_media":0,"parent":20,"menu_order":0,"comment_status":"closed","ping_status":"closed","template":"","meta":{"footnotes":""},"_links":{"self":[{"href":"https:\/\/reisen.reudnitzer-reisen.com\/reiseberichte\/wp-json\/wp\/v2\/pages\/30"}],"collection":[{"href":"https:\/\/reisen.reudnitzer-reisen.com\/reiseberichte\/wp-json\/wp\/v2\/pages"}],"about":[{"href":"https:\/\/reisen.reudnitzer-reisen.com\/reiseberichte\/wp-json\/wp\/v2\/types\/page"}],"author":[{"embeddable":true,"href":"https:\/\/reisen.reudnitzer-reisen.com\/reiseberichte\/wp-json\/wp\/v2\/users\/1"}],"replies":[{"embeddable":true,"href":"https:\/\/reisen.reudnitzer-reisen.com\/reiseberichte\/wp-json\/wp\/v2\/comments?post=30"}],"version-history":[{"count":65,"href":"https:\/\/reisen.reudnitzer-reisen.com\/reiseberichte\/wp-json\/wp\/v2\/pages\/30\/revisions"}],"predecessor-version":[{"id":760,"href":"https:\/\/reisen.reudnitzer-reisen.com\/reiseberichte\/wp-json\/wp\/v2\/pages\/30\/revisions\/760"}],"up":[{"embeddable":true,"href":"https:\/\/reisen.reudnitzer-reisen.com\/reiseberichte\/wp-json\/wp\/v2\/pages\/20"}],"wp:attachment":[{"href":"https:\/\/reisen.reudnitzer-reisen.com\/reiseberichte\/wp-json\/wp\/v2\/media?parent=30"}],"curies":[{"name":"wp","href":"https:\/\/api.w.org\/{rel}","templated":true}]}}