{"id":283,"date":"2019-06-14T10:39:27","date_gmt":"2019-06-14T08:39:27","guid":{"rendered":"https:\/\/reisen.reudnitzer-reisen.com\/reiseberichte\/?page_id=283"},"modified":"2020-04-15T16:31:32","modified_gmt":"2020-04-15T14:31:32","slug":"reisebericht-namibia-botswana-simbabwe","status":"publish","type":"page","link":"https:\/\/reisen.reudnitzer-reisen.com\/reiseberichte\/bettina-iancu\/reisebericht-namibia-botswana-simbabwe\/","title":{"rendered":"Reisebericht Namibia &#8211; Botswana &#8211; Simbabwe"},"content":{"rendered":"<div id=\"pl-283\"  class=\"panel-layout\" ><div id=\"pg-283-0\"  class=\"panel-grid panel-no-style\" ><div id=\"pgc-283-0-0\"  class=\"panel-grid-cell\" ><div id=\"panel-283-0-0-0\" class=\"so-panel widget widget_media_image panel-first-child panel-last-child\" data-index=\"0\" ><a href=\"https:\/\/reisen.reudnitzer-reisen.com\/reiseberichte\/wp-content\/uploads\/sites\/11\/2020\/01\/Bild5.jpg\"><img loading=\"lazy\" decoding=\"async\" width=\"900\" height=\"675\" src=\"https:\/\/reisen.reudnitzer-reisen.com\/reiseberichte\/wp-content\/uploads\/sites\/11\/2020\/01\/Bild5.jpg\" class=\"image wp-image-652  attachment-full size-full\" alt=\"\" style=\"max-width: 100%; height: auto;\" srcset=\"https:\/\/reisen.reudnitzer-reisen.com\/reiseberichte\/wp-content\/uploads\/sites\/11\/2020\/01\/Bild5.jpg 900w, https:\/\/reisen.reudnitzer-reisen.com\/reiseberichte\/wp-content\/uploads\/sites\/11\/2020\/01\/Bild5-300x225.jpg 300w, https:\/\/reisen.reudnitzer-reisen.com\/reiseberichte\/wp-content\/uploads\/sites\/11\/2020\/01\/Bild5-768x576.jpg 768w\" sizes=\"(max-width: 900px) 100vw, 900px\" \/><\/a><\/div><\/div><div id=\"pgc-283-0-1\"  class=\"panel-grid-cell\" ><div id=\"panel-283-0-1-0\" class=\"so-panel widget widget_media_image panel-first-child panel-last-child\" data-index=\"1\" ><a href=\"https:\/\/reisen.reudnitzer-reisen.com\/reiseberichte\/wp-content\/uploads\/sites\/11\/2020\/01\/Bild7.jpg\"><img loading=\"lazy\" decoding=\"async\" width=\"900\" height=\"675\" src=\"https:\/\/reisen.reudnitzer-reisen.com\/reiseberichte\/wp-content\/uploads\/sites\/11\/2020\/01\/Bild7.jpg\" class=\"image wp-image-654  attachment-full size-full\" alt=\"\" style=\"max-width: 100%; height: auto;\" srcset=\"https:\/\/reisen.reudnitzer-reisen.com\/reiseberichte\/wp-content\/uploads\/sites\/11\/2020\/01\/Bild7.jpg 900w, https:\/\/reisen.reudnitzer-reisen.com\/reiseberichte\/wp-content\/uploads\/sites\/11\/2020\/01\/Bild7-300x225.jpg 300w, https:\/\/reisen.reudnitzer-reisen.com\/reiseberichte\/wp-content\/uploads\/sites\/11\/2020\/01\/Bild7-768x576.jpg 768w\" sizes=\"(max-width: 900px) 100vw, 900px\" \/><\/a><\/div><\/div><div id=\"pgc-283-0-2\"  class=\"panel-grid-cell\" ><div id=\"panel-283-0-2-0\" class=\"so-panel widget widget_media_image panel-first-child panel-last-child\" data-index=\"2\" ><a href=\"https:\/\/reisen.reudnitzer-reisen.com\/reiseberichte\/wp-content\/uploads\/sites\/11\/2020\/01\/Bild6.jpg\"><img loading=\"lazy\" decoding=\"async\" width=\"900\" height=\"675\" src=\"https:\/\/reisen.reudnitzer-reisen.com\/reiseberichte\/wp-content\/uploads\/sites\/11\/2020\/01\/Bild6.jpg\" class=\"image wp-image-653  attachment-full size-full\" alt=\"\" style=\"max-width: 100%; height: auto;\" srcset=\"https:\/\/reisen.reudnitzer-reisen.com\/reiseberichte\/wp-content\/uploads\/sites\/11\/2020\/01\/Bild6.jpg 900w, https:\/\/reisen.reudnitzer-reisen.com\/reiseberichte\/wp-content\/uploads\/sites\/11\/2020\/01\/Bild6-300x225.jpg 300w, https:\/\/reisen.reudnitzer-reisen.com\/reiseberichte\/wp-content\/uploads\/sites\/11\/2020\/01\/Bild6-768x576.jpg 768w\" sizes=\"(max-width: 900px) 100vw, 900px\" \/><\/a><\/div><\/div><div id=\"pgc-283-0-3\"  class=\"panel-grid-cell\" ><div id=\"panel-283-0-3-0\" class=\"so-panel widget widget_media_image panel-first-child panel-last-child\" data-index=\"3\" ><a href=\"https:\/\/reisen.reudnitzer-reisen.com\/reiseberichte\/wp-content\/uploads\/sites\/11\/2020\/01\/Bild3.jpg\"><img loading=\"lazy\" decoding=\"async\" width=\"900\" height=\"675\" src=\"https:\/\/reisen.reudnitzer-reisen.com\/reiseberichte\/wp-content\/uploads\/sites\/11\/2020\/01\/Bild3.jpg\" class=\"image wp-image-650  attachment-full size-full\" alt=\"\" style=\"max-width: 100%; height: auto;\" srcset=\"https:\/\/reisen.reudnitzer-reisen.com\/reiseberichte\/wp-content\/uploads\/sites\/11\/2020\/01\/Bild3.jpg 900w, https:\/\/reisen.reudnitzer-reisen.com\/reiseberichte\/wp-content\/uploads\/sites\/11\/2020\/01\/Bild3-300x225.jpg 300w, https:\/\/reisen.reudnitzer-reisen.com\/reiseberichte\/wp-content\/uploads\/sites\/11\/2020\/01\/Bild3-768x576.jpg 768w\" sizes=\"(max-width: 900px) 100vw, 900px\" \/><\/a><\/div><\/div><\/div><div id=\"pg-283-1\"  class=\"panel-grid panel-no-style\" ><div id=\"pgc-283-1-0\"  class=\"panel-grid-cell\" ><div id=\"panel-283-1-0-0\" class=\"so-panel widget widget_text panel-first-child panel-last-child\" data-index=\"4\" >\t\t\t<div class=\"textwidget\"><p><b><u>Hintergr\u00fcnde &amp; Infos zum Zielgebiet<\/u><\/b><\/p>\n<p>Die Reisezeit war super. Tags\u00fcber sonnig und warm, abends braucht man auch mal eine Jacke.<br \/>\nF\u00fcr die Stromversorgung braucht man einen extra Stecker \u2013 die normalen Weltstecker f\u00fcr Afrika funktionieren nicht! Er ist dreipolig, hat runde Pole, davon ist einer l\u00e4nger und dicker.<br \/>\nDie Nebenkosten sind in Namibia &#8211; im Gegensatz zu Botswana und Simbabwe \u2013 extrem niedrig. Ein Softdrink im Hotel ca. 1\u20ac, ein Gin-Tonic keine 3\u20ac.<br \/>\nDie Stra\u00dfenverh\u00e4ltnisse auf den gro\u00dfen Stra\u00dfen gen Norden sind sehr gut. Man sieht ab und an ein paar Tiere, aber ansonsten ist die Fahrt auf den Schnellstra\u00dfen eint\u00f6nig. Es gibt viele D\u00f6rfer und H\u00fctten an der Stra\u00dfe, die Menschen haben kaum etwas, wir haben an jeder Tankstelle und jedem Supermarkt Lebensmittel mitgenommen \u2013 Brot, Kekse o.\u00e4. Sie freuen sich auch \u00fcber ganz einfache T-Shirts oder Hosen. In den gro\u00dfen St\u00e4dten gibt es gut eingerichtete Superm\u00e4rkte.<br \/>\nDie W\u00e4hrung ist der Namibia-Dollar. Es ist sinnvoll, diesen schon hier zu tauschen, denn Euro und Dollar sind nicht so gern gesehen. Man kann auch am Automaten Geld ziehen, am besten mit der VISA, die EUROCard wird noch nicht \u00fcberall anerkannt. Euro oder Dollar am Flughafen in Namib. Dollar tauschen klappt gut, aber da muss man viel Zeit mitbringen, da geht\u2019s afrikanisch korrekt und gem\u00e4chlich zu. F\u00fcr Pauschalreisende, bei denen der Bus draussen wartet nicht zu empfehlen.<\/p>\n<p>Wir sind mit South African Airways geflogen, das war recht gut. Auch als gro\u00dfer Mensch reichen die Knie nicht bis zum Vordersitz. Das Entertainment-Programm war super, ca. 40 Filme, ca. 20 davon in deutsch. Kopfh\u00f6rer, Decke, Kissen liegen schon beim Einsteigen am Platz. Catering auch super, sogar auf der Kurzstrecke Johannesburg-Windhoek gab es ein warmes Essen. Sollte man einen l\u00e4ngeren Aufenthalt in Johannesburg haben, kann man dort auch gut shoppen gehen.<br \/>\nWindhoek an sich muss man nicht zwingend gesehen haben \u2013 da reichen 1-2 N\u00e4chte nach dem Flug. Ist sehr deutsch und bietet wenig an Sehensw\u00fcrdigkeiten. Mein Tipp: abends am Besten in Joes Beerhouse, kultig und gem\u00fctlich.<\/p>\n<\/div>\n\t\t<\/div><\/div><\/div><div id=\"pg-283-2\"  class=\"panel-grid panel-no-style\" ><div id=\"pgc-283-2-0\"  class=\"panel-grid-cell\" ><div id=\"panel-283-2-0-0\" class=\"so-panel widget widget_text panel-first-child panel-last-child\" data-index=\"5\" >\t\t\t<div class=\"textwidget\"><p><b><u>Unser Reiseverlauf<\/u><\/b><\/p>\n<p>Von Windhoek aus sind wir nach Otjiwarongo gefahren.<br \/>\nCa. ab Grootfontein beginnt das echte Schwarzafrika. Ab hier sollte man sich z.B. auch vor Stechm\u00fccken sch\u00fctzen. Tipp der Reiseleitung: keine Malaria-Prophylaxe. Vielen G\u00e4sten geht es einfach von den Nebenwirkungen richtig schlecht und sie sch\u00fctzt auch nicht 100%ig vor Malaria. Besser ein gutes M\u00fcckenschutzmittel, am besten vor Ort kaufen, z.B. \u201ePeaceful sleep\u201c. Gibt\u2019s in jedem Supermarkt f\u00fcr wenig Geld, h\u00e4lt 8 Stunden, stinkt bestialisch beim Auftragen, aber verfliegt nach ein paar Minuten. Wer nach der R\u00fcckkehr aus dem Urlaub Fieber und Schw\u00e4cheanf\u00e4lle hat, sollte zum Arzt gehen, Malaria ist heute heilbar.<\/p>\n<p>Unsere n\u00e4chste Station war die Kaisosi River Lodge in Rundu. Sch\u00f6n afrikanisch, direkt am Fluss.<br \/>\nWeiterfahrt zum Popa Falls Restcamp auf dem Caprivi-Streifen (das ist der schmale Grat, der noch zu Namibia geh\u00f6rt, Richtung Botswana). Es ist eine ganz stylische Lodge mit riesigen, modernen Zimmern. Die Popa-Falls sind kleine Wasserf\u00e4lle. Die Lodge hat eine idyllisch gelegene Terrasse mit Bootsanleger direkt am Fluss.<\/p>\n<p>Von dem Popa Falls Restcamp aus sind wir \u00fcber die Grenze nach Botswana gefahren. Das einzige Land im s\u00fcdl. Afrika, dass komplett schuldenfrei ist. Merkt man auch \u2013 es ist teurer, aber es gibt tolle Lodges und Camps direkt am Fluss. Individualreisende kommen hier super zurecht. F\u00fcr uns ging es eigentlich erst hier los mit \u201erichtig Afrika\u201c. Wir haben in der Chobe Bush Lodge in Kasane gewohnt, diese bildet mit der Chobe Safari Lodge ein Resort. Ganz tolle Zimmer, sehr gutes Essen und der Service passt (da musste man in Namibia schon mal ein Auge zudr\u00fccken, aber daf\u00fcr ist es dort eben viel, viel g\u00fcnstiger). Am Morgen hatten wir die Warzenschweine direkt an der Terrasse, oft sieht man auch schon Elefanten. \u00dcberhaupt ist Botswana f\u00fcr Tierbeobachtungen genial.<\/p>\n<p>Von hier aus starteten wir zur Bootsfahrt durch den Chobe-Nationalpark, das war spektakul\u00e4r. Wir haben Krokodile gesehen, unz\u00e4hlige Flusspferde, B\u00fcffel, badende Elefanten. Man sagt, im Chobe N.P. ist es f\u00fcnf vor zw\u00f6lf \u2013 es sind einfach viel zu viele Elefanten, jeder vertilgt ca. 220 kg Gr\u00fcnzeug am Tag und irgendwann wird es da eng.<\/p>\n<p>Am n\u00e4chsten Tag sind wir nach Simbabwe zu den Victoria Falls gefahren. Die Grenze passiert man ganz gut, das Visa kostet 30 USD \u2013 am besten passend dabei haben. Bis zu den Falls sind es ca. 2 Stunden, also das kann man gut von Botswana aus als Ausflug planen. Simbabwe hat ein echtes wirtschaftliches Problem. Es wird seit 1980 von Robert Mugabe regiert, der nunmehr 91 Jahre alt ist und das Land versinkt im Chaos. Es gibt keine eigene W\u00e4hrung mehr, man bezahlt mit USD. Unmittelbar nach der Grenze wird an sich jedes Fahrzeug mit ausl\u00e4ndischem Kennzeichen genauestens \u00fcberpr\u00fcft und wenn alles in Ordnung ist \u2013 wie an unserem Bus &#8211; dann hat das Fahrzeug keine Genehmigung, um diese Strasse zu befahren und das kostet im besten Falle 20 USD. Man kann dagegen nichts machen, sie lassen einen einfach nicht weiter fahren. F\u00fcr Individual-Touris vermutlich grenzwertig\u2026<\/p>\n<p>Im St\u00e4dtchen Victoria Falls sieht es ein wenig anders aus. Ein kleiner, quirliger Ort mit ganz vielen Gesch\u00e4ften und M\u00e4rkten. Der Eintritt zu den Falls kostet 12 USD. Wir waren zu einem prima Zeitpunkt dort, es war das Ende der Regenzeit und der Sambesi hatte ordentlich Wasser. Im November sieht das ganz anders aus, da sehen eben auch die F\u00e4lle weniger spektakul\u00e4r aus. Man sollte auf jeden Fall beachten, dass man an den Victoria Falls pitschnass wird, wie unter der Dusche. Entweder Cape mitnehmen oder dort kaufen, sonst ist auch die Kamera hin\u00fcber. Die Gischt ist einfach \u00fcberall. Man kann einen sch\u00f6nen Rundweg um die Falls laufen. Ans Schuhwerk denken, es k\u00f6nnte auch mal glitschig sein \u2013 Trekkingsandalen o.\u00e4. gehen auch, Hauptsache trittfest. Wir haben f\u00fcr den Rundweg mit vielen Fotostopps 1,5 h gebraucht.<br \/>\nMein Tipp: Buchen Sie sich einen Helikopter-Flug &#8211; dieses spektakul\u00e4re Ereignis werden Sie nie vergessen!<\/p>\n<p>Unser Hotel war das \u201eThe Victoria Falls\u201c \u2013 eins der Leading Hotels. Sehr sch\u00f6n, sehr englisch, gediegen, kolonial. Top \u2013 Service. Vom Garten blickt man auf die Gischt der Victoria-Falls und man l\u00e4uft vom Hotel aus 20 min bis dorthin. Das Fr\u00fchst\u00fcck war umwerfend.<\/p>\n<hr>\n<\/div>\n\t\t<\/div><\/div><\/div><div id=\"pg-283-3\"  class=\"panel-grid panel-no-style\" ><div id=\"pgc-283-3-0\"  class=\"panel-grid-cell\" ><div id=\"panel-283-3-0-0\" class=\"so-panel widget widget_media_image panel-first-child panel-last-child\" data-index=\"6\" ><a href=\"https:\/\/reisen.reudnitzer-reisen.com\/reiseberichte\/wp-content\/uploads\/sites\/11\/2020\/01\/Bild1.jpg\"><img loading=\"lazy\" decoding=\"async\" width=\"900\" height=\"601\" src=\"https:\/\/reisen.reudnitzer-reisen.com\/reiseberichte\/wp-content\/uploads\/sites\/11\/2020\/01\/Bild1.jpg\" class=\"image wp-image-648  attachment-full size-full\" alt=\"\" style=\"max-width: 100%; height: auto;\" srcset=\"https:\/\/reisen.reudnitzer-reisen.com\/reiseberichte\/wp-content\/uploads\/sites\/11\/2020\/01\/Bild1.jpg 900w, https:\/\/reisen.reudnitzer-reisen.com\/reiseberichte\/wp-content\/uploads\/sites\/11\/2020\/01\/Bild1-300x200.jpg 300w, https:\/\/reisen.reudnitzer-reisen.com\/reiseberichte\/wp-content\/uploads\/sites\/11\/2020\/01\/Bild1-768x513.jpg 768w, https:\/\/reisen.reudnitzer-reisen.com\/reiseberichte\/wp-content\/uploads\/sites\/11\/2020\/01\/Bild1-272x182.jpg 272w\" sizes=\"(max-width: 900px) 100vw, 900px\" \/><\/a><\/div><\/div><div id=\"pgc-283-3-1\"  class=\"panel-grid-cell\" ><div id=\"panel-283-3-1-0\" class=\"so-panel widget widget_media_image panel-first-child panel-last-child\" data-index=\"7\" ><a href=\"https:\/\/reisen.reudnitzer-reisen.com\/reiseberichte\/wp-content\/uploads\/sites\/11\/2020\/01\/Bild2.jpg\"><img loading=\"lazy\" decoding=\"async\" width=\"900\" height=\"598\" src=\"https:\/\/reisen.reudnitzer-reisen.com\/reiseberichte\/wp-content\/uploads\/sites\/11\/2020\/01\/Bild2.jpg\" class=\"image wp-image-649  attachment-full size-full\" alt=\"\" style=\"max-width: 100%; height: auto;\" srcset=\"https:\/\/reisen.reudnitzer-reisen.com\/reiseberichte\/wp-content\/uploads\/sites\/11\/2020\/01\/Bild2.jpg 900w, https:\/\/reisen.reudnitzer-reisen.com\/reiseberichte\/wp-content\/uploads\/sites\/11\/2020\/01\/Bild2-300x199.jpg 300w, https:\/\/reisen.reudnitzer-reisen.com\/reiseberichte\/wp-content\/uploads\/sites\/11\/2020\/01\/Bild2-768x510.jpg 768w, https:\/\/reisen.reudnitzer-reisen.com\/reiseberichte\/wp-content\/uploads\/sites\/11\/2020\/01\/Bild2-272x182.jpg 272w\" sizes=\"(max-width: 900px) 100vw, 900px\" \/><\/a><\/div><\/div><\/div><div id=\"pg-283-4\"  class=\"panel-grid panel-no-style\" ><div id=\"pgc-283-4-0\"  class=\"panel-grid-cell\" ><div id=\"panel-283-4-0-0\" class=\"so-panel widget widget_text panel-first-child panel-last-child\" data-index=\"8\" >\t\t\t<div class=\"textwidget\"><p><strong><em>M\u00f6chten Sie n\u00e4here Informationen zu Namibia, Botswana, Simbabwe und\/oder den besuchten Hotels? Dann vereinbaren Sie mit Ihren Reiseberater einen Termin, wir freuen uns auf Sie!<\/p>\n<\/div>\n\t\t<\/div><\/div><\/div><\/div>","protected":false},"excerpt":{"rendered":"<p>Hintergr\u00fcnde &amp; Infos zum Zielgebiet Die Reisezeit war super. Tags\u00fcber sonnig und warm, abends braucht man auch mal eine Jacke. F\u00fcr die Stromversorgung braucht man einen extra Stecker \u2013 die normalen Weltstecker f\u00fcr Afrika funktionieren nicht! Er ist dreipolig, hat <a href=\"https:\/\/reisen.reudnitzer-reisen.com\/reiseberichte\/bettina-iancu\/reisebericht-namibia-botswana-simbabwe\/\"> more&#8230;<\/a><\/p>\n","protected":false},"author":2,"featured_media":0,"parent":281,"menu_order":0,"comment_status":"closed","ping_status":"closed","template":"","meta":{"footnotes":""},"_links":{"self":[{"href":"https:\/\/reisen.reudnitzer-reisen.com\/reiseberichte\/wp-json\/wp\/v2\/pages\/283"}],"collection":[{"href":"https:\/\/reisen.reudnitzer-reisen.com\/reiseberichte\/wp-json\/wp\/v2\/pages"}],"about":[{"href":"https:\/\/reisen.reudnitzer-reisen.com\/reiseberichte\/wp-json\/wp\/v2\/types\/page"}],"author":[{"embeddable":true,"href":"https:\/\/reisen.reudnitzer-reisen.com\/reiseberichte\/wp-json\/wp\/v2\/users\/2"}],"replies":[{"embeddable":true,"href":"https:\/\/reisen.reudnitzer-reisen.com\/reiseberichte\/wp-json\/wp\/v2\/comments?post=283"}],"version-history":[{"count":61,"href":"https:\/\/reisen.reudnitzer-reisen.com\/reiseberichte\/wp-json\/wp\/v2\/pages\/283\/revisions"}],"predecessor-version":[{"id":975,"href":"https:\/\/reisen.reudnitzer-reisen.com\/reiseberichte\/wp-json\/wp\/v2\/pages\/283\/revisions\/975"}],"up":[{"embeddable":true,"href":"https:\/\/reisen.reudnitzer-reisen.com\/reiseberichte\/wp-json\/wp\/v2\/pages\/281"}],"wp:attachment":[{"href":"https:\/\/reisen.reudnitzer-reisen.com\/reiseberichte\/wp-json\/wp\/v2\/media?parent=283"}],"curies":[{"name":"wp","href":"https:\/\/api.w.org\/{rel}","templated":true}]}}