{"id":27,"date":"2019-03-08T15:08:19","date_gmt":"2019-03-08T14:08:19","guid":{"rendered":"https:\/\/reisen.reudnitzer-reisen.com\/reiseberichte\/?page_id=27"},"modified":"2020-01-21T14:56:52","modified_gmt":"2020-01-21T13:56:52","slug":"reisebericht-aidasol","status":"publish","type":"page","link":"https:\/\/reisen.reudnitzer-reisen.com\/reiseberichte\/maria-hoeselbarth\/reisebericht-aidasol\/","title":{"rendered":"Reisebericht AIDAsol"},"content":{"rendered":"<div id=\"pl-27\"  class=\"panel-layout\" ><div id=\"pg-27-0\"  class=\"panel-grid panel-no-style\" ><div id=\"pgc-27-0-0\"  class=\"panel-grid-cell\" ><div id=\"panel-27-0-0-0\" class=\"so-panel widget widget_text panel-first-child panel-last-child\" data-index=\"0\" >\t\t\t<div class=\"textwidget\"><p><strong><em>Meine erste Kreuzfahrt \u00fcberhaupt<\/em> sollte mich im Herbst zu einer Kurztour auf die AIDAsol bringen. Schon die Route klang mehr als interessant, denn im Reiseprogramm war Amsterdam &amp; Zeebr\u00fcgge angek\u00fcndigt.<\/strong><\/p>\n<\/div>\n\t\t<\/div><\/div><\/div><div id=\"pg-27-1\"  class=\"panel-grid panel-no-style\" ><div id=\"pgc-27-1-0\"  class=\"panel-grid-cell\" ><div id=\"panel-27-1-0-0\" class=\"so-panel widget widget_media_image panel-first-child panel-last-child\" data-index=\"1\" ><a href=\"https:\/\/reisen.reudnitzer-reisen.com\/reiseberichte\/wp-content\/uploads\/sites\/11\/2019\/03\/aidasol1.jpg\"><img loading=\"lazy\" decoding=\"async\" width=\"768\" height=\"432\" src=\"https:\/\/reisen.reudnitzer-reisen.com\/reiseberichte\/wp-content\/uploads\/sites\/11\/2019\/03\/aidasol1.jpg\" class=\"image wp-image-188  attachment-full size-full\" alt=\"\" style=\"max-width: 100%; height: auto;\" srcset=\"https:\/\/reisen.reudnitzer-reisen.com\/reiseberichte\/wp-content\/uploads\/sites\/11\/2019\/03\/aidasol1.jpg 768w, https:\/\/reisen.reudnitzer-reisen.com\/reiseberichte\/wp-content\/uploads\/sites\/11\/2019\/03\/aidasol1-300x169.jpg 300w\" sizes=\"(max-width: 768px) 100vw, 768px\" \/><\/a><\/div><\/div><div id=\"pgc-27-1-1\"  class=\"panel-grid-cell\" ><div id=\"panel-27-1-1-0\" class=\"so-panel widget widget_media_image panel-first-child panel-last-child\" data-index=\"2\" ><a href=\"https:\/\/reisen.reudnitzer-reisen.com\/reiseberichte\/wp-content\/uploads\/sites\/11\/2019\/03\/aidasol2.jpg\"><img loading=\"lazy\" decoding=\"async\" width=\"768\" height=\"432\" src=\"https:\/\/reisen.reudnitzer-reisen.com\/reiseberichte\/wp-content\/uploads\/sites\/11\/2019\/03\/aidasol2.jpg\" class=\"image wp-image-187  attachment-full size-full\" alt=\"\" style=\"max-width: 100%; height: auto;\" srcset=\"https:\/\/reisen.reudnitzer-reisen.com\/reiseberichte\/wp-content\/uploads\/sites\/11\/2019\/03\/aidasol2.jpg 768w, https:\/\/reisen.reudnitzer-reisen.com\/reiseberichte\/wp-content\/uploads\/sites\/11\/2019\/03\/aidasol2-300x169.jpg 300w\" sizes=\"(max-width: 768px) 100vw, 768px\" \/><\/a><\/div><\/div><div id=\"pgc-27-1-2\"  class=\"panel-grid-cell\" ><div id=\"panel-27-1-2-0\" class=\"so-panel widget widget_media_image panel-first-child panel-last-child\" data-index=\"3\" ><a href=\"https:\/\/reisen.reudnitzer-reisen.com\/reiseberichte\/wp-content\/uploads\/sites\/11\/2019\/03\/aidasol3.jpg\"><img loading=\"lazy\" decoding=\"async\" width=\"768\" height=\"432\" src=\"https:\/\/reisen.reudnitzer-reisen.com\/reiseberichte\/wp-content\/uploads\/sites\/11\/2019\/03\/aidasol3.jpg\" class=\"image wp-image-186  attachment-full size-full\" alt=\"\" style=\"max-width: 100%; height: auto;\" srcset=\"https:\/\/reisen.reudnitzer-reisen.com\/reiseberichte\/wp-content\/uploads\/sites\/11\/2019\/03\/aidasol3.jpg 768w, https:\/\/reisen.reudnitzer-reisen.com\/reiseberichte\/wp-content\/uploads\/sites\/11\/2019\/03\/aidasol3-300x169.jpg 300w\" sizes=\"(max-width: 768px) 100vw, 768px\" \/><\/a><\/div><\/div><\/div><div id=\"pg-27-2\"  class=\"panel-grid panel-no-style\" ><div id=\"pgc-27-2-0\"  class=\"panel-grid-cell\" ><div id=\"panel-27-2-0-0\" class=\"so-panel widget widget_text panel-first-child panel-last-child\" data-index=\"4\" >\t\t\t<div class=\"textwidget\"><p>Die Anreise verlief mehr als unkompliziert. Am Hauptbahnhof in Hamburg angekommen, wartete schon die Crew von AIDA um uns per Shuttle zur Anlegestelle zu bringen. Der Check-In dauerte dann eine Weile, was jedoch durch den tollen 1. Eindruck an Bord schnell vergessen war. Ich war sehr positiv \u00fcberrascht. Alles war hell, modern &amp; stilvoll designt und ich f\u00fchlte mich auf Anhieb wohl. Wir waren in einer Balkonkabine untergebracht, welche wirklich sehr sch\u00f6n eingerichtet und vor allem sehr sauber war.<\/p>\n<p><strong><em>Ich genoss zu allererst den sonnigen Balkon und beobachtete das Treiben im Hafen bevor es zum Willkommendrink aufs Sonnendeck ging.<br \/>\nDas Auslaufen aus dem Hafen war ein besonderer Moment und hat eine kleine G\u00e4nsehaut hinterlassen.<\/em><\/strong><\/p>\n<p>Dann ging es zum Abendessen und wie soll ich sagen\u2026 vom Essen auf Kreuzfahrtschiffen hat man ja schon viel geh\u00f6rt &amp; gelesen und es sollte sich alles bewahrheiten \u2013 man hat die Qual der Wahl welche Leckereien man in den verschiedenen Restaurants verputzt. Die Qualit\u00e4t der Speisen war hervorragend, nur leider konnte man gar nicht alles probieren, was am Buffet angeboten wurde. Als sehr angenehm empfand ich es, dass es keine festen Essenszeiten gibt und die Tischgetr\u00e4nke zu den Mahlzeiten inklusive sind. Anschlie\u00dfend besuchten wir noch eine Show im Theatrium, bevor wir alle in Vorfreude auf den n\u00e4chsten Tag ins Bettchen fielen.<\/p>\n<p>Am n\u00e4chsten Tag standen die Schiffsbesichtigung und der Ausflug nach Amsterdam auf dem Programm. Besonders verliebt habe ich mich in die AIDA Lounge auf Deck 10 am Bug des Schiffes. Hier hat man einen tollen Blick auf das Meer und findet auf jeden Fall einen gem\u00fctlichen Platz zum Lesen und Entspannen.<\/p>\n<p>Nach dem Mittagessen startet der Busshuttle ins Zentrum von Amsterdam. Bei einem Stadtrundgang konnten wir einen ersten \u00dcberblick gewinnen und waren fasziniert von der ganz besonderen Atmosph\u00e4re der Stadt. Die Grachtenfahrt befriedigte dann auch noch unsere Neugier nach der Sicht von den Kan\u00e4len aus. Die ganze Tour war super organisiert und unsere Reiseleiterin konnte viel Interessantes \u00fcber Amsterdam erz\u00e4hlen. Wussten Sie z.B., dass sich in der Stadt eine eigene Beh\u00f6rde mit der Bergung von Fahrr\u00e4dern aus den Kan\u00e4len befasst?<\/p>\n<p>Zur\u00fcck an Bord durften wir heute zum Abendbrot die K\u00fcche im Brauhaus testen. Deftig wurde uns aufgetischt und wir f\u00fchlten uns in ein Bayrisches Gasthaus versetzt \u2013 absolut authentisch. Zur Verdauung schauten wir noch in der Anytimebar vorbei und genossen das einmalige Gef\u00fchl beim Tanzen auf die Weiten des Meeres zu blicken.<\/p>\n<p>Der kommende Tag geh\u00f6rte dem h\u00fcbschen St\u00e4dtchen Br\u00fcgge, wo wir auf eigene Faust loszogen um die Gassen &amp; Pl\u00e4tze zu entdecken. Als absolut sehenswert stellte sich die Hauptstadt von Westflandern heraus! Viel Backsteinromantik, den Marktplatz sowie die Burg gab es zu bestaunen und \u00fcberall hatten wir wieder die N\u00e4he zum Wasser \u2013 richtig entspannend. <em>Nicht zu vergessen sind die Belgischen Waffeln &amp; Pralinen, die nat\u00fcrlich unbedingt zum Besuch dazu geh\u00f6ren.<\/em><\/p>\n<p>Anschlie\u00dfend habe ich mir das Fitnessstudio angeschaut und die Ger\u00e4te ausprobiert \u2013 auf jeden Fall wird es an Bord nie langweilig! Auch der SPA-Bereich hat mir richtig gut gefallen. Auf der AIDAsol findet jeder sein Pl\u00e4tzchen. Die Crew war immer freundlich und hilfsbereit und machte die Kreuzfahrt zu einem ganz besonderen Reiseerlebnis. Durch den Seetag am letzten Tag hatten wir nochmal ausgiebig Zeit um in den Genuss aller Annehmlichkeiten zu kommen.<\/p>\n<p>&nbsp;<\/p>\n<p><em>Ich habe die Tage an Bord richtig genossen und kann mir gut vorstellen mal wieder eine Kreuzfahrt zu unternehmen.<\/em><\/p>\n<\/div>\n\t\t<\/div><\/div><\/div><div id=\"pg-27-3\"  class=\"panel-grid panel-no-style\" ><div id=\"pgc-27-3-0\"  class=\"panel-grid-cell\" ><div id=\"panel-27-3-0-0\" class=\"so-panel widget widget_text panel-first-child panel-last-child\" data-index=\"5\" >\t\t\t<div class=\"textwidget\"><p><b>M\u00f6chten Sie n\u00e4here Informationen zu einer Kreuzfahrt mit AIDA? Dann vereinbaren Sie mit Ihren Reiseberater einen Termin, wir freuen uns auf Sie!<\/b><\/p>\n<\/div>\n\t\t<\/div><\/div><\/div><\/div>","protected":false},"excerpt":{"rendered":"<p>Meine erste Kreuzfahrt \u00fcberhaupt sollte mich im Herbst zu einer Kurztour auf die AIDAsol bringen. Schon die Route klang mehr als interessant, denn im Reiseprogramm war Amsterdam &amp; Zeebr\u00fcgge angek\u00fcndigt. Die Anreise verlief mehr als unkompliziert. Am Hauptbahnhof in Hamburg <a href=\"https:\/\/reisen.reudnitzer-reisen.com\/reiseberichte\/maria-hoeselbarth\/reisebericht-aidasol\/\"> more&#8230;<\/a><\/p>\n","protected":false},"author":1,"featured_media":0,"parent":20,"menu_order":0,"comment_status":"closed","ping_status":"closed","template":"","meta":{"footnotes":""},"_links":{"self":[{"href":"https:\/\/reisen.reudnitzer-reisen.com\/reiseberichte\/wp-json\/wp\/v2\/pages\/27"}],"collection":[{"href":"https:\/\/reisen.reudnitzer-reisen.com\/reiseberichte\/wp-json\/wp\/v2\/pages"}],"about":[{"href":"https:\/\/reisen.reudnitzer-reisen.com\/reiseberichte\/wp-json\/wp\/v2\/types\/page"}],"author":[{"embeddable":true,"href":"https:\/\/reisen.reudnitzer-reisen.com\/reiseberichte\/wp-json\/wp\/v2\/users\/1"}],"replies":[{"embeddable":true,"href":"https:\/\/reisen.reudnitzer-reisen.com\/reiseberichte\/wp-json\/wp\/v2\/comments?post=27"}],"version-history":[{"count":23,"href":"https:\/\/reisen.reudnitzer-reisen.com\/reiseberichte\/wp-json\/wp\/v2\/pages\/27\/revisions"}],"predecessor-version":[{"id":756,"href":"https:\/\/reisen.reudnitzer-reisen.com\/reiseberichte\/wp-json\/wp\/v2\/pages\/27\/revisions\/756"}],"up":[{"embeddable":true,"href":"https:\/\/reisen.reudnitzer-reisen.com\/reiseberichte\/wp-json\/wp\/v2\/pages\/20"}],"wp:attachment":[{"href":"https:\/\/reisen.reudnitzer-reisen.com\/reiseberichte\/wp-json\/wp\/v2\/media?parent=27"}],"curies":[{"name":"wp","href":"https:\/\/api.w.org\/{rel}","templated":true}]}}