{"id":1418,"date":"2025-02-04T15:04:42","date_gmt":"2025-02-04T14:04:42","guid":{"rendered":"https:\/\/reisen.reudnitzer-reisen.com\/reiseberichte\/?page_id=1418"},"modified":"2025-02-04T15:52:57","modified_gmt":"2025-02-04T14:52:57","slug":"reisebericht-wintersinfonie","status":"publish","type":"page","link":"https:\/\/reisen.reudnitzer-reisen.com\/reiseberichte\/bernd-graeske\/reisebericht-wintersinfonie\/","title":{"rendered":"Wintersinfonie"},"content":{"rendered":"<div id=\"pl-1418\"  class=\"panel-layout\" ><div id=\"pg-1418-0\"  class=\"panel-grid panel-no-style\" ><div id=\"pgc-1418-0-0\"  class=\"panel-grid-cell\" ><div id=\"panel-1418-0-0-0\" class=\"so-panel widget widget_media_image panel-first-child panel-last-child\" data-index=\"0\" ><img loading=\"lazy\" decoding=\"async\" width=\"550\" height=\"250\" src=\"https:\/\/reisen.reudnitzer-reisen.com\/reiseberichte\/wp-content\/uploads\/sites\/11\/2025\/02\/bg1.jpg\" class=\"image wp-image-1428  attachment-full size-full\" alt=\"\" style=\"max-width: 100%; height: auto;\" srcset=\"https:\/\/reisen.reudnitzer-reisen.com\/reiseberichte\/wp-content\/uploads\/sites\/11\/2025\/02\/bg1.jpg 550w, https:\/\/reisen.reudnitzer-reisen.com\/reiseberichte\/wp-content\/uploads\/sites\/11\/2025\/02\/bg1-300x136.jpg 300w\" sizes=\"(max-width: 550px) 100vw, 550px\" \/><\/div><\/div><div id=\"pgc-1418-0-1\"  class=\"panel-grid-cell\" ><div id=\"panel-1418-0-1-0\" class=\"so-panel widget widget_media_image panel-first-child panel-last-child\" data-index=\"1\" ><img loading=\"lazy\" decoding=\"async\" width=\"550\" height=\"250\" src=\"https:\/\/reisen.reudnitzer-reisen.com\/reiseberichte\/wp-content\/uploads\/sites\/11\/2025\/02\/bg2.jpg\" class=\"image wp-image-1427  attachment-full size-full\" alt=\"\" style=\"max-width: 100%; height: auto;\" srcset=\"https:\/\/reisen.reudnitzer-reisen.com\/reiseberichte\/wp-content\/uploads\/sites\/11\/2025\/02\/bg2.jpg 550w, https:\/\/reisen.reudnitzer-reisen.com\/reiseberichte\/wp-content\/uploads\/sites\/11\/2025\/02\/bg2-300x136.jpg 300w\" sizes=\"(max-width: 550px) 100vw, 550px\" \/><\/div><\/div><div id=\"pgc-1418-0-2\"  class=\"panel-grid-cell\" ><div id=\"panel-1418-0-2-0\" class=\"so-panel widget widget_media_image panel-first-child panel-last-child\" data-index=\"2\" ><img loading=\"lazy\" decoding=\"async\" width=\"550\" height=\"250\" src=\"https:\/\/reisen.reudnitzer-reisen.com\/reiseberichte\/wp-content\/uploads\/sites\/11\/2025\/02\/bg3.jpg\" class=\"image wp-image-1426  attachment-full size-full\" alt=\"\" style=\"max-width: 100%; height: auto;\" srcset=\"https:\/\/reisen.reudnitzer-reisen.com\/reiseberichte\/wp-content\/uploads\/sites\/11\/2025\/02\/bg3.jpg 550w, https:\/\/reisen.reudnitzer-reisen.com\/reiseberichte\/wp-content\/uploads\/sites\/11\/2025\/02\/bg3-300x136.jpg 300w\" sizes=\"(max-width: 550px) 100vw, 550px\" \/><\/div><\/div><div id=\"pgc-1418-0-3\"  class=\"panel-grid-cell\" ><div id=\"panel-1418-0-3-0\" class=\"so-panel widget widget_media_image panel-first-child panel-last-child\" data-index=\"3\" ><img loading=\"lazy\" decoding=\"async\" width=\"550\" height=\"250\" src=\"https:\/\/reisen.reudnitzer-reisen.com\/reiseberichte\/wp-content\/uploads\/sites\/11\/2025\/02\/bg4.jpg\" class=\"image wp-image-1425  attachment-full size-full\" alt=\"\" style=\"max-width: 100%; height: auto;\" srcset=\"https:\/\/reisen.reudnitzer-reisen.com\/reiseberichte\/wp-content\/uploads\/sites\/11\/2025\/02\/bg4.jpg 550w, https:\/\/reisen.reudnitzer-reisen.com\/reiseberichte\/wp-content\/uploads\/sites\/11\/2025\/02\/bg4-300x136.jpg 300w\" sizes=\"(max-width: 550px) 100vw, 550px\" \/><\/div><\/div><\/div><div id=\"pg-1418-1\"  class=\"panel-grid panel-no-style\" ><div id=\"pgc-1418-1-0\"  class=\"panel-grid-cell\" ><div id=\"panel-1418-1-0-0\" class=\"so-panel widget widget_text panel-first-child panel-last-child\" data-index=\"4\" ><h3 class=\"widget-title\">Winterexpedition Bottnischer Meerbusen Januar 2025<\/h3>\t\t\t<div class=\"textwidget\"><p>&nbsp;<\/p>\n<p><strong>Wintersinfonie von Eis, Schnee und Licht Eine Reiseerlebnis mit der Hanseatic spirit zwischen dem 55. und 69. Breitengrad<\/strong><\/p>\n<p>Einmal den Winter hautnah in einer der zauberhaftesten Sph\u00e4re im hohen Norden auf der Ostsee erleben und das mit einem Schiff der Eis- und Extraklasse \u2013 der Hanseatic spirit. Wir z\u00f6gerten nicht lange als diese Reise fast noch taufrisch \u00fcber unser Reiseb\u00fcro Reudnitzer Reisen buchbar war.<br \/>\nNach all dem allj\u00e4hrlich wiederkehrendem Trubel zum Jahreswechsel, das Jahr einmal anders beginnen \u2013 ohne Termine, ruhig und voller Vorfreude auf ein Reiseabenteuer in Lappland. Was wir erleben durften, was wir an Erfahrung gesammelt haben, welche Geheimtipps wir euch weitersagen m\u00f6chten \u2013 lest nun.<\/p>\n<\/div>\n\t\t<\/div><\/div><\/div><div id=\"pg-1418-2\"  class=\"panel-grid panel-no-style\" ><div id=\"pgc-1418-2-0\"  class=\"panel-grid-cell\" ><div id=\"panel-1418-2-0-0\" class=\"so-panel widget widget_media_image panel-first-child panel-last-child\" data-index=\"5\" ><img loading=\"lazy\" decoding=\"async\" width=\"300\" height=\"666\" src=\"https:\/\/reisen.reudnitzer-reisen.com\/reiseberichte\/wp-content\/uploads\/sites\/11\/2025\/02\/bg-schiff.jpg\" class=\"image wp-image-1424  attachment-full size-full\" alt=\"\" style=\"max-width: 100%; height: auto;\" srcset=\"https:\/\/reisen.reudnitzer-reisen.com\/reiseberichte\/wp-content\/uploads\/sites\/11\/2025\/02\/bg-schiff.jpg 300w, https:\/\/reisen.reudnitzer-reisen.com\/reiseberichte\/wp-content\/uploads\/sites\/11\/2025\/02\/bg-schiff-135x300.jpg 135w\" sizes=\"(max-width: 300px) 100vw, 300px\" \/><\/div><\/div><div id=\"pgc-1418-2-1\"  class=\"panel-grid-cell\" ><div id=\"panel-1418-2-1-0\" class=\"so-panel widget widget_sow-editor panel-first-child panel-last-child\" data-index=\"6\" ><div class=\"so-widget-sow-editor so-widget-sow-editor-base\">\n<div class=\"siteorigin-widget-tinymce textwidget\">\n\t<p><strong>Auf nach Hamburg \u2013 Auf- und angeregt<\/strong><br \/>Im pulsierenden Hamburg lag unser modernes Expeditionsschiff ganz gelassen, freundlich l\u00e4chelte es durch die gro\u00dfe Wartehalle allen entgegen. Wie eine Miniaturausgabe wirkt es, wenn man es mit all den gro\u00dfen Kreuzfahrtriesen vergleicht. Wippend sp\u00fcrbar war die Vorfreude der 198 G\u00e4ste beim Lauf \u00fcber die Gangway. Nach einem herzlichen Empfang durch die Crew und einer kurzen Einweisung setzten wir die Segel in Richtung Norden. Die Abendlichter spiegelten sich im Elbwasser und schauten uns wehm\u00fctig hinterher. Schwebend, nicht wahrnehmbar steuerte unser Kapit\u00e4n Axel Engeldrum sein Schiff die Elbe entlang und die Spannung auf die bevorstehenden Erlebnisse in Finnisch Lappland lag geheimnisvoll \u00fcber Deck.<\/p>\n<p><strong>Auf See \u2013 Entspannung<\/strong><br \/>Die Tage waren dem Erkunden des Schiffes und den Vorbereitungen auf die kommenden Abenteuer gewidmet. Haben wir alle Ausfl\u00fcge gebucht? Das Angebot ist ja so vielseitig. Ob, Stadtf\u00fchrungen, Schlossbesichtigungen in Stockholm und Kopenhagen abseits der Hochsaison. Spannende Outdoor-Erlebnisse, aktiv mit Schneeschuhen durch die verschneite Landschaft wandern, eine Schneemobilsafari oder doch eine Hundeschlittentour und auf dem Schiff gibt es auch noch viel zu entdecken. Die eigene Akademie mit einer digitalen Bibliothek, Mikroskope f\u00fcr eigene Studien von Inklusen oder all die kulinarischen Freuden in der Observationlounge bei bestem Panorama-Ausblick umgeben von der netten Crew von Hapag Lloyd, die darauf spezialisiert ist, uns so richtig zu verw\u00f6hnen.<br \/>Wir genossen den Blick \u00fcber das weite Wasser, all die Annehmlichkeiten an Bord, darunter ein Spa-Bereich mit Sauna und Au\u00dfenpool. Lauschten dem ersten informativen Vortrag \u00fcber Eisschilde als Landschaftsgestalter der Nordhemnisph\u00e4re mit der Geologin Frau Heike Fries. All dies steigerte die Vorfreude auf die bevorstehenden Erkundungen um ein Weiteres. Nach den Gaumenfreuden am Abend im Hanseatic Restaurant und dem rundum Service des gesamten Teams, im Besonderen den freundlichen Herren Norick, John und Nevzat, die um unseren Tisch tanzten, um uns jeden Wunsch von den Lippen abzulesen, setzte sich ein Wohlgef\u00fchl der Tiefenentspannung ein und wir tr\u00e4umten in unserem bequemen Bett von den bevorstehenden Abenteuern.<\/p>\n<\/div>\n<\/div><\/div><\/div><\/div><div id=\"pg-1418-3\"  class=\"panel-grid panel-no-style\" ><div id=\"pgc-1418-3-0\"  class=\"panel-grid-cell\" ><div id=\"panel-1418-3-0-0\" class=\"so-panel widget widget_media_image panel-first-child panel-last-child\" data-index=\"7\" ><img loading=\"lazy\" decoding=\"async\" width=\"300\" height=\"666\" src=\"https:\/\/reisen.reudnitzer-reisen.com\/reiseberichte\/wp-content\/uploads\/sites\/11\/2025\/02\/bg-moment.jpg\" class=\"image wp-image-1433  attachment-full size-full\" alt=\"\" style=\"max-width: 100%; height: auto;\" srcset=\"https:\/\/reisen.reudnitzer-reisen.com\/reiseberichte\/wp-content\/uploads\/sites\/11\/2025\/02\/bg-moment.jpg 300w, https:\/\/reisen.reudnitzer-reisen.com\/reiseberichte\/wp-content\/uploads\/sites\/11\/2025\/02\/bg-moment-135x300.jpg 135w\" sizes=\"(max-width: 300px) 100vw, 300px\" \/><\/div><\/div><div id=\"pgc-1418-3-1\"  class=\"panel-grid-cell\" ><div id=\"panel-1418-3-1-0\" class=\"so-panel widget widget_sow-editor panel-first-child panel-last-child\" data-index=\"8\" ><div class=\"so-widget-sow-editor so-widget-sow-editor-base\">\n<div class=\"siteorigin-widget-tinymce textwidget\">\n\t<p><strong>Am Kay in Stockholm \u2013 Geschichte(n) einer Stadt<\/strong><br \/>Leicht schneebedeckt ragte uns am Morgen die Hauptstadt Schwedens, Stockholm, majest\u00e4tisch entgegen. Die malerische Stadt, die im Winter in ein zauberhaftes M\u00e4rchen verwandelt war erkundeten wir heute mit einer einheimischen Stadtf\u00fchrerin zu Fu\u00df. Sie f\u00fchrte uns durch den historischen Stadtkern, durch enge Gassen und lud uns in die urigsten Lokale unter der Stadt, die ihre eigenen Geschichten erz\u00e4hlen zu Punsch und Zimtpl\u00e4tzchen ein. Entlang der farbenfrohen Sehensw\u00fcrdigkeiten ging es zum Abschluss noch in das Schloss \u2013 ein m\u00e4rchenhaftes Anwesen der K\u00f6nigsfamilien von einst und heute. Wieder an Bord spiegelten sich zum Abschied warmherzig und<br \/>ganz leise die Lichter der Stadt im Wasser und erz\u00e4hlten sich ihre Geschichten von Begebenheiten, die sie kommen, gehen und fahren sehen, Tag ein, Tag aus.<\/p>\n<p><strong>Lule\u00e5 \u2013 ein zauberhaftes Eism\u00e4rchen \u2013 Herzklopfen<\/strong><br \/>W\u00e4hrend wir uns weiter auf die Reise auf unserem n\u00e4chtlichen Kurs nach Lule\u00e5 begaben stieg die Spannung \u2013 die Nacht wechselte ihr beeindruckendes Farbenspiel am Himmel von Indigoblau ins Nachtblau, die Temperaturen sanken immer weiter und die Eisplatten raunten schon leise in der Ferne mit ihrem klirrend eisigen Klang. Die sanften Wellen begleiteten, bei halboffener Balkont\u00fcr, unseren Schlaf, drau\u00dfen und drinnen knisterte die Stimmung zunehmend. Dann endlich kam das Signal vom K\u00e4pt`n \u2013 Polarlichter ganz schwach und dazu ein sagenhaft gro\u00dfartiger Mond. Dick eingepackt ging es noch halb verschlafen mit Herzklopfen und Kamera, bei minus 15 Grad, vor zum Bug. Die See war getaucht in nachtschwarz und wie eine Laterne hing der Vollmond \u00fcber ihr, die Eisschollen reflektierten behutsam das Mondlicht, welches mit seinem Schein weit hin\u00fcber zu unserem Schiff leuchtete, als wolle es uns den Weg weisen. Das erste Eis unter dem Schiff machte Platz \u2013 noch\u2026.Weiter mit Kurs auf Lule\u00e5 \u2013 ging ohne Eisbrecher erst einmal nichts mehr, die zugefrorene Ostsee umschloss immer mehr unser Schiff. Unser Kapit\u00e4n Alex entspannte die Situation, mit der Ansage: \u201eEisbrecher in Sicht\u201c. W\u00e4hrend der Wartezeit ruckte das eiserprobte Schiff vor und zur\u00fcck, versuchte sich einen Weg durch das Meereis in die nebenstehende Fahrrinne zu bahnen, was gelang.<\/p>\n<\/div>\n<\/div><\/div><\/div><\/div><div id=\"pg-1418-4\"  class=\"panel-grid panel-no-style\" ><div id=\"pgc-1418-4-0\"  class=\"panel-grid-cell\" ><div id=\"panel-1418-4-0-0\" class=\"so-panel widget widget_media_image panel-first-child\" data-index=\"9\" ><div class=\"panel-widget-style panel-widget-style-for-1418-4-0-0\" ><img loading=\"lazy\" decoding=\"async\" width=\"300\" height=\"169\" src=\"https:\/\/reisen.reudnitzer-reisen.com\/reiseberichte\/wp-content\/uploads\/sites\/11\/2025\/02\/Winterexpedition-Bottnischer-Meerbusen-Januar-2025-Route-300x169.jpg\" class=\"image wp-image-1422  attachment-medium size-medium\" alt=\"\" style=\"max-width: 100%; height: auto;\" srcset=\"https:\/\/reisen.reudnitzer-reisen.com\/reiseberichte\/wp-content\/uploads\/sites\/11\/2025\/02\/Winterexpedition-Bottnischer-Meerbusen-Januar-2025-Route-300x169.jpg 300w, https:\/\/reisen.reudnitzer-reisen.com\/reiseberichte\/wp-content\/uploads\/sites\/11\/2025\/02\/Winterexpedition-Bottnischer-Meerbusen-Januar-2025-Route-1024x576.jpg 1024w, https:\/\/reisen.reudnitzer-reisen.com\/reiseberichte\/wp-content\/uploads\/sites\/11\/2025\/02\/Winterexpedition-Bottnischer-Meerbusen-Januar-2025-Route-768x432.jpg 768w, https:\/\/reisen.reudnitzer-reisen.com\/reiseberichte\/wp-content\/uploads\/sites\/11\/2025\/02\/Winterexpedition-Bottnischer-Meerbusen-Januar-2025-Route-1536x864.jpg 1536w, https:\/\/reisen.reudnitzer-reisen.com\/reiseberichte\/wp-content\/uploads\/sites\/11\/2025\/02\/Winterexpedition-Bottnischer-Meerbusen-Januar-2025-Route.jpg 1920w\" sizes=\"(max-width: 300px) 100vw, 300px\" \/><\/div><\/div><div id=\"panel-1418-4-0-1\" class=\"so-panel widget widget_media_image\" data-index=\"10\" ><div class=\"panel-widget-style panel-widget-style-for-1418-4-0-1\" ><img loading=\"lazy\" decoding=\"async\" width=\"300\" height=\"136\" src=\"https:\/\/reisen.reudnitzer-reisen.com\/reiseberichte\/wp-content\/uploads\/sites\/11\/2025\/02\/bg4-300x136.jpg\" class=\"image wp-image-1425  attachment-medium size-medium\" alt=\"\" style=\"max-width: 100%; height: auto;\" srcset=\"https:\/\/reisen.reudnitzer-reisen.com\/reiseberichte\/wp-content\/uploads\/sites\/11\/2025\/02\/bg4-300x136.jpg 300w, https:\/\/reisen.reudnitzer-reisen.com\/reiseberichte\/wp-content\/uploads\/sites\/11\/2025\/02\/bg4.jpg 550w\" sizes=\"(max-width: 300px) 100vw, 300px\" \/><\/div><\/div><div id=\"panel-1418-4-0-2\" class=\"so-panel widget widget_media_image\" data-index=\"11\" ><div class=\"panel-widget-style panel-widget-style-for-1418-4-0-2\" ><img loading=\"lazy\" decoding=\"async\" width=\"300\" height=\"136\" src=\"https:\/\/reisen.reudnitzer-reisen.com\/reiseberichte\/wp-content\/uploads\/sites\/11\/2025\/02\/bg3-300x136.jpg\" class=\"image wp-image-1426  attachment-medium size-medium\" alt=\"\" style=\"max-width: 100%; height: auto;\" srcset=\"https:\/\/reisen.reudnitzer-reisen.com\/reiseberichte\/wp-content\/uploads\/sites\/11\/2025\/02\/bg3-300x136.jpg 300w, https:\/\/reisen.reudnitzer-reisen.com\/reiseberichte\/wp-content\/uploads\/sites\/11\/2025\/02\/bg3.jpg 550w\" sizes=\"(max-width: 300px) 100vw, 300px\" \/><\/div><\/div><div id=\"panel-1418-4-0-3\" class=\"so-panel widget widget_media_image\" data-index=\"12\" ><div class=\"panel-widget-style panel-widget-style-for-1418-4-0-3\" ><img loading=\"lazy\" decoding=\"async\" width=\"300\" height=\"136\" src=\"https:\/\/reisen.reudnitzer-reisen.com\/reiseberichte\/wp-content\/uploads\/sites\/11\/2025\/02\/bg1-300x136.jpg\" class=\"image wp-image-1428  attachment-medium size-medium\" alt=\"\" style=\"max-width: 100%; height: auto;\" srcset=\"https:\/\/reisen.reudnitzer-reisen.com\/reiseberichte\/wp-content\/uploads\/sites\/11\/2025\/02\/bg1-300x136.jpg 300w, https:\/\/reisen.reudnitzer-reisen.com\/reiseberichte\/wp-content\/uploads\/sites\/11\/2025\/02\/bg1.jpg 550w\" sizes=\"(max-width: 300px) 100vw, 300px\" \/><\/div><\/div><div id=\"panel-1418-4-0-4\" class=\"so-panel widget widget_media_image panel-last-child\" data-index=\"13\" ><div class=\"panel-widget-style panel-widget-style-for-1418-4-0-4\" ><img loading=\"lazy\" decoding=\"async\" width=\"300\" height=\"136\" src=\"https:\/\/reisen.reudnitzer-reisen.com\/reiseberichte\/wp-content\/uploads\/sites\/11\/2025\/02\/bg2-300x136.jpg\" class=\"image wp-image-1427  attachment-medium size-medium\" alt=\"\" style=\"max-width: 100%; height: auto;\" srcset=\"https:\/\/reisen.reudnitzer-reisen.com\/reiseberichte\/wp-content\/uploads\/sites\/11\/2025\/02\/bg2-300x136.jpg 300w, https:\/\/reisen.reudnitzer-reisen.com\/reiseberichte\/wp-content\/uploads\/sites\/11\/2025\/02\/bg2.jpg 550w\" sizes=\"(max-width: 300px) 100vw, 300px\" \/><\/div><\/div><\/div><div id=\"pgc-1418-4-1\"  class=\"panel-grid-cell\" ><div id=\"panel-1418-4-1-0\" class=\"so-panel widget widget_sow-editor panel-first-child\" data-index=\"14\" ><div class=\"so-widget-sow-editor so-widget-sow-editor-base\">\n<div class=\"siteorigin-widget-tinymce textwidget\">\n\t<p>Der Eisbrecher kam schnell und sicherte den Weg mit den Lotsen nach Lule\u00e5. Alles lief nach Plan und wir konnten all die M\u00f6glichkeiten, die Stadt Lule\u00e5 zu erkunden nutzen. Die Stadt von Eis und Schnee umgeben, breitete sich vor uns, wie ein zauberhaftes M\u00e4rchen aus. Wie Kinder rutschten wir \u00fcber das Eis \u2013 liefen durch die liebevoll weihnachtlich geschm\u00fcckten Stra\u00dfen. Freundliche Menschen gr\u00fc\u00dften uns, obwohl sie uns nicht kannten, was es nicht alles noch gibt \u2013 ein Wunder oder einfach nur selbstverst\u00e4ndlich gastfreundlich\u2026 und wenn man noch bei strahlendem Sonnenschein \u00fcber Wasser, hier nun die zugefrorene Ostsee, gemeinsam laufen kann, ist das einfach unbezahlbar!<br \/>Am n\u00e4chsten Morgen besuchten wir das UNESCO-Weltkulturerbe Gammelstad, eine charmante alte Stadt im Norden Schwedens. Hier erkundeten wir das ehemalige Kirchendorf, mit seinen historischen roten Holzh\u00e4usern. Die K\u00e4lte war bei\u00dfend, aber die Sch\u00f6nheit des schneebedeckten Dorfes, mit den kleinen roten H\u00e4uschen machte alles wett. Danach ging es weiter in eine atemberaubende Landschaft mit Wasserf\u00e4llen, die ihre ganz eigenen Eisskulpturen kreieren. In das Gebiet mit den Stromschnellen von Storfosen, welches ein Naturreservat ist, welches durch Wege und Holzstege zu begehen ist. An offenen Feuerstellen hielten wir uns bei Punsch und den landestypischen Zimtschnecken auf und w\u00e4rmten uns auf, w\u00e4hrend unser Atem mit der klirrenden Luft spielte. Am Abend in unserer komfortablen Kabine lie\u00dfen wir die friedliche Atmosph\u00e4re der Landschaft Revue passieren und horchten der Ansage, die pl\u00f6tzlich die Stille durchbrach\u2026Polarlichter\u2026 Sie sind so mystisch und geheimnisvoll und f\u00fcllten Sagen und Geschichten vergangener Jahrhunderte. Wie es sich um die Lichtt\u00e4nze von Sonne und Magnetismus wirklich verh\u00e4lt,<\/p>\n<\/div>\n<\/div><\/div><div id=\"panel-1418-4-1-1\" class=\"so-panel widget widget_sow-editor\" data-index=\"15\" ><div class=\"so-widget-sow-editor so-widget-sow-editor-base\">\n<div class=\"siteorigin-widget-tinymce textwidget\">\n\t<p><strong>Bottensee und Kvarken Archipel - Durchatmen<\/strong><br \/>Kemi \u2013 Magie des Winters Unser n\u00e4chster Halt war Kemi in Finnland. Die Stadt ist bekannt f\u00fcr ihr Eisschloss. Viel Information zur Stadt, zur Geschichte Skandinaviens, ganz kreativ und anschaulich, gab es vor jeder neuen Destination, vor jedem Ausflug, jeder Stadt durch Dr. Arne Kertelhein aber auch dem Expertenteam der Hanseatic spirit. So waren wir gut vorbereitet f\u00fcr unsere individuellen Entdeckertouren. Umgeben von schneebedeckten B\u00e4umen und der Stille des Waldes genossen wir den Bummel durch die Stadt.<br \/>Rauma \u2013 Historische Sch\u00f6nheit Nach einer weiteren Nacht auf See erreichten wir Rauma, eine Stadt, die f\u00fcr ihre gut erhaltene Altstadt bekannt ist. Hier schlenderten wir durch die engen Gassen, bewunderten die bunten Holzh\u00e4user und besuchten lokale Handwerksl\u00e4den. Der Winter hatte die Stadt in eine ruhige, fast magische Atmosph\u00e4re geh\u00fcllt.<\/p>\n<\/div>\n<\/div><\/div><div id=\"panel-1418-4-1-2\" class=\"so-panel widget widget_sow-editor panel-last-child\" data-index=\"16\" ><div class=\"so-widget-sow-editor so-widget-sow-editor-base\">\n<div class=\"siteorigin-widget-tinymce textwidget\">\n\t<p><strong>Rovaniemi \u2013 Das Tor zum Weihnachtsmann<\/strong><br \/>Einige folgten dem Ausflug zur Heimat des Weihnachtsmanns. Das Santa Claus Village ist wirklich sehenswert und wundersch\u00f6n! Da wir den Weihnachtsmann von Rovaniemi mit seinem Dorf am Polarkreis schon kennen, blieb Zeit f\u00fcr all die Annehmlichkeiten des Schiffes. So genossen wir die winterliche Landschaft bei einem Saunaaufguss mit Blick auf die verschneite Stadt.<\/p>\n<p><strong>Residenz f\u00fcr Eisprinzessinnen \u2013 Augenweide im Schnee<\/strong><br \/>M\u00e4rchenhaftes Kopenhagen Nach einer weiteren Nacht auf See erreichten wir Kopenhagen, die d\u00e4nische Hauptstadt lag im leichten Nebel vor uns und enth\u00fcllte langsam ihre historische Shiloutte. Sehr fr\u00fch am Morgen begr\u00fc\u00dfte uns eine freundliche einheimische Reiseleiterin im Bus. Unsere Rundfahrt durch die angrenzenden Stadtteile zu den geschichtstr\u00e4chtigen Schl\u00f6ssern konnte beginnen. Entlang unserer Schl\u00f6ssertour reihten sich schon bald, wie auf einer Perlenschnur wundersch\u00f6ne wei\u00dfe Villen vor uns auf. Mit jedem Schritt, den wir in die Stra\u00dfen und Alleen der Gegend setzten, sp\u00fcrten wir die Erhabenheit dieser k\u00f6niglichen Metropole. Die Farben der H\u00e4user pr\u00e4gen das gesamte Stadtbild und wechseln sich vom Wei\u00df, Rot oder Schwartz harmonisch ab. Eine Kulisse, wie sie h\u00e4tte f\u00fcr einen Film nicht besser sein k\u00f6nnen. Apropos Film: Am Haus der Schriftstellerin Karen Blixen fuhren wir nat\u00fcrlich auch vorbei. Nach ihrer tragischen R\u00fcckkehr von Kenia nach Kopenhagen in das Haus ihrer Mutter, fing sie mit dem Schreiben an, ihr Schaffen ihrer weltber\u00fchmten Werke zieht sich bis heute durch die B\u00fcchereien - bis hin zum mit acht Oscars preisgekr\u00f6nten Film \u201eJenseits von Afrika\u201c.<\/p>\n<p><strong>Nord-Ostsee-Kanal Malerische Kulisse \u2013 Tiefenentspannte Stimmung mit Kurs auf Hamburg<\/strong><br \/>Bilder, Stimmungen und Eindr\u00fccke begleiten uns w\u00e4hrend wir im Zeitlupentempo den Nord-Ostsee-Kanal hinunterfahren. Was f\u00fcr ein unvergessliches Winterabenteuer durften wir hier mit der Hanseatic spirit erleben. Mit der links und rechts vorbeiziehenden Kulisse der Landschaft mit ihren am Ufer liegenden schmucken H\u00e4usern ziehen wir unser Fazit: Diese Winterexpedition zum Bottnischen Meerbusen war wirklich eine gute Entscheidung, so ein unvergessliches Erlebnis halt lange nach. Die Kombination aus atemberaubenden Landschaften, kulturellen Entdeckungen und dem faszinierenden Schauspiel der Polarlichter machte unsere Winterreise zu etwas ganz Besonderem. Wir k\u00f6nnen nur jedem empfehlen, diese magische Region im Winter zu erkunden \u2013 es ist ein Abenteuer, das es lohnt zu wiederholen \u2013 vielleicht auch einmal im Sommer. Diese Expeditionskreuzfahrt ab Hamburg nach Finnisch Lappland war ein unvergessliches Erlebnis. Die Kombination aus atemberaubenden Landschaften, kulturellen Entdeckungen und aufregenden Aktivit\u00e4ten machte die Reise zu einem wahren Abenteuer mit Erholungseffekt. Wir k\u00f6nnen jedem nur empfehlen, diese magische Region zu erkunden. Das einzige was wir vermisst haben, war mehr Zeit um zu verweilen - zum Gl\u00fcck gibt es in Leipzig Reudnitzer Reisen, ein Reiseb\u00fcro in dem das Motto \u201eWir schenken euch Zeit\u201c Philosophie ist!<\/p>\n<\/div>\n<\/div><\/div><\/div><\/div><div id=\"pg-1418-5\"  class=\"panel-grid panel-no-style\" ><div id=\"pgc-1418-5-0\"  class=\"panel-grid-cell\" ><div id=\"panel-1418-5-0-0\" class=\"so-panel widget widget_text panel-first-child panel-last-child\" data-index=\"17\" >\t\t\t<div class=\"textwidget\"><p><strong><em>M\u00f6chten Sie n\u00e4here Informationen zu dieserKreuzfahrt? Dann vereinbaren Sie mit Ihren Reiseberater einen Termin, wir freuen uns auf Sie!<\/em><\/strong><\/p>\n<\/div>\n\t\t<\/div><\/div><\/div><\/div>","protected":false},"excerpt":{"rendered":"<p>Winterexpedition Bottnischer Meerbusen Januar 2025 &nbsp; Wintersinfonie von Eis, Schnee und Licht Eine Reiseerlebnis mit der Hanseatic spirit zwischen dem 55. und 69. Breitengrad Einmal den Winter hautnah in einer der zauberhaftesten Sph\u00e4re im hohen Norden auf der Ostsee erleben <a href=\"https:\/\/reisen.reudnitzer-reisen.com\/reiseberichte\/bernd-graeske\/reisebericht-wintersinfonie\/\"> more&#8230;<\/a><\/p>\n","protected":false},"author":1,"featured_media":0,"parent":1416,"menu_order":0,"comment_status":"closed","ping_status":"closed","template":"","meta":{"footnotes":""},"_links":{"self":[{"href":"https:\/\/reisen.reudnitzer-reisen.com\/reiseberichte\/wp-json\/wp\/v2\/pages\/1418"}],"collection":[{"href":"https:\/\/reisen.reudnitzer-reisen.com\/reiseberichte\/wp-json\/wp\/v2\/pages"}],"about":[{"href":"https:\/\/reisen.reudnitzer-reisen.com\/reiseberichte\/wp-json\/wp\/v2\/types\/page"}],"author":[{"embeddable":true,"href":"https:\/\/reisen.reudnitzer-reisen.com\/reiseberichte\/wp-json\/wp\/v2\/users\/1"}],"replies":[{"embeddable":true,"href":"https:\/\/reisen.reudnitzer-reisen.com\/reiseberichte\/wp-json\/wp\/v2\/comments?post=1418"}],"version-history":[{"count":14,"href":"https:\/\/reisen.reudnitzer-reisen.com\/reiseberichte\/wp-json\/wp\/v2\/pages\/1418\/revisions"}],"predecessor-version":[{"id":1440,"href":"https:\/\/reisen.reudnitzer-reisen.com\/reiseberichte\/wp-json\/wp\/v2\/pages\/1418\/revisions\/1440"}],"up":[{"embeddable":true,"href":"https:\/\/reisen.reudnitzer-reisen.com\/reiseberichte\/wp-json\/wp\/v2\/pages\/1416"}],"wp:attachment":[{"href":"https:\/\/reisen.reudnitzer-reisen.com\/reiseberichte\/wp-json\/wp\/v2\/media?parent=1418"}],"curies":[{"name":"wp","href":"https:\/\/api.w.org\/{rel}","templated":true}]}}