{"id":1271,"date":"2023-07-07T11:07:56","date_gmt":"2023-07-07T09:07:56","guid":{"rendered":"https:\/\/reisen.reudnitzer-reisen.com\/reiseberichte\/?page_id=1271"},"modified":"2023-07-07T13:06:10","modified_gmt":"2023-07-07T11:06:10","slug":"reisebericht-griechenland-kos","status":"publish","type":"page","link":"https:\/\/reisen.reudnitzer-reisen.com\/reiseberichte\/pascal-mann\/reisebericht-griechenland-kos\/","title":{"rendered":"Reisebericht Griechenland &#8211; Kos"},"content":{"rendered":"<div id=\"pl-1271\"  class=\"panel-layout\" ><div id=\"pg-1271-0\"  class=\"panel-grid panel-no-style\" ><div id=\"pgc-1271-0-0\"  class=\"panel-grid-cell\" ><div id=\"panel-1271-0-0-0\" class=\"so-panel widget widget_media_image panel-first-child panel-last-child\" data-index=\"0\" ><a href=\"https:\/\/reisen.reudnitzer-reisen.com\/reiseberichte\/wp-content\/uploads\/sites\/11\/2023\/07\/kos-1.jpg\"><img loading=\"lazy\" decoding=\"async\" width=\"730\" height=\"973\" src=\"https:\/\/reisen.reudnitzer-reisen.com\/reiseberichte\/wp-content\/uploads\/sites\/11\/2023\/07\/kos-1-768x1024.jpg\" class=\"image wp-image-1279  attachment-large size-large\" alt=\"\" style=\"max-width: 100%; height: auto;\" srcset=\"https:\/\/reisen.reudnitzer-reisen.com\/reiseberichte\/wp-content\/uploads\/sites\/11\/2023\/07\/kos-1-768x1024.jpg 768w, https:\/\/reisen.reudnitzer-reisen.com\/reiseberichte\/wp-content\/uploads\/sites\/11\/2023\/07\/kos-1-225x300.jpg 225w, https:\/\/reisen.reudnitzer-reisen.com\/reiseberichte\/wp-content\/uploads\/sites\/11\/2023\/07\/kos-1.jpg 960w\" sizes=\"(max-width: 730px) 100vw, 730px\" \/><\/a><\/div><\/div><div id=\"pgc-1271-0-1\"  class=\"panel-grid-cell\" ><div id=\"panel-1271-0-1-0\" class=\"so-panel widget widget_media_image panel-first-child panel-last-child\" data-index=\"1\" ><a href=\"https:\/\/reisen.reudnitzer-reisen.com\/reiseberichte\/wp-content\/uploads\/sites\/11\/2023\/07\/kos-2.jpg\"><img loading=\"lazy\" decoding=\"async\" width=\"730\" height=\"973\" src=\"https:\/\/reisen.reudnitzer-reisen.com\/reiseberichte\/wp-content\/uploads\/sites\/11\/2023\/07\/kos-2-768x1024.jpg\" class=\"image wp-image-1278  attachment-large size-large\" alt=\"\" style=\"max-width: 100%; height: auto;\" srcset=\"https:\/\/reisen.reudnitzer-reisen.com\/reiseberichte\/wp-content\/uploads\/sites\/11\/2023\/07\/kos-2-768x1024.jpg 768w, https:\/\/reisen.reudnitzer-reisen.com\/reiseberichte\/wp-content\/uploads\/sites\/11\/2023\/07\/kos-2-225x300.jpg 225w, https:\/\/reisen.reudnitzer-reisen.com\/reiseberichte\/wp-content\/uploads\/sites\/11\/2023\/07\/kos-2.jpg 960w\" sizes=\"(max-width: 730px) 100vw, 730px\" \/><\/a><\/div><\/div><div id=\"pgc-1271-0-2\"  class=\"panel-grid-cell\" ><div id=\"panel-1271-0-2-0\" class=\"so-panel widget widget_media_image panel-first-child panel-last-child\" data-index=\"2\" ><a href=\"https:\/\/reisen.reudnitzer-reisen.com\/reiseberichte\/wp-content\/uploads\/sites\/11\/2023\/07\/kos-3.jpg\"><img loading=\"lazy\" decoding=\"async\" width=\"730\" height=\"973\" src=\"https:\/\/reisen.reudnitzer-reisen.com\/reiseberichte\/wp-content\/uploads\/sites\/11\/2023\/07\/kos-3-768x1024.jpg\" class=\"image wp-image-1277  attachment-large size-large\" alt=\"\" style=\"max-width: 100%; height: auto;\" srcset=\"https:\/\/reisen.reudnitzer-reisen.com\/reiseberichte\/wp-content\/uploads\/sites\/11\/2023\/07\/kos-3-768x1024.jpg 768w, https:\/\/reisen.reudnitzer-reisen.com\/reiseberichte\/wp-content\/uploads\/sites\/11\/2023\/07\/kos-3-225x300.jpg 225w, https:\/\/reisen.reudnitzer-reisen.com\/reiseberichte\/wp-content\/uploads\/sites\/11\/2023\/07\/kos-3.jpg 960w\" sizes=\"(max-width: 730px) 100vw, 730px\" \/><\/a><\/div><\/div><div id=\"pgc-1271-0-3\"  class=\"panel-grid-cell\" ><div id=\"panel-1271-0-3-0\" class=\"so-panel widget widget_media_image panel-first-child panel-last-child\" data-index=\"3\" ><a href=\"https:\/\/reisen.reudnitzer-reisen.com\/reiseberichte\/wp-content\/uploads\/sites\/11\/2023\/07\/kos-4.jpg\"><img loading=\"lazy\" decoding=\"async\" width=\"730\" height=\"973\" src=\"https:\/\/reisen.reudnitzer-reisen.com\/reiseberichte\/wp-content\/uploads\/sites\/11\/2023\/07\/kos-4-768x1024.jpg\" class=\"image wp-image-1276  attachment-large size-large\" alt=\"\" style=\"max-width: 100%; height: auto;\" srcset=\"https:\/\/reisen.reudnitzer-reisen.com\/reiseberichte\/wp-content\/uploads\/sites\/11\/2023\/07\/kos-4-768x1024.jpg 768w, https:\/\/reisen.reudnitzer-reisen.com\/reiseberichte\/wp-content\/uploads\/sites\/11\/2023\/07\/kos-4-225x300.jpg 225w, https:\/\/reisen.reudnitzer-reisen.com\/reiseberichte\/wp-content\/uploads\/sites\/11\/2023\/07\/kos-4.jpg 960w\" sizes=\"(max-width: 730px) 100vw, 730px\" \/><\/a><\/div><\/div><\/div><div id=\"pg-1271-1\"  class=\"panel-grid panel-no-style\" ><div id=\"pgc-1271-1-0\"  class=\"panel-grid-cell\" ><div id=\"panel-1271-1-0-0\" class=\"so-panel widget widget_text panel-first-child\" data-index=\"4\" >\t\t\t<div class=\"textwidget\"><p><strong><u>INFOREISE KOS 2023<\/u><\/strong><\/p>\n<p>Kos hat mich mit seiner reichen Geschichte, seinen malerischen Str\u00e4nden und seiner beeindruckenden Landschaft begeistert. Die Insel bietet eine perfekte Kombination aus Kultur, Natur und Entspannung.<\/p>\n<p>Der Flughafen KGS Hippocrates ist klein und \u00fcbersichtlich. Im Allgemeinen ist die Insel selber auch sehr klein, sodass die jeweiligen Hoteltransfers quasi wie Katzenspr\u00fcnge sind. Der weiteste Hoteltransfer ist maximal 45 Minuten.<\/p>\n<p>Die Hauptstadt der Insel Kos-Stadt hat eine lebhafte Atmosph\u00e4re und bietet eine gute Mischung aus Geschichte, Kultur und modernem Leben. Die Altstadt von Kos-Stadt ist gepr\u00e4gt von engen Gassen und gem\u00fctlichen Caf\u00e9s sowie historischen Geb\u00e4uden, wie z.B. die Festung Neratzia oder die Bastion am Hippocrates Platz. F\u00fcr junge Menschen gibt es ein Barviertel mit einigen Nachtclubs, bei denen sich \u00fcberwiegend Briten und Skandinavier aufhalten.<\/p>\n<p>Die besten Str\u00e4nde sind im Westen der Hauptstadt in den Regionen Tigaki, Marmari und Mastichari. Hier ist der Sand fein und fast kaum mit kleinen Steinen untersetzt. Die Str\u00e4nde \u00f6stlich von Kos-Stadt sind steinig. Badeschuhe werden hier sehr empfohlen. Die Str\u00e4nde der S\u00fcdk\u00fcste sind feinsandig, allerdings ist der Boden im Wasser aus festem Gestein und sehr rutschig, weshalb man hier lieber behutsam ins Wasser laufen sollte. An einigen Str\u00e4nden gibt es einen Steg zum reinh\u00fcpfen.<\/p>\n<p>Ausfl\u00fcge die unbedingt gemacht werden m\u00fcssen, sind einmal <em><strong>die Besichtigung des Bergdorfs Zia<\/strong><\/em>, das f\u00fcr seine malerischen Gassen und traditionellen Tavernen bekannt ist und <em><strong>das Askleipion<\/strong><\/em>. Eine bedeutende arch\u00e4ologische St\u00e4tte, die Besucher aus aller Welt anzieht, um die historische Bedeutung und die gut erhaltenen Ruinen zu erkunden. Die Anlage umfasst <strong><em>Tempel, Alt\u00e4re, Behandlungsr\u00e4ume und Heilquellen aus antiker Zeit<\/em><\/strong>. Kos liegt auch unmittelbar vor der t\u00fcrkischen K\u00fcste bei Bodrum. Die k\u00fcrzeste Distanz von der Insel zum t\u00fcrkischen Festland sind 6km! <em><strong>Tagesausfl\u00fcge von Kos-Stadt nach Bodrum sind mit der F\u00e4hre m\u00f6glich<\/strong><\/em>. Au\u00dferdem kann man auch mit der F\u00e4hre umliegende Inseln besichtigen, beispielsweise <em><strong>die Vulkaninsel Nisiros<\/strong><\/em>.<\/p>\n<p>&nbsp;<\/p>\n<\/div>\n\t\t<\/div><div id=\"panel-1271-1-0-1\" class=\"so-panel widget widget_text panel-last-child\" data-index=\"5\" ><h3 class=\"widget-title\">Mein Hoteltipp &gt; Grecotel LUX ME Kos Imperial in Psalidi-Paradisi (Insel Kos) \u2605\u2605\u2605\u2605<\/h3>\t\t\t<div class=\"textwidget\"><\/div>\n\t\t<\/div><\/div><\/div><div id=\"pg-1271-2\"  class=\"panel-grid panel-no-style\" ><div id=\"pgc-1271-2-0\"  class=\"panel-grid-cell\" ><div id=\"panel-1271-2-0-0\" class=\"so-panel widget widget_media_image panel-first-child panel-last-child\" data-index=\"6\" ><a href=\"https:\/\/reisen.reudnitzer-reisen.com\/reiseberichte\/wp-content\/uploads\/sites\/11\/2023\/07\/Grecotel-LUX-ME-Kos-Imperial-3.jpg\"><img loading=\"lazy\" decoding=\"async\" width=\"800\" height=\"600\" src=\"https:\/\/reisen.reudnitzer-reisen.com\/reiseberichte\/wp-content\/uploads\/sites\/11\/2023\/07\/Grecotel-LUX-ME-Kos-Imperial-3.jpg\" class=\"image wp-image-1299  attachment-full size-full\" alt=\"\" style=\"max-width: 100%; height: auto;\" srcset=\"https:\/\/reisen.reudnitzer-reisen.com\/reiseberichte\/wp-content\/uploads\/sites\/11\/2023\/07\/Grecotel-LUX-ME-Kos-Imperial-3.jpg 800w, https:\/\/reisen.reudnitzer-reisen.com\/reiseberichte\/wp-content\/uploads\/sites\/11\/2023\/07\/Grecotel-LUX-ME-Kos-Imperial-3-300x225.jpg 300w, https:\/\/reisen.reudnitzer-reisen.com\/reiseberichte\/wp-content\/uploads\/sites\/11\/2023\/07\/Grecotel-LUX-ME-Kos-Imperial-3-768x576.jpg 768w\" sizes=\"(max-width: 800px) 100vw, 800px\" \/><\/a><\/div><\/div><div id=\"pgc-1271-2-1\"  class=\"panel-grid-cell\" ><div id=\"panel-1271-2-1-0\" class=\"so-panel widget widget_media_image panel-first-child panel-last-child\" data-index=\"7\" ><a href=\"https:\/\/reisen.reudnitzer-reisen.com\/reiseberichte\/wp-content\/uploads\/sites\/11\/2023\/07\/Grecotel-LUX-ME-Kos-Imperial-2.jpg\"><img loading=\"lazy\" decoding=\"async\" width=\"800\" height=\"600\" src=\"https:\/\/reisen.reudnitzer-reisen.com\/reiseberichte\/wp-content\/uploads\/sites\/11\/2023\/07\/Grecotel-LUX-ME-Kos-Imperial-2.jpg\" class=\"image wp-image-1300  attachment-full size-full\" alt=\"\" style=\"max-width: 100%; height: auto;\" srcset=\"https:\/\/reisen.reudnitzer-reisen.com\/reiseberichte\/wp-content\/uploads\/sites\/11\/2023\/07\/Grecotel-LUX-ME-Kos-Imperial-2.jpg 800w, https:\/\/reisen.reudnitzer-reisen.com\/reiseberichte\/wp-content\/uploads\/sites\/11\/2023\/07\/Grecotel-LUX-ME-Kos-Imperial-2-300x225.jpg 300w, https:\/\/reisen.reudnitzer-reisen.com\/reiseberichte\/wp-content\/uploads\/sites\/11\/2023\/07\/Grecotel-LUX-ME-Kos-Imperial-2-768x576.jpg 768w\" sizes=\"(max-width: 800px) 100vw, 800px\" \/><\/a><\/div><\/div><div id=\"pgc-1271-2-2\"  class=\"panel-grid-cell\" ><div id=\"panel-1271-2-2-0\" class=\"so-panel widget widget_media_image panel-first-child panel-last-child\" data-index=\"8\" ><a href=\"https:\/\/reisen.reudnitzer-reisen.com\/reiseberichte\/wp-content\/uploads\/sites\/11\/2023\/07\/Grecotel-LUX-ME-Kos-Imperial-1.jpg\"><img loading=\"lazy\" decoding=\"async\" width=\"800\" height=\"600\" src=\"https:\/\/reisen.reudnitzer-reisen.com\/reiseberichte\/wp-content\/uploads\/sites\/11\/2023\/07\/Grecotel-LUX-ME-Kos-Imperial-1.jpg\" class=\"image wp-image-1301  attachment-full size-full\" alt=\"\" style=\"max-width: 100%; height: auto;\" srcset=\"https:\/\/reisen.reudnitzer-reisen.com\/reiseberichte\/wp-content\/uploads\/sites\/11\/2023\/07\/Grecotel-LUX-ME-Kos-Imperial-1.jpg 800w, https:\/\/reisen.reudnitzer-reisen.com\/reiseberichte\/wp-content\/uploads\/sites\/11\/2023\/07\/Grecotel-LUX-ME-Kos-Imperial-1-300x225.jpg 300w, https:\/\/reisen.reudnitzer-reisen.com\/reiseberichte\/wp-content\/uploads\/sites\/11\/2023\/07\/Grecotel-LUX-ME-Kos-Imperial-1-768x576.jpg 768w\" sizes=\"(max-width: 800px) 100vw, 800px\" \/><\/a><\/div><\/div><\/div><div id=\"pg-1271-3\"  class=\"panel-grid panel-no-style\" ><div id=\"pgc-1271-3-0\"  class=\"panel-grid-cell\" ><div id=\"panel-1271-3-0-0\" class=\"so-panel widget widget_text panel-first-child panel-last-child\" data-index=\"9\" ><h3 class=\"widget-title\">Besuchte Hotels<\/h3>\t\t\t<div class=\"textwidget\"><\/div>\n\t\t<\/div><\/div><\/div><div id=\"pg-1271-4\"  class=\"panel-grid panel-no-style\" ><div id=\"pgc-1271-4-0\"  class=\"panel-grid-cell\" ><div id=\"panel-1271-4-0-0\" class=\"so-panel widget widget_text panel-first-child panel-last-child\" data-index=\"10\" >\t\t\t<div class=\"textwidget\"><p><b><u>Griechenland Kos<br \/>\n<\/u><\/b><\/p>\n<p>Grecotel Kos Imperial \u2605\u2605\u2605\u2605\u2605<\/p>\n<p>TUI BLUE Oceanis Beach \u2605\u2605\u2605\u2605<\/p>\n<p>Frosini Hotel \u2605\u2605\u2605\u2605<\/p>\n<\/div>\n\t\t<\/div><\/div><div id=\"pgc-1271-4-1\"  class=\"panel-grid-cell\" ><div id=\"panel-1271-4-1-0\" class=\"so-panel widget widget_text panel-first-child panel-last-child\" data-index=\"11\" >\t\t\t<div class=\"textwidget\"><p>Blue Lagoon Resort \u2605\u2605\u2605\u26051\/2<\/p>\n<p>Blue Lagoon Village \u2605\u2605\u2605\u2605<\/p>\n<p>Kos Palace \u2605\u2605\u2605\u2605<\/p>\n<p>Caravia Beach \u2605\u2605\u2605\u2605<\/p>\n<\/div>\n\t\t<\/div><\/div><div id=\"pgc-1271-4-2\"  class=\"panel-grid-cell\" ><div id=\"panel-1271-4-2-0\" class=\"so-panel widget widget_text panel-first-child panel-last-child\" data-index=\"12\" >\t\t\t<div class=\"textwidget\"><p>TUI BLUE Palazzo del Mare \u2605\u2605\u2605\u2605\u2605<\/p>\n<p>TUI Magic Life Marmari Palace \u2605\u2605\u2605\u2605<\/p>\n<p>Atlantica Beach \u2605\u2605\u2605\u2605<\/p>\n<p>ROBINSON DAIDALOS \u2605\u2605\u2605\u2605<\/p>\n<\/div>\n\t\t<\/div><\/div><\/div><div id=\"pg-1271-5\"  class=\"panel-grid panel-no-style\" ><div id=\"pgc-1271-5-0\"  class=\"panel-grid-cell\" ><div id=\"panel-1271-5-0-0\" class=\"so-panel widget widget_text panel-first-child panel-last-child\" data-index=\"13\" >\t\t\t<div class=\"textwidget\"><p><iframe loading=\"lazy\" src=\"https:\/\/pauschalreisen.best-reisen-ibe.de\/search\/hotel?aidList=26220,8446,26846,54509,89779,8445,1355,71002,43077,1386,1409&#038;taid=reudnitzer&#038;ddate=2023-08-01&#038;rdate=2023-10-31&#038;srtReg=15&#038;srtHot=5&#038;adult=2\" width=\"100%\" height=\"10000px\" frameborder=\"0\" scrolling=\"no\"><\/iframe><\/p>\n<\/div>\n\t\t<\/div><\/div><\/div><div id=\"pg-1271-6\"  class=\"panel-grid panel-no-style\" ><div id=\"pgc-1271-6-0\"  class=\"panel-grid-cell\" ><div id=\"panel-1271-6-0-0\" class=\"so-panel widget widget_text panel-first-child panel-last-child\" data-index=\"14\" >\t\t\t<div class=\"textwidget\"><p><b>M\u00f6chten Sie n\u00e4here Informationen zu Griechenland und Kos und\/oder den Hotels? Dann vereinbaren Sie mit Ihren Reiseberater einen Termin, wir freuen uns auf Sie!<\/b><\/p>\n<\/div>\n\t\t<\/div><\/div><\/div><\/div>","protected":false},"excerpt":{"rendered":"<p>INFOREISE KOS 2023 Kos hat mich mit seiner reichen Geschichte, seinen malerischen Str\u00e4nden und seiner beeindruckenden Landschaft begeistert. Die Insel bietet eine perfekte Kombination aus Kultur, Natur und Entspannung. Der Flughafen KGS Hippocrates ist klein und \u00fcbersichtlich. Im Allgemeinen ist <a href=\"https:\/\/reisen.reudnitzer-reisen.com\/reiseberichte\/pascal-mann\/reisebericht-griechenland-kos\/\"> more&#8230;<\/a><\/p>\n","protected":false},"author":1,"featured_media":0,"parent":360,"menu_order":1,"comment_status":"closed","ping_status":"closed","template":"","meta":{"footnotes":""},"_links":{"self":[{"href":"https:\/\/reisen.reudnitzer-reisen.com\/reiseberichte\/wp-json\/wp\/v2\/pages\/1271"}],"collection":[{"href":"https:\/\/reisen.reudnitzer-reisen.com\/reiseberichte\/wp-json\/wp\/v2\/pages"}],"about":[{"href":"https:\/\/reisen.reudnitzer-reisen.com\/reiseberichte\/wp-json\/wp\/v2\/types\/page"}],"author":[{"embeddable":true,"href":"https:\/\/reisen.reudnitzer-reisen.com\/reiseberichte\/wp-json\/wp\/v2\/users\/1"}],"replies":[{"embeddable":true,"href":"https:\/\/reisen.reudnitzer-reisen.com\/reiseberichte\/wp-json\/wp\/v2\/comments?post=1271"}],"version-history":[{"count":27,"href":"https:\/\/reisen.reudnitzer-reisen.com\/reiseberichte\/wp-json\/wp\/v2\/pages\/1271\/revisions"}],"predecessor-version":[{"id":1307,"href":"https:\/\/reisen.reudnitzer-reisen.com\/reiseberichte\/wp-json\/wp\/v2\/pages\/1271\/revisions\/1307"}],"up":[{"embeddable":true,"href":"https:\/\/reisen.reudnitzer-reisen.com\/reiseberichte\/wp-json\/wp\/v2\/pages\/360"}],"wp:attachment":[{"href":"https:\/\/reisen.reudnitzer-reisen.com\/reiseberichte\/wp-json\/wp\/v2\/media?parent=1271"}],"curies":[{"name":"wp","href":"https:\/\/api.w.org\/{rel}","templated":true}]}}