{"id":1203,"date":"2021-06-11T10:42:17","date_gmt":"2021-06-11T08:42:17","guid":{"rendered":"https:\/\/reisen.reudnitzer-reisen.com\/reiseberichte\/?page_id=1203"},"modified":"2021-06-11T11:09:05","modified_gmt":"2021-06-11T09:09:05","slug":"tuerkische-riviera","status":"publish","type":"page","link":"https:\/\/reisen.reudnitzer-reisen.com\/reiseberichte\/pascal-mann\/tuerkische-riviera\/","title":{"rendered":"Reisebericht T\u00fcrkische Riviera"},"content":{"rendered":"<div id=\"pl-1203\"  class=\"panel-layout\" ><div id=\"pg-1203-0\"  class=\"panel-grid panel-no-style\" ><div id=\"pgc-1203-0-0\"  class=\"panel-grid-cell\" ><div id=\"panel-1203-0-0-0\" class=\"so-panel widget widget_media_image panel-first-child panel-last-child\" data-index=\"0\" ><a href=\"https:\/\/reisen.reudnitzer-reisen.com\/reiseberichte\/wp-content\/uploads\/sites\/11\/2021\/06\/temple-786893_1280.jpg\"><img loading=\"lazy\" decoding=\"async\" width=\"730\" height=\"973\" src=\"https:\/\/reisen.reudnitzer-reisen.com\/reiseberichte\/wp-content\/uploads\/sites\/11\/2021\/06\/temple-786893_1280-768x1024.jpg\" class=\"image wp-image-1209  attachment-large size-large\" alt=\"\" style=\"max-width: 100%; height: auto;\" srcset=\"https:\/\/reisen.reudnitzer-reisen.com\/reiseberichte\/wp-content\/uploads\/sites\/11\/2021\/06\/temple-786893_1280-768x1024.jpg 768w, https:\/\/reisen.reudnitzer-reisen.com\/reiseberichte\/wp-content\/uploads\/sites\/11\/2021\/06\/temple-786893_1280-225x300.jpg 225w, https:\/\/reisen.reudnitzer-reisen.com\/reiseberichte\/wp-content\/uploads\/sites\/11\/2021\/06\/temple-786893_1280.jpg 960w\" sizes=\"(max-width: 730px) 100vw, 730px\" \/><\/a><\/div><\/div><div id=\"pgc-1203-0-1\"  class=\"panel-grid-cell\" ><div id=\"panel-1203-0-1-0\" class=\"so-panel widget widget_media_image panel-first-child panel-last-child\" data-index=\"1\" ><a href=\"https:\/\/reisen.reudnitzer-reisen.com\/reiseberichte\/wp-content\/uploads\/sites\/11\/2021\/06\/palm-73813_1280.jpg\"><img loading=\"lazy\" decoding=\"async\" width=\"730\" height=\"973\" src=\"https:\/\/reisen.reudnitzer-reisen.com\/reiseberichte\/wp-content\/uploads\/sites\/11\/2021\/06\/palm-73813_1280-768x1024.jpg\" class=\"image wp-image-1208  attachment-large size-large\" alt=\"\" style=\"max-width: 100%; height: auto;\" srcset=\"https:\/\/reisen.reudnitzer-reisen.com\/reiseberichte\/wp-content\/uploads\/sites\/11\/2021\/06\/palm-73813_1280-768x1024.jpg 768w, https:\/\/reisen.reudnitzer-reisen.com\/reiseberichte\/wp-content\/uploads\/sites\/11\/2021\/06\/palm-73813_1280-225x300.jpg 225w, https:\/\/reisen.reudnitzer-reisen.com\/reiseberichte\/wp-content\/uploads\/sites\/11\/2021\/06\/palm-73813_1280.jpg 960w\" sizes=\"(max-width: 730px) 100vw, 730px\" \/><\/a><\/div><\/div><div id=\"pgc-1203-0-2\"  class=\"panel-grid-cell\" ><div id=\"panel-1203-0-2-0\" class=\"so-panel widget widget_media_image panel-first-child panel-last-child\" data-index=\"2\" ><a href=\"https:\/\/reisen.reudnitzer-reisen.com\/reiseberichte\/wp-content\/uploads\/sites\/11\/2021\/06\/excursion-boats-933609_1280.jpg\"><img loading=\"lazy\" decoding=\"async\" width=\"730\" height=\"973\" src=\"https:\/\/reisen.reudnitzer-reisen.com\/reiseberichte\/wp-content\/uploads\/sites\/11\/2021\/06\/excursion-boats-933609_1280-768x1024.jpg\" class=\"image wp-image-1207  attachment-large size-large\" alt=\"\" style=\"max-width: 100%; height: auto;\" srcset=\"https:\/\/reisen.reudnitzer-reisen.com\/reiseberichte\/wp-content\/uploads\/sites\/11\/2021\/06\/excursion-boats-933609_1280-768x1024.jpg 768w, https:\/\/reisen.reudnitzer-reisen.com\/reiseberichte\/wp-content\/uploads\/sites\/11\/2021\/06\/excursion-boats-933609_1280-225x300.jpg 225w, https:\/\/reisen.reudnitzer-reisen.com\/reiseberichte\/wp-content\/uploads\/sites\/11\/2021\/06\/excursion-boats-933609_1280.jpg 960w\" sizes=\"(max-width: 730px) 100vw, 730px\" \/><\/a><\/div><\/div><div id=\"pgc-1203-0-3\"  class=\"panel-grid-cell\" ><div id=\"panel-1203-0-3-0\" class=\"so-panel widget widget_media_image panel-first-child panel-last-child\" data-index=\"3\" ><a href=\"https:\/\/reisen.reudnitzer-reisen.com\/reiseberichte\/wp-content\/uploads\/sites\/11\/2021\/06\/ornaments-64715_1280.jpg\"><img loading=\"lazy\" decoding=\"async\" width=\"730\" height=\"973\" src=\"https:\/\/reisen.reudnitzer-reisen.com\/reiseberichte\/wp-content\/uploads\/sites\/11\/2021\/06\/ornaments-64715_1280-768x1024.jpg\" class=\"image wp-image-1206  attachment-large size-large\" alt=\"\" style=\"max-width: 100%; height: auto;\" srcset=\"https:\/\/reisen.reudnitzer-reisen.com\/reiseberichte\/wp-content\/uploads\/sites\/11\/2021\/06\/ornaments-64715_1280-768x1024.jpg 768w, https:\/\/reisen.reudnitzer-reisen.com\/reiseberichte\/wp-content\/uploads\/sites\/11\/2021\/06\/ornaments-64715_1280-225x300.jpg 225w, https:\/\/reisen.reudnitzer-reisen.com\/reiseberichte\/wp-content\/uploads\/sites\/11\/2021\/06\/ornaments-64715_1280.jpg 960w\" sizes=\"(max-width: 730px) 100vw, 730px\" \/><\/a><\/div><\/div><\/div><div id=\"pg-1203-1\"  class=\"panel-grid panel-no-style\" ><div id=\"pgc-1203-1-0\"  class=\"panel-grid-cell\" ><div id=\"panel-1203-1-0-0\" class=\"so-panel widget widget_text panel-first-child\" data-index=\"4\" >\t\t\t<div class=\"textwidget\"><p><strong>Reisebericht T\u00fcrkei &#8211; T\u00fcrkische Riviera<br \/>\n<\/strong><\/p>\n<p>Ich, aktuell Azubi bei Reudnitzer Reisen, bin schon mehrmals in die T\u00fcrkei gereist und kann es jedem als Sommerurlaub empfehlen. Den ersten Urlaub hab ich zusammen mit meiner Familie im 3 Sterne Hotel Selenium mit Halbpension verbracht und es war vollkommen in Ordnung. Nettes Personal vielleicht nicht das luxuri\u00f6seste Zimmer, aber Alles in Allem ein sehr sch\u00f6ner Urlaub.<\/p>\n<p>Im Folgejahr war ich zusammen mit meiner Mutter im 4 Sterne Hotel Aquamarin. Diesmal mit All Inc lusive, was sich am Ende als die beste Entscheidung herausgestellt hat. Zudem fand ich diesen Urlaub den Besten, denn ich hab mich mit dem Animationsteam super verstanden (konnten gutes Deutsch sprechen) und mich auch insgesamt super erholt.<\/p>\n<\/div>\n\t\t<\/div><div id=\"panel-1203-1-0-1\" class=\"so-panel widget widget_text panel-last-child\" data-index=\"5\" ><h3 class=\"widget-title\">Mein Hoteltipp &gt; AQUAMARIN SIDE RESORT &#038; SPA \u2605\u2605\u2605\u2605<\/h3>\t\t\t<div class=\"textwidget\"><\/div>\n\t\t<\/div><\/div><\/div><div id=\"pg-1203-2\"  class=\"panel-grid panel-no-style\" ><div id=\"pgc-1203-2-0\"  class=\"panel-grid-cell\" ><div id=\"panel-1203-2-0-0\" class=\"so-panel widget widget_media_image panel-first-child panel-last-child\" data-index=\"6\" ><a href=\"https:\/\/reisen.reudnitzer-reisen.com\/reiseberichte\/wp-content\/uploads\/sites\/11\/2021\/06\/AQUAMARIN-SIDE-RESORT-SPA.jpg\"><img loading=\"lazy\" decoding=\"async\" width=\"730\" height=\"411\" src=\"https:\/\/reisen.reudnitzer-reisen.com\/reiseberichte\/wp-content\/uploads\/sites\/11\/2021\/06\/AQUAMARIN-SIDE-RESORT-SPA-1024x576.jpg\" class=\"image wp-image-1216  attachment-large size-large\" alt=\"\" style=\"max-width: 100%; height: auto;\" srcset=\"https:\/\/reisen.reudnitzer-reisen.com\/reiseberichte\/wp-content\/uploads\/sites\/11\/2021\/06\/AQUAMARIN-SIDE-RESORT-SPA-1024x576.jpg 1024w, https:\/\/reisen.reudnitzer-reisen.com\/reiseberichte\/wp-content\/uploads\/sites\/11\/2021\/06\/AQUAMARIN-SIDE-RESORT-SPA-300x169.jpg 300w, https:\/\/reisen.reudnitzer-reisen.com\/reiseberichte\/wp-content\/uploads\/sites\/11\/2021\/06\/AQUAMARIN-SIDE-RESORT-SPA-768x432.jpg 768w, https:\/\/reisen.reudnitzer-reisen.com\/reiseberichte\/wp-content\/uploads\/sites\/11\/2021\/06\/AQUAMARIN-SIDE-RESORT-SPA.jpg 1600w\" sizes=\"(max-width: 730px) 100vw, 730px\" \/><\/a><\/div><\/div><div id=\"pgc-1203-2-1\"  class=\"panel-grid-cell\" ><div id=\"panel-1203-2-1-0\" class=\"so-panel widget widget_media_image panel-first-child panel-last-child\" data-index=\"7\" ><a href=\"https:\/\/reisen.reudnitzer-reisen.com\/reiseberichte\/wp-content\/uploads\/sites\/11\/2021\/06\/AQUAMARIN-SIDE-RESORT-SPA-1.jpg\"><img loading=\"lazy\" decoding=\"async\" width=\"730\" height=\"411\" src=\"https:\/\/reisen.reudnitzer-reisen.com\/reiseberichte\/wp-content\/uploads\/sites\/11\/2021\/06\/AQUAMARIN-SIDE-RESORT-SPA-1-1024x576.jpg\" class=\"image wp-image-1215  attachment-large size-large\" alt=\"\" style=\"max-width: 100%; height: auto;\" srcset=\"https:\/\/reisen.reudnitzer-reisen.com\/reiseberichte\/wp-content\/uploads\/sites\/11\/2021\/06\/AQUAMARIN-SIDE-RESORT-SPA-1-1024x576.jpg 1024w, https:\/\/reisen.reudnitzer-reisen.com\/reiseberichte\/wp-content\/uploads\/sites\/11\/2021\/06\/AQUAMARIN-SIDE-RESORT-SPA-1-300x169.jpg 300w, https:\/\/reisen.reudnitzer-reisen.com\/reiseberichte\/wp-content\/uploads\/sites\/11\/2021\/06\/AQUAMARIN-SIDE-RESORT-SPA-1-768x432.jpg 768w, https:\/\/reisen.reudnitzer-reisen.com\/reiseberichte\/wp-content\/uploads\/sites\/11\/2021\/06\/AQUAMARIN-SIDE-RESORT-SPA-1.jpg 1600w\" sizes=\"(max-width: 730px) 100vw, 730px\" \/><\/a><\/div><\/div><div id=\"pgc-1203-2-2\"  class=\"panel-grid-cell\" ><div id=\"panel-1203-2-2-0\" class=\"so-panel widget widget_media_image panel-first-child panel-last-child\" data-index=\"8\" ><a href=\"https:\/\/reisen.reudnitzer-reisen.com\/reiseberichte\/wp-content\/uploads\/sites\/11\/2021\/06\/AQUAMARIN-SIDE-RESORT-SPA-pool.jpg\"><img loading=\"lazy\" decoding=\"async\" width=\"730\" height=\"456\" src=\"https:\/\/reisen.reudnitzer-reisen.com\/reiseberichte\/wp-content\/uploads\/sites\/11\/2021\/06\/AQUAMARIN-SIDE-RESORT-SPA-pool-1024x640.jpg\" class=\"image wp-image-1217  attachment-large size-large\" alt=\"\" style=\"max-width: 100%; height: auto;\" srcset=\"https:\/\/reisen.reudnitzer-reisen.com\/reiseberichte\/wp-content\/uploads\/sites\/11\/2021\/06\/AQUAMARIN-SIDE-RESORT-SPA-pool-1024x640.jpg 1024w, https:\/\/reisen.reudnitzer-reisen.com\/reiseberichte\/wp-content\/uploads\/sites\/11\/2021\/06\/AQUAMARIN-SIDE-RESORT-SPA-pool-300x188.jpg 300w, https:\/\/reisen.reudnitzer-reisen.com\/reiseberichte\/wp-content\/uploads\/sites\/11\/2021\/06\/AQUAMARIN-SIDE-RESORT-SPA-pool-768x480.jpg 768w, https:\/\/reisen.reudnitzer-reisen.com\/reiseberichte\/wp-content\/uploads\/sites\/11\/2021\/06\/AQUAMARIN-SIDE-RESORT-SPA-pool.jpg 1280w\" sizes=\"(max-width: 730px) 100vw, 730px\" \/><\/a><\/div><\/div><\/div><div id=\"pg-1203-3\"  class=\"panel-grid panel-no-style\" ><div id=\"pgc-1203-3-0\"  class=\"panel-grid-cell\" ><div id=\"panel-1203-3-0-0\" class=\"so-panel widget widget_text panel-first-child panel-last-child\" data-index=\"9\" >\t\t\t<div class=\"textwidget\"><p>Im Jahr darauf ging es in den Sommerferien wieder in die T\u00fcrkei ins Royal Paradise und wieder mit All Inclusive. Da ich nur mit meiner Mutter im Urlaub war, musste ich mir Gleichaltrige suchen, was gar kein Problem war. Auch hier war das Personal sehr nett und freundlich. Zudem hab ich mir den ein oder Anderen Mitternachtssnack schmecken lassen.<\/p>\n<p><strong>FAZIT<\/strong><\/p>\n<p><strong><em>Man kann \u00fcber die T\u00fcrkei sagen was man will, ab er im Sommer ist gerade die T\u00fcrkei eine top Destination und das nicht nur f\u00fcr Golfer. Gerade in den Regionen zwischen Antalya und Alanya gibt es zahlreiche empfehlenswerte Hotels und Resorts. Zudem gibt es auch neben Urlaubstrubel viel zu sehen und vielf\u00e4l tige Ausfl\u00fcge, die man w\u00e4hrend seines Urlaubes machen kann. Jeder muss mindestens einmal in der T\u00fcrkei gewesen sein.<\/em><\/strong><\/p>\n<\/div>\n\t\t<\/div><\/div><\/div><div id=\"pg-1203-4\"  class=\"panel-grid panel-no-style\" ><div id=\"pgc-1203-4-0\"  class=\"panel-grid-cell\" ><div id=\"panel-1203-4-0-0\" class=\"so-panel widget widget_text panel-first-child\" data-index=\"10\" ><h3 class=\"widget-title\">Besuchte Hotels<\/h3>\t\t\t<div class=\"textwidget\"><\/div>\n\t\t<\/div><div id=\"panel-1203-4-0-1\" class=\"so-panel widget widget_text\" data-index=\"11\" >\t\t\t<div class=\"textwidget\"><p><b><u>T\u00fcrkische Riviera<\/u><\/b><\/p>\n<p>Hotel Selenium \u2605\u2605\u2605<br \/>\nAQUAMARIN SIDE RESORT &amp; SPA \u2605\u2605\u2605\u2605<br \/>\nSide Royal Paradise Hotel \u2605\u2605\u2605\u2605<\/p>\n<p><\/p>\n<p><iframe loading=\"lazy\" src=\"https:\/\/pauschalreisen.best-reisen-ibe.de\/hotel?taid=reudnitzer&#038;ibe=package&#038;ddate=2021-06-13&#038;rdate=2021-07-28&#038;adult=2&#038;aidList=197489,54031,50943\" width=\"100%\" height=\"10000px\" frameborder=\"0\" scrolling=\"no\"><\/iframe><\/p>\n<\/div>\n\t\t<\/div><div id=\"panel-1203-4-0-2\" class=\"so-panel widget widget_text panel-last-child\" data-index=\"12\" >\t\t\t<div class=\"textwidget\"><p><b>M\u00f6chten Sie n\u00e4here Informationen zur T\u00fcrkischen Riviera und\/oder den Hotels? Dann vereinbaren Sie mit Ihren Reiseberater einen Termin, wir freuen uns auf Sie!<\/b><\/p>\n<\/div>\n\t\t<\/div><\/div><\/div><\/div>","protected":false},"excerpt":{"rendered":"<p>Reisebericht T\u00fcrkei &#8211; T\u00fcrkische Riviera Ich, aktuell Azubi bei Reudnitzer Reisen, bin schon mehrmals in die T\u00fcrkei gereist und kann es jedem als Sommerurlaub empfehlen. Den ersten Urlaub hab ich zusammen mit meiner Familie im 3 Sterne Hotel Selenium mit <a href=\"https:\/\/reisen.reudnitzer-reisen.com\/reiseberichte\/pascal-mann\/tuerkische-riviera\/\"> more&#8230;<\/a><\/p>\n","protected":false},"author":1,"featured_media":0,"parent":360,"menu_order":1,"comment_status":"closed","ping_status":"closed","template":"","meta":{"footnotes":""},"_links":{"self":[{"href":"https:\/\/reisen.reudnitzer-reisen.com\/reiseberichte\/wp-json\/wp\/v2\/pages\/1203"}],"collection":[{"href":"https:\/\/reisen.reudnitzer-reisen.com\/reiseberichte\/wp-json\/wp\/v2\/pages"}],"about":[{"href":"https:\/\/reisen.reudnitzer-reisen.com\/reiseberichte\/wp-json\/wp\/v2\/types\/page"}],"author":[{"embeddable":true,"href":"https:\/\/reisen.reudnitzer-reisen.com\/reiseberichte\/wp-json\/wp\/v2\/users\/1"}],"replies":[{"embeddable":true,"href":"https:\/\/reisen.reudnitzer-reisen.com\/reiseberichte\/wp-json\/wp\/v2\/comments?post=1203"}],"version-history":[{"count":27,"href":"https:\/\/reisen.reudnitzer-reisen.com\/reiseberichte\/wp-json\/wp\/v2\/pages\/1203\/revisions"}],"predecessor-version":[{"id":1238,"href":"https:\/\/reisen.reudnitzer-reisen.com\/reiseberichte\/wp-json\/wp\/v2\/pages\/1203\/revisions\/1238"}],"up":[{"embeddable":true,"href":"https:\/\/reisen.reudnitzer-reisen.com\/reiseberichte\/wp-json\/wp\/v2\/pages\/360"}],"wp:attachment":[{"href":"https:\/\/reisen.reudnitzer-reisen.com\/reiseberichte\/wp-json\/wp\/v2\/media?parent=1203"}],"curies":[{"name":"wp","href":"https:\/\/api.w.org\/{rel}","templated":true}]}}