{"id":93,"date":"2018-01-26T12:22:01","date_gmt":"2018-01-26T11:22:01","guid":{"rendered":"https:\/\/reisen.reudnitzer-reisen.com\/msc-tanzreise\/?page_id=93"},"modified":"2018-01-26T13:19:34","modified_gmt":"2018-01-26T12:19:34","slug":"stockholm","status":"publish","type":"page","link":"https:\/\/reisen.reudnitzer-reisen.com\/msc-tanzreise\/stockholm\/","title":{"rendered":"Stockholm"},"content":{"rendered":"<div id=\"pl-93\"  class=\"panel-layout\" ><div id=\"pg-93-0\"  class=\"panel-grid panel-no-style\" ><div id=\"pgc-93-0-0\"  class=\"panel-grid-cell\" ><div id=\"panel-93-0-0-0\" class=\"so-panel widget widget_text panel-first-child panel-last-child\" data-index=\"0\" ><h3 class=\"widget-title\">Stockholm<\/h3>\t\t\t<div class=\"textwidget\"><p>&nbsp;<\/p>\n<p>Di. 22 Mai 2018 \u00b7 ST\u00c4DTE<\/p>\n<p><strong>Dauer 4h \u00b7 STADTRUNDFAHRT, VASA-MUSEUM UND K\u00d6NIGSPALAST &#8211; SKT01<\/strong><br \/>\nVerbringen Sie ein paar erlebnisreiche Stunden an Land und entdecken Sie die sch\u00f6nsten Sehensw\u00fcrdigkeiten der schwedischen Hauptstadt Stockholm. Dank ihrer interessanten Architektur, der glasklaren Wasserstra\u00dfen und zahlreichen Parks bezeichnet man die attraktive Stadt oft auch als Venedig des Nordens. Ihre Stadtrundfahrt f\u00fchrt Sie vorbei am Nationalmuseum, dem K\u00f6niglichen Theater und dem Grand Hotel alles h\u00f6chst eindrucksvolle Bauwerke. Danach fahren Sie zum K\u00f6nigspalast, wo Sie einige ausgew\u00e4hlte R\u00e4ume mit ihrer prachtvollen Ausstattung besichtigen. Freuen Sie sich dann auf einen kurzen Spaziergang durch die malerische Altstadt von Stockholm, wo Sie mit Sicherheit viele Fotos schie\u00dfen werden. Ein weiteres Highlight Ihres Ausflugs ist die gef\u00fchrte Tour des faszinierenden, schiffsf\u00f6rmigen Vasa-Museums, dessen bedeutendstes Ausstellungsst\u00fcck das Wrack des 1628 bei seiner Jungfernfahrt gesunkenen schwedischen Kriegsschiffes Vasa ist, welches mit 64 Kanonen ausgestattet war. Ihr letzter Halt auf dieser ereignisreichen Tour f\u00fchrt Sie zur Fj\u00e4llgatan-Stra\u00dfe. Von hier oben bieten sich herrliche Ausblicke \u00fcber das Stockholmer Stadtzentrum. Zum Abschluss Ihrer Sightseeing-Tour durch die schwedische Hauptstadt werden Sie in den Hafen zu Ihrem Schiff zur\u00fcckgebracht. Hinweis: Die Besichtigung des K\u00f6niglichen Palastes kann bei offiziellen Besuchen am Besichtigungstag kurzfristig ge\u00e4ndert oder auf einige wenige R\u00e4ume begrenzt werden. Obwohl einige Fu\u00dfwege \u00fcber Kopfsteinpflaster f\u00fchren, k\u00f6nnen G\u00e4ste im Rollstuhl an dem Ausflug teilnehmen, da die Zug\u00e4nge rollstuhlgerecht ausgestattet sind. G\u00e4ste, die auf einen Rollstuhl angewiesen sind, m\u00fcssen von einer Person begleitet werden, die in der Lage ist, ihnen beim Besteigen des Busses zu helfen. Nutzen Sie bitte zusammenklappbare Rollst\u00fchle, da die Busse nicht mit Hebevorrichtungen oder Rampen ausger\u00fcstet sind. Bitte informieren Sie die Mitarbeiter des Ausflugsb\u00fcros rechtzeitig, damit sie Ihnen bei den Vorbereitungen helfen k\u00f6nnen.<\/p>\n<p><strong>Preis pro Person<\/strong><br \/>\n<strong>Preis pro Erwachsener ab: \u20ac 85,00<\/strong><br \/>\n<strong>Preis pro Kind ab: \u20ac 65,00<\/strong><\/p>\n<p>&nbsp;<\/p>\n<p>Di. 22 Mai 2018 \u00b7 PANORAMATOUREN<\/p>\n<p><strong>Dauer 2h \u00b7 KANALFAHRT &#8211; SKT02<br \/>\n<\/strong>Stockholm liegt an der M\u00fcndung des M\u00e4larsees in die Ostsee und seine Innenstadt erstreckt sich \u00fcber 14 Inseln, den so genannten Stockholmer Archipel. Die schwedische Hauptstadt ist eine unglaublich gr\u00fcne Metropole, denn ihre Fl\u00e4che besteht zu einem Drittel aus Parks, Wald und den malerischen Wasserstra\u00dfen. Apropos Wasserstra\u00dfen bei diesem Ausflug erwartet Sie die wunderbare Gelegenheit, an Bord eines modernen und komfortablen Motorboots auf den Kan\u00e4len durch Stockholm zu fahren und die einzigartigen wundersch\u00f6nen Pl\u00e4tze, eleganten Stadth\u00e4user, gr\u00fcnen Parks und breiten Alleen aus einer ganz neuen Perspektive zu erleben. Da es unz\u00e4hlige Gelegenheiten zum Fotografieren geben wird, empfehlen wir Ihnen, Ihre Kamera mitzubringen. Der Ausflug endet mit der R\u00fcckkehr zum Hafen und zu Ihrem Schiff. Hinweis: G\u00e4ste, die auf einen Rollstuhl angewiesen sind, m\u00fcssen von einer Person begleitet werden, die in der Lage ist, ihnen beim Besteigen des Busses zu helfen. Nutzen Sie bitte zusammenklappbare Rollst\u00fchle, da die Busse nicht mit Hebevorrichtungen oder Rampen ausger\u00fcstet sind. Bitte informieren Sie die Mitarbeiter des Ausflugsb\u00fcros rechtzeitig, damit sie Ihnen bei den Vorbereitungen helfen k\u00f6nnen.<\/p>\n<p><strong>Geeignet fu\u0308r G\u00e4ste mit beschr\u00e4nkter Mobilit\u00e4t &#8211; G\u00e4ste,<\/strong> die auf einen Rollstuhl ange-wiesen sind, mu\u0308ssen von einer Person begleitet werden, die in der Lage ist, ihnen beim Besteigen des Busses zu helfen. Nutzen Sie bitte zusammen-klappbare Rollstu\u0308hle, da die Busse nicht mit Hebevorrichtungen oder Rampen ausgeru\u0308stet sind. Bitte informieren Sie die Mitarbeiter das Ausflugsbu\u0308ros rechtzeitig, damit sie Ihnen bei den Vorbereitungen helfen k\u00f6nnen.<\/p>\n<p><strong>Preis pro Person<\/strong><br \/>\n<strong> Preis pro Erwachsener ab: \u20ac 52,00<\/strong><br \/>\n<strong> Preis pro Kind ab: \u20ac 39,00<\/strong><\/p>\n<p>&nbsp;<\/p>\n<p><strong>Dauer 4h \u00b7 SCHLOSS DROTTNINGHOLM UND STOCKHOLM &#8211; SKT03<br \/>\n<\/strong>Ihre Sightseeing-Tour der schwedischen Hauptstadt beginnt auf der Fj\u00e4llgatan, einer Stra\u00dfe im Stadtteil S\u00f6dermalm. Dank der leicht erh\u00f6hten Lage haben Sie von hier aus herrliche Ausblicke \u00fcber Stockholm und den Hafen. Als n\u00e4chstes d\u00fcrfen Sie sich auf einen gef\u00fchrten Rundgang durch die h\u00fcbschen Pflasterstra\u00dfen in der Altstadt von Stockholm, auch bekannt als Gamle Stan, freuen. Danach erreichen Sie nach einst\u00fcndiger Busfahrt Schloss Drottningholm, die liebste Privatresidenz der schwedischen K\u00f6nigsfamilie. Das urspr\u00fcngliche Schloss aus dem 16. Jahrhundert wurde 1661 bei einem Brand zerst\u00f6rt und im barocken Stil in zwanzigj\u00e4hriger Arbeit wiederaufgebaut. Nach dem Schlossbesuch bringt Sie Ihr Bus wieder zur\u00fcck nach Stockholm. Unter anderem fahren Sie dort auch am Rathaus vorbei, wo traditionell die Nobelpreisverleihungen stattfinden. Hinweis: Der Ausflug f\u00fchrt teilweise \u00fcber unebene Wege und ist daher f\u00fcr G\u00e4ste mit eingeschr\u00e4nkter Mobilit\u00e4t sowie f\u00fcr Rollstuhlfahrer nicht geeignet.<\/p>\n<p><strong>Preis pro Person<\/strong><br \/>\n<strong> Preis pro Erwachsener ab: \u20ac 59,00<\/strong><br \/>\n<strong> Preis pro Kind ab: \u20ac 42,00<\/strong><\/p>\n<p>&nbsp;<\/p>\n<p>Di. 22 Mai 2018 \u00b7 ST\u00c4DTE<\/p>\n<p><strong>Dauer 6h \u00b7 EIN TAG IN DER SCHWEDISCHEN HAUPTSTADT &#8211; SKT05<br \/>\n<\/strong>Ihr Ausflug beginnt mit der Besichtigung des wundersch\u00f6nen Rathauses, das ein wenig an eine Festung erinnert. Das Rathaus ist das Wahrzeichen von Stockholm, in dem allj\u00e4hrlich die Nobelpreise verliehen werden. W\u00e4hrend der Innenbesichtigung des Rathauses werden Sie erstaunt sein \u00fcber die Ausma\u00dfe der Blauen und Goldenen S\u00e4le. Anschlie\u00dfend besuchen Sie das K\u00f6nigliche Schloss, ein monumentaler Renaissance- und Barockbau mit quadratischem Hauptbau und vier Seitenfl\u00fcgeln sowie prunkvoller Innenausstattung (608 R\u00e4ume). Nach der Besichtigung unternehmen Sie einen Spaziergang in die faszinierende Altstadt von Stockholm. Dort haben Sie Zeit zum Einkaufen oder Mittagessen. Die Tour umfasst auch die Besichtigung des Vasa Museums auf der Insel Djurgarden. Hier befindet sich das schwedische Kriegsschiff Vasa, das bei seiner Jungfernfahrt 1628 im Hafen von Stockholm gesunken ist. 1961 wurde es geborgen und restauriert. Hinweis: Die Besichtigung des K\u00f6niglichen Palastes kann bei offiziellen Besuchen am Besichtigungstag kurzfristig ge\u00e4ndert oder auf einige wenige R\u00e4ume begrenzt werden. Obwohl einige Fu\u00dfwege \u00fcber Kopfsteinpflaster f\u00fchren, k\u00f6nnen G\u00e4ste im Rollstuhl an dem Ausflug teilnehmen, da die Zug\u00e4nge rollstuhlgerecht ausgestattet sind. G\u00e4ste, die auf einen Rollstuhl angewiesen sind, m\u00fcssen von einer Person begleitet werden, die in der Lage ist, ihnen beim Besteigen des Busses zu helfen. Nutzen Sie bitte zusammenklappbare Rollst\u00fchle, da die Busse nicht mit Hebevorrichtungen oder Rampen ausger\u00fcstet sind. Bitte informieren Sie die Mitarbeiter des Ausflugsb\u00fcros rechtzeitig, damit sie Ihnen bei den Vorbereitungen helfen k\u00f6nnen.<\/p>\n<p><strong>Preis pro Person<\/strong><br \/>\n<strong> Preis pro Erwachsener ab: \u20ac 102,00<\/strong><br \/>\n<strong> Preis pro Kind ab: \u20ac 75,00<\/strong><\/p>\n<p>&nbsp;<\/p>\n<p>Di. 22 Mai 2018 \u00b7 SPEZIALTOUREN<\/p>\n<p><strong>Dauer 3h \u00b7 STOCKHOLM UND DIE BER\u00dcHMTE EISBAR &#8211; SKT06<br \/>\n<\/strong>Entdecken Sie die wundersch\u00f6ne Altstadt von Stockholm Gamla Stan w\u00e4hrend eines gem\u00fctlichen gef\u00fchrten Stadtspaziergangs entlang der gepflasterten Stra\u00dfen und engen Gassen. Von Ihrem Reiseleiter erfahren Sie viel Wissenswertes \u00fcber die mittelalterlichen Bauwerke, Sehensw\u00fcrdigkeiten und Pl\u00e4tze. Der Weg f\u00fchrt Sie zum mitten in der Stadt gelegenen Nordic Sea Hotel. Probieren Sie die Spezialit\u00e4t der Hotelbar: Ein Getr\u00e4nk aus einem gefrorenen Becher. In der ber\u00fchmten Eisbar sind alle M\u00f6bel aus Glas gefertigt und die Raumtemperatur ist niemals w\u00e4rmer als -5\u00b0C. Der Ausflug umfasst auch eine 30-min\u00fctige Stadtrundfahrt durch die sch\u00f6ne schwedische Metropole. Hinweis: Der Ausflug ist aufgrund der geringen Temperaturen (unter 0\u00b0C) in der Eisbar nicht empfehlenswert f\u00fcr Kinder unter 6 Jahren. Obwohl einige Fu\u00dfwege \u00fcber Kopfsteinpflaster f\u00fchren, k\u00f6nnen G\u00e4ste im Rollstuhl an dem Ausflug teilnehmen, da die Bar rollstuhlgerecht ausgestattet sind. G\u00e4ste, die auf einen Rollstuhl angewiesen sind, m\u00fcssen von einer Person begleitet werden, die in der Lage ist, ihnen beim Besteigen des Busses zu helfen. Nutzen Sie bitte zusammenklappbare Rollst\u00fchle, da die Busse nicht mit Hebevorrichtungen oder Rampen ausger\u00fcstet sind. Bitte informieren Sie die Mitarbeiter des Ausflugsb\u00fcros rechtzeitig, damit sie Ihnen bei den Vorbereitungen helfen k\u00f6nnen. G\u00e4ste unter 18 Jahren m\u00fcssen von einem Erwachsenen begleitet werden und d\u00fcrfen nur Softdrinks aus Eisbechern konsumieren. Alle G\u00e4ste der Eisbar erhalten einen warmen Poncho und Handschuhe geliehen.<\/p>\n<p><strong>Preis pro Person<\/strong><br \/>\n<strong> Preis pro Erwachsener ab: \u20ac 75,00<\/strong><br \/>\n<strong> Preis pro Kind ab: \u20ac 55,00<\/strong><\/p>\n<p>&nbsp;<\/p>\n<p>Di. 22 Mai 2018 \u00b7 KULTUR UND GESCHICHTE<\/p>\n<p><strong>Dauer 4h \u00b7 VASA MUSEUM UND SKANSEN OPEN AIR MUSEUM &#8211; SKT07<br \/>\n<\/strong>Freuen Sie sich auf eine Panoramafahrt durch die Altstadt von Stockholm Gamla Stan mit ihren engen Gassen, den Kopfsteinpflasterstra\u00dfen, niedlichen Gesch\u00e4ften, H\u00e4usern aus dem 16. Jahrhundert und Caf\u00e9s, die zum Verweilen einladen. Anschlie\u00dfend fahren Sie zum Vasa Museum auf der Insel Djurgarden. Hier befindet sich das schwedische Kriegsschiff Vasa, das bei seiner Jungfernfahrt 1628 im Hafen von Stockholm gesunken ist. 1956 wurde es entdeckt und 1961 geborgen und restauriert. Bevor Sie zum Schiff zur\u00fcckkehren, besichtigen Sie auch das Skansen Open Air Museum, das \u00e4lteste Freilichtmuseum der Welt. Hier sehen Sie eine Miniaturausgabe von Schweden und k\u00f6nnen wilde Tiere sowie die alten Stadtteile Stockholms entdecken. Der Ausflug endet schlie\u00dflich mit der R\u00fcckkehr zum Hafen. Hinweis: Obwohl einige Fu\u00dfwege \u00fcber Kopfsteinpflaster f\u00fchren, k\u00f6nnen G\u00e4ste im Rollstuhl an dem Ausflug teilnehmen, da das Rathaus rollstuhlgerecht ausgestattet ist und das Museum fast \u00fcberall \u00fcber Rampen verf\u00fcgt. G\u00e4ste, die auf einen Rollstuhl angewiesen sind, m\u00fcssen von einer Person begleitet werden, die in der Lage ist, ihnen beim Besteigen des Busses zu helfen. Nutzen Sie bitte zusammenklappbare Rollst\u00fchle, da die Busse nicht mit Hebevorrichtungen oder Rampen ausger\u00fcstet sind. Bitte informieren Sie die Mitarbeiter des Ausflugsb\u00fcros rechtzeitig, damit sie Ihnen bei den Vorbereitungen helfen k\u00f6nnen.<\/p>\n<p>Geeignet fu\u0308r G\u00e4ste mit beschr\u00e4nkter Mobilit\u00e4t &#8211; G\u00e4ste, die auf einen Rollstuhl ange-wiesen sind, mu\u0308ssen von einer Person begleitet werden, die in der Lage ist, ihnen beim Besteigen des Busses zu helfen. Nutzen Sie bitte zusammen-klappbare Rollstu\u0308hle, da die Busse nicht mit Hebevorrichtungen oder Rampen ausgeru\u0308stet sind. Bitte informieren Sie die Mitarbeiter das Ausflugsbu\u0308ros rechtzeitig, damit sie Ihnen bei den Vorbereitungen helfen k\u00f6nnen.<br \/>\n<strong><br \/>\nPreis pro Person<br \/>\nPreis pro Erwachsener ab: \u20ac 75,00<br \/>\nPreis pro Kind ab: \u20ac 55,00<\/strong><\/p>\n<p>&nbsp;<\/p>\n<p>Di. 22 Mai 2018 \u00b7 SPEZIALTOUREN<\/p>\n<p><strong>Dauer 3h \u00b7 STOCKHOLM UND DIE WELT DER PIPPI LANGSTRUMPF &#8211; SKT12<br \/>\n<\/strong>Freuen Sie sich auf die Besichtigung der wundersch\u00f6nen Hauptstadt Schwedens und die magische Welt der Figuren Astrid Lindgrens. Am Hafen beginnt eine Panoramabusfahrt zu den sch\u00f6nsten Pl\u00e4tzen der Stadt. Bewundern Sie das Rathaus, in dem allj\u00e4hrlich die Nobelpreise verliehen werden und den K\u00f6niglichen Palast. Anschlie\u00dfend spazieren Sie durch die Kopfsteinpflastergassen der Altstadt und luftige Alleen, w\u00e4hrend Sie alte H\u00e4user, Gesch\u00e4fte und Kirchen passieren. Eine kurze Busfahrt f\u00fchrt Sie zur Insel Djurg\u00e5rden und nach Junibacken, wo einige der ber\u00fchmtesten Figuren der Autorin Astrid Lindgren zuhause sind: Pippi Langstrumpf und ihr Pferd Kleiner Onkel sowie der Affe Herr Nielsson. Dies ist das wahre M\u00e4rchen- Paradies! Hinweis: Obwohl einige Fu\u00dfwege \u00fcber Kopfsteinpflaster f\u00fchren, k\u00f6nnen G\u00e4ste im Rollstuhl an dem Ausflug teilnehmen, da Junibacken rollstuhlgerecht ausgestattet ist. G\u00e4ste, die auf einen Rollstuhl angewiesen sind, m\u00fcssen von einer Person begleitet werden, die in der Lage ist, ihnen beim Besteigen des Busses zu helfen. Nutzen Sie bitte zusammenklappbare Rollst\u00fchle, da die Busse nicht mit Hebevorrichtungen oder Rampen ausger\u00fcstet sind. Bitte informieren Sie die Mitarbeiter des Ausflugsb\u00fcros rechtzeitig, damit sie Ihnen bei den Vorbereitungen helfen k\u00f6nnen. Kindern unter drei Jahren empfehlen wir, nicht im M\u00e4rchenzug mitzufahren, das die Geschichten zu gruselig sein k\u00f6nnten.<\/p>\n<p><strong>Preis pro Person<\/strong><br \/>\n<strong> Preis pro Erwachsener ab: \u20ac 52,00<\/strong><br \/>\n<strong> Preis pro Kind ab: \u20ac 39,00<\/strong><\/p>\n<p>&nbsp;<\/p>\n<p>Di. 22 Mai 2018 \u00b7 PANORAMATOUREN<\/p>\n<p><strong>Dauer 3h \u00b7 STIPPVISITE IN STOCKHOLM &#8211; SKT13<br \/>\n<\/strong>Bei dieser bequemen Stadtrundfahrt k\u00f6nnen Sie ganz entspannt alle ber\u00fchmten Sehensw\u00fcrdigkeiten von Stockholm kennenlernen, ohne dabei Ihre F\u00fc\u00dfe strapazieren zu m\u00fcssen. Ihr Besuch in der schwedischen Hauptstadt beginnt im angesagten Stadtteil S\u00f6dermalm auf der s\u00fcdlichsten von Stockholms Inseln, der bekannt ist f\u00fcr seine sch\u00f6nen alten H\u00e4user und die kreative K\u00fcnstlerstimmung. Weiter geht es zum Rathaus mit seiner eleganten Backsteinfassade, erbaut zwischen 1911 und 1923. Werfen Sie einen Blick auf das Geb\u00e4ude, in dem traditionell die Verleihung des Nobelpreises stattfindet. Weitere Highlights, die Sie im Vorbeifahren besichtigen, sind das prachtvolle k\u00f6nigliche Schloss Drottningholm das gr\u00f6\u00dfte Schloss der Welt, das noch von einem Staatsoberhaupt bewohnt wird und das schiffsf\u00f6rmige Vasa-Museum sowie der Freizeitpark Gr\u00f6na Lund und das Freilichtmuseum Skansen mit dem Zoo. Der letztgenannte Komplex wurde Ende des 19. Jahrhunderts f\u00fcr die \u00d6ffentlichkeit zug\u00e4nglich gemacht und zeigt das allt\u00e4gliche Leben in verschiedenen Teilen Schwedens vor der Industrialisierung. Zum Abschluss der Tour werfen Sie noch einen Blick auf das altehrw\u00fcrdige K\u00f6nigliche Dramatische Theater, das K\u00f6nigliche Opernhaus sowie das Stadtzentrum von Stockholm, bevor Sie in den Hafen zu Ihrem Schiff zur\u00fcckkehren. Hinweis: Alle Sehensw\u00fcrdigkeiten werden nur von au\u00dfen besichtigt. G\u00e4ste, die auf einen Rollstuhl angewiesen sind, m\u00fcssen von einer Person begleitet werden, die in der Lage ist, ihnen beim Besteigen des Busses zu helfen. Nutzen Sie bitte zusammenklappbare Rollst\u00fchle, da die Busse nicht mit Hebevorrichtungen oder Rampen ausger\u00fcstet sind. Bitte informieren Sie die Mitarbeiter des Ausflugsb\u00fcros rechtzeitig, damit sie Ihnen bei den Vorbereitungen helfen k\u00f6nnen.<\/p>\n<p><strong>Geeignet fu\u0308r G\u00e4ste mit beschr\u00e4nkter Mobilit\u00e4t &#8211; G\u00e4ste,<\/strong> die auf einen Rollstuhl ange-wiesen sind, mu\u0308ssen von einer Person begleitet werden, die in der Lage ist, ihnen beim Besteigen des Busses zu helfen. Nutzen Sie bitte zusammen-klappbare Rollstu\u0308hle, da die Busse nicht mit Hebevorrichtungen oder Rampen ausgeru\u0308stet sind. Bitte informieren Sie die Mitarbeiter das Ausflugsbu\u0308ros rechtzeitig, damit sie Ihnen bei den Vorbereitungen helfen k\u00f6nnen.<\/p>\n<p><strong>Preis pro Person<\/strong><br \/>\n<strong> Preis pro Erwachsener ab: \u20ac 49,00<\/strong><br \/>\n<strong> Preis pro Kind ab: \u20ac 39,00<\/strong><\/p>\n<p>&nbsp;<\/p>\n<p>Di. 22 Mai 2018 \u00b7 SPEZIALTOUREN<\/p>\n<p><strong>Dauer 2h \u00b7 SCHNAPPSCH\u00dcSSE VON STOCKHOLM MIT DEM HUBSCHRAUBER &#8211; SKT19<br \/>\n<\/strong>Warum geben Sie Ihrer Kreuzfahrt nicht das gewisse Etwas an Extraklasse und belohnen Sie sich selbst oder Ihre Liebsten mit einem ganz besonderen Ausflug. Diese au\u00dfergew\u00f6hnliche Tour beinhaltet einen 30-min\u00fctigen Hubschrauber-Rundflug \u00fcber das Venedig des Nordens, wie Stockholm auch genannt wird. Ein Auto-Transfer wird Sie zum Hubschrauber bringen, wo Sie eine kurze Einweisung erhalten. Danach bekommen Sie Ihre Kopfh\u00f6rer und sind bereit, einige H\u00f6hepunkte der Stadt aus der Vogelperspektive zu bewundern. Ihr Pilot wird Ihnen w\u00e4hrend des Rundflugs einige kurze Erkl\u00e4rungen zu Stockholm geben. Falls Sie sich besonders f\u00fcr eine bestimmte Sehensw\u00fcrdigkeit interessieren, geben Sie Ihrem Pilot einfach Bescheid und er wird versuchen, diese anzufliegen. Halten Sie Ihre Kamera bereit, um dieses besondere Erlebnis auf Fotos festzuhalten. Nach dieser unvergesslichen Erfahrung wird das Auto wieder auf Sie warten und Sie zur\u00fcck zum Hafen bringen. Hinweis: Der Pilot wird ausschlie\u00dflich Basis-Informationen geben. Dieser Ausflug ist leider nicht buchbar f\u00fcr G\u00e4ste, die auf einen Rollstuhl angewiesen sind oder ein Gewicht mehr als 120 kg haben. Jeder Hubschrauber-Flug hat eine maximale Kapazit\u00e4t von 3 G\u00e4sten. Dieser Ausflug ist nur w\u00e4hrend der Kreuzfahrt buchbar<strong>.<\/strong><\/p>\n<p><strong>Preis pro Person<\/strong><br \/>\n<strong> Preis pro Erwachsener ab: \u20ac 352,00<\/strong><br \/>\n<strong> Preis pro Kind ab: \u20ac 352,00<\/strong><\/p>\n<p>&nbsp;<\/p>\n<p><strong>Dauer 4h \u00b7 MILLENNIUM TOUR &amp; TOWN HALL &#8211; SKT22<br \/>\nGeeignet fu\u0308r G\u00e4ste mit beschr\u00e4nkter Mobilit\u00e4t &#8211; G\u00e4ste, <\/strong>die auf einen Rollstuhl ange-wiesen sind, mu\u0308ssen von einer Person begleitet werden, die in der Lage ist, ihnen beim Besteigen des Busses zu helfen. Nutzen Sie bitte zusammen-klappbare Rollstu\u0308hle, da die Busse nicht mit Hebevorrichtungen oder Rampen ausgeru\u0308stet sind. Bitte informieren Sie die Mitarbeiter das Ausflugsbu\u0308ros rechtzeitig, damit sie Ihnen bei den Vorbereitungen helfen k\u00f6nnen.<\/p>\n<p><strong>Preis pro Person<\/strong><br \/>\n<strong> Preis pro Erwachsener ab: \u20ac 62,00<\/strong><br \/>\n<strong> Preis pro Kind ab: \u20ac 45,00<\/p>\n<p><\/strong><\/p>\n<hr \/>\n<p>Die beschriebenen Ausfl\u00fcge sollen Ihnen eine Idee \u00fcber die Vielfalt der verschiedenen Touren geben. Dieses Programm ist nur ein Leitfaden. Die Best\u00e4tigung jedes Ausfluges, dessen Beschreibung und die Preise erfolgen w\u00e4hrend der Kreuzfahrt. Das Programm der Landausfl\u00fcge kann auf Grund von lokalen Bedingungen und\/oder unvorhersehbaren Vorkommnissen variieren. Einige Landausfl\u00fcge sind sehr beliebt und es kann keine Verf\u00fcgbarkeit garantiert werden, daher ist es ratsam fr\u00fchzeitig zu buchen. Eine Reiseleitung in englischer Sprache ist garantiert, nur bei S\u00fcdamerika-Kreuzfahrten ist eine Reiseleitung in brasilianischem Portugiesisch garantiert. Eine Reiseleitung in anderen Sprachen h\u00e4ngt von der Verf\u00fcgbarkeit der Reisleiter ab. Bitte beachten Sie, dass die finale Sprache eines Landausfluges auf Bord w\u00e4hrend der Kreuzfahrt best\u00e4tigt wird.<\/p>\n<\/div>\n\t\t<\/div><\/div><\/div><\/div>","protected":false},"excerpt":{"rendered":"<p>Stockholm &nbsp; Di. 22 Mai 2018 \u00b7 ST\u00c4DTE Dauer 4h \u00b7 STADTRUNDFAHRT, VASA-MUSEUM UND K\u00d6NIGSPALAST &#8211; SKT01 Verbringen Sie ein paar erlebnisreiche Stunden an Land und entdecken Sie die sch\u00f6nsten Sehensw\u00fcrdigkeiten der schwedischen Hauptstadt Stockholm. Dank ihrer interessanten Architektur, der <a href=\"https:\/\/reisen.reudnitzer-reisen.com\/msc-tanzreise\/stockholm\/\"> more&#8230;<\/a><\/p>\n","protected":false},"author":1,"featured_media":0,"parent":0,"menu_order":0,"comment_status":"closed","ping_status":"closed","template":"","meta":{"footnotes":""},"_links":{"self":[{"href":"https:\/\/reisen.reudnitzer-reisen.com\/msc-tanzreise\/wp-json\/wp\/v2\/pages\/93"}],"collection":[{"href":"https:\/\/reisen.reudnitzer-reisen.com\/msc-tanzreise\/wp-json\/wp\/v2\/pages"}],"about":[{"href":"https:\/\/reisen.reudnitzer-reisen.com\/msc-tanzreise\/wp-json\/wp\/v2\/types\/page"}],"author":[{"embeddable":true,"href":"https:\/\/reisen.reudnitzer-reisen.com\/msc-tanzreise\/wp-json\/wp\/v2\/users\/1"}],"replies":[{"embeddable":true,"href":"https:\/\/reisen.reudnitzer-reisen.com\/msc-tanzreise\/wp-json\/wp\/v2\/comments?post=93"}],"version-history":[{"count":16,"href":"https:\/\/reisen.reudnitzer-reisen.com\/msc-tanzreise\/wp-json\/wp\/v2\/pages\/93\/revisions"}],"predecessor-version":[{"id":141,"href":"https:\/\/reisen.reudnitzer-reisen.com\/msc-tanzreise\/wp-json\/wp\/v2\/pages\/93\/revisions\/141"}],"wp:attachment":[{"href":"https:\/\/reisen.reudnitzer-reisen.com\/msc-tanzreise\/wp-json\/wp\/v2\/media?parent=93"}],"curies":[{"name":"wp","href":"https:\/\/api.w.org\/{rel}","templated":true}]}}