{"id":88,"date":"2018-01-26T12:19:51","date_gmt":"2018-01-26T11:19:51","guid":{"rendered":"https:\/\/reisen.reudnitzer-reisen.com\/msc-tanzreise\/?page_id=88"},"modified":"2018-01-26T13:18:31","modified_gmt":"2018-01-26T12:18:31","slug":"ausflugsprogramm","status":"publish","type":"page","link":"https:\/\/reisen.reudnitzer-reisen.com\/msc-tanzreise\/ausflugsprogramm\/","title":{"rendered":"Ausflugsprogramm"},"content":{"rendered":"<p>Kopenhagen<\/p>\n<p>Stockholm<\/p>\n<p>Tallinn<\/p>\n<p>St. Petersburg<\/p>\n<hr \/>\n<p><strong>Unsere Landausflugs-Kategorien<br \/>\n<\/strong><br \/>\n<strong>AKTIV &amp; ABENTEUER<\/strong><br \/>\nAn Land wartet das Abenteuer auf Sie! Ob Wanderungen, Schnorcheln, Kajaktouren oder Jeep-<br \/>\nAusfl\u00fcge die perfekte Wahl f\u00fcr alle, die Sport und Action lieben.<\/p>\n<p><strong>ST\u00c4DTE<\/strong><br \/>\nEntdecken Sie die Innenstadt bei einer gef\u00fchrten Stadtrundfahrt und lassen Sie im bequemen Reisebus<br \/>\ndie Atmosph\u00e4re der Stadt auf sich wirken. Die einfach Art, Ihr Reiseziel n\u00e4her kennenzulernen.<\/p>\n<p><strong>KULTUR UND GESCHICHTE<\/strong><br \/>\nErfahren Sie alles Wissenswerte \u00fcber die Geschichte und Kultur Ihres Reiseziels. Sie besuchen die<br \/>\nwichtigsten Sehensw\u00fcrdigkeiten und nehmen an F\u00fchrungen zu bedeutenden Orten teil. Ideal f\u00fcr alle,<br \/>\ndie mehr \u00fcber ihr Reiseziel erfahren m\u00f6chten.<\/p>\n<p><strong>PANORAMATOUREN<\/strong><br \/>\nBestaunen Sie die Sch\u00f6nheit Ihres Reiseziels bei einer bequemen Bustour zu den wichtigsten<br \/>\nAttraktionen und sch\u00f6nsten Aussichten. Die entspannte Art zu entdecken!<\/p>\n<p><strong>SPEZIALTOUREN<\/strong><br \/>\nFr\u00f6nen Sie Ihrem Hobby an v\u00f6llig neuen Orten! Von kulinarischen Touren und gef\u00fchrten<br \/>\nEinkaufsausfl\u00fcgen bis hin zu Touren mit religi\u00f6sem Hintergrund es gibt so vieles zu entdecken und zu<br \/>\nerleben!<\/p>\n<p>Die beschriebenen Ausfl\u00fcge sollen Ihnen eine Idee \u00fcber die Vielfalt der verschiedenen Touren geben. Dieses Programm ist nur ein Leitfaden. Die Best\u00e4tigung jedes Ausfluges, dessen Beschreibung und die Preise erfolgen w\u00e4hrend der Kreuzfahrt. Das Programm der Landausfl\u00fcge kann auf Grund von lokalen Bedingungen und\/oder unvorhersehbaren Vorkommnissen variieren. Einige Landausfl\u00fcge sind sehr beliebt und es kann keine Verf\u00fcgbarkeit garantiert werden, daher ist es ratsam fr\u00fchzeitig zu buchen. Eine Reiseleitung in englischer Sprache ist garantiert, nur bei S\u00fcdamerika-Kreuzfahrten ist eine Reiseleitung in brasilianischem Portugiesisch garantiert. Eine Reiseleitung in anderen Sprachen h\u00e4ngt von der Verf\u00fcgbarkeit der Reisleiter ab. Bitte beachten Sie, dass die finale Sprache eines Landausfluges auf Bord w\u00e4hrend der Kreuzfahrt best\u00e4tigt wird.<\/p>\n","protected":false},"excerpt":{"rendered":"<p>Kopenhagen Stockholm Tallinn St. Petersburg Unsere Landausflugs-Kategorien AKTIV &amp; ABENTEUER An Land wartet das Abenteuer auf Sie! Ob Wanderungen, Schnorcheln, Kajaktouren oder Jeep- Ausfl\u00fcge die perfekte Wahl f\u00fcr alle, die Sport und Action lieben. ST\u00c4DTE Entdecken Sie die Innenstadt bei <a href=\"https:\/\/reisen.reudnitzer-reisen.com\/msc-tanzreise\/ausflugsprogramm\/\"> more&#8230;<\/a><\/p>\n","protected":false},"author":1,"featured_media":0,"parent":0,"menu_order":0,"comment_status":"closed","ping_status":"closed","template":"","meta":{"footnotes":""},"_links":{"self":[{"href":"https:\/\/reisen.reudnitzer-reisen.com\/msc-tanzreise\/wp-json\/wp\/v2\/pages\/88"}],"collection":[{"href":"https:\/\/reisen.reudnitzer-reisen.com\/msc-tanzreise\/wp-json\/wp\/v2\/pages"}],"about":[{"href":"https:\/\/reisen.reudnitzer-reisen.com\/msc-tanzreise\/wp-json\/wp\/v2\/types\/page"}],"author":[{"embeddable":true,"href":"https:\/\/reisen.reudnitzer-reisen.com\/msc-tanzreise\/wp-json\/wp\/v2\/users\/1"}],"replies":[{"embeddable":true,"href":"https:\/\/reisen.reudnitzer-reisen.com\/msc-tanzreise\/wp-json\/wp\/v2\/comments?post=88"}],"version-history":[{"count":4,"href":"https:\/\/reisen.reudnitzer-reisen.com\/msc-tanzreise\/wp-json\/wp\/v2\/pages\/88\/revisions"}],"predecessor-version":[{"id":135,"href":"https:\/\/reisen.reudnitzer-reisen.com\/msc-tanzreise\/wp-json\/wp\/v2\/pages\/88\/revisions\/135"}],"wp:attachment":[{"href":"https:\/\/reisen.reudnitzer-reisen.com\/msc-tanzreise\/wp-json\/wp\/v2\/media?parent=88"}],"curies":[{"name":"wp","href":"https:\/\/api.w.org\/{rel}","templated":true}]}}