{"id":18,"date":"2018-01-26T09:55:33","date_gmt":"2018-01-26T08:55:33","guid":{"rendered":"https:\/\/reisen.reudnitzer-reisen.com\/aida-tanzreise\/?page_id=18"},"modified":"2018-01-26T13:18:54","modified_gmt":"2018-01-26T12:18:54","slug":"kopenhagen","status":"publish","type":"page","link":"https:\/\/reisen.reudnitzer-reisen.com\/msc-tanzreise\/kopenhagen\/","title":{"rendered":"Kopenhagen"},"content":{"rendered":"<div id=\"pl-18\"  class=\"panel-layout\" ><div id=\"pg-18-0\"  class=\"panel-grid panel-no-style\" ><div id=\"pgc-18-0-0\"  class=\"panel-grid-cell\" ><div id=\"panel-18-0-0-0\" class=\"so-panel widget widget_text panel-first-child panel-last-child\" data-index=\"0\" ><h3 class=\"widget-title\">Kopenhagen<\/h3>\t\t\t<div class=\"textwidget\"><p>&nbsp;<\/p>\n<p>So. 20 Mai 2018 \u00b7 ST\u00c4DTE<\/p>\n<p><strong>Dauer 4h \u00b7 STADTRUNDFAHRT &#8211; COP01D<\/strong><br \/>\nLassen Sie Ihr Schiff f\u00fcr einige Stunden hinter sich und gehen Sie stattdessen auf Entdeckungsreise durch die d\u00e4nische Hauptstadt mit ihren unz\u00e4hligen Sehensw\u00fcrdigkeiten. Nach einem Fotostopp bei der Kleinen Meerjungfrau, die zweifelsohne das markanteste Wahrzeichen von Kopenhagen ist, geht es zum farbenpr\u00e4chtigen Hafenviertel Nyhavn mit seinen zahlreichen trendigen Caf\u00e9s und Restaurants. Anschlie\u00dfend setzen Sie Ihre Stadterkundung in einem modernen Reisebus fort. Sie fahren vorbei am prachtvollen Schloss Amalienborg, der Winterresidenz der d\u00e4nischen K\u00f6nigsfamilie. Im Tivoli, dem bekannten Vergn\u00fcgungs- und Erholungspark Kopenhagens, haben Sie dann ein wenig Freizeit, bevor Sie schlie\u00dflich noch einen Blick auf Schloss Christiansborg, den Sitz des d\u00e4nischen Parlaments, werfen k\u00f6nnen. Hinweis: Der Ausflug endet f\u00fcr Transitg\u00e4ste am Hafen. F\u00fcr abreisende G\u00e4ste, deren R\u00fcckflug nach 16:30 Uhr stattfindet endet der Ausflug am Flughafen. Wenn Sie diesen Ausflug vor Ihrer Kreuzfahrt buchen und bezahlen, benutzen Sie bitte die Buchungscodes wie folgt: COP01T: wenn Sie Transitgast sind oder COP01D: wenn Ihre Reise in Kopenhagen endet. G\u00e4ste, die auf einen Rollstuhl ange-wiesen sind, m\u00fcssen von einer Person begleitet werden, die in der Lage ist, ihnen beim Besteigen des Busses zu helfen. Nutzen Sie bitte zusammen-klappbare Rollst\u00fchle, da die Busse nicht mit Hebevorrichtungen oder Rampen ausger\u00fcstet sind. Bitte informieren Sie die Mitarbeiter das Ausflugsb\u00fcro rechtzeitig, damit sie Ihnen bei den Vorbereitungen helfen k\u00f6nnen.<\/p>\n<p><strong>Preis pro Person<\/strong><br \/>\n<strong>Preis pro Erwachsener ab: \u20ac 69,00<\/strong><br \/>\n<strong>Preis pro Kind ab: \u20ac 49,00<\/strong><\/p>\n<p><strong><br \/>\nDauer 4h \u00b7 STADTRUNDFAHRT &#8211; COP01T<\/strong><br \/>\nLassen Sie Ihr Schiff f\u00fcr einige Stunden hinter sich und gehen Sie stattdessen auf Entdeckungsreise durch die d\u00e4nische Hauptstadt mit ihren unz\u00e4hligen Sehensw\u00fcrdigkeiten. Nach einem Fotostopp bei der Kleinen Meerjungfrau, die zweifelsohne das markanteste Wahrzeichen von Kopenhagen ist, geht es zum farbenpr\u00e4chtigen Hafenviertel Nyhavn mit seinen zahlreichen trendigen Caf\u00e9s und Restaurants. Anschlie\u00dfend setzen Sie Ihre Stadterkundung in einem modernen Reisebus fort. Sie fahren vorbei am prachtvollen Schloss Amalienborg, der Winterresidenz der d\u00e4nischen K\u00f6nigsfamilie. Im Tivoli, dem bekannten Vergn\u00fcgungs- und Erholungspark Kopenhagens, haben Sie dann ein wenig Freizeit, bevor Sie schlie\u00dflich noch einen Blick auf Schloss Christiansborg, den Sitz des d\u00e4nischen Parlaments, werfen k\u00f6nnen. Hinweis: Der Ausflug endet f\u00fcr Transitg\u00e4ste am Hafen. F\u00fcr abreisende G\u00e4ste, deren R\u00fcckflug nach 16:30 Uhr stattfindet endet der Ausflug am Flughafen. Wenn Sie diesen Ausflug vor Ihrer Kreuzfahrt buchen und bezahlen, benutzen Sie bitte die Buchungscodes wie folgt: COP01T: wenn Sie Transitgast sind oder COP01D: wenn Ihre Reise in Kopenhagen endet. G\u00e4ste, die auf einen Rollstuhl ange-wiesen sind, m\u00fcssen von einer Person begleitet werden, die in der Lage ist, ihnen beim Besteigen des Busses zu helfen. Nutzen Sie bitte zusammen-klappbare Rollst\u00fchle, da die Busse nicht mit Hebevorrichtungen oder Rampen ausger\u00fcstet sind. Bitte informieren Sie die Mitarbeiter das Ausflugsb\u00fcro rechtzeitig, damit sie Ihnen bei den Vorbereitungen helfen k\u00f6nnen.<\/p>\n<p><strong>Preis pro Person<\/strong><br \/>\n<strong>Preis pro Erwachsener ab: \u20ac 62,00<\/strong><br \/>\n<strong>Preis pro Kind ab: \u20ac 42,00<\/strong><\/p>\n<p>&nbsp;<\/p>\n<p>So. 20 Mai 2018 \u00b7 PANORAMATOUREN<\/p>\n<p><strong>Dauer 4h \u00b7 PANORAMAFAHRT DURCH KOPENHAGEN UND DRAG\u00d8R &#8211; COP02D<br \/>\n<\/strong>Diese unterhaltsame Sightseeing-Tour entf\u00fchrt Sie nach Kopenhagen und in die benachbarte Ortschaft Drag\u00f8r. Zun\u00e4chst stehen die Hauptattraktionen der reizenden d\u00e4nischen Hauptstadt auf dem Programm, allen voran die Kleine Meerjungfrau, die als markantestes Wahrzeichen Kopenhagens gilt. Zu den weiteren Sehensw\u00fcrdigkeiten z\u00e4hlen die Kopenhagener B\u00f6rse und das schillernde Hafenviertel Nyhavn. Mit einem Bus geht es anschlie\u00dfend heraus aus der Stadt nach Drag\u00f8r. Auf der etwa 30-min\u00fctigen Fahrt k\u00f6nnen Sie auch einen Blick auf die \u00d6resundbr\u00fccke werfen, die D\u00e4nemark mit Schweden verbindet. In Drag\u00f8r angekommen besichtigen Sie die wundersch\u00f6ne, gut erhaltene Altstadt mit ihren traditionellen, ockergelben H\u00e4usern, die sich an den weit verzweigten malerischen Gassen und Pflasterstra\u00dfen aneinander reihen. Ihr Ausflug in diese reizende altehrw\u00fcrdige Schifffahrtstadt wird mit einem erfrischenden Getr\u00e4nk und einem St\u00fcck leckeren d\u00e4nischen Geb\u00e4cks abgerundet. Hinweis: Der Ausflug endet f\u00fcr Transitg\u00e4ste am Hafen. F\u00fcr abreisende G\u00e4ste, deren R\u00fcckflug nach 16:30 Uhr stattfindet endet der Ausflug am Flughafen. Bei diesem Ausflug m\u00fcssen l\u00e4ngere Fu\u00dfwege auf unebenen Wegen zur\u00fcckgelegt werden. Er ist daher nicht empfehlenswert f\u00fcr G\u00e4ste mit eingeschr\u00e4nkter Mobilit\u00e4t und Rollstuhlfahrer. Die Ausflugsdauer schlie\u00dft die Transferzeit zum Flughafen ein. Wenn Sie diesen Ausflug vor Ihrer Kreuzfahrt buchen und bezahlen, benutzen Sie bitte die Buchungscodes wie folgt: COP02T: wenn Sie Transitgast sind oder COP02D: wenn Ihre Reise in Kopenhagen endet.<\/p>\n<p><strong>Preis pro Person<\/strong><br \/>\n<strong>Preis pro Erwachsener ab: \u20ac 65,00<\/strong><br \/>\n<strong>Preis pro Kind ab: \u20ac 45,00<br \/>\n<\/strong><\/p>\n<p><strong><br \/>\nDauer 4h \u00b7 PANORAMAFAHRT DURCH KOPENHAGEN UND DRAG\u00d8R &#8211; COP02T<br \/>\n<\/strong>Diese unterhaltsame Sightseeing-Tour entf\u00fchrt Sie nach Kopenhagen und in die benachbarte Ortschaft Drag\u00f8r. Zun\u00e4chst stehen die Hauptattraktionen der reizenden d\u00e4nischen Hauptstadt auf dem Programm, allen voran die Kleine Meerjungfrau, die als markantestes Wahrzeichen Kopenhagens gilt. Zu den weiteren Sehensw\u00fcrdigkeiten z\u00e4hlen die Kopenhagener B\u00f6rse und das schillernde Hafenviertel Nyhavn. Mit einem Bus geht es anschlie\u00dfend heraus aus der Stadt nach Drag\u00f8r. Auf der etwa 30- min\u00fctigen Fahrt k\u00f6nnen Sie auch einen Blick auf die \u00d6resundbr\u00fccke werfen, die D\u00e4nemark mit Schweden verbindet. In Drag\u00f8r angekommen besichtigen Sie die wundersch\u00f6ne, gut erhaltene Altstadt mit ihren traditionellen, ockergelben H\u00e4usern, die sich an den weit verzweigten malerischen Gassen und Pflasterstra\u00dfen aneinander reihen. Ihr Ausflug in diese reizende altehrw\u00fcrdige Schifffahrtstadt wird mit einem erfrischenden Getr\u00e4nk und einem St\u00fcck leckeren d\u00e4nischen Geb\u00e4cks abgerundet. Hinweis: Der Ausflug endet f\u00fcr Transitg\u00e4ste am Hafen. F\u00fcr abreisende G\u00e4ste, deren R\u00fcckflug nach 16:30 Uhr stattfindet endet der Ausflug am Flughafen. Bei diesem Ausflug m\u00fcssen l\u00e4ngere Fu\u00dfwege auf unebenen Wegen zur\u00fcckgelegt werden. Er ist daher nicht empfehlenswert f\u00fcr G\u00e4ste mit eingeschr\u00e4nkter Mobilit\u00e4t und Rollstuhlfahrer. Die Ausflugsdauer schlie\u00dft die Transferzeit zum Flughafen ein. Wenn Sie diesen Ausflug vor Ihrer Kreuzfahrt buchen und bezahlen, benutzen Sie bitte die Buchungscodes wie folgt: COP02T: wenn Sie Transitgast sind oder COP02D: wenn Ihre Reise in Kopenhagen endet.<\/p>\n<p><strong>Preis pro Person<\/strong><br \/>\n<strong> Preis pro Erwachsener ab: \u20ac 59,00<\/strong><br \/>\n<strong> Preis pro Kind ab: \u20ac 39,00<\/strong><\/p>\n<p>&nbsp;<\/p>\n<p>So. 20 Mai 2018 \u00b7 KULTUR UND GESCHICHTE<\/p>\n<p><strong>Dauer 3h \u00b7 SCHLOSS CHRISTIANSBORG UND BESICHTIGUNG VON KOPENHAGEN &#8211; COP03D<br \/>\n<\/strong>Entdecken Sie die Sch\u00f6nheit von Kopenhagen! Dieser angenehme Ausflug kombiniert eine Stadtrundfahrt mit der Besichtigung eines der wichtigsten Orte der Stadt, dem Schloss Christiansborg auf der inmitten der Stadt gelegenen Insel Slotsholmen. Der Komplex wurde im Laufe der Jahre drei Mal wiederaufgebaut und kann sich damit r\u00fchmen, das einzige Bauwerk der Welt zu sein, das die drei Staatsgewalten eines Landes das Parlament, das B\u00fcro des Premierministers und den Obersten Gerichtshof in sich vereint. Einige Bereiche des Schlosses werden au\u00dferdem noch heute von der d\u00e4nischen K\u00f6nigsfamilie genutzt. Einer F\u00fchrung durch die reich verzierten Empfangss\u00e4le und Hallen des Palasts folgt der Sightseeing-Teil des Ausflugs: Bei einer Rundfahrt werden Sie die Kleine Meerjungfrau, Schloss Amalienborg, die Holmen-Kirche, Schloss Rosenborg, die Alte B\u00f6rse und den Tivoli Park sehen. Hinweis: Der Ausflug endet f\u00fcr Transitg\u00e4ste am Hafen. F\u00fcr abreisende G\u00e4ste, deren R\u00fcckflug nach 15:00 Uhr stattfindet endet der Ausflug am Flughafen. Die Ausflugsdauer schlie\u00dft die Transferzeit zum Flughafen ein. Bei diesem Ausflug m\u00fcssen l\u00e4ngere Fu\u00dfwege auf unebenen Wegen zur\u00fcckgelegt werden. Er ist daher nicht empfehlenswert f\u00fcr G\u00e4ste mit eingeschr\u00e4nkter Mobilit\u00e4t und Rollstuhlfahrer. Wenn Sie diesen Ausflug vor Ihrer Kreuzfahrt buchen und bezahlen, benutzen Sie bitte die Buchungscodes wie folgt: COP03T: wenn Sie Transitgast sind oder COP03D: wenn Ihre Reise in Kopenhagen endet.<\/p>\n<p><strong>Preis pro Person<br \/>\nPreis pro Erwachsener ab: \u20ac 65,00<br \/>\nPreis pro Kind ab: \u20ac 45,00<\/strong><\/p>\n<p>&nbsp;<\/p>\n<p><strong>Dauer 3h \u00b7 SCHLOSS CHRISTIANSBORG UND BESICHTIGUNG VON KOPENHAGEN &#8211; COP03T<br \/>\n<\/strong>Entdecken Sie die Sch\u00f6nheit von Kopenhagen! Dieser angenehme Ausflug kombiniert eine Stadtrundfahrt mit der Besichtigung eines der wichtigsten Orte der Stadt, dem Schloss Christiansborg auf der inmitten der Stadt gelegenen Insel Slotsholmen. Der Komplex wurde im Laufe der Jahre drei Mal wiederaufgebaut und kann sich damit r\u00fchmen, das einzige Bauwerk der Welt zu sein, das die drei Staatsgewalten eines Landes das Parlament, das B\u00fcro des Premierministers und den Obersten Gerichtshof in sich vereint. Einige Bereiche des Schlosses werden au\u00dferdem noch heute von der d\u00e4nischen K\u00f6nigsfamilie genutzt. Einer F\u00fchrung durch die reich verzierten Empfangss\u00e4le und Hallen des Palasts folgt der Sightseeing-Teil des Ausflugs: Bei einer Rundfahrt werden Sie die Kleine Meerjungfrau, Schloss Amalienborg, die Holmen-Kirche, Schloss Rosenborg, die Alte B\u00f6rse und den Tivoli Park sehen. Hinweis: Der Ausflug endet f\u00fcr Transitg\u00e4ste am Hafen. F\u00fcr abreisende G\u00e4ste, deren R\u00fcckflug nach 15:00 Uhr stattfindet endet der Ausflug am Flughafen. Die Ausflugsdauer schlie\u00dft die Transferzeit zum Flughafen ein. Bei diesem Ausflug m\u00fcssen l\u00e4ngere Fu\u00dfwege auf unebenen Wegen zur\u00fcckgelegt werden. Er ist daher nicht empfehlenswert f\u00fcr G\u00e4ste mit eingeschr\u00e4nkter Mobilit\u00e4t und Rollstuhlfahrer. Wenn Sie diesen Ausflug vor Ihrer Kreuzfahrt buchen und bezahlen, benutzen Sie bitte die Buchungscodes wie folgt: COP03T: wenn Sie Transitgast sind oder COP03D: wenn Ihre Reise in Kopenhagen endet.<\/p>\n<p><strong>Preis pro Person<\/strong><br \/>\n<strong> Preis pro Erwachsener ab: \u20ac 59,00<\/strong><br \/>\n<strong> Preis pro Kind ab: \u20ac 39,00<\/strong><\/p>\n<p>&nbsp;<\/p>\n<p>So. 20 Mai 2018 \u00b7 ST\u00c4DTE<\/p>\n<p><strong>Dauer 7h \u00b7 EIN TAG IN KOPENHAGEN &#8211; COP04T<br \/>\n<\/strong>Vom Hafen aus unternehmen Sie einen ausgedehnten Ausflug durch die d\u00e4nische Hauptstadt und lernen ihre wichtigsten Sehensw\u00fcrdigkeiten kennen. Nachdem Sie an der Kleinen Meerjungfrau Gelegenheit zum Fotografieren hatten, besichtigen Sie das Schloss Christiansborg, um die gro\u00dfz\u00fcgigen k\u00f6niglichen Empfangss\u00e4le und Hallen zu bewundern. Der Schlosskomplex wurde im Laufe seiner Geschichte drei Mal wiederaufgebaut. Ihr n\u00e4chstes Ziel ist der ber\u00fchmte Vergn\u00fcgungs- und Erholungspark Tivoli im Zentrum der Stadt. Dort haben Sie gen\u00fcgend Zeit, um sich ins Vergn\u00fcgen zu st\u00fcrzen, einen Happen zu Mittag zu essen (nicht im Ausflugspreis enthalten) oder f\u00fcr einen Einkaufsbummel. Bevor Sie zum Schiff zur\u00fcckkehren, unternehmen Sie noch eine reizvolle Bootsfahrt auf Kopenhagens Grachten, bei der Sie die Stadtlandschaft aus einer besonders attraktiven Perspektive betrachten k\u00f6nnen. Hinweis: Dieser Ausflug ist nur f\u00fcr Transitg\u00e4ste im Hafen von Kopenhagen buchbar. Er ist f\u00fcr G\u00e4ste mit eingeschr\u00e4nkter Mobilit\u00e4t und Rollstuhlfahrer nicht geeignet. Im Schloss Christiansborg ist das Fotografieren mit Blitzlicht nicht gestattet.<\/p>\n<p><strong>Preis pro Person<\/strong><br \/>\n<strong> Preis pro Erwachsener ab: \u20ac 95,00<\/strong><br \/>\n<strong> Preis pro Kind ab: \u20ac 69,00<\/strong><\/p>\n<p>&nbsp;<\/p>\n<p>So. 20 Mai 2018 \u00b7 PANORAMATOUREN<em><strong><br \/>\n<\/strong><\/em><\/p>\n<p><strong>Dauer 2:30h \u00b7 EXPRESS STADTRUNDFAHRT &#8211; COP09D<br \/>\n<\/strong>Diese kurze, aber informative Stadttour beginnt mit einem Fotostopp an der Statue von Hans Christian Andersens Kleiner Meerjungfrau, die der Gr\u00fcnder einer d\u00e4nischen Biermarke im Jahr 1909 zu Ehren des M\u00e4rchens anfertigen lie\u00df. Die Statue ist zwar nur klein, aber wundersch\u00f6n gestaltet und durchaus den einen oder anderen Schnappschuss wert. Als N\u00e4chstes besichtigen Sie Kopenhagens reizvolles Hafenviertel und der Nyhavn mit einer F\u00fclle von beliebten Caf\u00e9s, Bars und Restaurants. Dieses Viertel bezaubert sowohl mit seinen vielen historischen Schiffen als auch mit den in pr\u00e4chtigen Farben erstrahlenden H\u00e4usern aus dem 17. und fr\u00fchen 18. Jahrhundert. Eine Au\u00dfenbesichtigung des Schlosses Amalienborg, das Ende des 18. Jahrhunderts vom d\u00e4nischen K\u00f6nigshaus gekauft wurde und der k\u00f6niglichen Familie jetzt als Winterresidenz dient, rundet Ihren Ausflug ab, bevor Sie zum Flughafen gebracht werden. Hinweis: Dieser Ausflug ist ausschlie\u00dflich vorgesehen f\u00fcr G\u00e4ste, die in Kopenhagen aussteigen und deren Fl\u00fcge nach 14:00Uhr stattfinden. Die Dauer der Stadtrundfahrt schlie\u00dft die Transferzeit zum Flughafen ein. G\u00e4ste, die auf einen Rollstuhl ange-wiesen sind, m\u00fcssen von einer Person begleitet werden, die in der Lage ist, ihnen beim Besteigen des Busses zu helfen. Nutzen Sie bitte zusammenklappbare Rollst\u00fchle, da die Busse nicht mit Hebevorrichtungen oder Rampen ausger\u00fcstet sind. Bitte informieren Sie die Mitarbeiter das Ausflugsb\u00fcro rechtzeitig, damit sie Ihnen bei den Vorbereitungen helfen k\u00f6nnen.<\/p>\n<p><strong>Preis pro Person<\/strong><br \/>\n<strong> Preis pro Erwachsener ab: \u20ac 52,00<\/strong><br \/>\n<strong> Preis pro Kind ab: \u20ac 39,00<\/strong><\/p>\n<p>&nbsp;<\/p>\n<p>So. 20 Mai 2018 \u00b7 KULTUR UND GESCHICHTE<em><strong><br \/>\n<\/strong><\/em><\/p>\n<p><strong>Dauer 4h \u00b7 SCHLOSS ROSENBORG, STADTFAHRT UND SHOPPING &#8211; COP13D<br \/>\n<\/strong>Sie fahren zum Schloss Rosenborg, das idyllisch in einer gr\u00fcnen Parklandschaft gelegen ist. Es wurde im 17. Jahrhundert von K\u00f6nig Christian IV. als Sommerpalast konzipiert und gebaut. Freuen Sie sich auf eine gef\u00fchrte Tour durch das Schloss und sehen Sie die Kronjuwelen, den Rittersaal sowie die pr\u00e4chtigen K\u00f6nigsgem\u00e4cher. Anschlie\u00dfend unternehmen Sie eine Stadtrundfahrt durch Kopenhagen mit den Stationen Parlament, Christiansborg, Marinekirche und alte B\u00f6rse und Schloss Amalienborg, die Winterresidenz der K\u00f6nigin, an der Sie kurz halten. An der Stroget, der belebten und ber\u00fchmtesten Fu\u00dfg\u00e4ngerzone Kopenhagens, die sich durch die Innenstadt zieht, haben Sie die M\u00f6glichkeit, auszusteigen und einzukaufen. Zuvor erhalten Sie noch einige Informationen von Ihrem Reiseleiter \u00fcber den Abfahrtsort Ihres Busses, der Sie am Ende des Ausflugs zum Schiff zur\u00fcck bringt. Hinweis: Der Ausflug endet f\u00fcr Transitg\u00e4ste am Hafen. F\u00fcr abreisende G\u00e4ste, deren R\u00fcckflug nach 16:30 Uhr stattfindet endet der Ausflug am Flughafen. Der Ausflug ist f\u00fcr G\u00e4ste mit eingeschr\u00e4nkter Mobilit\u00e4t und Rollstuhlfahrer nicht geeignet. Die Ausflugsdauer schlie\u00dft die Transferzeit zum Flughafen ein. Wenn Sie diesen Ausflug vor Ihrer Kreuzfahrt buchen und bezahlen, benutzen Sie bitte die Buchungscodes wie folgt: COP13T: wenn Sie Transitgast sind oder COP13D: wenn Ihre Reise in Kopenhagen endet.<\/p>\n<p><strong>Preis pro Person<\/strong><br \/>\n<strong> Preis pro Erwachsener ab: \u20ac 65,00<\/strong><br \/>\n<strong> Preis pro Kind ab: \u20ac 45,00<\/strong><\/p>\n<p>&nbsp;<\/p>\n<p><strong>Dauer 4h \u00b7 SCHLOSS ROSENBORG, STADTFAHRT UND SHOPPING &#8211; COP13D<br \/>\n<\/strong>Sie fahren zum Schloss Rosenborg, das idyllisch in einer gr\u00fcnen Parklandschaft gelegen ist. Es wurde im 17. Jahrhundert von K\u00f6nig Christian IV. als Sommerpalast konzipiert und gebaut. Freuen Sie sich auf eine gef\u00fchrte Tour durch das Schloss und sehen Sie die Kronjuwelen, den Rittersaal sowie die pr\u00e4chtigen K\u00f6nigsgem\u00e4cher. Anschlie\u00dfend unternehmen Sie eine Stadtrundfahrt durch Kopenhagen mit den Stationen Parlament, Christiansborg, Marinekirche und alte B\u00f6rse und Schloss Amalienborg, die Winterresidenz der K\u00f6nigin, an der Sie kurz halten. An der Stroget, der belebten und ber\u00fchmtesten Fu\u00dfg\u00e4ngerzone Kopenhagens, die sich durch die Innenstadt zieht, haben Sie die M\u00f6glichkeit, auszusteigen und einzukaufen. Zuvor erhalten Sie noch einige Informationen von Ihrem Reiseleiter \u00fcber den Abfahrtsort Ihres Busses, der Sie am Ende des Ausflugs zum Schiff zur\u00fcck bringt. Hinweis: Der Ausflug endet f\u00fcr Transitg\u00e4ste am Hafen. F\u00fcr abreisende G\u00e4ste, deren R\u00fcckflug nach 16:30 Uhr stattfindet endet der Ausflug am Flughafen. Der Ausflug ist f\u00fcr G\u00e4ste mit eingeschr\u00e4nkter Mobilit\u00e4t und Rollstuhlfahrer nicht geeignet. Die Ausflugsdauer schlie\u00dft die Transferzeit zum Flughafen ein. Wenn Sie diesen Ausflug vor Ihrer Kreuzfahrt buchen und bezahlen, benutzen Sie bitte die Buchungscodes wie folgt: COP13T: wenn Sie Transitgast sind oder COP13D: wenn Ihre Reise in Kopenhagen endet.<\/p>\n<p><strong>Preis pro Person<\/strong><br \/>\n<strong> Preis pro Erwachsener ab: \u20ac 59,00<\/strong><br \/>\n<strong> Preis pro Kind ab: \u20ac 39,00<\/strong><\/p>\n<p>&nbsp;<\/p>\n<p>So. 20 Mai 2018 \u00b7 PANORAMATOUREN<\/p>\n<p><strong>Dauer 3h \u00b7 HAFENRUNDFAHRT &#8211; COP15D<br \/>\n<\/strong>Der Ausflug beginnt mit einer kurzen Stadtrundfahrt in Richtung Nyhavn, w\u00e4hrend der Sie Schloss Christiansborg sowie die alte B\u00f6rse mit ihrer Turmspitze in Form dreier Drachenschw\u00e4nze, erbaut von K\u00f6nig Christian IV., passieren. Das bunte und lebendige Hafenviertel Nyhavn wurde einst bevorzugt von Seeleuten besucht. Heute werden die Kan\u00e4le von 400 Jahre alten Giebelh\u00e4usern mit Stra\u00dfencaf\u00e9s und Bars ges\u00e4umt. Anschlie\u00dfend machen Sie einen kurzen interessanten Rundgang durch das Schloss Amalienborg. Am Gammel Strand besteigen Sie ein Boot und gleiten durch die malerischen Kan\u00e4le mit gro\u00dfartigen Ausblicken auf die Sehensw\u00fcrdigkeiten der Stadt wie Christianshavn, die K\u00f6nigliche Bibliothek, den alten Marinehafen und die Oper. Hinweis: Der Ausflug endet f\u00fcr Transitg\u00e4ste am Hafen. F\u00fcr abreisende G\u00e4ste, deren R\u00fcckflug nach 15:00 Uhr stattfindet endet der Ausflug am Flughafen. Der Ausflug ist nicht empfehlenswert f\u00fcr G\u00e4ste mit eingeschr\u00e4nkter Mobilit\u00e4t und Rollstuhlfahrer. Die Ausflugsdauer schlie\u00dft die Transferzeit zum Flughafen ein. Wenn Sie diesen Ausflug vor Ihrer Abreise buchen und bezahlen, benutzen Sie bitte die Buchungscodes wie folgt: COP15T: wenn Sie Transitgast sind oder COP15D: wenn Ihre Reise in Kopenhagen endet.<\/p>\n<p><strong>Preis pro Person<\/strong><br \/>\n<strong> Preis pro Erwachsener ab: \u20ac 65,00<\/strong><br \/>\n<strong> Preis pro Kind ab: \u20ac 45,00<\/strong><\/p>\n<p>&nbsp;<\/p>\n<p><strong>Dauer 3h \u00b7 HAFENRUNDFAHRT &#8211; COP15D<br \/>\n<\/strong>Der Ausflug beginnt mit einer kurzen Stadtrundfahrt in Richtung Nyhavn, w\u00e4hrend der Sie Schloss Christiansborg sowie die alte B\u00f6rse mit ihrer Turmspitze in Form dreier Drachenschw\u00e4nze, erbaut von K\u00f6nig Christian IV., passieren. Das bunte und lebendige Hafenviertel Nyhavn wurde einst bevorzugt von Seeleuten besucht. Heute werden die Kan\u00e4le von 400 Jahre alten Giebelh\u00e4usern mit Stra\u00dfencaf\u00e9s und Bars ges\u00e4umt. Anschlie\u00dfend machen Sie einen kurzen interessanten Rundgang durch das Schloss Amalienborg. Am Gammel Strand besteigen Sie ein Boot und gleiten durch die malerischen Kan\u00e4le mit gro\u00dfartigen Ausblicken auf die Sehensw\u00fcrdigkeiten der Stadt wie Christianshavn, die K\u00f6nigliche Bibliothek, den alten Marinehafen und die Oper. Hinweis: Der Ausflug endet f\u00fcr Transitg\u00e4ste am Hafen. F\u00fcr abreisende G\u00e4ste, deren R\u00fcckflug nach 15:00 Uhr stattfindet endet der Ausflug am Flughafen. Der Ausflug ist nicht empfehlenswert f\u00fcr G\u00e4ste mit eingeschr\u00e4nkter Mobilit\u00e4t und Rollstuhlfahrer. Die Ausflugsdauer schlie\u00dft die Transferzeit zum Flughafen ein. Wenn Sie diesen Ausflug vor Ihrer Abreise buchen und bezahlen, benutzen Sie bitte die Buchungscodes wie folgt: COP15T: wenn Sie Transitgast sind oder COP15D: wenn Ihre Reise in Kopenhagen endet.<\/p>\n<p><strong>Preis pro Person<\/strong><br \/>\n<strong> Preis pro Erwachsener ab: \u20ac 59,00<\/strong><br \/>\n<strong> Preis pro Kind ab: \u20ac 39,00<\/p>\n<p><\/strong><\/p>\n<hr \/>\n<p>Die beschriebenen Ausfl\u00fcge sollen Ihnen eine Idee \u00fcber die Vielfalt der verschiedenen Touren geben. Dieses Programm ist nur ein Leitfaden. Die Best\u00e4tigung jedes Ausfluges, dessen Beschreibung und die Preise erfolgen w\u00e4hrend der Kreuzfahrt. Das Programm der Landausfl\u00fcge kann auf Grund von lokalen Bedingungen und\/oder unvorhersehbaren Vorkommnissen variieren. Einige Landausfl\u00fcge sind sehr beliebt und es kann keine Verf\u00fcgbarkeit garantiert werden, daher ist es ratsam fr\u00fchzeitig zu buchen. Eine Reiseleitung in englischer Sprache ist garantiert, nur bei S\u00fcdamerika-Kreuzfahrten ist eine Reiseleitung in brasilianischem Portugiesisch garantiert. Eine Reiseleitung in anderen Sprachen h\u00e4ngt von der Verf\u00fcgbarkeit der Reisleiter ab. Bitte beachten Sie, dass die finale Sprache eines Landausfluges auf Bord w\u00e4hrend der Kreuzfahrt best\u00e4tigt wird.<\/p>\n<\/div>\n\t\t<\/div><\/div><\/div><\/div>","protected":false},"excerpt":{"rendered":"<p>Kopenhagen &nbsp; So. 20 Mai 2018 \u00b7 ST\u00c4DTE Dauer 4h \u00b7 STADTRUNDFAHRT &#8211; COP01D Lassen Sie Ihr Schiff f\u00fcr einige Stunden hinter sich und gehen Sie stattdessen auf Entdeckungsreise durch die d\u00e4nische Hauptstadt mit ihren unz\u00e4hligen Sehensw\u00fcrdigkeiten. Nach einem Fotostopp <a href=\"https:\/\/reisen.reudnitzer-reisen.com\/msc-tanzreise\/kopenhagen\/\"> more&#8230;<\/a><\/p>\n","protected":false},"author":1,"featured_media":0,"parent":0,"menu_order":0,"comment_status":"closed","ping_status":"closed","template":"","meta":{"footnotes":""},"_links":{"self":[{"href":"https:\/\/reisen.reudnitzer-reisen.com\/msc-tanzreise\/wp-json\/wp\/v2\/pages\/18"}],"collection":[{"href":"https:\/\/reisen.reudnitzer-reisen.com\/msc-tanzreise\/wp-json\/wp\/v2\/pages"}],"about":[{"href":"https:\/\/reisen.reudnitzer-reisen.com\/msc-tanzreise\/wp-json\/wp\/v2\/types\/page"}],"author":[{"embeddable":true,"href":"https:\/\/reisen.reudnitzer-reisen.com\/msc-tanzreise\/wp-json\/wp\/v2\/users\/1"}],"replies":[{"embeddable":true,"href":"https:\/\/reisen.reudnitzer-reisen.com\/msc-tanzreise\/wp-json\/wp\/v2\/comments?post=18"}],"version-history":[{"count":40,"href":"https:\/\/reisen.reudnitzer-reisen.com\/msc-tanzreise\/wp-json\/wp\/v2\/pages\/18\/revisions"}],"predecessor-version":[{"id":137,"href":"https:\/\/reisen.reudnitzer-reisen.com\/msc-tanzreise\/wp-json\/wp\/v2\/pages\/18\/revisions\/137"}],"wp:attachment":[{"href":"https:\/\/reisen.reudnitzer-reisen.com\/msc-tanzreise\/wp-json\/wp\/v2\/media?parent=18"}],"curies":[{"name":"wp","href":"https:\/\/api.w.org\/{rel}","templated":true}]}}