{"id":108,"date":"2018-01-26T12:49:42","date_gmt":"2018-01-26T11:49:42","guid":{"rendered":"https:\/\/reisen.reudnitzer-reisen.com\/msc-tanzreise\/?page_id=108"},"modified":"2018-01-26T13:19:59","modified_gmt":"2018-01-26T12:19:59","slug":"tallinn","status":"publish","type":"page","link":"https:\/\/reisen.reudnitzer-reisen.com\/msc-tanzreise\/tallinn\/","title":{"rendered":"Tallinn"},"content":{"rendered":"<div id=\"pl-108\"  class=\"panel-layout\" ><div id=\"pg-108-0\"  class=\"panel-grid panel-no-style\" ><div id=\"pgc-108-0-0\"  class=\"panel-grid-cell\" ><div id=\"panel-108-0-0-0\" class=\"so-panel widget widget_text panel-first-child panel-last-child\" data-index=\"0\" ><h3 class=\"widget-title\">Tallinn<\/h3>\t\t\t<div class=\"textwidget\"><p>&nbsp;<\/p>\n<p>Mi. 23 Mai 2018 \u00b7 KULTUR UND GESCHICHTE<\/p>\n<p><strong>Dauer 6h \u00b7 BESICHTIGUNG VON TALLINN UND FREILICHTMUSEUM &#8211; TAL01<br \/>\n<\/strong>Freuen Sie sich auf einen vergn\u00fcglichen Tag im Bus und auf Schusters Rappen! Ihre Besichtigungstour beginnt in der Altstadt: Ein Stadtspaziergang f\u00fchrt Sie zun\u00e4chst in die Oberstadt zum Schloss Toompea, dem derzeitigen Sitz des Parlaments, zur Russisch Orthodoxen Kirche Alexander Nevsky und zur gotischen Domkirche. Genie\u00dfen Sie immer wieder den sch\u00f6nen Blick auf die Giebeld\u00e4cher der Unterstadt. Anschlie\u00dfend gehen Sie hinab in die Unterstadt und sehen das gotische Rathaus, die Apotheke aus dem 15. Jahrhundert, die gro\u00dfe Gildehalle, das Blackheads Brotherhood House sowie eine Vielzahl mittelalterlicher Kaufmannsh\u00e4user. Nach einem estnischen Mittagessen haben Sie Zeit, in einem Kunsthandwerksgesch\u00e4ft einzukaufen. Der Ausflug umfasst auch die Besichtigung des folkloristischen Freilichtmuseums Rocca al Mare. Hier sehen Sie authentische Beispiele l\u00e4ndlicher Architektur aus dem 18. und 19. Jahrhundert. Der Ausflug endet mit der R\u00fcckkehr zum Schiff.Hinweis: Der Ausflug f\u00fchrt teilweise \u00fcber unebene Wege mit Kopfsteinpflaster und Treppen und ist daher f\u00fcr G\u00e4ste mit eingeschr\u00e4nkter Mobilit\u00e4t und Rollstuhlfahrer nicht geeignet. Ein Getr\u00e4nk nach Wahl ist w\u00e4hrend des Mittagessens im Preis enthalten. Bitte tragen Sie f\u00fcr die Besichtigung der religi\u00f6sen St\u00e4tten angemessene Kleidung, die die Schultern und Knie bedeckt. In der Domkirche ist das Fotografieren mit Blitzlicht nicht gestattet. Der Ausflug ist nicht f\u00fcr G\u00e4ste von MSC Opera (am 11.05.2016) buchbar (2016 Sommer Saison).<\/p>\n<p><strong>Preis pro Person<\/strong><br \/>\n<strong>Preis pro Erwachsener ab: \u20ac 92,00<\/strong><br \/>\n<strong>Preis pro Kind ab: \u20ac 65,00<\/strong><\/p>\n<p>&nbsp;<\/p>\n<p>Mi. 23 Mai 2018 \u00b7 ST\u00c4DTE<\/p>\n<p><strong>Dauer 3:30h \u00b7 H\u00d6HEPUNKTE VON TALLINN &#8211; TAL02<br \/>\n<\/strong>Vom Hafen fahren Sie ins kulturelle Zentrum der estnischen Hauptstadt und anschlie\u00dfend entlang der mittelalterlichen Stadtmauer, die die Altstadt umgibt. Ein Stadtspaziergang f\u00fchrt Sie in die Oberstadt zur Nevsky Kathedrale, von der man einen sch\u00f6nen Blick auf den Kiek in de K\u00f6k-Turm genie\u00dft. Anschlie\u00dfend gehen Sie hinab in die Unterstadt, um auf dem Rathausplatz Souvenirs zu kaufen oder auszuruhen. Mit dem Bus fahren Sie danach zum Park Kadriog und weiter zur Pirita Marina, an der allj\u00e4hrlich internationale Regatten ausgetragen werden. Nach einer kurzen Besichtigung des Klosters St. Birgit (Au\u00dfenbesichtigung) geht es zur\u00fcck zum Hafen. Hinweis: Bitte tragen Sie w\u00e4hrend der Besichtigung der religi\u00f6sen St\u00e4tten angemessene Kleidung, die die Schultern und Knie bedeckt. Alle Sehensw\u00fcrdigkeiten sind mit dem Rollstuhl erreichbar, au\u00dfer der Nevsky Kathedrale (etwa 12 Stufen). G\u00e4ste, die auf einen Rollstuhl angewiesen sind, mu?ssen von einer Person begleitet werden, die in der Lage ist, ihnen beim Besteigen des Busses zu helfen. Nutzen Sie bitte zusammenklappbare Rollstu?hle, da die Busse nicht mit Hebevorrichtungen oder Rampen ausgeru?stet sind. Bitte informieren Sie die Mitarbeiter des Ausflugsbu?ros rechtzeitig, damit sie Ihnen bei den Vorbereitungen helfen k\u00f6nnen. Geeignet fu\u0308r G\u00e4ste mit beschr\u00e4nkter Mobilit\u00e4t &#8211; G\u00e4ste, die auf einen Rollstuhl ange-wiesen sind, mu\u0308ssen von einer Person begleitet werden, die in der Lage ist, ihnen beim Besteigen des Busses zu helfen. Nutzen Sie bitte zusammen-klappbare Rollstu\u0308hle, da die Busse nicht mit Hebevorrichtungen oder Rampen ausgeru\u0308stet sind. Bitte informieren Sie die Mitarbeiter das Ausflugsbu\u0308ros rechtzeitig, damit sie Ihnen bei den Vorbereitungen helfen k\u00f6nnen.<\/p>\n<p><strong>Preis pro Person<\/strong><br \/>\n<strong> Preis pro Erwachsener ab: \u20ac 55,00<\/strong><br \/>\n<strong> Preis pro Kind ab: \u20ac 42,00<br \/>\n<\/strong><\/p>\n<p>&nbsp;<\/p>\n<p>Mi. 23 Mai 2018 \u00b7 KULTUR UND GESCHICHTE<\/p>\n<p><strong>Dauer 3:30h \u00b7 KUNST UND ARCHITEKTUR IN TALLINN &#8211; TAL03<br \/>\n<\/strong>Vom Hafen fahren Sie ins kulturelle Zentrum der estnischen Hauptstadt. In der Altstadt genie\u00dfen Sie einen herrlichen Blick auf den Domberg und steigen dann hinauf in die Oberstadt zum Schloss Toompea, dem derzeitigen Sitz des Parlaments. Sie besichtigen die im Jahr 1900 fertig gestellte Alexander Nevsky Kathedrale, die einen riesigen Kirchenschatz besitzt. Von der Aussichtsterrasse der Kathedrale hat man einen fantastischen Blick auf die Giebeld\u00e4cher der Unterstadt. Nach dem Abstieg fahren Sie im Bus zum exquisiten Kadriog Palast, dessen interessantes Interieur Sie besichtigen und weiter zur Pirita Marina, an der allj\u00e4hrlich internationale Regatten ausgetragen werden. Auf der R\u00fcckfahrt zum Hafen passieren Sie das ber\u00fchmte estnische Monument der Meerjungfrau Russalka sowie die Sommerresidenz des Grafen Orlov. Hinweis: Bitte tragen Sie w\u00e4hrend der Besichtigung der religi\u00f6sen St\u00e4tten angemessene Kleidung, die die Schultern und Knie bedeckt. Alle Sehensw\u00fcrdigkeiten sind mit dem Rollstuhl erreichbar, au\u00dfer der Nevsky Kathedrale (etwa 12 Stufen). G\u00e4ste, die auf einen Rollstuhl angewiesen sind, mu?ssen von einer Person begleitet werden, die in der Lage ist, ihnen beim Besteigen des Busses zu helfen. Nutzen Sie bitte zusammenklappbare Rollstu?hle, da die Busse nicht mit Hebevorrichtungen oder Rampen ausgeru?stet sind. Bitte informieren Sie die Mitarbeiter des Ausflugsbu?ros rechtzeitig, damit sie Ihnen bei den Vorbereitungen helfen k\u00f6nnen. Geeignet fu\u0308r G\u00e4ste mit beschr\u00e4nkter Mobilit\u00e4t &#8211; G\u00e4ste, die auf einen Rollstuhl ange-wiesen sind, mu\u0308ssen von einer Person begleitet werden, die in der Lage ist, ihnen beim Besteigen des Busses zu helfen. Nutzen Sie bitte zusammen-klappbare Rollstu\u0308hle, da die Busse nicht mit Hebevorrichtungen oder Rampen ausgeru\u0308stet sind. Bitte informieren Sie die Mitarbeiter das Ausflugsbu\u0308ros rechtzeitig, damit sie Ihnen bei den Vorbereitungen helfen k\u00f6nnen.<\/p>\n<p><strong>Preis pro Person<\/strong><br \/>\n<strong> Preis pro Erwachsener ab: \u20ac 52,00<\/strong><br \/>\n<strong> Preis pro Kind ab: \u20ac 39,00<\/strong><\/p>\n<p>&nbsp;<\/p>\n<p>Mi. 23 Mai 2018 \u00b7 SPEZIALTOUREN<\/p>\n<p><strong>Dauer 4h \u00b7 WASSERFLUGHAFEN &amp; TALLINN &#8211; TAL08<br \/>\n<\/strong>Nach einer kurzen Busfahrt erreichen Sie den historischen Wasserflughafen, eine wahre Schatztruhe voller unglaublicher Geschichten, wie sie das Leben so schreibt. Das eindrucksvolle Museum beherbergt zahlreiche seltene Artefakte der estnischen Seefahrtgeschichte, darunter auch das U-Boot Lembit. Das 1937 erbaute U-Boot war bis 2011 in Betrieb und damit das \u00e4lteste noch genutzte U-Boot der Welt. Au\u00dferdem sehen Sie den Eisbrecher Suur T\u00f5ll aus dem Jahr 1914 sowie das Wrack der Maasilinn aus dem 16. Jahrhundert. Der n\u00e4chste Abschnitt der Tour f\u00fchrt Sie per Bus in die Oberstadt, wo Sie zu Fu\u00df zur Alexander-Newski-Kathedrale laufen. Vom Kanonenturm Kiek in de K\u00f6k bewundern Sie das herrliche Panorama. Nach dem Besuch der Kathedrale fahren Sie in die Unterstadt, vorbei an Sehensw\u00fcrdigkeiten wie dem Rathaus, der Apotheke aus dem 15. Jahrhundert, dem Haus der Gro\u00dfen Gilde, dem Versammlungshaus der Bruderschaft der Schwarzh\u00e4upter sowie zahlreichen mittelalterlichen Patrizierh\u00e4usern. Im Kunstgewerbezentrum der Katharinengilde genie\u00dfen Sie etwas Freizeit, bevor Sie in den Hafen zur\u00fcckkehren. Hinweis: Bitte tragen Sie w\u00e4hrend der Besichtigung der religi\u00f6sen St\u00e4tten angemessene Kleidung, die die Schultern und Knie bedeckt. Alle Sehensw\u00fcrdigkeiten sind mit dem Rollstuhl erreichbar, au\u00dfer der Nevsky Kathedrale (etwa 12 Stufen). G\u00e4ste, die auf einen Rollstuhl angewiesen sind, mu?ssen von einer Person begleitet werden, die in der Lage ist, ihnen beim Besteigen des Busses zu helfen. Nutzen Sie bitte zusammenklappbare Rollstu?hle, da die Busse nicht mit Hebevorrichtungen oder Rampen ausgeru?stet sind. Bitte informieren Sie die Mitarbeiter des Ausflugsbu?ros rechtzeitig, damit sie Ihnen bei den Vorbereitungen helfen k\u00f6nnen.<\/p>\n<p><strong>Preis pro Person<\/strong><br \/>\n<strong> Preis pro Erwachsener ab: \u20ac 52,00<\/strong><br \/>\n<strong> Preis pro Kind ab: \u20ac 39,00<\/strong><\/p>\n<p>&nbsp;<\/p>\n<p>Mi. 23 Mai 2018 \u00b7 AKTIV &amp; ABENTEUER<\/p>\n<p><strong>Dauer 3h \u00b7 HIGHLIGHTS VON TALLINN MIT DEM FAHRRAD &#8211; TAL13<br \/>\n<\/strong>Ein paar Stunden sanfte k\u00f6rperliche Bewegung erwartet Sie auf dieser Radtour durch die wunderbar gr\u00fcne estnische Hauptstadt, das wundersch\u00f6ne Tallinn. Ihr Reiseleiter erwartet Sie bereits am Pier und gibt Ihnen zun\u00e4chst einige Sicherheitshinweise, bevor wir uns den Helm aufsetzen und in Richtung des pr\u00e4chtigen Kadriorg-Parks losradeln. Diese weitl\u00e4ufige, landschaftlich gestaltete Anlage ist nicht nur ein beliebtes Naherholungsgebiet, sondern beherbergt zudem die ehemalige Sommerresidenz des Zaren, den Kadriorg-Palast aus dem 18. Jahrhundert. Anschlie\u00dfend geht es weiter in Richtung des unteren Altstadtviertels Tallinns namens All-Linn. Zu den bemerkenswerten Sehensw\u00fcrdigkeiten dieser UNESCO-Welterbest\u00e4tte geh\u00f6ren der Wehrturm Dicke Margarethe aus dem fr\u00fchen 16. Jahrhundert, der Geb\u00e4udekomplex Drei Schwestern aus dem 14. Jahrhundert sowie das Rathaus und der Rathausplatz. Hier legen wir eine Pause ein, damit Sie ein wenig shoppen gehen oder bummeln k\u00f6nnen. Schlie\u00dflich fahren wir mit dem Fahrrad zur\u00fcck zum Pier und zu Ihrem Schiff. Hinweis: Die Reiseleitung ist lediglich auf Englisch verf\u00fcgbar. Da die Tour ca. 14-15 km Fahrradfahren beinhaltet, ist sie f\u00fcr G\u00e4ste mit eingeschr\u00e4nkter Mobilit\u00e4t und Rollstuhlfahrer nicht geeignet. Teilnehmer m\u00fcssen mindestens 10 Jahre alt sein.<\/p>\n<p><strong>Preis pro Person<\/strong><br \/>\n<strong> Preis pro Erwachsener ab: \u20ac 45,00<\/strong><br \/>\n<strong> Preis pro Kind ab: \u20ac 35,00<\/p>\n<p><\/strong><\/p>\n<hr \/>\n<p>Die beschriebenen Ausfl\u00fcge sollen Ihnen eine Idee \u00fcber die Vielfalt der verschiedenen Touren geben. Dieses Programm ist nur ein Leitfaden. Die Best\u00e4tigung jedes Ausfluges, dessen Beschreibung und die Preise erfolgen w\u00e4hrend der Kreuzfahrt. Das Programm der Landausfl\u00fcge kann auf Grund von lokalen Bedingungen und\/oder unvorhersehbaren Vorkommnissen variieren. Einige Landausfl\u00fcge sind sehr beliebt und es kann keine Verf\u00fcgbarkeit garantiert werden, daher ist es ratsam fr\u00fchzeitig zu buchen. Eine Reiseleitung in englischer Sprache ist garantiert, nur bei S\u00fcdamerika-Kreuzfahrten ist eine Reiseleitung in brasilianischem Portugiesisch garantiert. Eine Reiseleitung in anderen Sprachen h\u00e4ngt von der Verf\u00fcgbarkeit der Reisleiter ab. Bitte beachten Sie, dass die finale Sprache eines Landausfluges auf Bord w\u00e4hrend der Kreuzfahrt best\u00e4tigt wird.<\/p>\n<\/div>\n\t\t<\/div><\/div><\/div><\/div>","protected":false},"excerpt":{"rendered":"<p>Tallinn &nbsp; Mi. 23 Mai 2018 \u00b7 KULTUR UND GESCHICHTE Dauer 6h \u00b7 BESICHTIGUNG VON TALLINN UND FREILICHTMUSEUM &#8211; TAL01 Freuen Sie sich auf einen vergn\u00fcglichen Tag im Bus und auf Schusters Rappen! Ihre Besichtigungstour beginnt in der Altstadt: Ein <a href=\"https:\/\/reisen.reudnitzer-reisen.com\/msc-tanzreise\/tallinn\/\"> more&#8230;<\/a><\/p>\n","protected":false},"author":1,"featured_media":0,"parent":0,"menu_order":0,"comment_status":"closed","ping_status":"closed","template":"","meta":{"footnotes":""},"_links":{"self":[{"href":"https:\/\/reisen.reudnitzer-reisen.com\/msc-tanzreise\/wp-json\/wp\/v2\/pages\/108"}],"collection":[{"href":"https:\/\/reisen.reudnitzer-reisen.com\/msc-tanzreise\/wp-json\/wp\/v2\/pages"}],"about":[{"href":"https:\/\/reisen.reudnitzer-reisen.com\/msc-tanzreise\/wp-json\/wp\/v2\/types\/page"}],"author":[{"embeddable":true,"href":"https:\/\/reisen.reudnitzer-reisen.com\/msc-tanzreise\/wp-json\/wp\/v2\/users\/1"}],"replies":[{"embeddable":true,"href":"https:\/\/reisen.reudnitzer-reisen.com\/msc-tanzreise\/wp-json\/wp\/v2\/comments?post=108"}],"version-history":[{"count":13,"href":"https:\/\/reisen.reudnitzer-reisen.com\/msc-tanzreise\/wp-json\/wp\/v2\/pages\/108\/revisions"}],"predecessor-version":[{"id":143,"href":"https:\/\/reisen.reudnitzer-reisen.com\/msc-tanzreise\/wp-json\/wp\/v2\/pages\/108\/revisions\/143"}],"wp:attachment":[{"href":"https:\/\/reisen.reudnitzer-reisen.com\/msc-tanzreise\/wp-json\/wp\/v2\/media?parent=108"}],"curies":[{"name":"wp","href":"https:\/\/api.w.org\/{rel}","templated":true}]}}