{"id":53,"date":"2018-01-19T15:33:37","date_gmt":"2018-01-19T14:33:37","guid":{"rendered":"https:\/\/reisen.reudnitzer-reisen.com\/moskau\/?page_id=53"},"modified":"2018-01-22T15:45:55","modified_gmt":"2018-01-22T14:45:55","slug":"leistungen","status":"publish","type":"page","link":"https:\/\/reisen.reudnitzer-reisen.com\/moskau\/leistungen\/","title":{"rendered":"Leistungen"},"content":{"rendered":"<div id=\"pl-53\"  class=\"panel-layout\" ><div id=\"pg-53-0\"  class=\"panel-grid panel-no-style\" ><div id=\"pgc-53-0-0\"  class=\"panel-grid-cell\" ><div id=\"panel-53-0-0-0\" class=\"so-panel widget widget_text panel-first-child panel-last-child\" data-index=\"0\" ><h3 class=\"widget-title\">Leistungen, die \u00fcberzeugen<\/h3>\t\t\t<div class=\"textwidget\"><p>&nbsp;<\/p>\n<p>\u2022 Zug zum Flug (2. Klasse)<br \/>\n\u2022 Fl\u00fcge ab Leipzig (Umsteigeverbindung) mit der Lufthansa in der Economy-Class bis\/ab Moskau Domodedovo<br \/>\n\u2022 Luftverkehrssteuer, Flughafen- und Flugsicherheitsgeb\u00fchren<br \/>\n\u2022 Transfers, Ausfl\u00fcge in bequemen, landestypischen Reisebussen mit Klimaanlage (kein Bus an Tag 2)<br \/>\n\u2022 4 Hotel\u00fcbernachtungen (Bad oder Dusche\/WC)<br \/>\n\u2022 4x Fr\u00fchst\u00fcck, 1x Abendessen im Hotel (ohne Getr\u00e4nke), H\u00f6hepunkte Ihrer Reise<br \/>\n\u2022 Stadtrundfahrt mit Christ-Erl\u00f6ser-Kathedrale, Neujungfrauenkloster mit Friedhof<br \/>\n\u2022 Spaziergang \u00fcber den Arbat<br \/>\n\u2022 Besuch des Kremls mit Besuch einer Kathedrale sowie der R\u00fcstkammer<br \/>\n\u2022 Spaziergang \u00fcber den Roten Platz mit Kaufhaus GUM<br \/>\n\u2022 Kunstmuseum Tretjakow-Galerie<br \/>\n\u2022 Backstage im Bolschoi Theater<br \/>\n\u2022 Schifffahrt auf der Moskwa inkl. 3-Gang Abendessen (ohne Getr\u00e4nke)<br \/>\n\u2022 Alle Eintrittsgelder laut Reiseverlauf<br \/>\n\u2022 Speziell qualifizierte Deutsch sprechende Erlebnisreiseleitung<br \/>\n\u2022 Ausgew\u00e4hlte Reiseliteratur<\/p>\n<\/div>\n\t\t<\/div><\/div><\/div><\/div>","protected":false},"excerpt":{"rendered":"<p>Leistungen, die \u00fcberzeugen &nbsp; \u2022 Zug zum Flug (2. Klasse) \u2022 Fl\u00fcge ab Leipzig (Umsteigeverbindung) mit der Lufthansa in der Economy-Class bis\/ab Moskau Domodedovo \u2022 Luftverkehrssteuer, Flughafen- und Flugsicherheitsgeb\u00fchren \u2022 Transfers, Ausfl\u00fcge in bequemen, landestypischen Reisebussen mit Klimaanlage (kein Bus <a href=\"https:\/\/reisen.reudnitzer-reisen.com\/moskau\/leistungen\/\"> more&#8230;<\/a><\/p>\n","protected":false},"author":1,"featured_media":0,"parent":0,"menu_order":0,"comment_status":"closed","ping_status":"closed","template":"","meta":{"footnotes":""},"_links":{"self":[{"href":"https:\/\/reisen.reudnitzer-reisen.com\/moskau\/wp-json\/wp\/v2\/pages\/53"}],"collection":[{"href":"https:\/\/reisen.reudnitzer-reisen.com\/moskau\/wp-json\/wp\/v2\/pages"}],"about":[{"href":"https:\/\/reisen.reudnitzer-reisen.com\/moskau\/wp-json\/wp\/v2\/types\/page"}],"author":[{"embeddable":true,"href":"https:\/\/reisen.reudnitzer-reisen.com\/moskau\/wp-json\/wp\/v2\/users\/1"}],"replies":[{"embeddable":true,"href":"https:\/\/reisen.reudnitzer-reisen.com\/moskau\/wp-json\/wp\/v2\/comments?post=53"}],"version-history":[{"count":8,"href":"https:\/\/reisen.reudnitzer-reisen.com\/moskau\/wp-json\/wp\/v2\/pages\/53\/revisions"}],"predecessor-version":[{"id":168,"href":"https:\/\/reisen.reudnitzer-reisen.com\/moskau\/wp-json\/wp\/v2\/pages\/53\/revisions\/168"}],"wp:attachment":[{"href":"https:\/\/reisen.reudnitzer-reisen.com\/moskau\/wp-json\/wp\/v2\/media?parent=53"}],"curies":[{"name":"wp","href":"https:\/\/api.w.org\/{rel}","templated":true}]}}