{"id":43,"date":"2018-01-19T15:30:44","date_gmt":"2018-01-19T14:30:44","guid":{"rendered":"https:\/\/reisen.reudnitzer-reisen.com\/moskau\/?page_id=43"},"modified":"2018-10-25T12:36:02","modified_gmt":"2018-10-25T10:36:02","slug":"reiseverlauf","status":"publish","type":"page","link":"https:\/\/reisen.reudnitzer-reisen.com\/moskau\/reiseverlauf\/","title":{"rendered":"Reiseverlauf"},"content":{"rendered":"<div id=\"pl-43\"  class=\"panel-layout\" ><div id=\"pg-43-0\"  class=\"panel-grid panel-no-style\" ><div id=\"pgc-43-0-0\"  class=\"panel-grid-cell\" ><div id=\"panel-43-0-0-0\" class=\"so-panel widget widget_text panel-first-child panel-last-child\" data-index=\"0\" ><h3 class=\"widget-title\">Do, 30.05.2019: Anreise nach Moskau<\/h3>\t\t\t<div class=\"textwidget\"><p>&nbsp;<\/p>\n<p>Linienflug mit der Lufthansa von Leipzig \u00fcber Frankfurt nach Moskau. Nach den Zoll- und Visaformali\u00e4ten Begr\u00fc\u00dfung durch Ihre Reiseleitung. Auf dem Weg vom Flughafen zu Ihrem Hotel bekommen wir schon erste Eindr\u00fccke von der Gr\u00f6\u00dfe der russischen Hauptstadt. Abendessen im Hotel. (A)<\/p>\n<\/div>\n\t\t<\/div><\/div><div id=\"pgc-43-0-1\"  class=\"panel-grid-cell\" ><div id=\"panel-43-0-1-0\" class=\"so-panel widget widget_media_image panel-first-child panel-last-child\" data-index=\"1\" ><img loading=\"lazy\" decoding=\"async\" width=\"150\" height=\"150\" src=\"https:\/\/reisen.reudnitzer-reisen.com\/moskau\/wp-content\/uploads\/sites\/2\/2018\/01\/lufthansa-150x150.jpg\" class=\"image wp-image-105  attachment-thumbnail size-thumbnail\" alt=\"\" style=\"max-width: 100%; height: auto;\" \/><\/div><\/div><\/div><div id=\"pg-43-1\"  class=\"panel-grid panel-no-style\" ><div id=\"pgc-43-1-0\"  class=\"panel-grid-cell\" ><div id=\"panel-43-1-0-0\" class=\"so-panel widget widget_text panel-first-child panel-last-child\" data-index=\"2\" ><h3 class=\"widget-title\">Fr, 31.05.2019: Im Zentrum der Macht<\/h3>\t\t\t<div class=\"textwidget\"><p>&nbsp;<\/p>\n<p>Was w\u00e4re Moskau ohne den Kreml! Auf dem \u00fcber dem Ufer des Flusses Moskwa gelegenen Areal schl\u00e4gt seit Jahrhunderten das Herz Russlands, welches wir an diesem Tag zu Fu\u00df oder mit der Metro aus erreichen. Die Zaren organisierten von hier aus Feldz\u00fcge zur Erweiterung des Reiches und empfingen Gesandtschaften aus aller Welt. Von Lenin bis zu Gorbatschow wurde vom Kreml aus die Sowjetunion regiert und auch die heutige Staatsf\u00fchrung hat auf dem historischen Gel\u00e4nde ihren Sitz. Wir spazieren zum Kathedralenplatz und besuchen eine der Kathedralen mit Ihren herrlichen Fresken und Ikonen. In der R\u00fcstkammer sehen wir, neben historischen Waffen, viele Gold und Silber Schmuckunikate aus dem Zeitraum vom 13. bis zum 19. Jahrhundert. Anschlie\u00dfend sehen wir die gewaltige Glocke und die riesige Zarenkanone, die beide aber auf Grund ihrer Gr\u00f6\u00dfe nie zum praktischen Einsatz kamen. Am Nachmittag spazieren wir \u00fcber den Roten Platz, vom renommierten Kaufhaus GUM, zur gegen\u00fcber liegenden Basilius-Kathedrale (ohne Innenbesichtigung). Bei einer F\u00fchrung hinter den Kulissen des Bolschoi-Theaters, dem wohl bekanntesten Schauspielhaus f\u00fcr Oper und Ballett in Russland, erleben Sie das Theaterleben hautnah. Abendessen im Hotel. Je nach Spielplan haben Sie am Abend Zeit, eine Auff\u00fchrung im Bolschoi Theater zu besuchen (nicht im Reisepreis enthalten). (F)<\/p>\n<\/div>\n\t\t<\/div><\/div><div id=\"pgc-43-1-1\"  class=\"panel-grid-cell\" ><div id=\"panel-43-1-1-0\" class=\"so-panel widget widget_media_image panel-first-child panel-last-child\" data-index=\"3\" ><img loading=\"lazy\" decoding=\"async\" width=\"150\" height=\"150\" src=\"https:\/\/reisen.reudnitzer-reisen.com\/moskau\/wp-content\/uploads\/sites\/2\/2018\/01\/moscow-3010344_640-150x150.jpg\" class=\"image wp-image-113  attachment-thumbnail size-thumbnail\" alt=\"\" style=\"max-width: 100%; height: auto;\" \/><\/div><\/div><\/div><div id=\"pg-43-2\"  class=\"panel-grid panel-no-style\" ><div id=\"pgc-43-2-0\"  class=\"panel-grid-cell\" ><div id=\"panel-43-2-0-0\" class=\"so-panel widget widget_text panel-first-child panel-last-child\" data-index=\"4\" ><h3 class=\"widget-title\">Sa, 01.06.2019: Hauptstadt eines Weltreiches<\/h3>\t\t\t<div class=\"textwidget\"><p>&nbsp;<\/p>\n<p>W\u00e4hrend der heutigen Stadtrundfahrt sehen wir, dass auch die sozialistische Zeit ihre Bauwerke in Moskau hinterlassen hat. So werden die T\u00fcrmchen und Verzierungen der monumentalen Hochh\u00e4user als \u201eZuckerb\u00e4ckerstil\u201c bezeichnet. Auf den Sperlingsbergen halten wir vor einem dieser Geb\u00e4ude: der riesigen Lomonossow-Universit\u00e4t. Von hier haben wir eine grandiose Aussicht \u00fcber die weitl\u00e4ufige Millionenstadt. Wir besuchen die Christ-Erl\u00f6ser-Kathedrale, das zentrale Gotteshaus der Russisch-Orthodoxen Kirche. Mit seinen 103 Metern geh\u00f6rt sie zu den h\u00f6chsten orthodoxen Sakralbauten weltweit. Im Anschluss Fahrt zum Neujungfrauenkloster. Das gr\u00f6\u00dfte und sch\u00f6nste der Moskauer Kl\u00f6ster ist eine Oase der Ruhe inmitten der hektischen Gro\u00dfstadt. Auf dem Friedhof hinter den schlicht-wei\u00dfen Mauern fanden neben Kosmonauten, Wissenschaftlern und Politikern auch viele Schriftsteller, wie Nikolai Gogol und Anton Tschechow, ihre letzte Ruhe. Am Nachmittag spazieren wir auf dem Arbat, der ehemaligen Hauptgesch\u00e4ftsstra\u00dfe Moskaus, welche von vielen russischen Schriftstellern gepriesen wurde und die bevorzugte Wohngegend von K\u00fcnstlern (Alexander Puschkin verbrachte hier seine Flitterwochen) und des Adels war. Erst 1987, nach aufwendigen Restaurierungsarbeiten, kam der Arbat als erste und einzige Fu\u00dfg\u00e4ngerzone Moskaus wieder zu Ehren. Anschlie\u00dfend Besuch der Tretjakow Galerie, welche mit rund 140.000 Werken aus der Malerei, Grafik und Bildhauerei neben der St. Petersburger Eremitage eine der gr\u00f6\u00dften und ber\u00fchmtesten Kunstsammlungen Russlands beherbergt. Optional geht es zum Abendessen heute ins ber\u00fchmte Caf\u00e9 Pushkin. (F)<\/p>\n<\/div>\n\t\t<\/div><\/div><div id=\"pgc-43-2-1\"  class=\"panel-grid-cell\" ><div id=\"panel-43-2-1-0\" class=\"so-panel widget widget_media_image panel-first-child panel-last-child\" data-index=\"5\" ><img loading=\"lazy\" decoding=\"async\" width=\"150\" height=\"150\" src=\"https:\/\/reisen.reudnitzer-reisen.com\/moskau\/wp-content\/uploads\/sites\/2\/2018\/01\/moscow-2370435_1280-150x150.jpg\" class=\"image wp-image-121  attachment-thumbnail size-thumbnail\" alt=\"\" style=\"max-width: 100%; height: auto;\" \/><\/div><\/div><\/div><div id=\"pg-43-3\"  class=\"panel-grid panel-no-style\" ><div id=\"pgc-43-3-0\"  class=\"panel-grid-cell\" ><div id=\"panel-43-3-0-0\" class=\"so-panel widget widget_text panel-first-child panel-last-child\" data-index=\"6\" ><h3 class=\"widget-title\">So, 02.06.2019: Optionaler Ausflug: Kloster Sergijew Possad<\/h3>\t\t\t<div class=\"textwidget\"><p>&nbsp;<\/p>\n<p>Der heutige optionale Ausflug bringt uns nach Sergijew Possad (Sagorsk). Die vor den Toren Moskaus gelegene Stadt ist durch das Kloster des Heiligen Sergios von Radonesch bekannt und gilt seit Jahrhunderten als eines der bedeutendsten religi\u00f6sen Zentren der russisch-orthodoxen Kirche. Schon von weitem zeichnen sich wei\u00dfe T\u00fcrmchen mit goldenen und blauen Zwiebelkuppeln am Horizont ab. Das architektonische Ensemble des 1340 gegr\u00fcndeten Klosters, das in seiner heutigen Form vom 15. bis in das 18. Jh. entstanden ist, geh\u00f6rt zum UNESCO-Welterbe. Hier k\u00f6nnen wir die wiedererwachte Religiosit\u00e4t in Russland erleben. So finden fast pausenlos Gottesdienste in einer der Kirchen statt, zu denen aus dem ganzen Lande die Gl\u00e4ubigen kommen. R\u00fcckfahrt nach Moskau. Das Abendessen erfolgt heute Abend f\u00fcr alle gemeinsam als kr\u00f6nender Abschluss unserer Reise w\u00e4hrend einer ca. 2,5-st\u00fcndigen Schifffahrt auf der Moskwa mit einem Schiff der Radisson-Flotte. Hier erleben wir die Sehensw\u00fcrdigkeiten der russischen Metropole noch einmal aus einer anderen Perspektive. (F, A)<\/p>\n<\/div>\n\t\t<\/div><\/div><div id=\"pgc-43-3-1\"  class=\"panel-grid-cell\" ><div id=\"panel-43-3-1-0\" class=\"so-panel widget widget_media_image panel-first-child panel-last-child\" data-index=\"7\" ><img loading=\"lazy\" decoding=\"async\" width=\"150\" height=\"150\" src=\"https:\/\/reisen.reudnitzer-reisen.com\/moskau\/wp-content\/uploads\/sites\/2\/2018\/01\/russia-1927893_640-150x150.jpg\" class=\"image wp-image-137  attachment-thumbnail size-thumbnail\" alt=\"\" style=\"max-width: 100%; height: auto;\" \/><\/div><\/div><\/div><div id=\"pg-43-4\"  class=\"panel-grid panel-no-style\" ><div id=\"pgc-43-4-0\"  class=\"panel-grid-cell\" ><div id=\"panel-43-4-0-0\" class=\"so-panel widget widget_text panel-first-child panel-last-child\" data-index=\"8\" ><h3 class=\"widget-title\">Mo, 03.06.2019 Abschied von Russland<\/h3>\t\t\t<div class=\"textwidget\"><p>&nbsp;<\/p>\n<p>Mehr als nur ein Freilicht-Museum ist der s\u00fcd\u00f6stlich der Moskauer Innenstadt gelegene Museums-Komplex Kolomenskoje. Das zum UNESCO-Welterbe z\u00e4hlende Park-Ensemble lag als Zaren-Residenz einst weit vor den Toren der Stadt. Erst seit den 1960er Jahren geh\u00f6rt fast 400 Hektar gro\u00dfe Areal zum Moskauer Stadtgebiet. Heute sind die Vororte der russischen Hauptstadt von allen Seiten um Kolomenskoje herum gewachsen, wovon der Park am hohen Ufer des Moskau-Flusses jedoch unber\u00fchrt bleibt (nur Gel\u00e4nde, keine Museen, da Montags geschlossen). Von hier aus Fahrt zum Flughafen, Verabschiedung von Ihrer Reiseleitung am Flughafen und R\u00fcckflug via Frankfurt zur\u00fcck nach Leipzig. (F)<\/p>\n<\/div>\n\t\t<\/div><\/div><div id=\"pgc-43-4-1\"  class=\"panel-grid-cell\" ><div id=\"panel-43-4-1-0\" class=\"so-panel widget widget_media_image panel-first-child panel-last-child\" data-index=\"9\" ><img loading=\"lazy\" decoding=\"async\" width=\"150\" height=\"150\" src=\"https:\/\/reisen.reudnitzer-reisen.com\/moskau\/wp-content\/uploads\/sites\/2\/2018\/01\/river-174823_640-150x150.jpg\" class=\"image wp-image-157  attachment-thumbnail size-thumbnail\" alt=\"\" style=\"max-width: 100%; height: auto;\" \/><\/div><\/div><\/div><div id=\"pg-43-5\"  class=\"panel-grid panel-no-style\" ><div id=\"pgc-43-5-0\"  class=\"panel-grid-cell\" ><div id=\"panel-43-5-0-0\" class=\"so-panel widget widget_text panel-first-child panel-last-child\" data-index=\"10\" ><h3 class=\"widget-title\">weitere Informationen<\/h3>\t\t\t<div class=\"textwidget\"><p>&nbsp;<\/p>\n<p><strong>(F = Fr\u00fchst\u00fcck, A= Abendessen)<\/strong><\/p>\n<p>Reiseverlauf ist vorbehaltlich Verf\u00fcgbarkeit g\u00fcltig.<br \/>\nFlugplan-, Hotel- und Programm\u00e4nderungen bleiben ausdr\u00fccklich vorbehalten.<\/p>\n<\/div>\n\t\t<\/div><\/div><div id=\"pgc-43-5-1\"  class=\"panel-grid-cell\" ><div id=\"panel-43-5-1-0\" class=\"so-panel widget widget_text panel-first-child panel-last-child\" data-index=\"11\" ><h3 class=\"widget-title\">Higlights<\/h3>\t\t\t<div class=\"textwidget\"><p>&nbsp;<\/p>\n<ul>\n<li>Prominentenfriedhof am Neujungfrauenkloster<\/li>\n<li>Der Moskauer Kreml<\/li>\n<li>Bummeln auf der Arbat<\/li>\n<li>Schiffahrt auf der Moskwa<br \/>\ninkl. Abendessen<\/li>\n<\/ul>\n<\/div>\n\t\t<\/div><\/div><div id=\"pgc-43-5-2\"  class=\"panel-grid-cell\" ><div id=\"panel-43-5-2-0\" class=\"so-panel widget widget_media_image panel-first-child panel-last-child\" data-index=\"12\" ><img loading=\"lazy\" decoding=\"async\" width=\"150\" height=\"150\" src=\"https:\/\/reisen.reudnitzer-reisen.com\/moskau\/wp-content\/uploads\/sites\/2\/2018\/01\/ad-2462858_640-150x150.jpg\" class=\"image wp-image-150  attachment-thumbnail size-thumbnail\" alt=\"\" style=\"max-width: 100%; height: auto;\" \/><\/div><\/div><\/div><\/div>","protected":false},"excerpt":{"rendered":"<p>Do, 30.05.2019: Anreise nach Moskau &nbsp; Linienflug mit der Lufthansa von Leipzig \u00fcber Frankfurt nach Moskau. Nach den Zoll- und Visaformali\u00e4ten Begr\u00fc\u00dfung durch Ihre Reiseleitung. Auf dem Weg vom Flughafen zu Ihrem Hotel bekommen wir schon erste Eindr\u00fccke von der <a href=\"https:\/\/reisen.reudnitzer-reisen.com\/moskau\/reiseverlauf\/\"> more&#8230;<\/a><\/p>\n","protected":false},"author":1,"featured_media":0,"parent":0,"menu_order":0,"comment_status":"closed","ping_status":"closed","template":"","meta":{"footnotes":""},"_links":{"self":[{"href":"https:\/\/reisen.reudnitzer-reisen.com\/moskau\/wp-json\/wp\/v2\/pages\/43"}],"collection":[{"href":"https:\/\/reisen.reudnitzer-reisen.com\/moskau\/wp-json\/wp\/v2\/pages"}],"about":[{"href":"https:\/\/reisen.reudnitzer-reisen.com\/moskau\/wp-json\/wp\/v2\/types\/page"}],"author":[{"embeddable":true,"href":"https:\/\/reisen.reudnitzer-reisen.com\/moskau\/wp-json\/wp\/v2\/users\/1"}],"replies":[{"embeddable":true,"href":"https:\/\/reisen.reudnitzer-reisen.com\/moskau\/wp-json\/wp\/v2\/comments?post=43"}],"version-history":[{"count":64,"href":"https:\/\/reisen.reudnitzer-reisen.com\/moskau\/wp-json\/wp\/v2\/pages\/43\/revisions"}],"predecessor-version":[{"id":233,"href":"https:\/\/reisen.reudnitzer-reisen.com\/moskau\/wp-json\/wp\/v2\/pages\/43\/revisions\/233"}],"wp:attachment":[{"href":"https:\/\/reisen.reudnitzer-reisen.com\/moskau\/wp-json\/wp\/v2\/media?parent=43"}],"curies":[{"name":"wp","href":"https:\/\/api.w.org\/{rel}","templated":true}]}}