{"id":32,"date":"2020-02-06T14:41:36","date_gmt":"2020-02-06T13:41:36","guid":{"rendered":"https:\/\/reisen.reudnitzer-reisen.com\/hurtigruten-expedtion-antarktis\/?page_id=32"},"modified":"2020-02-07T15:55:23","modified_gmt":"2020-02-07T14:55:23","slug":"warum-diese-reise-buchen","status":"publish","type":"page","link":"https:\/\/reisen.reudnitzer-reisen.com\/hurtigruten-expedition-antarktis\/warum-diese-reise-buchen\/","title":{"rendered":"Warum diese Reise buchen?"},"content":{"rendered":"<blockquote><p>\u201eWenn Sie die Antarktis mit Worten beschreiben k\u00f6nnen, waren Sie wahrscheinlich noch nie dort.\u201c<\/p><\/blockquote>\n<p style=\"font-size: 16pt; color: #00659b; background: #fff;\"><em>Willkommen in der abgelegensten Gegend der Welt!<\/em> <em>Begleiten Sie unser Expeditionsteam auf Eisfahrten und Anlandungen, <\/em><em>um die atemberaubende antarktische Landschaft zu erkunden. <\/em><em>Erleben Sie Pinguine, Robben und Gletscher aus n\u00e4chster N\u00e4he. <\/em><em>Die Antarktis l\u00e4sst sich jede Minute bewundern. Neunzig Prozent des Eises der Erde befinden sich hier, teilweise 4.000 Meter stark. <\/em> <em>Im Winter verdoppelt das Meereis praktisch die Gr\u00f6\u00dfe des Kontinents. <\/em> <em>Im Sommer ist es hingegen ein fruchtbarer N\u00e4hrboden f\u00fcr Millionen von Pinguinen, Wale und Robben. <\/em> <em>Die zehn Tage unserer Expedition garantieren ein unvergessliches Antarktiserlebnis mit vielen Anlandungen und Aktivit\u00e4ten.<br \/>\n<\/em><\/p>\n<blockquote style=\"font-size: 16pt; color: #00659b; \"><p>\n<strong style=\"font-size: 16pt; color: #00659b; background: #fff;\">Tag 1<\/strong> \u00b7 Linienflug Frankfurt-Buenos Aires (Nachtflug)<br \/>\n<strong style=\"font-size: 16pt; color: #00659b; background: #fff;\">Tag 2<\/strong> \u00b7 Ankunft Buenos Aires \u2013 Transfer zum Hotel\/\u00dcbernachtung<br \/>\n<strong style=\"font-size: 16pt; color: #00659b; background: #fff;\">Tag 3<\/strong> \u00b7 Fr\u00fchst\u00fcck im Hotel, Transfer \/ Charterflug Buenos Aires \u2013 Ushuaia &amp; Einschiffung auf MS Fridtjof Nansen<br \/>\n<strong style=\"font-size: 16pt; color: #00659b; background: #fff;\">Tag 3-4<\/strong> \u00b7 Drake-Passage &#8211; Auf See Durch die Drake-Passage<br \/>\n<strong style=\"font-size: 16pt; color: #00659b; background: #fff;\">Tag 5-15<\/strong> \u00b7 Antarktis<\/p>\n<p style=\"font-size: 15pt; color: #00659b;\">\n<strong>Unbeschreibliche Antarktis<\/strong><br \/>\nWir werden so oft wie m\u00f6glich auf den S\u00fcd &#8211; Shetlandinseln und der Antarktischen Halbinsel anlanden.<br \/>\nIm Anschlu\u00df geht es durch den weltber\u00fchmten Lemaire-Kanal, bevor wir uns weiter nach S\u00fcden zur Marguerite Bay wagen, um den legend\u00e4ren s\u00fcdlichen Polarkreis zu \u00fcberqueren.<br \/>\nJeder Moment in der Antarktis ist voller unglaublicher Erfahrungen. Es gibt Eisberge in jeder Form und Farbe, herrliche Gletscher, weite Horizonte und erstaunliche Begegnungen mit der wilden Tierwelt.<br \/>\nEine Expeditions-Seereise ist eine unvergessliche Erfahrung, die nur schwer in wenigen Worten zusammengefasst werden kann.<br \/>\nTag 15-17 \u00b7 Drake-Passage &#8211; Auf See Zur\u00fcck in die Zvilisation<br \/>\nTag 18-20 \u00b7 Ausschiffung Ushuaia \/ Flug Buenos Aires &#8211; Transfer zum Hotel und \u00dcbernachtung \/ Flug (Ende der Reise)\n<\/p>\n<\/blockquote>\n","protected":false},"excerpt":{"rendered":"<p>\u201eWenn Sie die Antarktis mit Worten beschreiben k\u00f6nnen, waren Sie wahrscheinlich noch nie dort.\u201c Willkommen in der abgelegensten Gegend der Welt! Begleiten Sie unser Expeditionsteam auf Eisfahrten und Anlandungen, um die atemberaubende antarktische Landschaft zu erkunden. Erleben Sie Pinguine, Robben <a href=\"https:\/\/reisen.reudnitzer-reisen.com\/hurtigruten-expedition-antarktis\/warum-diese-reise-buchen\/\"> more&#8230;<\/a><\/p>\n","protected":false},"author":1,"featured_media":0,"parent":0,"menu_order":0,"comment_status":"closed","ping_status":"closed","template":"","meta":{"footnotes":""},"_links":{"self":[{"href":"https:\/\/reisen.reudnitzer-reisen.com\/hurtigruten-expedition-antarktis\/wp-json\/wp\/v2\/pages\/32"}],"collection":[{"href":"https:\/\/reisen.reudnitzer-reisen.com\/hurtigruten-expedition-antarktis\/wp-json\/wp\/v2\/pages"}],"about":[{"href":"https:\/\/reisen.reudnitzer-reisen.com\/hurtigruten-expedition-antarktis\/wp-json\/wp\/v2\/types\/page"}],"author":[{"embeddable":true,"href":"https:\/\/reisen.reudnitzer-reisen.com\/hurtigruten-expedition-antarktis\/wp-json\/wp\/v2\/users\/1"}],"replies":[{"embeddable":true,"href":"https:\/\/reisen.reudnitzer-reisen.com\/hurtigruten-expedition-antarktis\/wp-json\/wp\/v2\/comments?post=32"}],"version-history":[{"count":13,"href":"https:\/\/reisen.reudnitzer-reisen.com\/hurtigruten-expedition-antarktis\/wp-json\/wp\/v2\/pages\/32\/revisions"}],"predecessor-version":[{"id":70,"href":"https:\/\/reisen.reudnitzer-reisen.com\/hurtigruten-expedition-antarktis\/wp-json\/wp\/v2\/pages\/32\/revisions\/70"}],"wp:attachment":[{"href":"https:\/\/reisen.reudnitzer-reisen.com\/hurtigruten-expedition-antarktis\/wp-json\/wp\/v2\/media?parent=32"}],"curies":[{"name":"wp","href":"https:\/\/api.w.org\/{rel}","templated":true}]}}