{"id":62,"date":"2019-03-15T19:16:58","date_gmt":"2019-03-15T18:16:58","guid":{"rendered":"https:\/\/reisen.reudnitzer-reisen.com\/hurtigute-klassische-postschiffreise\/?page_id=62"},"modified":"2021-06-16T10:13:52","modified_gmt":"2021-06-16T08:13:52","slug":"reiseverlauf","status":"publish","type":"page","link":"https:\/\/reisen.reudnitzer-reisen.com\/hurtigrute-klassische-postschiffreise\/reiseverlauf\/","title":{"rendered":"Reiseverlauf"},"content":{"rendered":"<div id=\"pl-62\"  class=\"panel-layout\" >\n<div id=\"pg-62-0\"  class=\"panel-grid panel-no-style\"  data-style=\"{&quot;background_display&quot;:&quot;tile&quot;,&quot;cell_alignment&quot;:&quot;flex-start&quot;}\" >\n<div id=\"pgc-62-0-0\"  class=\"panel-grid-cell\"  data-weight=\"1\" >\n<div id=\"panel-62-0-0-0\" class=\"so-panel widget widget_sow-button panel-first-child panel-last-child\" data-index=\"0\" data-style=\"{&quot;background_display&quot;:&quot;tile&quot;}\" >\n<div class=\"so-widget-sow-button so-widget-sow-button-atom-4a75a8acc3b6\">\n<div class=\"ow-button-base ow-button-align-center\">\n\t<a href=\"mailto:info@reudnitzer-reisen.de?subject=Anfrage\/Auftrag&#038;body=Bitte%20beraten%20Sie%20mich%20zur%20HURTIGRUTEN%20Erlebnisreise.*%0D%0A%0D%0AName:%0D%0A%0D%0AR\u00fcckruf-Telefon:%0D%0A%0D%0AE-Mail:%0D%0A%0D%0AR\u00fcckruf-Datum%20am:%0D%0A%0D%0AR\u00fcckruf-Zeit:%0D%0A%0D%0AIhre%20Nachricht:\" class=\"ow-icon-placement-left ow-button-hover\" target=\"_blank\" rel=\"noopener noreferrer\" \t\t><br \/>\n\t\t<span><br \/>\n\t\t\t<span class=\"sow-icon-fontawesome sow-far\" data-sow-icon=\"&#xf044;\" ><\/span><br \/>\n\t\t\tIhr pers\u00f6nliche(r) Reiseberater(in) f\u00fcr begleitete Reisen &#8211; Hotline: +49 (0)341 3 38 21 61 | E-Mail: info@reudnitzer-reisen.de\t\t<\/span><br \/>\n\t<\/a>\n<\/div>\n<\/div>\n<\/div>\n<\/div>\n<\/div>\n<div id=\"pg-62-1\"  class=\"panel-grid panel-no-style\" >\n<div id=\"pgc-62-1-0\"  class=\"panel-grid-cell\"  data-weight=\"1\" >\n<div id=\"panel-62-1-0-0\" class=\"so-panel widget widget_sow-editor panel-first-child panel-last-child\" data-index=\"1\" data-style=\"{&quot;background_image_attachment&quot;:false,&quot;background_display&quot;:&quot;tile&quot;}\" >\n<div class=\"so-widget-sow-editor so-widget-sow-editor-base\">\n<div class=\"siteorigin-widget-tinymce textwidget\">\n<ul>\n<li>\n<blockquote><p>Flug ab\/an Berlin<\/p><\/blockquote>\n<\/li>\n<\/ul>\n<ol>\n<li>\n<blockquote><p>Einschiffung in Bergen<\/p><\/blockquote>\n<\/li>\n<li>\n<blockquote><p>Bergen \u2013 Reisestart am \u201cTor zu den Fjorden\u201d<\/p><\/blockquote>\n<\/li>\n<li>\n<blockquote><p>Flor\u00f8 \u2013 Molde \u2013 Meisterst\u00fccke der Architektur und Natur<\/p><\/blockquote>\n<\/li>\n<li>\n<blockquote><p>Kristiansund \u2013 Trondheim \u2013 R\u00f8rvik \u2013<\/p><\/blockquote>\n<\/li>\n<li>\n<blockquote><p>Mittelalterlicher Geist in der alten Hauptstadt<\/p><\/blockquote>\n<\/li>\n<li>\n<blockquote><p>Br\u00f8nn\u00f8ysund \u2013 Svolv\u00e6r \u2013 Willkommen in der arktischen Region!<\/p><\/blockquote>\n<\/li>\n<li>\n<blockquote><p>Stokmarknes \u2013 Skjerv\u00f8y \u2013 F\u00fchlen Sie sich wie ein Polar-Held!<\/p><\/blockquote>\n<\/li>\n<li>\n<blockquote><p>\u00d8ksfjord \u2013 Berlev\u00e5g \u2013 Am oberen Ende der Welt \u2013 Nordkap<\/p><\/blockquote>\n<\/li>\n<li>\n<blockquote><p>B\u00e5tsfjord \u2013 Kirkenes \u2013 Berlev\u00e5g \u2013 Hauptstadt der Barentskooperation und Umkehrpunkt<\/p><\/blockquote>\n<\/li>\n<li>\n<blockquote><p>Mehamn \u2013 Troms\u00f8 \u2013 Umh\u00fcllt von SpannungTroms\u00f8 \u2013 Stamsund \u2013 Lofoten \u2013 wo die Natur in Staunen versetzt<\/p><\/blockquote>\n<\/li>\n<li>\n<blockquote><p>Bod\u00f8 \u2013 R\u00f8rvik \u2013 Genie\u00dfen Sie einen Tag mit den sieben Schwestern!<\/p><\/blockquote>\n<\/li>\n<li>\n<blockquote><p>Trondheim \u2013 \u00c5lesund \u2013 Jau zum Kabeljau!<\/p><\/blockquote>\n<\/li>\n<li>\n<blockquote><p>1 \u00dcbernachtung\/Fr\u00fchst\u00fcck in der wundersch\u00f6nen Stadt Bergen<\/p><\/blockquote>\n<\/li>\n<\/ol>\n<ul>\n<li>\n<blockquote><p> Ihre Reise endet in Berlin<\/p><\/blockquote>\n<\/li>\n<\/ul>\n<\/div>\n<\/div>\n<\/div>\n<\/div>\n<\/div>\n<\/div>\n","protected":false},"excerpt":{"rendered":"<p>Ihr pers\u00f6nliche(r) Reiseberater(in) f\u00fcr begleitete Reisen &#8211; Hotline: +49 (0)341 3 38 21 61 | E-Mail: info@reudnitzer-reisen.de Flug ab\/an Berlin Einschiffung in Bergen Bergen \u2013 Reisestart am \u201cTor zu den Fjorden\u201d Flor\u00f8 \u2013 Molde \u2013 Meisterst\u00fccke der Architektur und Natur <a href=\"https:\/\/reisen.reudnitzer-reisen.com\/hurtigrute-klassische-postschiffreise\/reiseverlauf\/\"> more&#8230;<\/a><\/p>\n","protected":false},"author":1,"featured_media":0,"parent":0,"menu_order":0,"comment_status":"closed","ping_status":"closed","template":"","meta":{"footnotes":""},"_links":{"self":[{"href":"https:\/\/reisen.reudnitzer-reisen.com\/hurtigrute-klassische-postschiffreise\/wp-json\/wp\/v2\/pages\/62"}],"collection":[{"href":"https:\/\/reisen.reudnitzer-reisen.com\/hurtigrute-klassische-postschiffreise\/wp-json\/wp\/v2\/pages"}],"about":[{"href":"https:\/\/reisen.reudnitzer-reisen.com\/hurtigrute-klassische-postschiffreise\/wp-json\/wp\/v2\/types\/page"}],"author":[{"embeddable":true,"href":"https:\/\/reisen.reudnitzer-reisen.com\/hurtigrute-klassische-postschiffreise\/wp-json\/wp\/v2\/users\/1"}],"replies":[{"embeddable":true,"href":"https:\/\/reisen.reudnitzer-reisen.com\/hurtigrute-klassische-postschiffreise\/wp-json\/wp\/v2\/comments?post=62"}],"version-history":[{"count":16,"href":"https:\/\/reisen.reudnitzer-reisen.com\/hurtigrute-klassische-postschiffreise\/wp-json\/wp\/v2\/pages\/62\/revisions"}],"predecessor-version":[{"id":358,"href":"https:\/\/reisen.reudnitzer-reisen.com\/hurtigrute-klassische-postschiffreise\/wp-json\/wp\/v2\/pages\/62\/revisions\/358"}],"wp:attachment":[{"href":"https:\/\/reisen.reudnitzer-reisen.com\/hurtigrute-klassische-postschiffreise\/wp-json\/wp\/v2\/media?parent=62"}],"curies":[{"name":"wp","href":"https:\/\/api.w.org\/{rel}","templated":true}]}}