{"id":60,"date":"2019-03-15T19:16:47","date_gmt":"2019-03-15T18:16:47","guid":{"rendered":"https:\/\/reisen.reudnitzer-reisen.com\/hurtigute-klassische-postschiffreise\/?page_id=60"},"modified":"2021-06-03T16:45:46","modified_gmt":"2021-06-03T14:45:46","slug":"leistungen","status":"publish","type":"page","link":"https:\/\/reisen.reudnitzer-reisen.com\/hurtigrute-klassische-postschiffreise\/leistungen\/","title":{"rendered":"Leistungen"},"content":{"rendered":"<div id=\"pl-60\"  class=\"panel-layout\" >\n<div id=\"pg-60-0\"  class=\"panel-grid panel-no-style\"  data-style=\"{&quot;background_display&quot;:&quot;tile&quot;,&quot;cell_alignment&quot;:&quot;flex-start&quot;}\" >\n<div id=\"pgc-60-0-0\"  class=\"panel-grid-cell\"  data-weight=\"1\" >\n<div id=\"panel-60-0-0-0\" class=\"so-panel widget widget_sow-button panel-first-child panel-last-child\" data-index=\"0\" data-style=\"{&quot;background_display&quot;:&quot;tile&quot;}\" >\n<div class=\"so-widget-sow-button so-widget-sow-button-atom-4a75a8acc3b6\">\n<div class=\"ow-button-base ow-button-align-center\">\n\t<a href=\"mailto:info@reudnitzer-reisen.de?subject=Anfrage\/Auftrag&#038;body=Bitte%20beraten%20Sie%20mich%20zur%20HURTIGRUTEN%20Erlebnisreise.*%0D%0A%0D%0AName:%0D%0A%0D%0AR\u00fcckruf-Telefon:%0D%0A%0D%0AE-Mail:%0D%0A%0D%0AR\u00fcckruf-Datum%20am:%0D%0A%0D%0AR\u00fcckruf-Zeit:%0D%0A%0D%0AIhre%20Nachricht:\" class=\"ow-icon-placement-left ow-button-hover\" target=\"_blank\" rel=\"noopener noreferrer\" \t\t><br \/>\n\t\t<span><br \/>\n\t\t\t<span class=\"sow-icon-fontawesome sow-far\" data-sow-icon=\"&#xf044;\" ><\/span><br \/>\n\t\t\tIhr pers\u00f6nliche(r) Reiseberater(in) f\u00fcr begleitete Reisen &#8211; Hotline: +49 (0)341 3 38 21 61 | E-Mail: info@reudnitzer-reisen.de\t\t<\/span><br \/>\n\t<\/a>\n<\/div>\n<\/div>\n<\/div>\n<\/div>\n<\/div>\n<div id=\"pg-60-1\"  class=\"panel-grid panel-no-style\" >\n<div id=\"pgc-60-1-0\"  class=\"panel-grid-cell\"  data-weight=\"1\" >\n<div id=\"panel-60-1-0-0\" class=\"so-panel widget widget_sow-editor panel-first-child panel-last-child\" data-index=\"1\" data-style=\"{&quot;background_image_attachment&quot;:false,&quot;background_display&quot;:&quot;tile&quot;}\" >\n<div class=\"so-widget-sow-editor so-widget-sow-editor-base\">\n<div class=\"siteorigin-widget-tinymce textwidget\">\n<p><strong>Reisetermin 16.06.2022-28.06.2022, 13 Tage, Bergen &#8211; Kirkenes &#8211; Bergen, Preis ab 3.150,-pro Person in EUR <br \/><\/strong><\/p>\n<ul>\n<li>\n<blockquote>\n<p>Hurtigruten Reise in einer festen Kabinenkategorie (Mischkontingent)<\/p>\n<\/blockquote>\n<\/li>\n<li>\n<blockquote>\n<p>Hin- und R\u00fcckflug ab\/an Berlin<\/p>\n<\/blockquote>\n<\/li>\n<li>\n<blockquote>\n<p>Rail&amp;Fly 2.Klasse inklusive<\/p>\n<\/blockquote>\n<\/li>\n<li>\n<blockquote>\n<p>Feste Kabinennummer<\/p>\n<\/blockquote>\n<\/li>\n<li>\n<blockquote>\n<p>Vollpension<\/p>\n<\/blockquote>\n<\/li>\n<li>\n<blockquote>\n<p>Freie Wahl der Tischzeit (unter Vorbehalt)<\/p>\n<\/blockquote>\n<\/li>\n<li>\n<blockquote>\n<p>Kostenloses WIFI<\/p>\n<\/blockquote>\n<\/li>\n<li>\n<blockquote>\n<p>Kostenlos Tee\/Kaffee<\/p>\n<\/blockquote>\n<\/li>\n<li><strong>Inklusive ausgew\u00e4hlte kostenfreie Landg\u00e4nge mit Reudnitzer Reisen!<\/strong><\/li>\n<\/ul>\n<p><strong>MS Nordnorge<\/strong><\/p>\n<p>\u00b7 MS Nordnorge wurde 2016 neu in Stand gesetzt und strahlt nun im Glanz eines <strong>modernen, arktisch-inspirierten Interieurs<\/strong>. An Bord gibt es drei verschiedene Restaurants, die \u201eMulte\u201c <strong>B\u00e4ckerei und Eisbar<\/strong>, eine <strong>Sauna und einen Fitnessraum<\/strong>. An Deck k\u00f6nnen Sie die Aussicht aus einem der zwei <strong>Whirlpools<\/strong> genie\u00dfen. Im vorderen Teil des Schiffes liegt eine behagliche Bar, die gute, traditionelle Drinks anbietet. Im Bereich \u201eKompass\u201c finden Sie die Rezeption, die Reiseleitung, den Konferenzraum und einen <strong>Shop<\/strong>.<\/p>\n<\/div>\n<\/div>\n<\/div>\n<\/div>\n<\/div>\n<\/div>\n","protected":false},"excerpt":{"rendered":"<p>Ihr pers\u00f6nliche(r) Reiseberater(in) f\u00fcr begleitete Reisen &#8211; Hotline: +49 (0)341 3 38 21 61 | E-Mail: info@reudnitzer-reisen.de Reisetermin 16.06.2022-28.06.2022, 13 Tage, Bergen &#8211; Kirkenes &#8211; Bergen, Preis ab 3.150,-pro Person in EUR Hurtigruten Reise in einer festen Kabinenkategorie (Mischkontingent) Hin- <a href=\"https:\/\/reisen.reudnitzer-reisen.com\/hurtigrute-klassische-postschiffreise\/leistungen\/\"> more&#8230;<\/a><\/p>\n","protected":false},"author":1,"featured_media":0,"parent":0,"menu_order":0,"comment_status":"closed","ping_status":"closed","template":"","meta":{"footnotes":""},"_links":{"self":[{"href":"https:\/\/reisen.reudnitzer-reisen.com\/hurtigrute-klassische-postschiffreise\/wp-json\/wp\/v2\/pages\/60"}],"collection":[{"href":"https:\/\/reisen.reudnitzer-reisen.com\/hurtigrute-klassische-postschiffreise\/wp-json\/wp\/v2\/pages"}],"about":[{"href":"https:\/\/reisen.reudnitzer-reisen.com\/hurtigrute-klassische-postschiffreise\/wp-json\/wp\/v2\/types\/page"}],"author":[{"embeddable":true,"href":"https:\/\/reisen.reudnitzer-reisen.com\/hurtigrute-klassische-postschiffreise\/wp-json\/wp\/v2\/users\/1"}],"replies":[{"embeddable":true,"href":"https:\/\/reisen.reudnitzer-reisen.com\/hurtigrute-klassische-postschiffreise\/wp-json\/wp\/v2\/comments?post=60"}],"version-history":[{"count":45,"href":"https:\/\/reisen.reudnitzer-reisen.com\/hurtigrute-klassische-postschiffreise\/wp-json\/wp\/v2\/pages\/60\/revisions"}],"predecessor-version":[{"id":344,"href":"https:\/\/reisen.reudnitzer-reisen.com\/hurtigrute-klassische-postschiffreise\/wp-json\/wp\/v2\/pages\/60\/revisions\/344"}],"wp:attachment":[{"href":"https:\/\/reisen.reudnitzer-reisen.com\/hurtigrute-klassische-postschiffreise\/wp-json\/wp\/v2\/media?parent=60"}],"curies":[{"name":"wp","href":"https:\/\/api.w.org\/{rel}","templated":true}]}}