{"id":214,"date":"2019-06-06T21:15:17","date_gmt":"2019-06-06T19:15:17","guid":{"rendered":"https:\/\/reisen.reudnitzer-reisen.com\/hurtigute-klassische-postschiffreise\/?page_id=214"},"modified":"2019-06-28T10:18:32","modified_gmt":"2019-06-28T08:18:32","slug":"buchung","status":"publish","type":"page","link":"https:\/\/reisen.reudnitzer-reisen.com\/hurtigrute-klassische-postschiffreise\/buchung\/","title":{"rendered":"Buchung"},"content":{"rendered":"<div id=\"pl-214\"  class=\"panel-layout\" >\n<div id=\"pg-214-0\"  class=\"panel-grid panel-no-style\"  data-style=\"{&quot;background_image_attachment&quot;:false,&quot;background_display&quot;:&quot;tile&quot;,&quot;cell_alignment&quot;:&quot;flex-start&quot;}\" >\n<div id=\"pgc-214-0-0\"  class=\"panel-grid-cell\"  data-weight=\"1\" >\n<div id=\"panel-214-0-0-0\" class=\"so-panel widget widget_sow-button panel-first-child panel-last-child\" data-index=\"0\" data-style=\"{&quot;background_image_attachment&quot;:false,&quot;background_display&quot;:&quot;tile&quot;}\" >\n<div class=\"so-widget-sow-button so-widget-sow-button-atom-4a75a8acc3b6\">\n<div class=\"ow-button-base ow-button-align-center\">\n\t<a href=\"mailto:info@reudnitzer-reisen.de?subject=Anfrage\/Auftrag&#038;body=Bitte%20beraten%20Sie%20mich%20zur%20HURTIGRUTEN%20Erlebnisreise.*%0D%0A%0D%0AName:%0D%0A%0D%0AR\u00fcckruf-Telefon:%0D%0A%0D%0AE-Mail:%0D%0A%0D%0AR\u00fcckruf-Datum%20am:%0D%0A%0D%0AR\u00fcckruf-Zeit:%0D%0A%0D%0AIhre%20Nachricht:\" class=\"ow-icon-placement-left ow-button-hover\" target=\"_blank\" rel=\"noopener noreferrer\" \t\t><br \/>\n\t\t<span><br \/>\n\t\t\t<span class=\"sow-icon-fontawesome sow-far\" data-sow-icon=\"&#xf044;\" ><\/span><br \/>\n\t\t\tIhr pers\u00f6nliche(r) Reiseberater(in) f\u00fcr begleitete Reisen &#8211; Hotline: +49 (0)341 3 38 21 61 | E-Mail: info@reudnitzer-reisen.de\t\t<\/span><br \/>\n\t<\/a>\n<\/div>\n<\/div>\n<\/div>\n<\/div>\n<\/div>\n<div id=\"pg-214-1\"  class=\"panel-grid panel-no-style\" >\n<div id=\"pgc-214-1-0\"  class=\"panel-grid-cell\"  data-weight=\"1\" >\n<div id=\"panel-214-1-0-0\" class=\"so-panel widget widget_sow-editor panel-first-child panel-last-child\" data-index=\"1\" >\n<div class=\"so-widget-sow-editor so-widget-sow-editor-base\">\n<div class=\"siteorigin-widget-tinymce textwidget\">\n\t<iframe loading=\"lazy\" src=\"https:\/\/reudnitzerreisen.de\/cms\/buchungsformular\/\" width=\"100%\" height=\"800px\" frameborder=\"0\" scrolling=\"no\"><\/iframe><\/p>\n<\/div>\n<\/div>\n<\/div>\n<\/div>\n<\/div>\n<\/div>\n","protected":false},"excerpt":{"rendered":"<p>Ihr pers\u00f6nliche(r) Reiseberater(in) f\u00fcr begleitete Reisen &#8211; Hotline: +49 (0)341 3 38 21 61 | E-Mail: info@reudnitzer-reisen.de<\/p>\n","protected":false},"author":1,"featured_media":0,"parent":0,"menu_order":0,"comment_status":"closed","ping_status":"closed","template":"","meta":{"footnotes":""},"_links":{"self":[{"href":"https:\/\/reisen.reudnitzer-reisen.com\/hurtigrute-klassische-postschiffreise\/wp-json\/wp\/v2\/pages\/214"}],"collection":[{"href":"https:\/\/reisen.reudnitzer-reisen.com\/hurtigrute-klassische-postschiffreise\/wp-json\/wp\/v2\/pages"}],"about":[{"href":"https:\/\/reisen.reudnitzer-reisen.com\/hurtigrute-klassische-postschiffreise\/wp-json\/wp\/v2\/types\/page"}],"author":[{"embeddable":true,"href":"https:\/\/reisen.reudnitzer-reisen.com\/hurtigrute-klassische-postschiffreise\/wp-json\/wp\/v2\/users\/1"}],"replies":[{"embeddable":true,"href":"https:\/\/reisen.reudnitzer-reisen.com\/hurtigrute-klassische-postschiffreise\/wp-json\/wp\/v2\/comments?post=214"}],"version-history":[{"count":3,"href":"https:\/\/reisen.reudnitzer-reisen.com\/hurtigrute-klassische-postschiffreise\/wp-json\/wp\/v2\/pages\/214\/revisions"}],"predecessor-version":[{"id":260,"href":"https:\/\/reisen.reudnitzer-reisen.com\/hurtigrute-klassische-postschiffreise\/wp-json\/wp\/v2\/pages\/214\/revisions\/260"}],"wp:attachment":[{"href":"https:\/\/reisen.reudnitzer-reisen.com\/hurtigrute-klassische-postschiffreise\/wp-json\/wp\/v2\/media?parent=214"}],"curies":[{"name":"wp","href":"https:\/\/api.w.org\/{rel}","templated":true}]}}