{"id":175,"date":"2019-06-06T18:24:20","date_gmt":"2019-06-06T16:24:20","guid":{"rendered":"https:\/\/reisen.reudnitzer-reisen.com\/hurtigute-klassische-postschiffreise\/?page_id=175"},"modified":"2021-06-07T15:35:12","modified_gmt":"2021-06-07T13:35:12","slug":"warum-dieses-reiseangebot-buchen","status":"publish","type":"page","link":"https:\/\/reisen.reudnitzer-reisen.com\/hurtigrute-klassische-postschiffreise\/warum-dieses-reiseangebot-buchen\/","title":{"rendered":"Warum dieses Reiseangebot buchen?"},"content":{"rendered":"<div id=\"pl-175\"  class=\"panel-layout\" >\n<div id=\"pg-175-0\"  class=\"panel-grid panel-no-style\"  data-style=\"{&quot;background_display&quot;:&quot;tile&quot;,&quot;cell_alignment&quot;:&quot;flex-start&quot;}\" >\n<div id=\"pgc-175-0-0\"  class=\"panel-grid-cell\"  data-weight=\"0.33333333333333\" >\n<div id=\"panel-175-0-0-0\" class=\"so-panel widget widget_text panel-first-child panel-last-child\" data-index=\"0\" data-style=\"{&quot;background_image_attachment&quot;:false,&quot;background_display&quot;:&quot;tile&quot;}\" >\n<h3 class=\"widget-title\">ALLE HIGHLIGHTS<\/h3>\n<div class=\"textwidget\">\n<p>&nbsp;<\/p>\n<p><strong style=\"text-align: center;\"><a href=\"https:\/\/reisen.reudnitzer-reisen.com\/hurtigrute-klassische-postschiffreise\/wp-content\/uploads\/sites\/12\/2021\/06\/RRHurtigruten2022.pdf\" target=\"_blank\" rel=\"noopener\">HIER INFORMIEREN!<\/a><\/strong><\/p>\n<\/div><\/div>\n<\/div>\n<div id=\"pgc-175-0-1\"  class=\"panel-grid-cell\"  data-weight=\"0.33333333333333\" >\n<div id=\"panel-175-0-1-0\" class=\"so-panel widget widget_text panel-first-child panel-last-child\" data-index=\"1\" data-style=\"{&quot;background_display&quot;:&quot;tile&quot;}\" >\n<h3 class=\"widget-title\">Inklusive<\/h3>\n<div class=\"textwidget\">\n<p><strong>Inklusive FIT Anreisepaket<\/strong> Flughafen D-Bergen und <strong>FIT Abreisepaket<\/strong> Bergen-Flughafen D<\/p>\n<\/div><\/div>\n<\/div>\n<div id=\"pgc-175-0-2\"  class=\"panel-grid-cell\"  data-weight=\"0.33333333333333\" >\n<div id=\"panel-175-0-2-0\" class=\"so-panel widget widget_sow-button panel-first-child panel-last-child\" data-index=\"2\" data-style=\"{&quot;background_display&quot;:&quot;tile&quot;}\" >\n<div class=\"so-widget-sow-button so-widget-sow-button-atom-4a75a8acc3b6\">\n<div class=\"ow-button-base ow-button-align-center\">\n\t<a href=\"mailto:info@reudnitzer-reisen.de?subject=Anfrage\/Auftrag&#038;body=Bitte%20beraten%20Sie%20mich%20zur%20HURTIGRUTEN%20Erlebnisreise.*%0D%0A%0D%0AName:%0D%0A%0D%0AR\u00fcckruf-Telefon:%0D%0A%0D%0AE-Mail:%0D%0A%0D%0AR\u00fcckruf-Datum%20am:%0D%0A%0D%0AR\u00fcckruf-Zeit:%0D%0A%0D%0AIhre%20Nachricht:\" class=\"ow-icon-placement-left ow-button-hover\" target=\"_blank\" rel=\"noopener noreferrer\" \t\t><br \/>\n\t\t<span><br \/>\n\t\t\t<span class=\"sow-icon-fontawesome sow-far\" data-sow-icon=\"&#xf044;\" ><\/span><br \/>\n\t\t\tIhr pers\u00f6nliche(r) Reiseberater(in) f\u00fcr begleitete Reisen &#8211; Hotline: +49 (0)341 3 38 21 61 | E-Mail: info@reudnitzer-reisen.de\t\t<\/span><br \/>\n\t<\/a>\n<\/div>\n<\/div>\n<\/div>\n<\/div>\n<\/div>\n<div id=\"pg-175-1\"  class=\"panel-grid panel-no-style\"  data-style=\"{&quot;background_display&quot;:&quot;tile&quot;,&quot;cell_alignment&quot;:&quot;flex-start&quot;}\" >\n<div id=\"pgc-175-1-0\"  class=\"panel-grid-cell\"  data-weight=\"0.5\" >\n<div id=\"panel-175-1-0-0\" class=\"so-panel widget widget_text panel-first-child panel-last-child\" data-index=\"3\" data-style=\"{&quot;background_display&quot;:&quot;tile&quot;}\" >\n<h3 class=\"widget-title\">Highlight &#8211; Mitternachtssonne, gibt es nur ZUR BESTEN REISEZEIT<\/h3>\n<div class=\"textwidget\">\n<div class=\"centered-content molecule-header-primary\">\n<p class=\"excerpt\"><em><br \/>\n&#8222;Wenn Sie die Augen nicht von der Sonne abwenden, wendet die Sonne sich auch nicht von Ihnen ab.&#8220;<\/em><\/p>\n<\/div>\n<div class=\"centered-content spacing-xxlarge-bottom wysiwyg\">\n<p class=\"big-first-character\">Es ist nach Mitternacht, Sie schauen auf Ihre Uhr, k\u00f6nnen aber nicht glauben, dass sie richtig geht. Sie m\u00fcssten eigentlich m\u00fcde sein, aber Sie sind weit von einem G\u00e4hnen entfernt. Der Grund f\u00fcr all diese Verwirrung befindet sich direkt \u00fcber Ihnen. Hell und strahlend scheint die Sonne, als h\u00e4tte sie die Zeit vergessen. Sie fahren im glei\u00dfenden Tageslicht an Fjorden, Inseln und Bergen vorbei\u00a0\u2013 mitten in der Nacht. Sie sind n\u00f6rdlich des\u00a0Polarkreises und \u00fcber Ihnen erstrahlt die Mitternachtssonne.<\/p>\n<p>Statt sich nun ins Bett zu zwingen, nehmen Sie doch Hemingway oder Hamsun mit an Deck und suchen sich einen Platz, an dem Sie das sch\u00f6nste nat\u00fcrliche Leselicht der Welt genie\u00dfen k\u00f6nnen. Oder lassen Sie Ihre Gedanken schweifen, w\u00e4hrend sich das Licht an der Oberfl\u00e4che des tiefen Wassers spiegelt. Sie k\u00f6nnen auch die Schatten des\u00a0Schiffes\u00a0verfolgen, die \u00fcber das Wasser wandern.<\/p>\n<p>Die Mitternachtssonne sollten Sie nicht nur sehen, sondern auch f\u00fchlen.<\/p>\n<\/div>\n<\/div><\/div>\n<\/div>\n<div id=\"pgc-175-1-1\"  class=\"panel-grid-cell\"  data-weight=\"0.5\" >\n<div id=\"panel-175-1-1-0\" class=\"so-panel widget widget_text panel-first-child panel-last-child\" data-index=\"4\" data-style=\"{&quot;background_display&quot;:&quot;tile&quot;}\" >\n<div class=\"textwidget\">\n<p>W\u00e4rmere Orte gibt es fast \u00fcberall auf der Welt, aber das w\u00e4rmende Gef\u00fchl der Mitternachtssonne ist etwas ganz besonderes\u00a0\u2013 ein Gef\u00fchl, das Ihnen noch lange in Erinnerung bleiben wird.<\/p>\n<p>Um der Mitternachtssonne zu begegnen, m\u00fcssen Sie sich n\u00f6rdlich des Polarkreises aufhalten, der d\u00fcnnen Linie, die Theoretiker durch Schweden, Finnland, Russland, Alaska,\u00a0Kanada,\u00a0Gr\u00f6nland\u00a0und\u00a0Island\u00a0ziehen. Auch\u00a0Norwegen\u00a0wird von dieser Linie in zwei Teile geteilt. Man sieht sie nat\u00fcrlich nicht, aber Sie werden sicherlich eine Ver\u00e4nderung bemerken, wenn Sie sie in Richtung Norden \u00fcberqueren. Denn dort scheint die Sonne im Sommer den ganzen Tag \u00fcber, zumindest bei gutem Wetter.<a href=\"https:\/\/reisen.reudnitzer-reisen.com\/hurtigute-klassische-postschiffreise\/wp-content\/uploads\/sites\/12\/2019\/06\/mitternachtssonne.jpg\"><img loading=\"lazy\" decoding=\"async\" class=\"alignright size-medium wp-image-194\" src=\"https:\/\/reisen.reudnitzer-reisen.com\/hurtigute-klassische-postschiffreise\/wp-content\/uploads\/sites\/12\/2019\/06\/mitternachtssonne-300x200.jpg\" alt=\"\" width=\"300\" height=\"200\" srcset=\"https:\/\/reisen.reudnitzer-reisen.com\/hurtigrute-klassische-postschiffreise\/wp-content\/uploads\/sites\/12\/2019\/06\/mitternachtssonne-300x200.jpg 300w, https:\/\/reisen.reudnitzer-reisen.com\/hurtigrute-klassische-postschiffreise\/wp-content\/uploads\/sites\/12\/2019\/06\/mitternachtssonne-768x512.jpg 768w, https:\/\/reisen.reudnitzer-reisen.com\/hurtigrute-klassische-postschiffreise\/wp-content\/uploads\/sites\/12\/2019\/06\/mitternachtssonne.jpg 960w\" sizes=\"(max-width: 300px) 100vw, 300px\" \/><\/a><\/p>\n<p>Als Mitternachtssonne wird ein Naturschauspiel bezeichnet, das n\u00f6rdlich einer Breite von 66\u00b0 N\u00a033\u2019 zwischen der Fr\u00fchjahrs-Tagundnachtgleiche und der Herbst-Tagundnachtgleiche stattfindet.<br \/>\nW\u00e4hrend der Zeit der Mitternachtssonne sinkt die Sonne nie unter den Horizont.<\/p>\n<\/div><\/div>\n<\/div>\n<\/div>\n<div id=\"pg-175-2\"  class=\"panel-grid panel-no-style\"  data-style=\"{&quot;background_display&quot;:&quot;tile&quot;,&quot;cell_alignment&quot;:&quot;flex-start&quot;}\" >\n<div id=\"pgc-175-2-0\"  class=\"panel-grid-cell\"  data-weight=\"1\" >\n<div id=\"panel-175-2-0-0\" class=\"so-panel widget widget_text panel-first-child panel-last-child\" data-index=\"5\" data-style=\"{&quot;background_display&quot;:&quot;tile&quot;}\" >\n<h3 class=\"widget-title\">MS Nordnorge &#8211; MS Nordnorge ist nach dem Norden Norwegens benannt.<\/h3>\n<div class=\"textwidget\">\n<figure id=\"attachment_308\" style=\"width: 300px\" class=\"wp-caption alignright\"><img loading=\"lazy\" decoding=\"async\" class=\"wp-image-308 size-medium\" src=\"https:\/\/reisen.reudnitzer-reisen.com\/hurtigrute-klassische-postschiffreise\/wp-content\/uploads\/sites\/12\/2019\/06\/MS-Nordnorge-300x188.jpg\" alt=\"MS Nordnorge\" width=\"300\" height=\"188\" srcset=\"https:\/\/reisen.reudnitzer-reisen.com\/hurtigrute-klassische-postschiffreise\/wp-content\/uploads\/sites\/12\/2019\/06\/MS-Nordnorge-300x188.jpg 300w, https:\/\/reisen.reudnitzer-reisen.com\/hurtigrute-klassische-postschiffreise\/wp-content\/uploads\/sites\/12\/2019\/06\/MS-Nordnorge-768x482.jpg 768w, https:\/\/reisen.reudnitzer-reisen.com\/hurtigrute-klassische-postschiffreise\/wp-content\/uploads\/sites\/12\/2019\/06\/MS-Nordnorge.jpg 1024w\" sizes=\"(max-width: 300px) 100vw, 300px\" \/><figcaption class=\"wp-caption-text\">MS Nordnorge<\/figcaption><\/figure>\n<p><em><br \/>\nMS Nordnorge wurde 2016 neu in Stand gesetzt und strahlt nun im Glanz eines modernen, arktisch-inspirierten Interieurs.<br \/>\n<\/em><\/p>\n<p>An Bord gibt es drei verschiedene Restaurants, die \u201eMulte\u201c B\u00e4ckerei und Eisbar, eine Sauna und einen Fitnessraum. An Deck k\u00f6nnen Sie die Aussicht aus einem der zwei Whirlpools genie\u00dfen. Im vorderen Teil des Schiffes liegt eine behagliche Bar, die gute, traditionelle Drinks anbietet. Im Bereich \u201eKompass\u201c finden Sie die Rezeption, die Reiseleitung, den Konferenzraum und einen Shop.<\/p>\n<h2><em>2016 neu in Stand gesetzt<\/em><\/h2>\n<p>Zu MS Nordnorge geh\u00f6rt ein eigenes <strong>Expeditionsteam an Bord<\/strong>, das das Schiff zu einer Universit\u00e4t auf See macht: Interessante Vortr\u00e4ge, Pr\u00e4sentationen und Aktivit\u00e4ten, die sowohl im Schiff als auch auf der Sonnenterrasse gehalten werden, gestalten die Reise spannend und lehrreich. Die Themen h\u00e4ngen von der Jahreszeit und den Gew\u00e4ssern ab, die wir durchfahren. Das Expeditionsteam bietet t\u00e4glich ein <strong>Vortrags- und Pr\u00e4sentationsprogramm<\/strong> sowie ein abendliches Beisammensein an. An Deck k\u00f6nnen Sie mit direktem Bezug zu den Sehensw\u00fcrdigkeiten entlang der K\u00fcste mehr \u00fcber Natur, Kultur und andere Ph\u00e4nomene lernen.<\/p>\n<\/div><\/div>\n<\/div>\n<\/div>\n<div id=\"pg-175-3\"  class=\"panel-grid panel-no-style\"  data-style=\"{&quot;background_display&quot;:&quot;tile&quot;,&quot;cell_alignment&quot;:&quot;flex-start&quot;}\" >\n<div id=\"pgc-175-3-0\"  class=\"panel-grid-cell\"  data-weight=\"0.5\" >\n<div id=\"panel-175-3-0-0\" class=\"so-panel widget widget_text panel-first-child panel-last-child\" data-index=\"6\" data-style=\"{&quot;background_display&quot;:&quot;tile&quot;}\" >\n<div class=\"textwidget\">\n<h3>Ausstattung:<\/h3>\n<ul>\n<li>Expeditionsteam<\/li>\n<li>2016 modernisiert<\/li>\n<li>Drei Restaurants<\/li>\n<li>\u201eMulte\u201c\u00a0\u00a0B\u00e4ckerei und Eisbar<\/li>\n<li>Explorer Bar und Lounge<\/li>\n<li>WLAN<\/li>\n<li>Sauna<\/li>\n<li>Fitnessraum<\/li>\n<li>Lift<\/li>\n<li>Konferenzraum<\/li>\n<li>Autodeck<\/li>\n<li>2 Whirlpools<\/li>\n<\/ul>\n<\/div><\/div>\n<\/div>\n<div id=\"pgc-175-3-1\"  class=\"panel-grid-cell\"  data-weight=\"0.5\" >\n<div id=\"panel-175-3-1-0\" class=\"so-panel widget widget_text panel-first-child panel-last-child\" data-index=\"7\" data-style=\"{&quot;background_display&quot;:&quot;tile&quot;}\" >\n<div class=\"textwidget\">\n<h3>Pkw-Mitnahme<\/h3>\n<p>MS Nordnorge verf\u00fcgt \u00fcber Pkw-Stellpl\u00e4tze. Bitte beachten Sie f\u00fcr die Fahrzeuge folgende Ma\u00dfe:<\/p>\n<ul>\n<li>L\u00e4nge max. 6,40 m<\/li>\n<li>Breite max. 2,40 m<\/li>\n<li>H\u00f6he max. 2,20 m<\/li>\n<li>Gewicht max. 5.000 kg<\/li>\n<\/ul>\n<\/div><\/div>\n<\/div>\n<\/div>\n<div id=\"pg-175-4\"  class=\"panel-grid panel-no-style\"  data-style=\"{&quot;background_display&quot;:&quot;tile&quot;,&quot;cell_alignment&quot;:&quot;flex-start&quot;}\" >\n<div id=\"pgc-175-4-0\"  class=\"panel-grid-cell\"  data-weight=\"0.5\" >\n<div id=\"panel-175-4-0-0\" class=\"so-panel widget widget_text panel-first-child panel-last-child\" data-index=\"8\" data-style=\"{&quot;background_display&quot;:&quot;tile&quot;}\" >\n<h3 class=\"widget-title\">\u00b7 Inklusive Flug ab Berlin mit Ticket Rail&#038;Fly 2.Klasse<\/h3>\n<div class=\"textwidget\"><\/div>\n<\/p><\/div>\n<\/div>\n<div id=\"pgc-175-4-1\"  class=\"panel-grid-cell\"  data-weight=\"0.5\" >\n<div id=\"panel-175-4-1-0\" class=\"so-panel widget widget_text panel-first-child panel-last-child\" data-index=\"9\" data-style=\"{&quot;background_display&quot;:&quot;tile&quot;}\" >\n<h3 class=\"widget-title\">\u00b7 Inklusive pers\u00f6nlicher Reiseleitung durch das Reiseb\u00fcro &#8222;Reudnitzer Reisen&#8220;<\/h3>\n<div class=\"textwidget\"><\/div>\n<\/p><\/div>\n<\/div>\n<\/div>\n<div id=\"pg-175-5\"  class=\"panel-grid panel-no-style\"  data-style=\"{&quot;background_display&quot;:&quot;tile&quot;,&quot;cell_alignment&quot;:&quot;flex-start&quot;}\" >\n<div id=\"pgc-175-5-0\"  class=\"panel-grid-cell\"  data-weight=\"1\" >\n<div id=\"panel-175-5-0-0\" class=\"so-panel widget widget_text panel-first-child panel-last-child\" data-index=\"10\" data-style=\"{&quot;background_display&quot;:&quot;tile&quot;}\" >\n<div class=\"textwidget\"><\/div>\n<\/p><\/div>\n<\/div>\n<\/div>\n<\/div>\n","protected":false},"excerpt":{"rendered":"<p>ALLE HIGHLIGHTS &nbsp; HIER INFORMIEREN! Inklusive Inklusive FIT Anreisepaket Flughafen D-Bergen und FIT Abreisepaket Bergen-Flughafen D Ihr pers\u00f6nliche(r) Reiseberater(in) f\u00fcr begleitete Reisen &#8211; Hotline: +49 (0)341 3 38 21 61 | E-Mail: info@reudnitzer-reisen.de Highlight &#8211; Mitternachtssonne, gibt es nur ZUR <a href=\"https:\/\/reisen.reudnitzer-reisen.com\/hurtigrute-klassische-postschiffreise\/warum-dieses-reiseangebot-buchen\/\"> more&#8230;<\/a><\/p>\n","protected":false},"author":1,"featured_media":0,"parent":0,"menu_order":0,"comment_status":"closed","ping_status":"closed","template":"","meta":{"footnotes":""},"_links":{"self":[{"href":"https:\/\/reisen.reudnitzer-reisen.com\/hurtigrute-klassische-postschiffreise\/wp-json\/wp\/v2\/pages\/175"}],"collection":[{"href":"https:\/\/reisen.reudnitzer-reisen.com\/hurtigrute-klassische-postschiffreise\/wp-json\/wp\/v2\/pages"}],"about":[{"href":"https:\/\/reisen.reudnitzer-reisen.com\/hurtigrute-klassische-postschiffreise\/wp-json\/wp\/v2\/types\/page"}],"author":[{"embeddable":true,"href":"https:\/\/reisen.reudnitzer-reisen.com\/hurtigrute-klassische-postschiffreise\/wp-json\/wp\/v2\/users\/1"}],"replies":[{"embeddable":true,"href":"https:\/\/reisen.reudnitzer-reisen.com\/hurtigrute-klassische-postschiffreise\/wp-json\/wp\/v2\/comments?post=175"}],"version-history":[{"count":76,"href":"https:\/\/reisen.reudnitzer-reisen.com\/hurtigrute-klassische-postschiffreise\/wp-json\/wp\/v2\/pages\/175\/revisions"}],"predecessor-version":[{"id":347,"href":"https:\/\/reisen.reudnitzer-reisen.com\/hurtigrute-klassische-postschiffreise\/wp-json\/wp\/v2\/pages\/175\/revisions\/347"}],"wp:attachment":[{"href":"https:\/\/reisen.reudnitzer-reisen.com\/hurtigrute-klassische-postschiffreise\/wp-json\/wp\/v2\/media?parent=175"}],"curies":[{"name":"wp","href":"https:\/\/api.w.org\/{rel}","templated":true}]}}