{"id":81,"date":"2022-08-31T15:15:20","date_gmt":"2022-08-31T13:15:20","guid":{"rendered":"https:\/\/reisen.reudnitzer-reisen.com\/havila-kystruten-norwegen-postschiffreisen\/?page_id=81"},"modified":"2022-10-12T11:34:56","modified_gmt":"2022-10-12T09:34:56","slug":"havila","status":"publish","type":"page","link":"https:\/\/reisen.reudnitzer-reisen.com\/havila-kystruten-norwegen-postschiffreisen\/havila\/","title":{"rendered":"HAVILA"},"content":{"rendered":"<div id=\"pl-81\"  class=\"panel-layout\" ><div id=\"pg-81-0\"  class=\"panel-grid panel-no-style\" ><div id=\"pgc-81-0-0\"  class=\"panel-grid-cell\" ><div id=\"panel-81-0-0-0\" class=\"so-panel widget widget_sow-button panel-first-child panel-last-child\" data-index=\"0\" ><div class=\"so-widget-sow-button so-widget-sow-button-atom-4a75a8acc3b6\"><div class=\"ow-button-base ow-button-align-center\">\n\t<a href=\"https:\/\/reisen.reudnitzer-reisen.com\/havila-kystruten-norwegen-postschiffreisen\/\" class=\"ow-icon-placement-left ow-button-hover\" \t\t>\n\t\t<span>\n\t\t\t\n\t\t\tzur Startseite\t\t<\/span>\n\t<\/a>\n<\/div>\n<\/div><\/div><\/div><\/div><div id=\"pg-81-1\"  class=\"panel-grid panel-no-style\" ><div id=\"pgc-81-1-0\"  class=\"panel-grid-cell\" ><div id=\"panel-81-1-0-0\" class=\"so-panel widget widget_text panel-first-child panel-last-child\" data-index=\"1\" >\t\t\t<div class=\"textwidget\"><p><strong>Begleitete Gruppenreise Postschiffreise erleben!<\/strong><\/p>\n<p>Reisebegleitung ab\/an Leipzig<\/p>\n<\/div>\n\t\t<\/div><\/div><div id=\"pgc-81-1-1\"  class=\"panel-grid-cell\" ><div id=\"panel-81-1-1-0\" class=\"so-panel widget widget_text panel-first-child panel-last-child\" data-index=\"2\" >\t\t\t<div class=\"textwidget\"><h2><strong>7 Tage<\/strong> 05.03.23 &#8211; 12.03.2023<\/h2>\n<h2>ab 2.226 \u20ac\/p.P.<\/h2>\n<p>inkl. Fl\u00fcge ab DE Berlin &#8211; Hannover<\/p>\n<\/div>\n\t\t<\/div><\/div><\/div><div id=\"pg-81-2\"  class=\"panel-grid panel-no-style\" ><div id=\"pgc-81-2-0\"  class=\"panel-grid-cell\" ><div id=\"panel-81-2-0-0\" class=\"so-panel widget widget_sow-editor panel-first-child panel-last-child\" data-index=\"3\" ><div class=\"so-widget-sow-editor so-widget-sow-editor-base\">\n<div class=\"siteorigin-widget-tinymce textwidget\">\n\t<p>Havila Kystruten AS<\/p>\n<p>Mj\u00f8lstadnesvegen<br \/>\n6092 Fosnav\u00e5g<br \/>\nNorwegen<\/p>\n<p>Copyright Texte und Bilder by havilavoyages.com<\/p>\n<p>Die Reudnitzer Reisen Gmbh ist Reisevermittler und bietet diese Kreuzfahrt Reise ausschlie\u00dflich \u00fcber die Reederei Havila Kystruten AS an.<\/p>\n<\/div>\n<\/div><\/div><\/div><\/div><\/div>","protected":false},"excerpt":{"rendered":"<p>zur Startseite Begleitete Gruppenreise Postschiffreise erleben! Reisebegleitung ab\/an Leipzig 7 Tage 05.03.23 &#8211; 12.03.2023 ab 2.226 \u20ac\/p.P. inkl. Fl\u00fcge ab DE Berlin &#8211; Hannover Havila Kystruten AS Mj\u00f8lstadnesvegen 6092 Fosnav\u00e5g Norwegen Copyright Texte und Bilder by havilavoyages.com Die Reudnitzer Reisen <a href=\"https:\/\/reisen.reudnitzer-reisen.com\/havila-kystruten-norwegen-postschiffreisen\/havila\/\"> more&#8230;<\/a><\/p>\n","protected":false},"author":1,"featured_media":0,"parent":0,"menu_order":0,"comment_status":"closed","ping_status":"closed","template":"","meta":{"footnotes":""},"_links":{"self":[{"href":"https:\/\/reisen.reudnitzer-reisen.com\/havila-kystruten-norwegen-postschiffreisen\/wp-json\/wp\/v2\/pages\/81"}],"collection":[{"href":"https:\/\/reisen.reudnitzer-reisen.com\/havila-kystruten-norwegen-postschiffreisen\/wp-json\/wp\/v2\/pages"}],"about":[{"href":"https:\/\/reisen.reudnitzer-reisen.com\/havila-kystruten-norwegen-postschiffreisen\/wp-json\/wp\/v2\/types\/page"}],"author":[{"embeddable":true,"href":"https:\/\/reisen.reudnitzer-reisen.com\/havila-kystruten-norwegen-postschiffreisen\/wp-json\/wp\/v2\/users\/1"}],"replies":[{"embeddable":true,"href":"https:\/\/reisen.reudnitzer-reisen.com\/havila-kystruten-norwegen-postschiffreisen\/wp-json\/wp\/v2\/comments?post=81"}],"version-history":[{"count":11,"href":"https:\/\/reisen.reudnitzer-reisen.com\/havila-kystruten-norwegen-postschiffreisen\/wp-json\/wp\/v2\/pages\/81\/revisions"}],"predecessor-version":[{"id":188,"href":"https:\/\/reisen.reudnitzer-reisen.com\/havila-kystruten-norwegen-postschiffreisen\/wp-json\/wp\/v2\/pages\/81\/revisions\/188"}],"wp:attachment":[{"href":"https:\/\/reisen.reudnitzer-reisen.com\/havila-kystruten-norwegen-postschiffreisen\/wp-json\/wp\/v2\/media?parent=81"}],"curies":[{"name":"wp","href":"https:\/\/api.w.org\/{rel}","templated":true}]}}