{"id":57,"date":"2022-08-31T13:24:13","date_gmt":"2022-08-31T11:24:13","guid":{"rendered":"https:\/\/reisen.reudnitzer-reisen.com\/havila-kystruten-norwegen-postschiffreisen\/?page_id=57"},"modified":"2022-09-01T11:04:47","modified_gmt":"2022-09-01T09:04:47","slug":"warum-diese-reise-buchen","status":"publish","type":"page","link":"https:\/\/reisen.reudnitzer-reisen.com\/havila-kystruten-norwegen-postschiffreisen\/warum-diese-reise-buchen\/","title":{"rendered":"Warum diese Reise buchen?"},"content":{"rendered":"<div id=\"pl-57\"  class=\"panel-layout\" ><div id=\"pg-57-0\"  class=\"panel-grid panel-no-style\" ><div id=\"pgc-57-0-0\"  class=\"panel-grid-cell\" ><div id=\"panel-57-0-0-0\" class=\"so-panel widget widget_sow-editor panel-first-child panel-last-child\" data-index=\"0\" ><div class=\"so-widget-sow-editor so-widget-sow-editor-base\">\n<div class=\"siteorigin-widget-tinymce textwidget\">\n\t<div class=\"zpRow standard \" data-row-id=\"366\">\n<div class=\"zpColumn odd zpColumnWidth1 c12 first last\" data-column-id=\"383\">\n<div class=\"zpColumnItem\">\n<div id=\"a1706\" class=\"articlearea zpwText\" data-article-id=\"1706\" data-zpleid=\"1706\">\n<p><iframe loading=\"lazy\" src=\"https:\/\/player.vimeo.com\/video\/729519044?h=7fe30b159d&amp;dnt=1&amp;app_id=122963\" width=\"730\" height=\"411\" frameborder=\"0\" allow=\"autoplay; fullscreen; picture-in-picture\" allowfullscreen title=\"Havila Kystruten on board - no music\"><\/iframe><\/p>\n<\/div>\n<\/div>\n<\/div>\n<\/div>\n<\/div>\n<\/div><\/div><\/div><div id=\"pgc-57-0-1\"  class=\"panel-grid-cell\" ><div id=\"panel-57-0-1-0\" class=\"so-panel widget widget_text panel-first-child panel-last-child\" data-index=\"1\" >\t\t\t<div class=\"textwidget\"><div class=\"zpRow standard \" data-row-id=\"366\">\n<div class=\"zpColumn odd zpColumnWidth1 c12 first last\" data-column-id=\"383\">\n<div class=\"zpColumnItem\">\n<div id=\"a1706\" class=\"articlearea zpwText\" data-article-id=\"1706\" data-zpleid=\"1706\">\n<h2 data-zpfieldname=\"headline\">Willkommen an Bord der neuen Havila Voyages Kystruten!<\/h2>\n<ul>\n<li><strong><em>Alle Havila Voyages Schiffe<\/em><\/strong> sind allesamt Neubauten und dank <strong>LNG- und Batterie-Antrieb umweltfreundlich<\/strong><\/li>\n<li>Ganzj\u00e4hrig werden 34 abwechslungsreiche, kleinere und gr\u00f6\u00dfere H\u00e4fen \u00a0angefahren<\/li>\n<li>Die Mahlzeiten an Bord sind ein Erlebnis: regionale, frische Produkte je nach Jahreszeit und Region machen den Unterschied<\/li>\n<li>Ob Mitternachtssonne oder Zauber der Polarlichter\u00a0\u2013 malerische Kulissen spiegeln sich im Wasser an Norwegens K\u00fcste<\/li>\n<li>Eine Norwegen Reise mit\u00a0&#8211;\u00a0<u>Havila Voyages Kystruten<\/u>\u00a0ist Entschleunigung\u00a0&#8211; sie ist anders: eine Reise zu sich selbst<\/li>\n<\/ul>\n<\/div>\n<\/div>\n<\/div>\n<\/div>\n<\/div>\n\t\t<\/div><\/div><\/div><\/div>","protected":false},"excerpt":{"rendered":"<p>Willkommen an Bord der neuen Havila Voyages Kystruten! Alle Havila Voyages Schiffe sind allesamt Neubauten und dank LNG- und Batterie-Antrieb umweltfreundlich Ganzj\u00e4hrig werden 34 abwechslungsreiche, kleinere und gr\u00f6\u00dfere H\u00e4fen \u00a0angefahren Die Mahlzeiten an Bord sind ein Erlebnis: regionale, frische Produkte <a href=\"https:\/\/reisen.reudnitzer-reisen.com\/havila-kystruten-norwegen-postschiffreisen\/warum-diese-reise-buchen\/\"> more&#8230;<\/a><\/p>\n","protected":false},"author":1,"featured_media":95,"parent":0,"menu_order":0,"comment_status":"closed","ping_status":"closed","template":"","meta":{"footnotes":""},"_links":{"self":[{"href":"https:\/\/reisen.reudnitzer-reisen.com\/havila-kystruten-norwegen-postschiffreisen\/wp-json\/wp\/v2\/pages\/57"}],"collection":[{"href":"https:\/\/reisen.reudnitzer-reisen.com\/havila-kystruten-norwegen-postschiffreisen\/wp-json\/wp\/v2\/pages"}],"about":[{"href":"https:\/\/reisen.reudnitzer-reisen.com\/havila-kystruten-norwegen-postschiffreisen\/wp-json\/wp\/v2\/types\/page"}],"author":[{"embeddable":true,"href":"https:\/\/reisen.reudnitzer-reisen.com\/havila-kystruten-norwegen-postschiffreisen\/wp-json\/wp\/v2\/users\/1"}],"replies":[{"embeddable":true,"href":"https:\/\/reisen.reudnitzer-reisen.com\/havila-kystruten-norwegen-postschiffreisen\/wp-json\/wp\/v2\/comments?post=57"}],"version-history":[{"count":12,"href":"https:\/\/reisen.reudnitzer-reisen.com\/havila-kystruten-norwegen-postschiffreisen\/wp-json\/wp\/v2\/pages\/57\/revisions"}],"predecessor-version":[{"id":156,"href":"https:\/\/reisen.reudnitzer-reisen.com\/havila-kystruten-norwegen-postschiffreisen\/wp-json\/wp\/v2\/pages\/57\/revisions\/156"}],"wp:featuredmedia":[{"embeddable":true,"href":"https:\/\/reisen.reudnitzer-reisen.com\/havila-kystruten-norwegen-postschiffreisen\/wp-json\/wp\/v2\/media\/95"}],"wp:attachment":[{"href":"https:\/\/reisen.reudnitzer-reisen.com\/havila-kystruten-norwegen-postschiffreisen\/wp-json\/wp\/v2\/media?parent=57"}],"curies":[{"name":"wp","href":"https:\/\/api.w.org\/{rel}","templated":true}]}}