{"id":50,"date":"2022-08-31T13:20:13","date_gmt":"2022-08-31T11:20:13","guid":{"rendered":"https:\/\/reisen.reudnitzer-reisen.com\/havila-kystruten-norwegen-postschiffreisen\/?page_id=50"},"modified":"2022-09-01T11:01:00","modified_gmt":"2022-09-01T09:01:00","slug":"reiseverlauf","status":"publish","type":"page","link":"https:\/\/reisen.reudnitzer-reisen.com\/havila-kystruten-norwegen-postschiffreisen\/reiseverlauf\/","title":{"rendered":"Reiseverlauf"},"content":{"rendered":"<h1 class=\"text-left h1--spaced\">Reise nach Norden \u00b7 Bergen \u2192 Kirkenes <strong>7 Tage<\/strong><\/h1>\n<ul class=\"list list--cricon\">\n<li class=\"list__item\">Geirangerfjord* | \u00c5lesund | Polarkreis | Nordkap | Troms\u00f8<\/li>\n<\/ul>\n<p>W\u00e4hrend unserer Reise entlang der norwegischen K\u00fcste von Bergen nach Kirkenes passieren Sie einige der beeindruckendsten Fjorde der Erde, \u00fcberqueren den Polarkreis und das Nordkap-Plateau, die Spitze Europas \u2013 und dies alles am Tage.<\/p>\n<hr \/>\n<div class=\"columnlayout\">\n<div class=\"columnlayout__column columnlayout__column--default\" style=\"text-align: center;\">\n<h3 class=\"text-left \" style=\"text-align: left;\">Tag 1<\/h3>\n<p style=\"text-align: left;\"><a href=\"https:\/\/reisen.reudnitzer-reisen.com\/havila-kystruten-norwegen-postschiffreisen\/wp-content\/uploads\/sites\/16\/2022\/08\/1.jpg\"><img loading=\"lazy\" decoding=\"async\" class=\"alignleft size-full wp-image-91\" src=\"https:\/\/reisen.reudnitzer-reisen.com\/havila-kystruten-norwegen-postschiffreisen\/wp-content\/uploads\/sites\/16\/2022\/08\/1.jpg\" alt=\"\" width=\"600\" height=\"338\" srcset=\"https:\/\/reisen.reudnitzer-reisen.com\/havila-kystruten-norwegen-postschiffreisen\/wp-content\/uploads\/sites\/16\/2022\/08\/1.jpg 600w, https:\/\/reisen.reudnitzer-reisen.com\/havila-kystruten-norwegen-postschiffreisen\/wp-content\/uploads\/sites\/16\/2022\/08\/1-300x169.jpg 300w\" sizes=\"(max-width: 600px) 100vw, 600px\" \/><\/a><\/p>\n<p>&nbsp;<\/p>\n<div class=\"bodywysiwyg\" style=\"text-align: left;\">\n<p><strong>Hafen:<\/strong> Bergen<\/p>\n<\/div>\n<\/div>\n<div class=\"columnlayout__column columnlayout__column--default\">\n<div class=\"bodywysiwyg\">\n<p style=\"text-align: left;\">Die Reise beginnt in der Hauptstadt der Region Vestlandet mit ihrem farbenfrohen Hanseviertel Bryggen, das auf der Liste des Weltkulturerbes der UNESCO steht. Fahren Sie mit der Fl\u00f8ibanen-Standseilbahn auf einen der Berge der Stadt, probieren Sie die K\u00f6stlichkeiten des Meeres auf dem Fischmarkt oder schlendern Sie einfach durch die Gassen und entlang der Kais des lebhaften Hafens. Bergen ist das Tor zu den norwegischen Fjorden und Ausgangspunkt Ihres K\u00fcstenabenteuers.<\/p>\n<\/div>\n<\/div>\n<\/div>\n<p>&nbsp;<\/p>\n<p>&nbsp;<\/p>\n<p>&nbsp;<\/p>\n<hr class=\"horizontal-rule\" \/>\n<div class=\"columnlayout\">\n<div class=\"columnlayout__column columnlayout__column--default\" style=\"text-align: center;\">\n<h3 class=\"text-left \" style=\"text-align: left;\">Tag 2<\/h3>\n<p style=\"text-align: left;\"><a href=\"https:\/\/reisen.reudnitzer-reisen.com\/havila-kystruten-norwegen-postschiffreisen\/wp-content\/uploads\/sites\/16\/2022\/08\/2.jpg\"><img loading=\"lazy\" decoding=\"async\" class=\"alignleft size-full wp-image-92\" src=\"https:\/\/reisen.reudnitzer-reisen.com\/havila-kystruten-norwegen-postschiffreisen\/wp-content\/uploads\/sites\/16\/2022\/08\/2.jpg\" alt=\"\" width=\"600\" height=\"338\" srcset=\"https:\/\/reisen.reudnitzer-reisen.com\/havila-kystruten-norwegen-postschiffreisen\/wp-content\/uploads\/sites\/16\/2022\/08\/2.jpg 600w, https:\/\/reisen.reudnitzer-reisen.com\/havila-kystruten-norwegen-postschiffreisen\/wp-content\/uploads\/sites\/16\/2022\/08\/2-300x169.jpg 300w\" sizes=\"(max-width: 600px) 100vw, 600px\" \/><\/a><strong>H\u00e4fen:<\/strong> Flor\u00f8 &#8211; M\u00e5l\u00f8y &#8211; Torvik &#8211; \u00c5lesund &#8211; Geiranger*\/Hj\u00f8rundfjorden* &#8211; \u00c5lesund &#8211; Molde<\/p>\n<\/div>\n<div class=\"columnlayout__column columnlayout__column--default\">\n<div class=\"bodywysiwyg\">\n<p class=\"paragraph paragraph--tight\" style=\"text-align: left;\">Nach Ihrer ersten Nacht an Bord begr\u00fc\u00dfen Sie am n\u00e4chsten Morgen den Hauptsitz von Havila Voyages bei Torvik. In der Jugendstil-Stadt \u00c5lesund erwarten Sie sch\u00f6ne Steinh\u00e4user und Lagerh\u00e4user. In der Sommersaison k\u00f6nnen Sie von hier zum Weltkulturerbe Geirangerfjord mit seinen steil abfallenden Bergh\u00e4ngen und wilden Wasserf\u00e4llen aufbrechen.<\/p>\n<p class=\"paragraph paragraph--tight\" style=\"text-align: left;\"><strong>fakultative Ausfl\u00fcge zu erfragen<\/strong><\/p>\n<\/div>\n<\/div>\n<\/div>\n<p>&nbsp;<\/p>\n<p>&nbsp;<\/p>\n<p>&nbsp;<\/p>\n<div class=\"columnlayout\">\n<div class=\"columnlayout__column columnlayout__column--default\">\n<div class=\"bodywysiwyg\">\n<p>&nbsp;<\/p>\n<\/div>\n<\/div>\n<\/div>\n<hr class=\"horizontal-rule\" \/>\n<div class=\"columnlayout\">\n<div class=\"columnlayout__column columnlayout__column--default\" style=\"text-align: center;\">\n<h3 class=\"text-left \" style=\"text-align: left;\">Tag 3<\/h3>\n<p style=\"text-align: left;\"><a href=\"https:\/\/reisen.reudnitzer-reisen.com\/havila-kystruten-norwegen-postschiffreisen\/wp-content\/uploads\/sites\/16\/2022\/08\/3.jpg\"><img loading=\"lazy\" decoding=\"async\" class=\"alignleft size-full wp-image-93\" src=\"https:\/\/reisen.reudnitzer-reisen.com\/havila-kystruten-norwegen-postschiffreisen\/wp-content\/uploads\/sites\/16\/2022\/08\/3.jpg\" alt=\"\" width=\"600\" height=\"338\" srcset=\"https:\/\/reisen.reudnitzer-reisen.com\/havila-kystruten-norwegen-postschiffreisen\/wp-content\/uploads\/sites\/16\/2022\/08\/3.jpg 600w, https:\/\/reisen.reudnitzer-reisen.com\/havila-kystruten-norwegen-postschiffreisen\/wp-content\/uploads\/sites\/16\/2022\/08\/3-300x169.jpg 300w\" sizes=\"(max-width: 600px) 100vw, 600px\" \/><\/a><\/p>\n<div class=\"bodywysiwyg\" style=\"text-align: left;\">\n<p>&nbsp;<\/p>\n<p><strong>H\u00e4fen<\/strong><strong>:<\/strong> Kristiansund &#8211; Trondheim &#8211; R\u00f8rvik<\/p>\n<\/div>\n<\/div>\n<div class=\"columnlayout__column columnlayout__column--default\" style=\"text-align: left;\">\n<div class=\"bodywysiwyg\">\n<p class=\"paragraph--no-margin\">Ein neuer Morgen und das Boot legt am Kai im altehrw\u00fcrdigen Trondheim an, das vor mehr als tausend Jahren gegr\u00fcndet wurde. Das Wahrzeichen der Stadt ist der Nidarosdom \u2013 Norwegens Nationalheiligtum und eine der gr\u00f6\u00dften Kathedralen Nordeuropas. Nach Ihrem Besuch der Kathedrale setzen wir unsere Reise \u00fcber den Fjord und durch den Sch\u00e4rengarten mit vielen kleinen Inseln in Richtung Nordnorwegen fort.<\/p>\n<p class=\"paragraph paragraph--xtight\"><strong>fakultative Ausfl\u00fcge zu erfragen<\/strong><\/p>\n<p>&nbsp;<\/p>\n<\/div>\n<\/div>\n<\/div>\n<p>&nbsp;<\/p>\n<hr class=\"horizontal-rule\" \/>\n<div class=\"columnlayout\" style=\"text-align: left;\">\n<div class=\"columnlayout__column columnlayout__column--default\" style=\"text-align: center;\">\n<h3 class=\"text-left \" style=\"text-align: left;\">Tag 4<\/h3>\n<p style=\"text-align: left;\"><a href=\"https:\/\/reisen.reudnitzer-reisen.com\/havila-kystruten-norwegen-postschiffreisen\/wp-content\/uploads\/sites\/16\/2022\/08\/4.jpg\"><img loading=\"lazy\" decoding=\"async\" class=\"alignleft size-full wp-image-94\" src=\"https:\/\/reisen.reudnitzer-reisen.com\/havila-kystruten-norwegen-postschiffreisen\/wp-content\/uploads\/sites\/16\/2022\/08\/4.jpg\" alt=\"\" width=\"600\" height=\"338\" srcset=\"https:\/\/reisen.reudnitzer-reisen.com\/havila-kystruten-norwegen-postschiffreisen\/wp-content\/uploads\/sites\/16\/2022\/08\/4.jpg 600w, https:\/\/reisen.reudnitzer-reisen.com\/havila-kystruten-norwegen-postschiffreisen\/wp-content\/uploads\/sites\/16\/2022\/08\/4-300x169.jpg 300w\" sizes=\"(max-width: 600px) 100vw, 600px\" \/><\/a><\/p>\n<p>&nbsp;<\/p>\n<p style=\"text-align: left;\"><strong>H\u00e4fen<\/strong><strong>:<\/strong> Br\u00f8nn\u00f8ysund &#8211; Sandnessj\u00f8en &#8211; Nesna &#8211; \u00d8rnes &#8211; Bod\u00f8 &#8211; Stamsund &#8211; Svolv\u00e6r<\/p>\n<\/div>\n<div class=\"columnlayout__column columnlayout__column--default\">\n<div class=\"bodywysiwyg\">\n<p>Auf diesem Abschnitt passieren wir den Polarkreis und Sie befahren arktische Gew\u00e4sser. \u00a0Das bedeutet, dass im Sommer die Mitternachtssonne am Himmel steht wohingegen im Winter die Tage dunkel bleiben \u2013 nur erleuchtet von flammenden Nordlichtern. Die Natur ist \u00fcberw\u00e4ltigend, hier erwarten Sie der gr\u00f6\u00dfte Gletscher Nordskandinaviens, der st\u00e4rkste Gezeitenstrom der Welt und der K\u00f6nig der L\u00fcfte: der Seeadler. Am Abend passieren wir die Lofoten mit ihren Fischerd\u00f6rfern, steilen Bergh\u00e4ngen und ihren Wikingern.<\/p>\n<p class=\"paragraph paragraph--xtight\"><strong>fakultative Ausfl\u00fcge zu erfragen<\/strong><\/p>\n<\/div>\n<\/div>\n<\/div>\n<p>&nbsp;<\/p>\n<hr class=\"horizontal-rule\" \/>\n<div class=\"columnlayout\" style=\"text-align: left;\">\n<div class=\"columnlayout__column columnlayout__column--default\" style=\"text-align: center;\">\n<h3 class=\"text-left \" style=\"text-align: left;\">Tag 5<\/h3>\n<p style=\"text-align: left;\"><a href=\"https:\/\/reisen.reudnitzer-reisen.com\/havila-kystruten-norwegen-postschiffreisen\/wp-content\/uploads\/sites\/16\/2022\/08\/5.jpg\"><img loading=\"lazy\" decoding=\"async\" class=\"alignleft size-full wp-image-95\" src=\"https:\/\/reisen.reudnitzer-reisen.com\/havila-kystruten-norwegen-postschiffreisen\/wp-content\/uploads\/sites\/16\/2022\/08\/5.jpg\" alt=\"\" width=\"600\" height=\"338\" srcset=\"https:\/\/reisen.reudnitzer-reisen.com\/havila-kystruten-norwegen-postschiffreisen\/wp-content\/uploads\/sites\/16\/2022\/08\/5.jpg 600w, https:\/\/reisen.reudnitzer-reisen.com\/havila-kystruten-norwegen-postschiffreisen\/wp-content\/uploads\/sites\/16\/2022\/08\/5-300x169.jpg 300w\" sizes=\"(max-width: 600px) 100vw, 600px\" \/><\/a><\/p>\n<div class=\"bodywysiwyg\">\n<p style=\"text-align: left;\"><strong>H\u00e4fen<\/strong><strong>:\u00a0<\/strong>Stokmarknes &#8211; Sortland &#8211; Ris\u00f8yhamn &#8211; Harstad &#8211; Finnsnes &#8211; Troms\u00f8 &#8211; Skerv\u00f8y<\/p>\n<\/div>\n<\/div>\n<div class=\"columnlayout__column columnlayout__column--default\">\n<div class=\"bodywysiwyg\">\n<p>Die Reise geht weiter durch enge Fjorde und raues Gebirge nach Troms\u00f8, eine Stadt, die sich durch ihre Vergangenheit als Fischereistandort, durch Polarexpeditionen und Wagemut auszeichnet. Jetzt haben Sie auch das Reich der Samen erreicht, den Ureinwohnern Norwegens. Ein Treffen mit einem Samen und seinem Rentier und gleichzeitig mehr \u00fcber die Kultur der Samen zu erfahren, ist ein Erlebnis, das Sie nicht vergessen werden.<\/p>\n<p class=\"paragraph--no-margin\"><strong>fakultative Ausfl\u00fcge zu erfragen<\/strong><\/p>\n<\/div>\n<\/div>\n<\/div>\n<p>&nbsp;<\/p>\n<p>&nbsp;<\/p>\n<p>&nbsp;<\/p>\n<hr class=\"horizontal-rule\" \/>\n<div class=\"columnlayout\" style=\"text-align: left;\">\n<div class=\"columnlayout__column columnlayout__column--default\" style=\"text-align: center;\">\n<h3 class=\"text-left \" style=\"text-align: left;\">Tag 6<\/h3>\n<p style=\"text-align: left;\"><a href=\"https:\/\/reisen.reudnitzer-reisen.com\/havila-kystruten-norwegen-postschiffreisen\/wp-content\/uploads\/sites\/16\/2022\/08\/6.jpg\"><img loading=\"lazy\" decoding=\"async\" class=\"alignleft size-full wp-image-96\" src=\"https:\/\/reisen.reudnitzer-reisen.com\/havila-kystruten-norwegen-postschiffreisen\/wp-content\/uploads\/sites\/16\/2022\/08\/6.jpg\" alt=\"\" width=\"600\" height=\"338\" srcset=\"https:\/\/reisen.reudnitzer-reisen.com\/havila-kystruten-norwegen-postschiffreisen\/wp-content\/uploads\/sites\/16\/2022\/08\/6.jpg 600w, https:\/\/reisen.reudnitzer-reisen.com\/havila-kystruten-norwegen-postschiffreisen\/wp-content\/uploads\/sites\/16\/2022\/08\/6-300x169.jpg 300w\" sizes=\"(max-width: 600px) 100vw, 600px\" \/><\/a><\/p>\n<div class=\"bodywysiwyg\">\n<p style=\"text-align: left;\"><strong>H\u00e4fen<\/strong><strong>:<\/strong> Hammerfest &#8211; Hav\u00f8ysund &#8211; Honningsv\u00e5g &#8211; Kj\u00f8llefjord &#8211; Mehamn &#8211; Berlev\u00e5g<\/p>\n<\/div>\n<\/div>\n<div class=\"columnlayout__column columnlayout__column--default\">\n<div class=\"bodywysiwyg\">\n<p>So weit in den Norden, wie es geht \u2013 auf dem Land und auf dem Wasser. F\u00fcr viele ist ein Besuch des Nordkaps ein echter H\u00f6hepunkt und das Ziel f\u00fcr die Seereise entlang der norwegischen K\u00fcste. Hier oben im Polargebiet ist die Natur rau und karg, aber zwischen nackten Bergplateaus und zerkl\u00fcfteten Felsen leben nach wie vor Menschen und ern\u00e4hren sich aus der Natur. Probieren Sie auch mal vom frischen Fang. Wie w\u00e4re es mit einer Kostprobe der K\u00f6nigskrabbe?<\/p>\n<p class=\"paragraph paragraph--xtight\"><strong>fakultative Ausfl\u00fcge zu erfragen<\/strong><\/p>\n<\/div>\n<\/div>\n<\/div>\n<p>&nbsp;<\/p>\n<p>&nbsp;<\/p>\n<hr class=\"horizontal-rule\" \/>\n<div class=\"columnlayout\">\n<div class=\"columnlayout__column columnlayout__column--default\" style=\"text-align: left;\">\n<h3 class=\"text-left \">Tag 7<\/h3>\n<p><a href=\"https:\/\/reisen.reudnitzer-reisen.com\/havila-kystruten-norwegen-postschiffreisen\/wp-content\/uploads\/sites\/16\/2022\/08\/7.jpg\"><img loading=\"lazy\" decoding=\"async\" class=\"alignleft size-full wp-image-97\" src=\"https:\/\/reisen.reudnitzer-reisen.com\/havila-kystruten-norwegen-postschiffreisen\/wp-content\/uploads\/sites\/16\/2022\/08\/7.jpg\" alt=\"\" width=\"600\" height=\"338\" srcset=\"https:\/\/reisen.reudnitzer-reisen.com\/havila-kystruten-norwegen-postschiffreisen\/wp-content\/uploads\/sites\/16\/2022\/08\/7.jpg 600w, https:\/\/reisen.reudnitzer-reisen.com\/havila-kystruten-norwegen-postschiffreisen\/wp-content\/uploads\/sites\/16\/2022\/08\/7-300x169.jpg 300w\" sizes=\"(max-width: 600px) 100vw, 600px\" \/><\/a><\/p>\n<div class=\"bodywysiwyg\">\n<p><strong>H\u00e4fen<\/strong><strong>:<\/strong> B\u00e5tsfjord &#8211; Vard\u00f8 &#8211; Vads\u00f8 &#8211; Kirkenes<\/p>\n<\/div>\n<\/div>\n<div class=\"columnlayout__column columnlayout__column--default\">\n<div class=\"bodywysiwyg\">\n<p style=\"text-align: left;\">Jetzt befinden Sie sich so weit im Osten wie es auf dieser Seereise nur m\u00f6glich ist. Die Grenze zu Russland ist nur wenige Kilometer entfernt und der Austausch zwischen den beiden L\u00e4ndern reicht so weit, dass die Stra\u00dfenschilder in Kirkenes sowohl auf Norwegisch als auch auf Russisch zu lesen sind. Im Rahmen einer unserer Ausfl\u00fcge k\u00f6nnen Sie bis an die russische Grenze fahren. Oder wie w\u00e4re es mit einem Besuch im Eishotel, das vollst\u00e4ndig aus Schnee und Eis gebaut wurde?<\/p>\n<p class=\"paragraph--no-margin\" style=\"text-align: left;\"><strong>fakultative Ausfl\u00fcge zu erfragen<\/strong><\/p>\n<\/div>\n<\/div>\n<\/div>\n","protected":false},"excerpt":{"rendered":"<p>Reise nach Norden \u00b7 Bergen \u2192 Kirkenes 7 Tage Geirangerfjord* | \u00c5lesund | Polarkreis | Nordkap | Troms\u00f8 W\u00e4hrend unserer Reise entlang der norwegischen K\u00fcste von Bergen nach Kirkenes passieren Sie einige der beeindruckendsten Fjorde der Erde, \u00fcberqueren den Polarkreis <a href=\"https:\/\/reisen.reudnitzer-reisen.com\/havila-kystruten-norwegen-postschiffreisen\/reiseverlauf\/\"> more&#8230;<\/a><\/p>\n","protected":false},"author":1,"featured_media":0,"parent":0,"menu_order":0,"comment_status":"closed","ping_status":"closed","template":"","meta":{"footnotes":""},"_links":{"self":[{"href":"https:\/\/reisen.reudnitzer-reisen.com\/havila-kystruten-norwegen-postschiffreisen\/wp-json\/wp\/v2\/pages\/50"}],"collection":[{"href":"https:\/\/reisen.reudnitzer-reisen.com\/havila-kystruten-norwegen-postschiffreisen\/wp-json\/wp\/v2\/pages"}],"about":[{"href":"https:\/\/reisen.reudnitzer-reisen.com\/havila-kystruten-norwegen-postschiffreisen\/wp-json\/wp\/v2\/types\/page"}],"author":[{"embeddable":true,"href":"https:\/\/reisen.reudnitzer-reisen.com\/havila-kystruten-norwegen-postschiffreisen\/wp-json\/wp\/v2\/users\/1"}],"replies":[{"embeddable":true,"href":"https:\/\/reisen.reudnitzer-reisen.com\/havila-kystruten-norwegen-postschiffreisen\/wp-json\/wp\/v2\/comments?post=50"}],"version-history":[{"count":30,"href":"https:\/\/reisen.reudnitzer-reisen.com\/havila-kystruten-norwegen-postschiffreisen\/wp-json\/wp\/v2\/pages\/50\/revisions"}],"predecessor-version":[{"id":151,"href":"https:\/\/reisen.reudnitzer-reisen.com\/havila-kystruten-norwegen-postschiffreisen\/wp-json\/wp\/v2\/pages\/50\/revisions\/151"}],"wp:attachment":[{"href":"https:\/\/reisen.reudnitzer-reisen.com\/havila-kystruten-norwegen-postschiffreisen\/wp-json\/wp\/v2\/media?parent=50"}],"curies":[{"name":"wp","href":"https:\/\/api.w.org\/{rel}","templated":true}]}}