{"id":49,"date":"2019-08-14T12:20:52","date_gmt":"2019-08-14T10:20:52","guid":{"rendered":"https:\/\/reisen.reudnitzer-reisen.com\/flusskreuzfahrt-wolga\/?page_id=49"},"modified":"2019-08-14T12:20:52","modified_gmt":"2019-08-14T10:20:52","slug":"unterbringung","status":"publish","type":"page","link":"https:\/\/reisen.reudnitzer-reisen.com\/flusskreuzfahrt-wolga\/unterbringung\/","title":{"rendered":"Unterbringung"},"content":{"rendered":"<p><strong>&#8222;MS Fedin&#8220;:<\/strong> Das 2018 komplett renovierte Schiff wird Sie mit moderner und funktionaler Ausstattung begeistern. Freundliche Farben, gro\u00dfz\u00fcgige Kabinen und ein abwechslungsreiches Programm voller Einblicke in die russische Kultur erwarten Sie! Die ca. 10 m\u00b2 gro\u00dfen Au\u00dfenkabinen auf Haupt-, Mittel- und Oberdeck haben gro\u00dfe, zu \u00f6ffnende Panoramafenster, die Kabinen auf dem Unterdeck nicht zu \u00f6ffnende Bullaugen.Die Deluxe-Kabinen auf dem Hauptdeck sind ca. 13,5 m\u00b2, auf dem Oberdeck ca. 15,5 m\u00b2 gro\u00df. Alle 2-Bett-Kabinen verf\u00fcgen \u00fcber DU\/WC, Haartrockner, Klimaanlage, Mini-K\u00fchlschrank, Safe, Bordradio und TV (Empfang abh\u00e4ngig vom Fahrtgebiet) ausgestattet. Einbettkabinen sind ca. 7 m\u00b2 gro\u00df.<\/p>\n","protected":false},"excerpt":{"rendered":"<p>&#8222;MS Fedin&#8220;: Das 2018 komplett renovierte Schiff wird Sie mit moderner und funktionaler Ausstattung begeistern. Freundliche Farben, gro\u00dfz\u00fcgige Kabinen und ein abwechslungsreiches Programm voller Einblicke in die russische Kultur erwarten Sie! Die ca. 10 m\u00b2 gro\u00dfen Au\u00dfenkabinen auf Haupt-, Mittel- <a href=\"https:\/\/reisen.reudnitzer-reisen.com\/flusskreuzfahrt-wolga\/unterbringung\/\"> more&#8230;<\/a><\/p>\n","protected":false},"author":1,"featured_media":0,"parent":0,"menu_order":0,"comment_status":"closed","ping_status":"closed","template":"","meta":{"footnotes":""},"_links":{"self":[{"href":"https:\/\/reisen.reudnitzer-reisen.com\/flusskreuzfahrt-wolga\/wp-json\/wp\/v2\/pages\/49"}],"collection":[{"href":"https:\/\/reisen.reudnitzer-reisen.com\/flusskreuzfahrt-wolga\/wp-json\/wp\/v2\/pages"}],"about":[{"href":"https:\/\/reisen.reudnitzer-reisen.com\/flusskreuzfahrt-wolga\/wp-json\/wp\/v2\/types\/page"}],"author":[{"embeddable":true,"href":"https:\/\/reisen.reudnitzer-reisen.com\/flusskreuzfahrt-wolga\/wp-json\/wp\/v2\/users\/1"}],"replies":[{"embeddable":true,"href":"https:\/\/reisen.reudnitzer-reisen.com\/flusskreuzfahrt-wolga\/wp-json\/wp\/v2\/comments?post=49"}],"version-history":[{"count":1,"href":"https:\/\/reisen.reudnitzer-reisen.com\/flusskreuzfahrt-wolga\/wp-json\/wp\/v2\/pages\/49\/revisions"}],"predecessor-version":[{"id":50,"href":"https:\/\/reisen.reudnitzer-reisen.com\/flusskreuzfahrt-wolga\/wp-json\/wp\/v2\/pages\/49\/revisions\/50"}],"wp:attachment":[{"href":"https:\/\/reisen.reudnitzer-reisen.com\/flusskreuzfahrt-wolga\/wp-json\/wp\/v2\/media?parent=49"}],"curies":[{"name":"wp","href":"https:\/\/api.w.org\/{rel}","templated":true}]}}