{"id":18,"date":"2019-08-13T11:27:08","date_gmt":"2019-08-13T09:27:08","guid":{"rendered":"https:\/\/reisen.reudnitzer-reisen.com\/flusskreuzfahrt-wolga\/?page_id=18"},"modified":"2019-08-14T12:18:43","modified_gmt":"2019-08-14T10:18:43","slug":"leistungen","status":"publish","type":"page","link":"https:\/\/reisen.reudnitzer-reisen.com\/flusskreuzfahrt-wolga\/leistungen\/","title":{"rendered":"Leistungen"},"content":{"rendered":"<div class=\"row\">\n<div class=\"col-xs-4\"><img decoding=\"async\" src=\"https:\/\/www.meissen-tourist.de\/katalog\/media_stock\/800x600\/3854939.jpg?v=1005\" \/><\/div>\n<div class=\"col-xs-8\">\n<p><strong>Kreuzfahrten 2020 \u25cf Russland<\/strong><\/p>\n<ul>\n<li>Prachtbauten, Pal\u00e4ste &amp; Kreml-Machtzentrum<\/li>\n<li>Lange N\u00e4chte in St. Petersburg \u2013 endlose Sonnenauf- und -unterg\u00e4nge bei faszinierendem Licht!<\/li>\n<li>&#8222;MS Fedin&#8220;: modernes, renoviertes Schiff!<\/li>\n<\/ul>\n<div class=\"detail-info\">\n<blockquote>\n<p style=\"padding-left: 30px;\"><small>23. Jul &#8211; 3. Aug 2020\u00a0 <\/small>ab <strong> 1.849,00 EUR<\/strong><\/p>\n<\/blockquote>\n<\/div>\n<\/div>\n<\/div>\n<hr \/>\n<h2><\/h2>\n<ul>\n<li>Linienflug mit Aeroflot oder Siberia ab\/an Berlin<\/li>\n<li>alle Transfers vor Ort<\/li>\n<li>11 x \u00dcbernachtung an Bord<\/li>\n<li>Vollpension (beginnt mit Abendessen\/Anreisetag, endet mit Fr\u00fchst\u00fcck\/Abreisetag)<\/li>\n<li>Tischwasser zum Mittag-\/Abendessen<\/li>\n<li>Kaffee-\/Teestation zu bestimmten Zeiten<\/li>\n<li>1 kl. Flasche Wasser p. Tag auf der Kabine<\/li>\n<li>1 Glas Wein, Bier o. Saft zum Abendessen<\/li>\n<li>tradit. Begr\u00fc\u00dfung mit Brot und Salz<\/li>\n<li>Begr\u00fc\u00dfungs- und Abschiedsempfang mit dem Kapit\u00e4n<\/li>\n<li>festliches Gala-Dinner i. R. d. VP<\/li>\n<li>Schaschlik-Party (wetterabh\u00e4ngig)<\/li>\n<li>Saunanutzung<\/li>\n<li>Unterhaltungsprogramm an Bord (z. B. Folkloreabend, Russisch-\u00adSprachkurs uvm.)<\/li>\n<li>Kreuzfahrtleitung und deutschsprachige \u00f6rtliche Reiseleitung<\/li>\n<li>Audio-Set bei allen Ausfl\u00fcgen<\/li>\n<li>kleiner Reisef\u00fchrer pro Kabine<\/li>\n<li>Gep\u00e4ckbef\u00f6rderung Anlegestelle \u2013 Kabine \u2013 Anlegestelle<\/li>\n<li>Hafengeb\u00fchren<\/li>\n<\/ul>\n","protected":false},"excerpt":{"rendered":"<p>Kreuzfahrten 2020 \u25cf Russland Prachtbauten, Pal\u00e4ste &amp; Kreml-Machtzentrum Lange N\u00e4chte in St. Petersburg \u2013 endlose Sonnenauf- und -unterg\u00e4nge bei faszinierendem Licht! &#8222;MS Fedin&#8220;: modernes, renoviertes Schiff! 23. Jul &#8211; 3. Aug 2020\u00a0 ab 1.849,00 EUR Linienflug mit Aeroflot oder Siberia <a href=\"https:\/\/reisen.reudnitzer-reisen.com\/flusskreuzfahrt-wolga\/leistungen\/\"> more&#8230;<\/a><\/p>\n","protected":false},"author":1,"featured_media":0,"parent":0,"menu_order":0,"comment_status":"closed","ping_status":"closed","template":"","meta":{"footnotes":""},"_links":{"self":[{"href":"https:\/\/reisen.reudnitzer-reisen.com\/flusskreuzfahrt-wolga\/wp-json\/wp\/v2\/pages\/18"}],"collection":[{"href":"https:\/\/reisen.reudnitzer-reisen.com\/flusskreuzfahrt-wolga\/wp-json\/wp\/v2\/pages"}],"about":[{"href":"https:\/\/reisen.reudnitzer-reisen.com\/flusskreuzfahrt-wolga\/wp-json\/wp\/v2\/types\/page"}],"author":[{"embeddable":true,"href":"https:\/\/reisen.reudnitzer-reisen.com\/flusskreuzfahrt-wolga\/wp-json\/wp\/v2\/users\/1"}],"replies":[{"embeddable":true,"href":"https:\/\/reisen.reudnitzer-reisen.com\/flusskreuzfahrt-wolga\/wp-json\/wp\/v2\/comments?post=18"}],"version-history":[{"count":5,"href":"https:\/\/reisen.reudnitzer-reisen.com\/flusskreuzfahrt-wolga\/wp-json\/wp\/v2\/pages\/18\/revisions"}],"predecessor-version":[{"id":47,"href":"https:\/\/reisen.reudnitzer-reisen.com\/flusskreuzfahrt-wolga\/wp-json\/wp\/v2\/pages\/18\/revisions\/47"}],"wp:attachment":[{"href":"https:\/\/reisen.reudnitzer-reisen.com\/flusskreuzfahrt-wolga\/wp-json\/wp\/v2\/media?parent=18"}],"curies":[{"name":"wp","href":"https:\/\/api.w.org\/{rel}","templated":true}]}}