{"id":16,"date":"2019-08-13T11:26:53","date_gmt":"2019-08-13T09:26:53","guid":{"rendered":"https:\/\/reisen.reudnitzer-reisen.com\/flusskreuzfahrt-wolga\/?page_id=16"},"modified":"2019-08-14T12:16:20","modified_gmt":"2019-08-14T10:16:20","slug":"reiseverlauf","status":"publish","type":"page","link":"https:\/\/reisen.reudnitzer-reisen.com\/flusskreuzfahrt-wolga\/reiseverlauf\/","title":{"rendered":"Reiseverlauf"},"content":{"rendered":"<table class=\"table table-striped table-bordered\">\n<tbody>\n<tr>\n<td>Tag<\/td>\n<td>Hafen und Ausflugsm\u00f6glichkeiten<\/td>\n<\/tr>\n<tr>\n<td>23.07.<\/td>\n<td>Fluganreise nach Moskau, Transfer zum Schiff und Einschiffung<\/td>\n<\/tr>\n<tr>\n<td>24.07.<\/td>\n<td>Moskau<br \/>\nAusfl\u00fcge (Extrakosten): Stadtrundfahrt (AP); Ausflug zum Kreml (AP); Moskau bei Nacht und Metro (*, ca. 60 \u20ac)<\/td>\n<\/tr>\n<tr>\n<td>25.07.<\/td>\n<td>Moskau (Abfahrt 17:30 Uhr)<br \/>\nAusflug (Extrakosten): Dreifaltigkeitskloster in Sergijew Possad (*, ca. 60 \u20ac)<\/td>\n<\/tr>\n<tr>\n<td>26.07.<\/td>\n<td>Uglitsch (Ankunft 16:30 Uhr, Abfahrt 19:30 Uhr)<br \/>\nAusflug (Extrakosten): Besuch Uglitscher Kreml mit Dmitrij-Blut-Kirche (AP)<\/td>\n<\/tr>\n<tr>\n<td>27.07.<\/td>\n<td>Jaroslawl (Ankunft 08:00 Uhr, Abfahrt 12:00 Uhr)<br \/>\nAusflug (Extrakosten): Stadtrundfahrt Jaroslawl (*, ca. 30 \u20ac)<\/td>\n<\/tr>\n<tr>\n<td>28.07.<\/td>\n<td>Goritzy (Ankunft 11:00 Uhr, Abfahrt 14:00 Uhr)<br \/>\nAusflug (Extrakosten): Busausflug zur Klosterfestung Kirillow-Beloserski (AP)<\/td>\n<\/tr>\n<tr>\n<td>29.07.<\/td>\n<td>Kreuzfahrt auf dem Onegasee<br \/>\nKischi (Ankunft 15:30 Uhr, Abfahrt 20:00 Uhr)<br \/>\nAusflug (Extrakosten): Freilichtmuseum Kischi (AP)<\/td>\n<\/tr>\n<tr>\n<td>30.07.<\/td>\n<td>Mandrogy (Ankunft 11:00 Uhr, Abfahrt 15:30 Uhr)<br \/>\nFahrt auf dem Fluss Swir und dem Ladogasee<br \/>\nAusflug: Freizeit in Mandrogy<\/td>\n<\/tr>\n<tr>\n<td>31.07.<\/td>\n<td>St. Petersburg (Ankunft 08:00 Uhr)<br \/>\nAusfl\u00fcge (Extrakosten): Ganztagesausflug St. Petersburg mit Peter-und-Paul-Festung und Peterhof mit den wundervollen Parkanlagen, inklusive Mittagessen (AP); Besuch Kosakenshow mit traditionellen Kost\u00fcmen und Musik (*, ca. 80 \u20ac)<\/td>\n<\/tr>\n<tr>\n<td>01.08.<\/td>\n<td>St. Petersburg<br \/>\nAusfl\u00fcge (Extrakosten): Besuch der Eremitage (AP); Bootsfahrt durch St. Petersburg (*, ca. 50 \u20ac); St. Petersburg bei Nacht per Bus (*, ca. 55 \u20ac)<\/td>\n<\/tr>\n<tr>\n<td>02.08.<\/td>\n<td>St. Petersburg<br \/>\nAusfl\u00fcge (Extrakosten): Besichtigung Katharinenpalast mit Bernstein\u00adzimmer (*, ca. 95 \u20ac) oder Besichtigung Zarenresidenz Pawlowsk mit Parkanlagen (*, ca. 75 \u20ac) Besichtigung Isaak-Kathedrale mit der Hauptkuppel (*,ca. 60 \u20ac) Besuch einer abendlichen Ballettauff\u00fchrung (*, ca. 90 \u20ac)<\/td>\n<\/tr>\n<tr>\n<td>03.08.<\/td>\n<td>St. Petersburg, Transfer zum Flughafen und R\u00fcckflug<\/td>\n<\/tr>\n<\/tbody>\n<\/table>\n<p>Allgemeine Daten<\/p>\n<hr \/>\n<h2>Hinweise:<\/h2>\n<p>(AP)Ausfl\u00fcge vorab als Ausflugspaket buchbar \/ <strong>(*)<\/strong> Diese Ausfl\u00fcge sind nur an Bord buchbar. Alle Ausfl\u00fcge werden in deutscher Sprache durchgef\u00fchrt.<\/p>\n<p>Reisepass erforderlich, der noch mind. 6 Monate nach Reiseende g\u00fcltig sein muss, ein Visum (Beantragung erfolgt ca. 16 Wochen vor Reisebeginn) und eine in Russland anerkannte Auslandskrankenversicherung.<\/p>\n<p>Programm\u00e4nderungen bedingt durch Wartezeiten an Schleusen, Wasserst\u00e4nde und sonstige navigatorische Umst\u00e4nde bleiben vorbehalten. Die angegebenen Zeiten sind Richtzeiten und k\u00f6nnen variieren. Der Programmablauf innerhalb der Tage kann variieren.<\/p>\n<p>Nicht eingeschlossen sind Getr\u00e4nke, Ausfl\u00fcge und Trinkgelder. MTZ: 25 bei einer Absagefrist bis 4 Wochen vor Reisebeginn.<\/p>\n<p>*Doppelkabine Unterdeck inkl. Fr\u00fchbucher-Erm\u00e4\u00dfigung<\/p>\n","protected":false},"excerpt":{"rendered":"<p>Tag Hafen und Ausflugsm\u00f6glichkeiten 23.07. Fluganreise nach Moskau, Transfer zum Schiff und Einschiffung 24.07. Moskau Ausfl\u00fcge (Extrakosten): Stadtrundfahrt (AP); Ausflug zum Kreml (AP); Moskau bei Nacht und Metro (*, ca. 60 \u20ac) 25.07. Moskau (Abfahrt 17:30 Uhr) Ausflug (Extrakosten): Dreifaltigkeitskloster <a href=\"https:\/\/reisen.reudnitzer-reisen.com\/flusskreuzfahrt-wolga\/reiseverlauf\/\"> more&#8230;<\/a><\/p>\n","protected":false},"author":1,"featured_media":0,"parent":0,"menu_order":0,"comment_status":"closed","ping_status":"closed","template":"","meta":{"footnotes":""},"_links":{"self":[{"href":"https:\/\/reisen.reudnitzer-reisen.com\/flusskreuzfahrt-wolga\/wp-json\/wp\/v2\/pages\/16"}],"collection":[{"href":"https:\/\/reisen.reudnitzer-reisen.com\/flusskreuzfahrt-wolga\/wp-json\/wp\/v2\/pages"}],"about":[{"href":"https:\/\/reisen.reudnitzer-reisen.com\/flusskreuzfahrt-wolga\/wp-json\/wp\/v2\/types\/page"}],"author":[{"embeddable":true,"href":"https:\/\/reisen.reudnitzer-reisen.com\/flusskreuzfahrt-wolga\/wp-json\/wp\/v2\/users\/1"}],"replies":[{"embeddable":true,"href":"https:\/\/reisen.reudnitzer-reisen.com\/flusskreuzfahrt-wolga\/wp-json\/wp\/v2\/comments?post=16"}],"version-history":[{"count":3,"href":"https:\/\/reisen.reudnitzer-reisen.com\/flusskreuzfahrt-wolga\/wp-json\/wp\/v2\/pages\/16\/revisions"}],"predecessor-version":[{"id":43,"href":"https:\/\/reisen.reudnitzer-reisen.com\/flusskreuzfahrt-wolga\/wp-json\/wp\/v2\/pages\/16\/revisions\/43"}],"wp:attachment":[{"href":"https:\/\/reisen.reudnitzer-reisen.com\/flusskreuzfahrt-wolga\/wp-json\/wp\/v2\/media?parent=16"}],"curies":[{"name":"wp","href":"https:\/\/api.w.org\/{rel}","templated":true}]}}