{"id":75,"date":"2018-10-24T15:33:39","date_gmt":"2018-10-24T13:33:39","guid":{"rendered":"https:\/\/reisen.reudnitzer-reisen.com\/e-bike-toskana\/?page_id=75"},"modified":"2018-10-24T15:34:44","modified_gmt":"2018-10-24T13:34:44","slug":"charakter-der-rad-etappen","status":"publish","type":"page","link":"https:\/\/reisen.reudnitzer-reisen.com\/e-bike-toskana\/charakter-der-rad-etappen\/","title":{"rendered":"Charakter der Rad-Etappen"},"content":{"rendered":"<blockquote>\n<ul>\n<li>Die Rad-Etappen dieser Toskana-Reise unternehmen Sie gr\u00f6\u00dftenteils auf wenig befahrenen Stra\u00dfen und Radwegen.<\/li>\n<li>Die bekannten H\u00fcgel der Toskana werden Sie mit unseren Marken-E-Bikes recht problemlos meistern.<\/li>\n<li>Manchmal m\u00fcssen Sie aber auch absteigen, insbesondere, um die St\u00e4dte auf den H\u00fcgeln zu besuchen.<\/li>\n<\/ul>\n<\/blockquote>\n","protected":false},"excerpt":{"rendered":"<p>Die Rad-Etappen dieser Toskana-Reise unternehmen Sie gr\u00f6\u00dftenteils auf wenig befahrenen Stra\u00dfen und Radwegen. Die bekannten H\u00fcgel der Toskana werden Sie mit unseren Marken-E-Bikes recht problemlos meistern. Manchmal m\u00fcssen Sie aber auch absteigen, insbesondere, um die St\u00e4dte auf den H\u00fcgeln zu <a href=\"https:\/\/reisen.reudnitzer-reisen.com\/e-bike-toskana\/charakter-der-rad-etappen\/\"> more&#8230;<\/a><\/p>\n","protected":false},"author":1,"featured_media":0,"parent":0,"menu_order":0,"comment_status":"closed","ping_status":"closed","template":"","meta":{"footnotes":""},"_links":{"self":[{"href":"https:\/\/reisen.reudnitzer-reisen.com\/e-bike-toskana\/wp-json\/wp\/v2\/pages\/75"}],"collection":[{"href":"https:\/\/reisen.reudnitzer-reisen.com\/e-bike-toskana\/wp-json\/wp\/v2\/pages"}],"about":[{"href":"https:\/\/reisen.reudnitzer-reisen.com\/e-bike-toskana\/wp-json\/wp\/v2\/types\/page"}],"author":[{"embeddable":true,"href":"https:\/\/reisen.reudnitzer-reisen.com\/e-bike-toskana\/wp-json\/wp\/v2\/users\/1"}],"replies":[{"embeddable":true,"href":"https:\/\/reisen.reudnitzer-reisen.com\/e-bike-toskana\/wp-json\/wp\/v2\/comments?post=75"}],"version-history":[{"count":2,"href":"https:\/\/reisen.reudnitzer-reisen.com\/e-bike-toskana\/wp-json\/wp\/v2\/pages\/75\/revisions"}],"predecessor-version":[{"id":78,"href":"https:\/\/reisen.reudnitzer-reisen.com\/e-bike-toskana\/wp-json\/wp\/v2\/pages\/75\/revisions\/78"}],"wp:attachment":[{"href":"https:\/\/reisen.reudnitzer-reisen.com\/e-bike-toskana\/wp-json\/wp\/v2\/media?parent=75"}],"curies":[{"name":"wp","href":"https:\/\/api.w.org\/{rel}","templated":true}]}}