{"id":34,"date":"2018-10-23T15:19:10","date_gmt":"2018-10-23T13:19:10","guid":{"rendered":"https:\/\/reisen.reudnitzer-reisen.com\/e-bike-toskana\/?page_id=34"},"modified":"2018-10-24T15:31:51","modified_gmt":"2018-10-24T13:31:51","slug":"reiseverlauf","status":"publish","type":"page","link":"https:\/\/reisen.reudnitzer-reisen.com\/e-bike-toskana\/reiseverlauf\/","title":{"rendered":"Reiseverlauf"},"content":{"rendered":"<div id=\"pl-34\"  class=\"panel-layout\" ><div id=\"pg-34-0\"  class=\"panel-grid panel-no-style\" ><div id=\"pgc-34-0-0\"  class=\"panel-grid-cell\" ><div id=\"panel-34-0-0-0\" class=\"so-panel widget widget_text panel-first-child panel-last-child\" data-index=\"0\" ><h3 class=\"widget-title\">26.04. &#8211; 03.05.2019<\/h3>\t\t\t<div class=\"textwidget\"><p>&nbsp;<\/p>\n<p><strong><em>Die Natursch\u00f6nheit der Toskana l\u00e4sst sich perfekt auf einer E-Bike Rundreise genie\u00dfen!<\/em><\/strong><br \/>\n<strong><em>Umgeben vom mediterranen Klima erleben Sie auf unserer Toskana Tour sanfte H\u00fcgel mit Olivenhainen und Weinreben der ber\u00fchmten Chianti Region, <\/em><\/strong><strong><em>historische St\u00e4dte mit vielf\u00e4ltiger Kultur und nat\u00fcrlich die K\u00f6stlichkeiten Italiens. <\/em><\/strong><br \/>\n<strong><em>Freuen Sie sich auf den Duft von Lavendel, Rosmarin und Thymian, auf traumhafte T\u00fcrme in allen erdenlicken Farben und Formen, <\/em><\/strong><strong><em>auf das Erbe von Michelangelo, Leonardo da Vinci, Dante Alighieri und Galileo Galilei.<\/em><\/strong><\/p>\n<p>&nbsp;<\/p>\n<ul>\n<li><strong>1. Tag Flug von Leipzig \u00fcber Frankfurt nach Florenz<\/strong><br \/>\nBella Italia! Am Flughafen in Florenz werden Sie freundlich begr\u00fc\u00dft.<br \/>\nSie lernen Ihre Mitreisenden auf der etwa 1-h Fahrt in die Gemeinde Lucca kennen.<br \/>\nIn dem zauberhaften Hotel La Luna logieren Sie f\u00fcr die kommenden drei N\u00e4chte.<br \/>\nEs liegt mitten in der Altstadt. Die Vorfreude w\u00e4chst. Wie gut, dass der Reiseleiter gleich eine kurze<br \/>\nEinf\u00fchrung gibt und Sie sich direkt auf die E-Bikes schwingen k\u00f6nnen. Bei dem ersten gemeinsamen Abendessen<br \/>\nlernen Sie Ihre Mitreisenden noch besser kennen.<\/li>\n<li><strong>2. Tag Pisa und der Platz der Wunder<\/strong><br \/>\nNur 30km sind es Lucca bis Pisa &#8211; und das Radeln mit elektronischer Unterst\u00fctzung ist ein Kinderspiel.<br \/>\nDie gr\u00fcnen H\u00fcgel der Toskana leuchten im Sonnenlicht, der Duft von Thymian und Lavendel kitzelt die Nase.<br \/>\nUnd dann taucht sie vor Ihnen auf &#8211; die Piazza di Miracoli. Ein wunderbares Ensemble mit Dom, Baptisterium und nat\u00fcrlich dem Schiefen Turm von Pisa.<br \/>\nNachmittags spazieren Sie durch die alten Gassen der quirligen Universit\u00e4tsstadt mit ihren vielen Sehensw\u00fcrdigkeiten.<br \/>\nWer m\u00f6chte radelt zur\u00fcck nach Lucca &#8211; alle anderen nehmen bequem den Zug.<br \/>\nTagesetappe mit dem E-Bike: ca. 30km<\/li>\n<li><strong>3. Tag Von Villa zu Villa<\/strong><br \/>\nWie Diamanten eines Diadems zieren herrliche Villen und Landg\u00fcter die Landschaft um die Stadt Lucca.<br \/>\nUnd die pr\u00e4chtigsten nehmen Sie unter die Lupe &#8211; auf unserer heutigen Etappe der Toskana Rundreise mit dem E-Bike.<br \/>\nDie Villa Torigiani, das pers\u00f6nliche Versailles eines Adligen, besuchte sogar eins K\u00f6nigen Elisabeth I.<br \/>\nDie Villa Mansi liegt nicht nur in einem zauberhaften Park, sondern bietet in ihrem Inneren auch ein Feuerwerk wertvoller Malereien.<br \/>\nNicht weniger idyllisch liegen die Villa Reale, eins im Besitz von Napoleons Schwester Elisa, und die wei\u00dfe Villa Grabau.<br \/>\nDer ganze Tag wirkt wie eine Zeitreise in die Vergangenheit &#8211; bequem per E-Bike!<br \/>\nTagesetappe mit dem E-Bike: ca. 30km<\/li>\n<li><strong>4. Tag Florenz &#8211; Wiege der Renaissance<\/strong><br \/>\nDie Kulturmetropole Florenz ist ein Highlight jeder Toskana Reise. Mit dem Zug geht es heute Morgen in die Hauptstadt der Toskana, die einem einzigen Freiluftmuseum gleicht.<br \/>\nAuf einem Stadtrundgang tauchen Sie ein in die Welt der Medici, von Galileo Galilei, Leonardo da Vinci und Michelangelo. Anschlie\u00dfend bummeln Sie noch ein wenig in eigener Regieu \u00fcber Pl\u00e4tze und M\u00e4rkte der Stadt,<br \/>\nbevor Sie am Nachmittag eine knappe Stunde mit den Bus s\u00fcdw\u00e4rst ins ber\u00fchmte Weinbaugebiet Chianti fahren.<br \/>\nUnser gem\u00fctliches Hotel Albergo Giovanni da Verranzzano liegt direkt am alten Marktplatz von Greve.<\/li>\n<li><strong>5. Tag Mit dem Rad durch das Val d\u00b4Elsa<\/strong><br \/>\nDie heutige Radetappe durch das Val d\u00b4Elsa bietet Toskana-Panoramen wie aus dem Bilderbuch: Das D\u00f6rchen Radda thront inmitten von Olivenhainen und Pinienw\u00e4ldern hoch auf einem H\u00fcgel.<br \/>\nSie bewundern uralte Kirchen und Burgruinen in Castellina und fahren durch die endlosen gr\u00fcnen Weinterrassen von Monteriggioni.<br \/>\nSie erwartet eine geruhsame Nacht im charmanten Palazzo Renieri.<br \/>\nTagesetappe mit dem E-Bike: ca. 56km<\/li>\n<li><strong>6. Tag San Gimignano &#8211; Manhattan des Mittelalters<\/strong><br \/>\n35km radeln Sie heute \u00fcber Kurven bergauf und bergab durch die Berge der s\u00fcdlichen Toskana &#8211; Gr\u00fcn in allen Nuancen und dann auch noch dieser herrliche Duft!<br \/>\nSo macht Radfahren Spa\u00df! Pl\u00f6tzlich tauchen am Horizont die steilen T\u00fcrme von San Gimignano auf. Um das Manhattan des Mittelalters ranken sich zahlreiche Sagen und Legenden.<br \/>\nSo wuchs eins der Teufelsturm wie von Zauberhand ohne menschliches Zutun immer h\u00f6her in den Himmel.<br \/>\nWas f\u00fcr ein magischer Ort! Am Abend genie\u00dfen Sie toskanische Spezialit\u00e4ten und Weine.<br \/>\nTagesetappe mit dem E-Bike: ca. 35km<\/li>\n<li><strong>7. Tag La Dolce Vita!<\/strong><br \/>\nMit dem Bus fahren Sie gem\u00fctlich durch die Toskana bis nach Siena. Hier k\u00f6nnen Sie die \u00e4lteste Bank der Welt und einen der sch\u00f6nsten Pl\u00e4tze Italiens bestaunden:<br \/>\ndie halbrunde Piazza del Campo, Schauplatz des seit dem Mittelalter ausgetragenen Pferderennens Palio di Siena.<br \/>\nNicht weniger beeindruckend: der schwarz-wei\u00dfe Marmor-Dom. Zur\u00fcck in unserem Hotel im Val d\u00b4Elsa erwartet uns ein stimmungsvolles Abschiedsessen in geselliger Runde.<\/li>\n<li><strong>8. Tag Arricederci, Italia!<\/strong><br \/>\nHeute hei\u00dft es Abschied nehmen von der Toskana. Transfer zum Flughafen in Florenz und R\u00fcckflug \u00fcber Frankfurt nach Leipzig.<\/li>\n<\/ul>\n<\/div>\n\t\t<\/div><\/div><\/div><\/div>","protected":false},"excerpt":{"rendered":"<p>26.04. &#8211; 03.05.2019 &nbsp; Die Natursch\u00f6nheit der Toskana l\u00e4sst sich perfekt auf einer E-Bike Rundreise genie\u00dfen! Umgeben vom mediterranen Klima erleben Sie auf unserer Toskana Tour sanfte H\u00fcgel mit Olivenhainen und Weinreben der ber\u00fchmten Chianti Region, historische St\u00e4dte mit vielf\u00e4ltiger <a href=\"https:\/\/reisen.reudnitzer-reisen.com\/e-bike-toskana\/reiseverlauf\/\"> more&#8230;<\/a><\/p>\n","protected":false},"author":1,"featured_media":0,"parent":0,"menu_order":0,"comment_status":"closed","ping_status":"closed","template":"template-full-width.php","meta":{"footnotes":""},"_links":{"self":[{"href":"https:\/\/reisen.reudnitzer-reisen.com\/e-bike-toskana\/wp-json\/wp\/v2\/pages\/34"}],"collection":[{"href":"https:\/\/reisen.reudnitzer-reisen.com\/e-bike-toskana\/wp-json\/wp\/v2\/pages"}],"about":[{"href":"https:\/\/reisen.reudnitzer-reisen.com\/e-bike-toskana\/wp-json\/wp\/v2\/types\/page"}],"author":[{"embeddable":true,"href":"https:\/\/reisen.reudnitzer-reisen.com\/e-bike-toskana\/wp-json\/wp\/v2\/users\/1"}],"replies":[{"embeddable":true,"href":"https:\/\/reisen.reudnitzer-reisen.com\/e-bike-toskana\/wp-json\/wp\/v2\/comments?post=34"}],"version-history":[{"count":11,"href":"https:\/\/reisen.reudnitzer-reisen.com\/e-bike-toskana\/wp-json\/wp\/v2\/pages\/34\/revisions"}],"predecessor-version":[{"id":74,"href":"https:\/\/reisen.reudnitzer-reisen.com\/e-bike-toskana\/wp-json\/wp\/v2\/pages\/34\/revisions\/74"}],"wp:attachment":[{"href":"https:\/\/reisen.reudnitzer-reisen.com\/e-bike-toskana\/wp-json\/wp\/v2\/media?parent=34"}],"curies":[{"name":"wp","href":"https:\/\/api.w.org\/{rel}","templated":true}]}}